{"id":5944,"date":"2021-12-04T20:58:13","date_gmt":"2021-12-04T19:58:13","guid":{"rendered":"https:\/\/www.piovan.com\/product\/dryair4food-2\/"},"modified":"2025-05-14T10:57:12","modified_gmt":"2025-05-14T08:57:12","slug":"powderbreak","status":"publish","type":"product","link":"https:\/\/www.piovan.com\/de\/product\/powderbreak\/","title":{"rendered":"PowderBreak"},"content":{"rendered":"<p>Der Klumpenbrecher stellt eine fortschrittliche L\u00f6sung zur Homogenisierung von pulverf\u00f6rmigen Produkten\nund Mikrogranulaten im Lebensmittelbereich dar.<\/p>\n<p>Das System funktioniert \u00fcber einen\neffizienten und erprobten Mechanismus: Eine einzelne Welle mit drei rotierenden Klingen dr\u00fcckt das Produkt\ngegen ein halbzylindrisches Lochgitter\nund erm\u00f6glicht so das kontrollierte\nZerkleinern der Agglomerate. Diese\nmechanische Wirkung gew\u00e4hrleistet\neinen gleichm\u00e4\u00dfigen und klumpenfreien Produktfluss, der f\u00fcr die Einhaltung\nhoher Qualit\u00e4tsstandards im Produktionsprozess unerl\u00e4sslich ist.<\/p>\n<p>Die vollst\u00e4ndig aus Edelstahl AISI 304\ngefertigte Struktur erscheint als kompakte rechteckige Einheit mit oberen\nEinlassflanschen und unterem Auslass.\nDie Ausf\u00fchrung wurde optimiert, um\nFolgendes sicherzustellen:<\/p>\n<ul>\n<li>Einfache Zug\u00e4nglichkeit f\u00fcr Wartung und Reinigung dank der T\u00fcr\nan der Vorderseite<\/li>\n<li class=\" translation-block\">Leicht abnehmbarer Korb f\u00fcr\nschnellen Austausch und Reinigung<\/li>\n<li>Einzelne Prozesskammer mit einer\ninstallierten Leistung von 3 kW<\/li>\n<li>Robuster Ausf\u00fchrung f\u00fcr hohe Betriebszuverl\u00e4ssigkeit<\/li>\n<\/ul>\n<p>Die einfache, aber effektive Geometrie erm\u00f6glicht die Handhabung hoher\nProduktdurchflussraten ohne Verstopfungsgefahr und eignet sich daher besonders f\u00fcr hygroskopische Produkte,\ndie w\u00e4hrend der Lagerung zur Agglomeratbildung neigen.<\/p>\n<p>Das System garantiert einen kontinuierlichen und zuverl\u00e4ssigen Prozess,\nder f\u00fcr die Aufrechterhaltung der\nkonstanten Qualit\u00e4t des Endprodukts\nunerl\u00e4sslich ist.<\/p>","protected":false},"featured_media":15093,"template":"","tags":[47,189,44],"acf":[],"yoast_head":"<title>PowderBreak - PiovanGroup<\/title>\n<meta name=\"robots\" content=\"index, follow, max-snippet:-1, max-image-preview:large, max-video-preview:-1\" \/>\n<link rel=\"canonical\" href=\"https:\/\/www.piovan.com\/de\/product\/powderbreak\/\" \/>\n<meta property=\"og:locale\" content=\"de_DE\" \/>\n<meta property=\"og:type\" content=\"article\" \/>\n<meta property=\"og:title\" content=\"PowderBreak - PiovanGroup\" \/>\n<meta property=\"og:description\" content=\"The lump breaker is an advanced solution for the homogenization of powder and microgranule products in the food industry. The system operates through an efficient and proven mechanism: a single shaft equipped with three rotating blades crushes the product against a semi-cylindrical perforated grid, allowing controlled crushing of agglomerates. This mechanical action ensures a uniform, lump-free product flow, which is essential for maintaining high quality standards in the production process. The structure, made entirely of AISI 304 stainless steel, is [&hellip;]\" \/>\n<meta property=\"og:url\" content=\"https:\/\/www.piovan.com\/de\/product\/powderbreak\/\" \/>\n<meta property=\"og:site_name\" content=\"PiovanGroup\" \/>\n<meta property=\"article:modified_time\" content=\"2025-05-14T08:57:12+00:00\" \/>\n<meta property=\"og:image\" content=\"https:\/\/www.piovan.com\/wp-content\/uploads\/0006_Rompigrumi_PowderBreak.png\" \/>\n\t<meta property=\"og:image:width\" content=\"1200\" \/>\n\t<meta property=\"og:image:height\" content=\"1560\" \/>\n\t<meta property=\"og:image:type\" content=\"image\/png\" \/>\n<meta name=\"twitter:card\" content=\"summary_large_image\" \/>\n<script type=\"application\/ld+json\" class=\"yoast-schema-graph\">{\"@context\":\"https:\/\/schema.org\",\"@graph\":[{\"@type\":\"WebPage\",\"@id\":\"https:\/\/www.piovan.com\/product\/powderbreak\/\",\"url\":\"https:\/\/www.piovan.com\/product\/powderbreak\/\",\"name\":\"PowderBreak - PiovanGroup\",\"isPartOf\":{\"@id\":\"https:\/\/www.piovan.com\/#website\"},\"datePublished\":\"2021-12-04T19:58:13+00:00\",\"dateModified\":\"2025-05-14T08:57:12+00:00\",\"breadcrumb\":{\"@id\":\"https:\/\/www.piovan.com\/product\/powderbreak\/#breadcrumb\"},\"inLanguage\":\"de-DE\",\"potentialAction\":[{\"@type\":\"ReadAction\",\"target\":[\"https:\/\/www.piovan.com\/product\/powderbreak\/\"]}]},{\"@type\":\"BreadcrumbList\",\"@id\":\"https:\/\/www.piovan.com\/product\/powderbreak\/#breadcrumb\",\"itemListElement\":[{\"@type\":\"ListItem\",\"position\":1,\"name\":\"Home\",\"item\":\"https:\/\/www.piovan.com\/\"},{\"@type\":\"ListItem\",\"position\":2,\"name\":\"Food Applications\",\"item\":\"https:\/\/www.piovan.com\/de\/products\/food-applications\/\"},{\"@type\":\"ListItem\",\"position\":3,\"name\":\"Cookies\",\"item\":\"https:\/\/www.piovan.com\/de\/products\/food-applications\/cookies\/\"},{\"@type\":\"ListItem\",\"position\":4,\"name\":\"PowderBreak\"}]},{\"@type\":\"WebSite\",\"@id\":\"https:\/\/www.piovan.com\/#website\",\"url\":\"https:\/\/www.piovan.com\/\",\"name\":\"PiovanGroup\",\"description\":\"\",\"publisher\":{\"@id\":\"https:\/\/www.piovan.com\/#organization\"},\"potentialAction\":[{\"@type\":\"SearchAction\",\"target\":{\"@type\":\"EntryPoint\",\"urlTemplate\":\"https:\/\/www.piovan.com\/?s={search_term_string}\"},\"query-input\":\"required name=search_term_string\"}],\"inLanguage\":\"de-DE\"},{\"@type\":\"Organization\",\"@id\":\"https:\/\/www.piovan.com\/#organization\",\"name\":\"PiovanGroup\",\"url\":\"https:\/\/www.piovan.com\/\",\"logo\":{\"@type\":\"ImageObject\",\"inLanguage\":\"de-DE\",\"@id\":\"https:\/\/www.piovan.com\/#\/schema\/logo\/image\/\",\"url\":\"https:\/\/www.piovan.com\/wp-content\/uploads\/2021\/06\/logo@2x.png\",\"contentUrl\":\"https:\/\/www.piovan.com\/wp-content\/uploads\/2021\/06\/logo@2x.png\",\"width\":489,\"height\":78,\"caption\":\"PiovanGroup\"},\"image\":{\"@id\":\"https:\/\/www.piovan.com\/#\/schema\/logo\/image\/\"}}]}<\/script>","yoast_head_json":{"title":"PowderBreak - PiovanGroup","robots":{"index":"index","follow":"follow","max-snippet":"max-snippet:-1","max-image-preview":"max-image-preview:large","max-video-preview":"max-video-preview:-1"},"canonical":"https:\/\/www.piovan.com\/de\/product\/powderbreak\/","og_locale":"de_DE","og_type":"article","og_title":"PowderBreak - PiovanGroup","og_description":"The lump breaker is an advanced solution for the homogenization of powder and microgranule products in the food industry. The system operates through an efficient and proven mechanism: a single shaft equipped with three rotating blades crushes the product against a semi-cylindrical perforated grid, allowing controlled crushing of agglomerates. This mechanical action ensures a uniform, lump-free product flow, which is essential for maintaining high quality standards in the production process. The structure, made entirely of AISI 304 stainless steel, is [&hellip;]","og_url":"https:\/\/www.piovan.com\/de\/product\/powderbreak\/","og_site_name":"PiovanGroup","article_modified_time":"2025-05-14T08:57:12+00:00","og_image":[{"width":1200,"height":1560,"url":"https:\/\/www.piovan.com\/wp-content\/uploads\/0006_Rompigrumi_PowderBreak.png","type":"image\/png"}],"twitter_card":"summary_large_image","schema":{"@context":"https:\/\/schema.org","@graph":[{"@type":"WebPage","@id":"https:\/\/www.piovan.com\/product\/powderbreak\/","url":"https:\/\/www.piovan.com\/product\/powderbreak\/","name":"PowderBreak - PiovanGroup","isPartOf":{"@id":"https:\/\/www.piovan.com\/#website"},"datePublished":"2021-12-04T19:58:13+00:00","dateModified":"2025-05-14T08:57:12+00:00","breadcrumb":{"@id":"https:\/\/www.piovan.com\/product\/powderbreak\/#breadcrumb"},"inLanguage":"de-DE","potentialAction":[{"@type":"ReadAction","target":["https:\/\/www.piovan.com\/product\/powderbreak\/"]}]},{"@type":"BreadcrumbList","@id":"https:\/\/www.piovan.com\/product\/powderbreak\/#breadcrumb","itemListElement":[{"@type":"ListItem","position":1,"name":"Home","item":"https:\/\/www.piovan.com\/"},{"@type":"ListItem","position":2,"name":"Food Applications","item":"https:\/\/www.piovan.com\/de\/products\/food-applications\/"},{"@type":"ListItem","position":3,"name":"Cookies","item":"https:\/\/www.piovan.com\/de\/products\/food-applications\/cookies\/"},{"@type":"ListItem","position":4,"name":"PowderBreak"}]},{"@type":"WebSite","@id":"https:\/\/www.piovan.com\/#website","url":"https:\/\/www.piovan.com\/","name":"PiovanGroup","description":"","publisher":{"@id":"https:\/\/www.piovan.com\/#organization"},"potentialAction":[{"@type":"SearchAction","target":{"@type":"EntryPoint","urlTemplate":"https:\/\/www.piovan.com\/?s={search_term_string}"},"query-input":"required name=search_term_string"}],"inLanguage":"de-DE"},{"@type":"Organization","@id":"https:\/\/www.piovan.com\/#organization","name":"PiovanGroup","url":"https:\/\/www.piovan.com\/","logo":{"@type":"ImageObject","inLanguage":"de-DE","@id":"https:\/\/www.piovan.com\/#\/schema\/logo\/image\/","url":"https:\/\/www.piovan.com\/wp-content\/uploads\/2021\/06\/logo@2x.png","contentUrl":"https:\/\/www.piovan.com\/wp-content\/uploads\/2021\/06\/logo@2x.png","width":489,"height":78,"caption":"PiovanGroup"},"image":{"@id":"https:\/\/www.piovan.com\/#\/schema\/logo\/image\/"}}]}},"_links":{"self":[{"href":"https:\/\/www.piovan.com\/de\/wp-json\/wp\/v2\/product\/5944"}],"collection":[{"href":"https:\/\/www.piovan.com\/de\/wp-json\/wp\/v2\/product"}],"about":[{"href":"https:\/\/www.piovan.com\/de\/wp-json\/wp\/v2\/types\/product"}],"version-history":[{"count":4,"href":"https:\/\/www.piovan.com\/de\/wp-json\/wp\/v2\/product\/5944\/revisions"}],"predecessor-version":[{"id":15098,"href":"https:\/\/www.piovan.com\/de\/wp-json\/wp\/v2\/product\/5944\/revisions\/15098"}],"wp:featuredmedia":[{"embeddable":true,"href":"https:\/\/www.piovan.com\/de\/wp-json\/wp\/v2\/media\/15093"}],"wp:attachment":[{"href":"https:\/\/www.piovan.com\/de\/wp-json\/wp\/v2\/media?parent=5944"}],"wp:term":[{"taxonomy":"post_tag","embeddable":true,"href":"https:\/\/www.piovan.com\/de\/wp-json\/wp\/v2\/tags?post=5944"}],"curies":[{"name":"wp","href":"https:\/\/api.w.org\/{rel}","templated":true}]}}