{"id":5942,"date":"2021-12-04T20:50:13","date_gmt":"2021-12-04T19:50:13","guid":{"rendered":"https:\/\/www.piovan.com\/?post_type=product&#038;p=5942"},"modified":"2025-07-07T15:51:48","modified_gmt":"2025-07-07T13:51:48","slug":"dryair4food","status":"publish","type":"product","link":"https:\/\/www.piovan.com\/de\/product\/dryair4food\/","title":{"rendered":"DryAir4Food"},"content":{"rendered":"<p>Ausgehend von der langj\u00e4hrigen Erfahrung\nim Handling und Lagerung von Zucker und\nMehl f\u00fcr die Nahrungsmittelbranche hat\nPiovan Food&amp;Powders - in Zusammenarbeit der Entwicklungsabteilung von\nPiovan - den neuen Trockner DryAir4Food\nmit drei Filterungsstufen entwickelt. Er\nist speziell f\u00fcr den indirekten Kontakt mit\nden Nahrungsmitteln entwickelt worden.\nDryAir4Food entspricht nicht nur den allgemeinen Anforderungen der Maschinen\nf\u00fcr diese Branche, wie h\u00f6henverstellbare F\u00fc\u00dfe und Schaltschrank mit Schutzart\nIP54, sondern zeichnet sich auch durch\nseine moderne Steuerung aus, die im\nHinblick auf die \u201cIndustrie 4.0\u201d entwickelt\nwurde.<\/p>\n<p>Die frequenzgeregelte Steuerung der Prozessluftleistung und die M\u00f6glichkeit, mittels Profinet mit SCADA-Systemen zu kommunizieren, sind Schwerpunkte, durch die\nsich dieser Trockner auszeichnet und den\nneuesten Technologien entspricht, die\nderzeit am Markt verf\u00fcgbar sind (nur Ausf\u00fchrung mit SPS).<\/p>","protected":false},"featured_media":15070,"template":"","tags":[189,44],"acf":[],"yoast_head":"<title>DryAir4Food - PiovanGroup<\/title>\n<meta name=\"robots\" content=\"index, follow, max-snippet:-1, max-image-preview:large, max-video-preview:-1\" \/>\n<link rel=\"canonical\" href=\"https:\/\/www.piovan.com\/de\/product\/dryair4food\/\" \/>\n<meta property=\"og:locale\" content=\"de_DE\" \/>\n<meta property=\"og:type\" content=\"article\" \/>\n<meta property=\"og:title\" content=\"DryAir4Food - PiovanGroup\" \/>\n<meta property=\"og:description\" content=\"Starting from a solid experience in the treatment and storage of sugars and flours for human consumption, Piovan Food&amp;Powders - in cooperation with Piovan\u2019s R&amp;D department - has developed DryAir4Food, the new dryer with three filtration levels, approved for indirect contact with food (complete configuration). As well as meeting the prerequisites common to all machinery in this industry, such as height-adjustable feet and IP54 control panel, DryAir4Food also features a state-ofthe-art control system, designed with \u201cindustry 4.0\u201d in mind. The [&hellip;]\" \/>\n<meta property=\"og:url\" content=\"https:\/\/www.piovan.com\/de\/product\/dryair4food\/\" \/>\n<meta property=\"og:site_name\" content=\"PiovanGroup\" \/>\n<meta property=\"article:modified_time\" content=\"2025-07-07T13:51:48+00:00\" \/>\n<meta property=\"og:image\" content=\"https:\/\/www.piovan.com\/wp-content\/uploads\/0008_DryAir4food_01_NEW.png\" \/>\n\t<meta property=\"og:image:width\" content=\"1200\" \/>\n\t<meta property=\"og:image:height\" content=\"1560\" \/>\n\t<meta property=\"og:image:type\" content=\"image\/png\" \/>\n<meta name=\"twitter:card\" content=\"summary_large_image\" \/>\n<script type=\"application\/ld+json\" class=\"yoast-schema-graph\">{\"@context\":\"https:\/\/schema.org\",\"@graph\":[{\"@type\":\"WebPage\",\"@id\":\"https:\/\/www.piovan.com\/product\/dryair4food\/\",\"url\":\"https:\/\/www.piovan.com\/product\/dryair4food\/\",\"name\":\"DryAir4Food - PiovanGroup\",\"isPartOf\":{\"@id\":\"https:\/\/www.piovan.com\/#website\"},\"datePublished\":\"2021-12-04T19:50:13+00:00\",\"dateModified\":\"2025-07-07T13:51:48+00:00\",\"breadcrumb\":{\"@id\":\"https:\/\/www.piovan.com\/product\/dryair4food\/#breadcrumb\"},\"inLanguage\":\"de-DE\",\"potentialAction\":[{\"@type\":\"ReadAction\",\"target\":[\"https:\/\/www.piovan.com\/product\/dryair4food\/\"]}]},{\"@type\":\"BreadcrumbList\",\"@id\":\"https:\/\/www.piovan.com\/product\/dryair4food\/#breadcrumb\",\"itemListElement\":[{\"@type\":\"ListItem\",\"position\":1,\"name\":\"Home\",\"item\":\"https:\/\/www.piovan.com\/\"},{\"@type\":\"ListItem\",\"position\":2,\"name\":\"Food\",\"item\":\"https:\/\/www.piovan.com\/de\/products\/lebensmittel\/\"},{\"@type\":\"ListItem\",\"position\":3,\"name\":\"Dehumidification\",\"item\":\"https:\/\/www.piovan.com\/de\/products\/lebensmittel\/dehumidification\/\"},{\"@type\":\"ListItem\",\"position\":4,\"name\":\"DryAir4Food\"}]},{\"@type\":\"WebSite\",\"@id\":\"https:\/\/www.piovan.com\/#website\",\"url\":\"https:\/\/www.piovan.com\/\",\"name\":\"PiovanGroup\",\"description\":\"\",\"publisher\":{\"@id\":\"https:\/\/www.piovan.com\/#organization\"},\"potentialAction\":[{\"@type\":\"SearchAction\",\"target\":{\"@type\":\"EntryPoint\",\"urlTemplate\":\"https:\/\/www.piovan.com\/?s={search_term_string}\"},\"query-input\":\"required name=search_term_string\"}],\"inLanguage\":\"de-DE\"},{\"@type\":\"Organization\",\"@id\":\"https:\/\/www.piovan.com\/#organization\",\"name\":\"PiovanGroup\",\"url\":\"https:\/\/www.piovan.com\/\",\"logo\":{\"@type\":\"ImageObject\",\"inLanguage\":\"de-DE\",\"@id\":\"https:\/\/www.piovan.com\/#\/schema\/logo\/image\/\",\"url\":\"https:\/\/www.piovan.com\/wp-content\/uploads\/2021\/06\/logo@2x.png\",\"contentUrl\":\"https:\/\/www.piovan.com\/wp-content\/uploads\/2021\/06\/logo@2x.png\",\"width\":489,\"height\":78,\"caption\":\"PiovanGroup\"},\"image\":{\"@id\":\"https:\/\/www.piovan.com\/#\/schema\/logo\/image\/\"}}]}<\/script>","yoast_head_json":{"title":"DryAir4Food - PiovanGroup","robots":{"index":"index","follow":"follow","max-snippet":"max-snippet:-1","max-image-preview":"max-image-preview:large","max-video-preview":"max-video-preview:-1"},"canonical":"https:\/\/www.piovan.com\/de\/product\/dryair4food\/","og_locale":"de_DE","og_type":"article","og_title":"DryAir4Food - PiovanGroup","og_description":"Starting from a solid experience in the treatment and storage of sugars and flours for human consumption, Piovan Food&amp;Powders - in cooperation with Piovan\u2019s R&amp;D department - has developed DryAir4Food, the new dryer with three filtration levels, approved for indirect contact with food (complete configuration). As well as meeting the prerequisites common to all machinery in this industry, such as height-adjustable feet and IP54 control panel, DryAir4Food also features a state-ofthe-art control system, designed with \u201cindustry 4.0\u201d in mind. The [&hellip;]","og_url":"https:\/\/www.piovan.com\/de\/product\/dryair4food\/","og_site_name":"PiovanGroup","article_modified_time":"2025-07-07T13:51:48+00:00","og_image":[{"width":1200,"height":1560,"url":"https:\/\/www.piovan.com\/wp-content\/uploads\/0008_DryAir4food_01_NEW.png","type":"image\/png"}],"twitter_card":"summary_large_image","schema":{"@context":"https:\/\/schema.org","@graph":[{"@type":"WebPage","@id":"https:\/\/www.piovan.com\/product\/dryair4food\/","url":"https:\/\/www.piovan.com\/product\/dryair4food\/","name":"DryAir4Food - PiovanGroup","isPartOf":{"@id":"https:\/\/www.piovan.com\/#website"},"datePublished":"2021-12-04T19:50:13+00:00","dateModified":"2025-07-07T13:51:48+00:00","breadcrumb":{"@id":"https:\/\/www.piovan.com\/product\/dryair4food\/#breadcrumb"},"inLanguage":"de-DE","potentialAction":[{"@type":"ReadAction","target":["https:\/\/www.piovan.com\/product\/dryair4food\/"]}]},{"@type":"BreadcrumbList","@id":"https:\/\/www.piovan.com\/product\/dryair4food\/#breadcrumb","itemListElement":[{"@type":"ListItem","position":1,"name":"Home","item":"https:\/\/www.piovan.com\/"},{"@type":"ListItem","position":2,"name":"Food","item":"https:\/\/www.piovan.com\/de\/products\/lebensmittel\/"},{"@type":"ListItem","position":3,"name":"Dehumidification","item":"https:\/\/www.piovan.com\/de\/products\/lebensmittel\/dehumidification\/"},{"@type":"ListItem","position":4,"name":"DryAir4Food"}]},{"@type":"WebSite","@id":"https:\/\/www.piovan.com\/#website","url":"https:\/\/www.piovan.com\/","name":"PiovanGroup","description":"","publisher":{"@id":"https:\/\/www.piovan.com\/#organization"},"potentialAction":[{"@type":"SearchAction","target":{"@type":"EntryPoint","urlTemplate":"https:\/\/www.piovan.com\/?s={search_term_string}"},"query-input":"required name=search_term_string"}],"inLanguage":"de-DE"},{"@type":"Organization","@id":"https:\/\/www.piovan.com\/#organization","name":"PiovanGroup","url":"https:\/\/www.piovan.com\/","logo":{"@type":"ImageObject","inLanguage":"de-DE","@id":"https:\/\/www.piovan.com\/#\/schema\/logo\/image\/","url":"https:\/\/www.piovan.com\/wp-content\/uploads\/2021\/06\/logo@2x.png","contentUrl":"https:\/\/www.piovan.com\/wp-content\/uploads\/2021\/06\/logo@2x.png","width":489,"height":78,"caption":"PiovanGroup"},"image":{"@id":"https:\/\/www.piovan.com\/#\/schema\/logo\/image\/"}}]}},"_links":{"self":[{"href":"https:\/\/www.piovan.com\/de\/wp-json\/wp\/v2\/product\/5942"}],"collection":[{"href":"https:\/\/www.piovan.com\/de\/wp-json\/wp\/v2\/product"}],"about":[{"href":"https:\/\/www.piovan.com\/de\/wp-json\/wp\/v2\/types\/product"}],"version-history":[{"count":3,"href":"https:\/\/www.piovan.com\/de\/wp-json\/wp\/v2\/product\/5942\/revisions"}],"predecessor-version":[{"id":15347,"href":"https:\/\/www.piovan.com\/de\/wp-json\/wp\/v2\/product\/5942\/revisions\/15347"}],"wp:featuredmedia":[{"embeddable":true,"href":"https:\/\/www.piovan.com\/de\/wp-json\/wp\/v2\/media\/15070"}],"wp:attachment":[{"href":"https:\/\/www.piovan.com\/de\/wp-json\/wp\/v2\/media?parent=5942"}],"wp:term":[{"taxonomy":"post_tag","embeddable":true,"href":"https:\/\/www.piovan.com\/de\/wp-json\/wp\/v2\/tags?post=5942"}],"curies":[{"name":"wp","href":"https:\/\/api.w.org\/{rel}","templated":true}]}}