{"id":5178,"date":"2021-11-12T17:57:40","date_gmt":"2021-11-12T16:57:40","guid":{"rendered":"https:\/\/www.piovan.com\/?post_type=product&#038;p=5178"},"modified":"2024-09-23T09:39:49","modified_gmt":"2024-09-23T07:39:49","slug":"textile-silos","status":"publish","type":"product","link":"https:\/\/www.piovan.com\/de\/product\/textile-silos\/","title":{"rendered":"Textile silos"},"content":{"rendered":"<p>Verst\u00e4rkte hochbest\u00e4ndige Gewebesilos\neignen sich standardm\u00e4\u00dfig f\u00fcr Materialien\nmit einem PSA-Wert bis 0,6\nkg\/dm\u00b3. H\u00f6here Best\u00e4ndigkeiten oder\nspezielle Ausf\u00fchrungen f\u00fcr Lebensmittelanwendungen\nsind auf Anfrage\nerh\u00e4ltlich.<\/p>\n<p>Die L\u00f6sung zeichnet sich durch antistatische,\nkondensationshemmende und\nstaubabweisende Eigenschaften aus.<\/p>\n<p>Das Silodach besteht aus einem Filtergewebe\nf\u00fcr eine praktische und sichere\nEvakuierung der Luft w\u00e4hrend der\nDruckbelastung.<\/p>\n<p>Die Silos k\u00f6nnen mit einer breiten Palette\nvon Zubeh\u00f6rteilen erg\u00e4nzt werden:\nvon verschiedenen Arten von\nF\u00fcllstandssensoren oder W\u00e4gezellen\nbis hin zur Schnittstelle f\u00fcr das Materialhandhabungs-\nSystem.<\/p>","protected":false},"featured_media":5373,"template":"","tags":[108],"acf":[],"yoast_head":"<title>Textile silos - Piovan Gruppe<\/title>\n<meta name=\"robots\" content=\"index, follow, max-snippet:-1, max-image-preview:large, max-video-preview:-1\" \/>\n<link rel=\"canonical\" href=\"https:\/\/www.piovan.com\/de\/product\/textile-silos\/\" \/>\n<meta property=\"og:locale\" content=\"de_DE\" \/>\n<meta property=\"og:type\" content=\"article\" \/>\n<meta property=\"og:title\" content=\"Textile silos - PiovanGroup\" \/>\n<meta property=\"og:description\" content=\"Reinforced high resistant textile silos are suitable with materials with PSA up to 0.6 kg\/dm3 as standard. Higher resistances or special version for food applications are available on request. The solution is characterised by antistatic, anti condensation and anti dust behaviours. The silo roof section is made by a filtering textile for a practical and safe evacuation of air during the pressure loading. The silos can be completed with a wide range of accessories: from different type of level sensors [&hellip;]\" \/>\n<meta property=\"og:url\" content=\"https:\/\/www.piovan.com\/de\/product\/textile-silos\/\" \/>\n<meta property=\"og:site_name\" content=\"PiovanGroup\" \/>\n<meta property=\"article:modified_time\" content=\"2024-09-23T07:39:49+00:00\" \/>\n<meta property=\"og:image\" content=\"https:\/\/www.piovan.com\/wp-content\/uploads\/Product_1200x1560px_0005_Textile_silos-2.png\" \/>\n\t<meta property=\"og:image:width\" content=\"1200\" \/>\n\t<meta property=\"og:image:height\" content=\"1560\" \/>\n\t<meta property=\"og:image:type\" content=\"image\/png\" \/>\n<meta name=\"twitter:card\" content=\"summary_large_image\" \/>\n<script type=\"application\/ld+json\" class=\"yoast-schema-graph\">{\"@context\":\"https:\/\/schema.org\",\"@graph\":[{\"@type\":\"WebPage\",\"@id\":\"https:\/\/www.piovan.com\/product\/textile-silos\/\",\"url\":\"https:\/\/www.piovan.com\/product\/textile-silos\/\",\"name\":\"Textile silos - PiovanGroup\",\"isPartOf\":{\"@id\":\"https:\/\/www.piovan.com\/#website\"},\"datePublished\":\"2021-11-12T16:57:40+00:00\",\"dateModified\":\"2024-09-23T07:39:49+00:00\",\"breadcrumb\":{\"@id\":\"https:\/\/www.piovan.com\/product\/textile-silos\/#breadcrumb\"},\"inLanguage\":\"de-DE\",\"potentialAction\":[{\"@type\":\"ReadAction\",\"target\":[\"https:\/\/www.piovan.com\/product\/textile-silos\/\"]}]},{\"@type\":\"BreadcrumbList\",\"@id\":\"https:\/\/www.piovan.com\/product\/textile-silos\/#breadcrumb\",\"itemListElement\":[{\"@type\":\"ListItem\",\"position\":1,\"name\":\"Home\",\"item\":\"https:\/\/www.piovan.com\/\"},{\"@type\":\"ListItem\",\"position\":2,\"name\":\"Plastic\",\"item\":\"https:\/\/www.piovan.com\/de\/products\/kunststoff\/\"},{\"@type\":\"ListItem\",\"position\":3,\"name\":\"Storage\",\"item\":\"https:\/\/www.piovan.com\/de\/products\/kunststoff\/lagerung\/\"},{\"@type\":\"ListItem\",\"position\":4,\"name\":\"Textile silos\"}]},{\"@type\":\"WebSite\",\"@id\":\"https:\/\/www.piovan.com\/#website\",\"url\":\"https:\/\/www.piovan.com\/\",\"name\":\"PiovanGroup\",\"description\":\"\",\"publisher\":{\"@id\":\"https:\/\/www.piovan.com\/#organization\"},\"potentialAction\":[{\"@type\":\"SearchAction\",\"target\":{\"@type\":\"EntryPoint\",\"urlTemplate\":\"https:\/\/www.piovan.com\/?s={search_term_string}\"},\"query-input\":\"required name=search_term_string\"}],\"inLanguage\":\"de-DE\"},{\"@type\":\"Organization\",\"@id\":\"https:\/\/www.piovan.com\/#organization\",\"name\":\"PiovanGroup\",\"url\":\"https:\/\/www.piovan.com\/\",\"logo\":{\"@type\":\"ImageObject\",\"inLanguage\":\"de-DE\",\"@id\":\"https:\/\/www.piovan.com\/#\/schema\/logo\/image\/\",\"url\":\"https:\/\/www.piovan.com\/wp-content\/uploads\/2021\/06\/logo@2x.png\",\"contentUrl\":\"https:\/\/www.piovan.com\/wp-content\/uploads\/2021\/06\/logo@2x.png\",\"width\":489,\"height\":78,\"caption\":\"PiovanGroup\"},\"image\":{\"@id\":\"https:\/\/www.piovan.com\/#\/schema\/logo\/image\/\"}}]}<\/script>","yoast_head_json":{"title":"Textile silos - Piovan Gruppe","robots":{"index":"index","follow":"follow","max-snippet":"max-snippet:-1","max-image-preview":"max-image-preview:large","max-video-preview":"max-video-preview:-1"},"canonical":"https:\/\/www.piovan.com\/de\/product\/textile-silos\/","og_locale":"de_DE","og_type":"article","og_title":"Textile silos - PiovanGroup","og_description":"Reinforced high resistant textile silos are suitable with materials with PSA up to 0.6 kg\/dm3 as standard. Higher resistances or special version for food applications are available on request. The solution is characterised by antistatic, anti condensation and anti dust behaviours. The silo roof section is made by a filtering textile for a practical and safe evacuation of air during the pressure loading. The silos can be completed with a wide range of accessories: from different type of level sensors [&hellip;]","og_url":"https:\/\/www.piovan.com\/de\/product\/textile-silos\/","og_site_name":"PiovanGroup","article_modified_time":"2024-09-23T07:39:49+00:00","og_image":[{"width":1200,"height":1560,"url":"https:\/\/www.piovan.com\/wp-content\/uploads\/Product_1200x1560px_0005_Textile_silos-2.png","type":"image\/png"}],"twitter_card":"summary_large_image","schema":{"@context":"https:\/\/schema.org","@graph":[{"@type":"WebPage","@id":"https:\/\/www.piovan.com\/product\/textile-silos\/","url":"https:\/\/www.piovan.com\/product\/textile-silos\/","name":"Textile silos - PiovanGroup","isPartOf":{"@id":"https:\/\/www.piovan.com\/#website"},"datePublished":"2021-11-12T16:57:40+00:00","dateModified":"2024-09-23T07:39:49+00:00","breadcrumb":{"@id":"https:\/\/www.piovan.com\/product\/textile-silos\/#breadcrumb"},"inLanguage":"de-DE","potentialAction":[{"@type":"ReadAction","target":["https:\/\/www.piovan.com\/product\/textile-silos\/"]}]},{"@type":"BreadcrumbList","@id":"https:\/\/www.piovan.com\/product\/textile-silos\/#breadcrumb","itemListElement":[{"@type":"ListItem","position":1,"name":"Home","item":"https:\/\/www.piovan.com\/"},{"@type":"ListItem","position":2,"name":"Plastic","item":"https:\/\/www.piovan.com\/de\/products\/kunststoff\/"},{"@type":"ListItem","position":3,"name":"Storage","item":"https:\/\/www.piovan.com\/de\/products\/kunststoff\/lagerung\/"},{"@type":"ListItem","position":4,"name":"Textile silos"}]},{"@type":"WebSite","@id":"https:\/\/www.piovan.com\/#website","url":"https:\/\/www.piovan.com\/","name":"PiovanGroup","description":"","publisher":{"@id":"https:\/\/www.piovan.com\/#organization"},"potentialAction":[{"@type":"SearchAction","target":{"@type":"EntryPoint","urlTemplate":"https:\/\/www.piovan.com\/?s={search_term_string}"},"query-input":"required name=search_term_string"}],"inLanguage":"de-DE"},{"@type":"Organization","@id":"https:\/\/www.piovan.com\/#organization","name":"PiovanGroup","url":"https:\/\/www.piovan.com\/","logo":{"@type":"ImageObject","inLanguage":"de-DE","@id":"https:\/\/www.piovan.com\/#\/schema\/logo\/image\/","url":"https:\/\/www.piovan.com\/wp-content\/uploads\/2021\/06\/logo@2x.png","contentUrl":"https:\/\/www.piovan.com\/wp-content\/uploads\/2021\/06\/logo@2x.png","width":489,"height":78,"caption":"PiovanGroup"},"image":{"@id":"https:\/\/www.piovan.com\/#\/schema\/logo\/image\/"}}]}},"_links":{"self":[{"href":"https:\/\/www.piovan.com\/de\/wp-json\/wp\/v2\/product\/5178"}],"collection":[{"href":"https:\/\/www.piovan.com\/de\/wp-json\/wp\/v2\/product"}],"about":[{"href":"https:\/\/www.piovan.com\/de\/wp-json\/wp\/v2\/types\/product"}],"version-history":[{"count":2,"href":"https:\/\/www.piovan.com\/de\/wp-json\/wp\/v2\/product\/5178\/revisions"}],"predecessor-version":[{"id":13297,"href":"https:\/\/www.piovan.com\/de\/wp-json\/wp\/v2\/product\/5178\/revisions\/13297"}],"wp:featuredmedia":[{"embeddable":true,"href":"https:\/\/www.piovan.com\/de\/wp-json\/wp\/v2\/media\/5373"}],"wp:attachment":[{"href":"https:\/\/www.piovan.com\/de\/wp-json\/wp\/v2\/media?parent=5178"}],"wp:term":[{"taxonomy":"post_tag","embeddable":true,"href":"https:\/\/www.piovan.com\/de\/wp-json\/wp\/v2\/tags?post=5178"}],"curies":[{"name":"wp","href":"https:\/\/api.w.org\/{rel}","templated":true}]}}