{"id":5174,"date":"2021-11-12T17:53:29","date_gmt":"2021-11-12T16:53:29","guid":{"rendered":"https:\/\/www.piovan.com\/?post_type=product&#038;p=5174"},"modified":"2025-05-19T12:51:09","modified_gmt":"2025-05-19T10:51:09","slug":"silos","status":"publish","type":"product","link":"https:\/\/www.piovan.com\/de\/product\/silos\/","title":{"rendered":"Silos"},"content":{"rendered":"<p>Silos mit gro\u00dfem Durchmesser bieten\nmit viel Augenmerk auf Funktionalit\u00e4t\nund \u00c4sthetik eine Installation im Freien.<br \/>\nDie f\u00fcr Granulat, Flakes oder Pulver\ngeeigneten Piovan-Silos verf\u00fcgen \u00fcber\nspezifische Geometrien und Vorrichtungen\nf\u00fcr die zu lagernden Materialien,\nwie z.B.:<\/p>\n<p>Die Silos werden geliefert mit:<br \/>\n\u25cf Fundamentringen<BR>\n\u25cf Dachgel\u00e4ndern<br \/>\n\u25cf Verbindungsstegen<BR>\n\u25cf Leitern<BR>\n\u25cf Platformen<br \/>\n\u25cf Verrohrung<BR>\n\u25cf T\u00fcren (unterschiedliche Typen)<\/p>\n<p>Die Silos sind mit einer Vielzahl von\nBeladungsmethoden kompatibel, wie\nz.B. LKW-Pumpen, Seecontainern\nmit S\u00e4cken, Hochdruckgebl\u00e4sen f\u00fcr\nDichtstrom- oder Halbdichtstrom-F\u00f6rdersysteme.<\/p>\n<p>Auf Anfrage ist eine Berechnung der\nBodenbelastung oder eine spezielle\ntechnische Dokumentation erh\u00e4ltlich.<\/p>","protected":false},"featured_media":15185,"template":"","tags":[108,42,189,44],"acf":[],"yoast_head":"<title>Silos - Piovan Gruppe<\/title>\n<meta name=\"robots\" content=\"index, follow, max-snippet:-1, max-image-preview:large, max-video-preview:-1\" \/>\n<link rel=\"canonical\" href=\"https:\/\/www.piovan.com\/de\/product\/silos\/\" \/>\n<meta property=\"og:locale\" content=\"de_DE\" \/>\n<meta property=\"og:type\" content=\"article\" \/>\n<meta property=\"og:title\" content=\"Silos - PiovanGroup\" \/>\n<meta property=\"og:description\" content=\"Large diameter silos offer with great attention to functional and aesthetics for outdoor installation. Suitable for granules, flakes or powders, Piovan silos have specific geometries and devices for according to the materials to store, such as: \u2022 Outlet air filters \u2022 Extraction systems for high friction polymers \u2022 Measurement solutions like load cells or continuous level sensor (radar or plumb bob type) \u2022 Protection systems for potentially explosive atmospheres. The silos are compatible with a wide range of loading methods [&hellip;]\" \/>\n<meta property=\"og:url\" content=\"https:\/\/www.piovan.com\/de\/product\/silos\/\" \/>\n<meta property=\"og:site_name\" content=\"PiovanGroup\" \/>\n<meta property=\"article:modified_time\" content=\"2025-05-19T10:51:09+00:00\" \/>\n<meta property=\"og:image\" content=\"https:\/\/www.piovan.com\/wp-content\/uploads\/0002_SILI-PENTA-2_originale.png\" \/>\n\t<meta property=\"og:image:width\" content=\"1200\" \/>\n\t<meta property=\"og:image:height\" content=\"1560\" \/>\n\t<meta property=\"og:image:type\" content=\"image\/png\" \/>\n<meta name=\"twitter:card\" content=\"summary_large_image\" \/>\n<script type=\"application\/ld+json\" class=\"yoast-schema-graph\">{\"@context\":\"https:\/\/schema.org\",\"@graph\":[{\"@type\":\"WebPage\",\"@id\":\"https:\/\/www.piovan.com\/product\/silos\/\",\"url\":\"https:\/\/www.piovan.com\/product\/silos\/\",\"name\":\"Silos - PiovanGroup\",\"isPartOf\":{\"@id\":\"https:\/\/www.piovan.com\/#website\"},\"datePublished\":\"2021-11-12T16:53:29+00:00\",\"dateModified\":\"2025-05-19T10:51:09+00:00\",\"breadcrumb\":{\"@id\":\"https:\/\/www.piovan.com\/product\/silos\/#breadcrumb\"},\"inLanguage\":\"de-DE\",\"potentialAction\":[{\"@type\":\"ReadAction\",\"target\":[\"https:\/\/www.piovan.com\/product\/silos\/\"]}]},{\"@type\":\"BreadcrumbList\",\"@id\":\"https:\/\/www.piovan.com\/product\/silos\/#breadcrumb\",\"itemListElement\":[{\"@type\":\"ListItem\",\"position\":1,\"name\":\"Home\",\"item\":\"https:\/\/www.piovan.com\/\"},{\"@type\":\"ListItem\",\"position\":2,\"name\":\"Plastic\",\"item\":\"https:\/\/www.piovan.com\/de\/products\/kunststoff\/\"},{\"@type\":\"ListItem\",\"position\":3,\"name\":\"Storage\",\"item\":\"https:\/\/www.piovan.com\/de\/products\/kunststoff\/lagerung\/\"},{\"@type\":\"ListItem\",\"position\":4,\"name\":\"Silos\"}]},{\"@type\":\"WebSite\",\"@id\":\"https:\/\/www.piovan.com\/#website\",\"url\":\"https:\/\/www.piovan.com\/\",\"name\":\"PiovanGroup\",\"description\":\"\",\"publisher\":{\"@id\":\"https:\/\/www.piovan.com\/#organization\"},\"potentialAction\":[{\"@type\":\"SearchAction\",\"target\":{\"@type\":\"EntryPoint\",\"urlTemplate\":\"https:\/\/www.piovan.com\/?s={search_term_string}\"},\"query-input\":\"required name=search_term_string\"}],\"inLanguage\":\"de-DE\"},{\"@type\":\"Organization\",\"@id\":\"https:\/\/www.piovan.com\/#organization\",\"name\":\"PiovanGroup\",\"url\":\"https:\/\/www.piovan.com\/\",\"logo\":{\"@type\":\"ImageObject\",\"inLanguage\":\"de-DE\",\"@id\":\"https:\/\/www.piovan.com\/#\/schema\/logo\/image\/\",\"url\":\"https:\/\/www.piovan.com\/wp-content\/uploads\/2021\/06\/logo@2x.png\",\"contentUrl\":\"https:\/\/www.piovan.com\/wp-content\/uploads\/2021\/06\/logo@2x.png\",\"width\":489,\"height\":78,\"caption\":\"PiovanGroup\"},\"image\":{\"@id\":\"https:\/\/www.piovan.com\/#\/schema\/logo\/image\/\"}}]}<\/script>","yoast_head_json":{"title":"Silos - Piovan Gruppe","robots":{"index":"index","follow":"follow","max-snippet":"max-snippet:-1","max-image-preview":"max-image-preview:large","max-video-preview":"max-video-preview:-1"},"canonical":"https:\/\/www.piovan.com\/de\/product\/silos\/","og_locale":"de_DE","og_type":"article","og_title":"Silos - PiovanGroup","og_description":"Large diameter silos offer with great attention to functional and aesthetics for outdoor installation. Suitable for granules, flakes or powders, Piovan silos have specific geometries and devices for according to the materials to store, such as: \u2022 Outlet air filters \u2022 Extraction systems for high friction polymers \u2022 Measurement solutions like load cells or continuous level sensor (radar or plumb bob type) \u2022 Protection systems for potentially explosive atmospheres. The silos are compatible with a wide range of loading methods [&hellip;]","og_url":"https:\/\/www.piovan.com\/de\/product\/silos\/","og_site_name":"PiovanGroup","article_modified_time":"2025-05-19T10:51:09+00:00","og_image":[{"width":1200,"height":1560,"url":"https:\/\/www.piovan.com\/wp-content\/uploads\/0002_SILI-PENTA-2_originale.png","type":"image\/png"}],"twitter_card":"summary_large_image","schema":{"@context":"https:\/\/schema.org","@graph":[{"@type":"WebPage","@id":"https:\/\/www.piovan.com\/product\/silos\/","url":"https:\/\/www.piovan.com\/product\/silos\/","name":"Silos - PiovanGroup","isPartOf":{"@id":"https:\/\/www.piovan.com\/#website"},"datePublished":"2021-11-12T16:53:29+00:00","dateModified":"2025-05-19T10:51:09+00:00","breadcrumb":{"@id":"https:\/\/www.piovan.com\/product\/silos\/#breadcrumb"},"inLanguage":"de-DE","potentialAction":[{"@type":"ReadAction","target":["https:\/\/www.piovan.com\/product\/silos\/"]}]},{"@type":"BreadcrumbList","@id":"https:\/\/www.piovan.com\/product\/silos\/#breadcrumb","itemListElement":[{"@type":"ListItem","position":1,"name":"Home","item":"https:\/\/www.piovan.com\/"},{"@type":"ListItem","position":2,"name":"Plastic","item":"https:\/\/www.piovan.com\/de\/products\/kunststoff\/"},{"@type":"ListItem","position":3,"name":"Storage","item":"https:\/\/www.piovan.com\/de\/products\/kunststoff\/lagerung\/"},{"@type":"ListItem","position":4,"name":"Silos"}]},{"@type":"WebSite","@id":"https:\/\/www.piovan.com\/#website","url":"https:\/\/www.piovan.com\/","name":"PiovanGroup","description":"","publisher":{"@id":"https:\/\/www.piovan.com\/#organization"},"potentialAction":[{"@type":"SearchAction","target":{"@type":"EntryPoint","urlTemplate":"https:\/\/www.piovan.com\/?s={search_term_string}"},"query-input":"required name=search_term_string"}],"inLanguage":"de-DE"},{"@type":"Organization","@id":"https:\/\/www.piovan.com\/#organization","name":"PiovanGroup","url":"https:\/\/www.piovan.com\/","logo":{"@type":"ImageObject","inLanguage":"de-DE","@id":"https:\/\/www.piovan.com\/#\/schema\/logo\/image\/","url":"https:\/\/www.piovan.com\/wp-content\/uploads\/2021\/06\/logo@2x.png","contentUrl":"https:\/\/www.piovan.com\/wp-content\/uploads\/2021\/06\/logo@2x.png","width":489,"height":78,"caption":"PiovanGroup"},"image":{"@id":"https:\/\/www.piovan.com\/#\/schema\/logo\/image\/"}}]}},"_links":{"self":[{"href":"https:\/\/www.piovan.com\/de\/wp-json\/wp\/v2\/product\/5174"}],"collection":[{"href":"https:\/\/www.piovan.com\/de\/wp-json\/wp\/v2\/product"}],"about":[{"href":"https:\/\/www.piovan.com\/de\/wp-json\/wp\/v2\/types\/product"}],"version-history":[{"count":3,"href":"https:\/\/www.piovan.com\/de\/wp-json\/wp\/v2\/product\/5174\/revisions"}],"predecessor-version":[{"id":15198,"href":"https:\/\/www.piovan.com\/de\/wp-json\/wp\/v2\/product\/5174\/revisions\/15198"}],"wp:featuredmedia":[{"embeddable":true,"href":"https:\/\/www.piovan.com\/de\/wp-json\/wp\/v2\/media\/15185"}],"wp:attachment":[{"href":"https:\/\/www.piovan.com\/de\/wp-json\/wp\/v2\/media?parent=5174"}],"wp:term":[{"taxonomy":"post_tag","embeddable":true,"href":"https:\/\/www.piovan.com\/de\/wp-json\/wp\/v2\/tags?post=5174"}],"curies":[{"name":"wp","href":"https:\/\/api.w.org\/{rel}","templated":true}]}}