{"id":5165,"date":"2021-11-12T17:42:25","date_gmt":"2021-11-12T16:42:25","guid":{"rendered":"https:\/\/www.piovan.com\/?post_type=product&#038;p=5165"},"modified":"2024-11-25T17:03:08","modified_gmt":"2024-11-25T16:03:08","slug":"bin-series","status":"publish","type":"product","link":"https:\/\/www.piovan.com\/de\/product\/bin-series\/","title":{"rendered":"Bin Series"},"content":{"rendered":"<p>Der Beh\u00e4lterk\u00f6rper besteht aus Edelstahl\nund wird komplett mit Rahmen\nunterschiedlicher H\u00f6he zur Positionierung\nam Boden geliefert. Durch den\nmodularen Aufbau kann der Kunde\ndie Beh\u00e4lterkapazit\u00e4t vor Ort \u00e4ndern.<\/p>\n<p>Die Beh\u00e4lter-Serien k\u00f6nnen folgenderma\u00dfen\nvervollst\u00e4ndigt werden:<br \/>\n\u2022 Castors for easy moving or feet for fixing to the ground<br \/>\n\u2022 Top lid with manual opening and grid for the bag unloading<br \/>\n\u2022 Two connections suitable for suction probes inserting in the lid<br \/>\n\u2022 Suction box can be installed at the outlet on request.<\/p>\n<p>Es handelt sich auch um eine fehlersichere, bewegliche L\u00f6sung mit einem Hardwareschl\u00fcssel zur eindeutigen Identifizierung des Silettos durch die Winfactory 4.0-\u00dcberwachungssoftware und zur Verhinderung von Fehlplatzierungen erh\u00e4ltlich, wenn Silettos zwischen Lade- und Verwendungsbereichen bewegt werden; ideal f\u00fcr Kunden im medizinischen oder pharmazeutischen Bereich oder wenn der Produktionsbereich ein Layout aufweist, das menschliche Fehler beg\u00fcnstigt.<\/p>\n<p>Diese L\u00f6sung garantiert die korrekte Zuordnung von Material und Silettos, auch wenn die Silettos neu positioniert werden, und eignet sich f\u00fcr die Einstellung lokaler Rezepte oder \u00fcber MES, was die R\u00fcckverfolgbarkeit und die Prozesskontrolle (Qualit\u00e4tssysteme) verbessert.<\/p>","protected":false},"featured_media":13926,"template":"","tags":[108],"acf":[],"yoast_head":"<title>Bin Series - PiovanGroup<\/title>\n<meta name=\"robots\" content=\"index, follow, max-snippet:-1, max-image-preview:large, max-video-preview:-1\" \/>\n<link rel=\"canonical\" href=\"https:\/\/www.piovan.com\/de\/product\/bin-series\/\" \/>\n<meta property=\"og:locale\" content=\"de_DE\" \/>\n<meta property=\"og:type\" content=\"article\" \/>\n<meta property=\"og:title\" content=\"Bin Series - PiovanGroup\" \/>\n<meta property=\"og:description\" content=\"The body of the bin is made from stainless steel and is supplied complete with frames of different heights for floor positioning. Modular construction allows customer to change bin capacity on site. Bin series can be completed with: \u2022 Castors for easy moving or feet for fixing to the ground \u2022 Top lid with manual opening and grid for the bag unloading \u2022 Two connections suitable for suction probes inserting in the lid \u2022 Suction box can be installed at [&hellip;]\" \/>\n<meta property=\"og:url\" content=\"https:\/\/www.piovan.com\/de\/product\/bin-series\/\" \/>\n<meta property=\"og:site_name\" content=\"PiovanGroup\" \/>\n<meta property=\"article:modified_time\" content=\"2024-11-25T16:03:08+00:00\" \/>\n<meta property=\"og:image\" content=\"https:\/\/www.piovan.com\/wp-content\/uploads\/Bin-Series-1.png\" \/>\n\t<meta property=\"og:image:width\" content=\"1200\" \/>\n\t<meta property=\"og:image:height\" content=\"1560\" \/>\n\t<meta property=\"og:image:type\" content=\"image\/png\" \/>\n<meta name=\"twitter:card\" content=\"summary_large_image\" \/>\n<script type=\"application\/ld+json\" class=\"yoast-schema-graph\">{\"@context\":\"https:\/\/schema.org\",\"@graph\":[{\"@type\":\"WebPage\",\"@id\":\"https:\/\/www.piovan.com\/product\/bin-series\/\",\"url\":\"https:\/\/www.piovan.com\/product\/bin-series\/\",\"name\":\"Bin Series - PiovanGroup\",\"isPartOf\":{\"@id\":\"https:\/\/www.piovan.com\/#website\"},\"datePublished\":\"2021-11-12T16:42:25+00:00\",\"dateModified\":\"2024-11-25T16:03:08+00:00\",\"breadcrumb\":{\"@id\":\"https:\/\/www.piovan.com\/product\/bin-series\/#breadcrumb\"},\"inLanguage\":\"de-DE\",\"potentialAction\":[{\"@type\":\"ReadAction\",\"target\":[\"https:\/\/www.piovan.com\/product\/bin-series\/\"]}]},{\"@type\":\"BreadcrumbList\",\"@id\":\"https:\/\/www.piovan.com\/product\/bin-series\/#breadcrumb\",\"itemListElement\":[{\"@type\":\"ListItem\",\"position\":1,\"name\":\"Home\",\"item\":\"https:\/\/www.piovan.com\/\"},{\"@type\":\"ListItem\",\"position\":2,\"name\":\"Plastic\",\"item\":\"https:\/\/www.piovan.com\/de\/products\/kunststoff\/\"},{\"@type\":\"ListItem\",\"position\":3,\"name\":\"Storage\",\"item\":\"https:\/\/www.piovan.com\/de\/products\/kunststoff\/lagerung\/\"},{\"@type\":\"ListItem\",\"position\":4,\"name\":\"Bin Series\"}]},{\"@type\":\"WebSite\",\"@id\":\"https:\/\/www.piovan.com\/#website\",\"url\":\"https:\/\/www.piovan.com\/\",\"name\":\"PiovanGroup\",\"description\":\"\",\"publisher\":{\"@id\":\"https:\/\/www.piovan.com\/#organization\"},\"potentialAction\":[{\"@type\":\"SearchAction\",\"target\":{\"@type\":\"EntryPoint\",\"urlTemplate\":\"https:\/\/www.piovan.com\/?s={search_term_string}\"},\"query-input\":\"required name=search_term_string\"}],\"inLanguage\":\"de-DE\"},{\"@type\":\"Organization\",\"@id\":\"https:\/\/www.piovan.com\/#organization\",\"name\":\"PiovanGroup\",\"url\":\"https:\/\/www.piovan.com\/\",\"logo\":{\"@type\":\"ImageObject\",\"inLanguage\":\"de-DE\",\"@id\":\"https:\/\/www.piovan.com\/#\/schema\/logo\/image\/\",\"url\":\"https:\/\/www.piovan.com\/wp-content\/uploads\/2021\/06\/logo@2x.png\",\"contentUrl\":\"https:\/\/www.piovan.com\/wp-content\/uploads\/2021\/06\/logo@2x.png\",\"width\":489,\"height\":78,\"caption\":\"PiovanGroup\"},\"image\":{\"@id\":\"https:\/\/www.piovan.com\/#\/schema\/logo\/image\/\"}}]}<\/script>","yoast_head_json":{"title":"Bin Series - PiovanGroup","robots":{"index":"index","follow":"follow","max-snippet":"max-snippet:-1","max-image-preview":"max-image-preview:large","max-video-preview":"max-video-preview:-1"},"canonical":"https:\/\/www.piovan.com\/de\/product\/bin-series\/","og_locale":"de_DE","og_type":"article","og_title":"Bin Series - PiovanGroup","og_description":"The body of the bin is made from stainless steel and is supplied complete with frames of different heights for floor positioning. Modular construction allows customer to change bin capacity on site. Bin series can be completed with: \u2022 Castors for easy moving or feet for fixing to the ground \u2022 Top lid with manual opening and grid for the bag unloading \u2022 Two connections suitable for suction probes inserting in the lid \u2022 Suction box can be installed at [&hellip;]","og_url":"https:\/\/www.piovan.com\/de\/product\/bin-series\/","og_site_name":"PiovanGroup","article_modified_time":"2024-11-25T16:03:08+00:00","og_image":[{"width":1200,"height":1560,"url":"https:\/\/www.piovan.com\/wp-content\/uploads\/Bin-Series-1.png","type":"image\/png"}],"twitter_card":"summary_large_image","schema":{"@context":"https:\/\/schema.org","@graph":[{"@type":"WebPage","@id":"https:\/\/www.piovan.com\/product\/bin-series\/","url":"https:\/\/www.piovan.com\/product\/bin-series\/","name":"Bin Series - PiovanGroup","isPartOf":{"@id":"https:\/\/www.piovan.com\/#website"},"datePublished":"2021-11-12T16:42:25+00:00","dateModified":"2024-11-25T16:03:08+00:00","breadcrumb":{"@id":"https:\/\/www.piovan.com\/product\/bin-series\/#breadcrumb"},"inLanguage":"de-DE","potentialAction":[{"@type":"ReadAction","target":["https:\/\/www.piovan.com\/product\/bin-series\/"]}]},{"@type":"BreadcrumbList","@id":"https:\/\/www.piovan.com\/product\/bin-series\/#breadcrumb","itemListElement":[{"@type":"ListItem","position":1,"name":"Home","item":"https:\/\/www.piovan.com\/"},{"@type":"ListItem","position":2,"name":"Plastic","item":"https:\/\/www.piovan.com\/de\/products\/kunststoff\/"},{"@type":"ListItem","position":3,"name":"Storage","item":"https:\/\/www.piovan.com\/de\/products\/kunststoff\/lagerung\/"},{"@type":"ListItem","position":4,"name":"Bin Series"}]},{"@type":"WebSite","@id":"https:\/\/www.piovan.com\/#website","url":"https:\/\/www.piovan.com\/","name":"PiovanGroup","description":"","publisher":{"@id":"https:\/\/www.piovan.com\/#organization"},"potentialAction":[{"@type":"SearchAction","target":{"@type":"EntryPoint","urlTemplate":"https:\/\/www.piovan.com\/?s={search_term_string}"},"query-input":"required name=search_term_string"}],"inLanguage":"de-DE"},{"@type":"Organization","@id":"https:\/\/www.piovan.com\/#organization","name":"PiovanGroup","url":"https:\/\/www.piovan.com\/","logo":{"@type":"ImageObject","inLanguage":"de-DE","@id":"https:\/\/www.piovan.com\/#\/schema\/logo\/image\/","url":"https:\/\/www.piovan.com\/wp-content\/uploads\/2021\/06\/logo@2x.png","contentUrl":"https:\/\/www.piovan.com\/wp-content\/uploads\/2021\/06\/logo@2x.png","width":489,"height":78,"caption":"PiovanGroup"},"image":{"@id":"https:\/\/www.piovan.com\/#\/schema\/logo\/image\/"}}]}},"_links":{"self":[{"href":"https:\/\/www.piovan.com\/de\/wp-json\/wp\/v2\/product\/5165"}],"collection":[{"href":"https:\/\/www.piovan.com\/de\/wp-json\/wp\/v2\/product"}],"about":[{"href":"https:\/\/www.piovan.com\/de\/wp-json\/wp\/v2\/types\/product"}],"version-history":[{"count":3,"href":"https:\/\/www.piovan.com\/de\/wp-json\/wp\/v2\/product\/5165\/revisions"}],"predecessor-version":[{"id":13930,"href":"https:\/\/www.piovan.com\/de\/wp-json\/wp\/v2\/product\/5165\/revisions\/13930"}],"wp:featuredmedia":[{"embeddable":true,"href":"https:\/\/www.piovan.com\/de\/wp-json\/wp\/v2\/media\/13926"}],"wp:attachment":[{"href":"https:\/\/www.piovan.com\/de\/wp-json\/wp\/v2\/media?parent=5165"}],"wp:term":[{"taxonomy":"post_tag","embeddable":true,"href":"https:\/\/www.piovan.com\/de\/wp-json\/wp\/v2\/tags?post=5165"}],"curies":[{"name":"wp","href":"https:\/\/api.w.org\/{rel}","templated":true}]}}