{"id":5137,"date":"2021-11-12T16:51:18","date_gmt":"2021-11-12T15:51:18","guid":{"rendered":"https:\/\/www.piovan.com\/product\/mobiledewp-2\/"},"modified":"2025-02-26T16:57:29","modified_gmt":"2025-02-26T15:57:29","slug":"moisture-minder","status":"publish","type":"product","link":"https:\/\/www.piovan.com\/de\/product\/moisture-minder\/","title":{"rendered":"Moisture Minder"},"content":{"rendered":"<p>Der Moisture Minder (Feuchtigkeitsmessger\u00e4t)\nist die L\u00f6sung f\u00fcr die Inline-\nFeuchtigkeitsmessung von Kunststoffgranulaten.\nEs sind zwei Modelle\nverf\u00fcgbar:<\/p>\n<p>Da der Moisture Minder einen kontinuierlichen Trend \u00fcber den Restfeuchtegehalt liefern kann, ist es m\u00f6glich, sowohl die \u201cBlindzeit\u201d zwischen einer Probe und der nachfolgenden als auch die Verz\u00f6gerung bei zeitnahen Korrekturma\u00dfnahmen abzuschaffen.<br \/>\nDie Analyse wird vom Moisture Minder automatisch durchgef\u00fchrt, ohne dass der Bediener eingreifen muss und Personal mit besonderen F\u00e4higkeiten erforderlich ist; die einzige Aufgabe f\u00fcr den Bediener besteht darin, das richtige Material aus der internen Datenbank auszuw\u00e4hlen.<\/p>\n<p>Moisture Minder kann mit einer Vielzahl\nvon Materialien verwendet werden\nund seine Steuerung umfasst viele\nvorinstallierte Kalibrierkurven.<\/p>\n<p>Es erm\u00f6glicht eine vollst\u00e4ndige R\u00fcckverfolgbarkeit\nund \u00dcberwachung des\nProduktionsprozesses. Durch die Integration\nmit Winfactory 4.0 k\u00f6nnen\ndie Messungen von Moisture Minder\nbis zu 10 Jahre gespeichert werden.\nBenutzer k\u00f6nnen ein Qualit\u00e4tssystem\nmit automatisch generierten Berichten\nund Korrekturma\u00dfnahmen nahezu in\nEchtzeit implementieren.<\/p>","protected":false},"featured_media":13749,"template":"","tags":[108],"acf":[],"yoast_head":"<title>Moisture Minder - Piovan Gruppe<\/title>\n<meta name=\"robots\" content=\"index, follow, max-snippet:-1, max-image-preview:large, max-video-preview:-1\" \/>\n<link rel=\"canonical\" href=\"https:\/\/www.piovan.com\/de\/product\/moisture-minder\/\" \/>\n<meta property=\"og:locale\" content=\"de_DE\" \/>\n<meta property=\"og:type\" content=\"article\" \/>\n<meta property=\"og:title\" content=\"Moisture Minder - PiovanGroup\" \/>\n<meta property=\"og:description\" content=\"Moisture Minder is the solution for the in-line measurement of the moisture in the plastic granules. Two models are available: \u2022 M5 designed especially for after-drying PET applications \u2022 M100, with a multi-purpose configuration, for a wide range of polymers or for pre-drying measurements. Moisture Minder can be used with a wide range of materials and its control includes many pre-loaded calibration curves. It allows complete traceability and monitoring of the production process. With integration with Winfactory 4.0, the measurements [&hellip;]\" \/>\n<meta property=\"og:url\" content=\"https:\/\/www.piovan.com\/de\/product\/moisture-minder\/\" \/>\n<meta property=\"og:site_name\" content=\"PiovanGroup\" \/>\n<meta property=\"article:modified_time\" content=\"2025-02-26T15:57:29+00:00\" \/>\n<meta property=\"og:image\" content=\"https:\/\/www.piovan.com\/wp-content\/uploads\/Moisture-Minder.png\" \/>\n\t<meta property=\"og:image:width\" content=\"1200\" \/>\n\t<meta property=\"og:image:height\" content=\"1560\" \/>\n\t<meta property=\"og:image:type\" content=\"image\/png\" \/>\n<meta name=\"twitter:card\" content=\"summary_large_image\" \/>\n<script type=\"application\/ld+json\" class=\"yoast-schema-graph\">{\"@context\":\"https:\/\/schema.org\",\"@graph\":[{\"@type\":\"WebPage\",\"@id\":\"https:\/\/www.piovan.com\/product\/moisture-minder\/\",\"url\":\"https:\/\/www.piovan.com\/product\/moisture-minder\/\",\"name\":\"Moisture Minder - PiovanGroup\",\"isPartOf\":{\"@id\":\"https:\/\/www.piovan.com\/#website\"},\"datePublished\":\"2021-11-12T15:51:18+00:00\",\"dateModified\":\"2025-02-26T15:57:29+00:00\",\"breadcrumb\":{\"@id\":\"https:\/\/www.piovan.com\/product\/moisture-minder\/#breadcrumb\"},\"inLanguage\":\"de-DE\",\"potentialAction\":[{\"@type\":\"ReadAction\",\"target\":[\"https:\/\/www.piovan.com\/product\/moisture-minder\/\"]}]},{\"@type\":\"BreadcrumbList\",\"@id\":\"https:\/\/www.piovan.com\/product\/moisture-minder\/#breadcrumb\",\"itemListElement\":[{\"@type\":\"ListItem\",\"position\":1,\"name\":\"Home\",\"item\":\"https:\/\/www.piovan.com\/\"},{\"@type\":\"ListItem\",\"position\":2,\"name\":\"Plastic\",\"item\":\"https:\/\/www.piovan.com\/de\/products\/kunststoff\/\"},{\"@type\":\"ListItem\",\"position\":3,\"name\":\"Lab-tech\",\"item\":\"https:\/\/www.piovan.com\/de\/products\/kunststoff\/lab-tech\/\"},{\"@type\":\"ListItem\",\"position\":4,\"name\":\"Moisture Minder\"}]},{\"@type\":\"WebSite\",\"@id\":\"https:\/\/www.piovan.com\/#website\",\"url\":\"https:\/\/www.piovan.com\/\",\"name\":\"PiovanGroup\",\"description\":\"\",\"publisher\":{\"@id\":\"https:\/\/www.piovan.com\/#organization\"},\"potentialAction\":[{\"@type\":\"SearchAction\",\"target\":{\"@type\":\"EntryPoint\",\"urlTemplate\":\"https:\/\/www.piovan.com\/?s={search_term_string}\"},\"query-input\":\"required name=search_term_string\"}],\"inLanguage\":\"de-DE\"},{\"@type\":\"Organization\",\"@id\":\"https:\/\/www.piovan.com\/#organization\",\"name\":\"PiovanGroup\",\"url\":\"https:\/\/www.piovan.com\/\",\"logo\":{\"@type\":\"ImageObject\",\"inLanguage\":\"de-DE\",\"@id\":\"https:\/\/www.piovan.com\/#\/schema\/logo\/image\/\",\"url\":\"https:\/\/www.piovan.com\/wp-content\/uploads\/2021\/06\/logo@2x.png\",\"contentUrl\":\"https:\/\/www.piovan.com\/wp-content\/uploads\/2021\/06\/logo@2x.png\",\"width\":489,\"height\":78,\"caption\":\"PiovanGroup\"},\"image\":{\"@id\":\"https:\/\/www.piovan.com\/#\/schema\/logo\/image\/\"}}]}<\/script>","yoast_head_json":{"title":"Moisture Minder - Piovan Gruppe","robots":{"index":"index","follow":"follow","max-snippet":"max-snippet:-1","max-image-preview":"max-image-preview:large","max-video-preview":"max-video-preview:-1"},"canonical":"https:\/\/www.piovan.com\/de\/product\/moisture-minder\/","og_locale":"de_DE","og_type":"article","og_title":"Moisture Minder - PiovanGroup","og_description":"Moisture Minder is the solution for the in-line measurement of the moisture in the plastic granules. Two models are available: \u2022 M5 designed especially for after-drying PET applications \u2022 M100, with a multi-purpose configuration, for a wide range of polymers or for pre-drying measurements. Moisture Minder can be used with a wide range of materials and its control includes many pre-loaded calibration curves. It allows complete traceability and monitoring of the production process. With integration with Winfactory 4.0, the measurements [&hellip;]","og_url":"https:\/\/www.piovan.com\/de\/product\/moisture-minder\/","og_site_name":"PiovanGroup","article_modified_time":"2025-02-26T15:57:29+00:00","og_image":[{"width":1200,"height":1560,"url":"https:\/\/www.piovan.com\/wp-content\/uploads\/Moisture-Minder.png","type":"image\/png"}],"twitter_card":"summary_large_image","schema":{"@context":"https:\/\/schema.org","@graph":[{"@type":"WebPage","@id":"https:\/\/www.piovan.com\/product\/moisture-minder\/","url":"https:\/\/www.piovan.com\/product\/moisture-minder\/","name":"Moisture Minder - PiovanGroup","isPartOf":{"@id":"https:\/\/www.piovan.com\/#website"},"datePublished":"2021-11-12T15:51:18+00:00","dateModified":"2025-02-26T15:57:29+00:00","breadcrumb":{"@id":"https:\/\/www.piovan.com\/product\/moisture-minder\/#breadcrumb"},"inLanguage":"de-DE","potentialAction":[{"@type":"ReadAction","target":["https:\/\/www.piovan.com\/product\/moisture-minder\/"]}]},{"@type":"BreadcrumbList","@id":"https:\/\/www.piovan.com\/product\/moisture-minder\/#breadcrumb","itemListElement":[{"@type":"ListItem","position":1,"name":"Home","item":"https:\/\/www.piovan.com\/"},{"@type":"ListItem","position":2,"name":"Plastic","item":"https:\/\/www.piovan.com\/de\/products\/kunststoff\/"},{"@type":"ListItem","position":3,"name":"Lab-tech","item":"https:\/\/www.piovan.com\/de\/products\/kunststoff\/lab-tech\/"},{"@type":"ListItem","position":4,"name":"Moisture Minder"}]},{"@type":"WebSite","@id":"https:\/\/www.piovan.com\/#website","url":"https:\/\/www.piovan.com\/","name":"PiovanGroup","description":"","publisher":{"@id":"https:\/\/www.piovan.com\/#organization"},"potentialAction":[{"@type":"SearchAction","target":{"@type":"EntryPoint","urlTemplate":"https:\/\/www.piovan.com\/?s={search_term_string}"},"query-input":"required name=search_term_string"}],"inLanguage":"de-DE"},{"@type":"Organization","@id":"https:\/\/www.piovan.com\/#organization","name":"PiovanGroup","url":"https:\/\/www.piovan.com\/","logo":{"@type":"ImageObject","inLanguage":"de-DE","@id":"https:\/\/www.piovan.com\/#\/schema\/logo\/image\/","url":"https:\/\/www.piovan.com\/wp-content\/uploads\/2021\/06\/logo@2x.png","contentUrl":"https:\/\/www.piovan.com\/wp-content\/uploads\/2021\/06\/logo@2x.png","width":489,"height":78,"caption":"PiovanGroup"},"image":{"@id":"https:\/\/www.piovan.com\/#\/schema\/logo\/image\/"}}]}},"_links":{"self":[{"href":"https:\/\/www.piovan.com\/de\/wp-json\/wp\/v2\/product\/5137"}],"collection":[{"href":"https:\/\/www.piovan.com\/de\/wp-json\/wp\/v2\/product"}],"about":[{"href":"https:\/\/www.piovan.com\/de\/wp-json\/wp\/v2\/types\/product"}],"version-history":[{"count":3,"href":"https:\/\/www.piovan.com\/de\/wp-json\/wp\/v2\/product\/5137\/revisions"}],"predecessor-version":[{"id":14579,"href":"https:\/\/www.piovan.com\/de\/wp-json\/wp\/v2\/product\/5137\/revisions\/14579"}],"wp:featuredmedia":[{"embeddable":true,"href":"https:\/\/www.piovan.com\/de\/wp-json\/wp\/v2\/media\/13749"}],"wp:attachment":[{"href":"https:\/\/www.piovan.com\/de\/wp-json\/wp\/v2\/media?parent=5137"}],"wp:term":[{"taxonomy":"post_tag","embeddable":true,"href":"https:\/\/www.piovan.com\/de\/wp-json\/wp\/v2\/tags?post=5137"}],"curies":[{"name":"wp","href":"https:\/\/api.w.org\/{rel}","templated":true}]}}