{"id":5108,"date":"2021-11-11T17:38:28","date_gmt":"2021-11-11T16:38:28","guid":{"rendered":"https:\/\/www.piovan.com\/product\/n55-n60-2\/"},"modified":"2024-10-04T15:54:31","modified_gmt":"2024-10-04T13:54:31","slug":"b-s30","status":"publish","type":"product","link":"https:\/\/www.piovan.com\/de\/product\/b-s30\/","title":{"rendered":"B-S30"},"content":{"rendered":"<p>Die Serie S30 eignet sich dank ihrer robusten Konstruktion und der hocheffizienten \u201eScissor\u201c-Schneidfunktion mit doppelter Neigung, die auch die Erw\u00e4rmung und Staubentwicklung reduziert, f\u00fcr eine Vielzahl von Anwendungen.<\/p>\n<p>Dank der Schnell\u00f6ffnung lassen sich\ndie Reinigungs- und Wartungsarbeiten\nleicht durchf\u00fchren.<\/p>\n<p>Eine breite Palette von Zuf\u00fchr- und Entleerungsoptionen steht zur Verf\u00fcgung, um die Anforderungen der Kunden zu erf\u00fcllen.<\/p>","protected":false},"featured_media":13581,"template":"","tags":[108,41],"acf":[],"yoast_head":"<title>B-S30 - Piovan Gruppe<\/title>\n<meta name=\"robots\" content=\"index, follow, max-snippet:-1, max-image-preview:large, max-video-preview:-1\" \/>\n<link rel=\"canonical\" href=\"https:\/\/www.piovan.com\/de\/product\/b-s30\/\" \/>\n<meta property=\"og:locale\" content=\"de_DE\" \/>\n<meta property=\"og:type\" content=\"article\" \/>\n<meta property=\"og:title\" content=\"B-S30 - PiovanGroup\" \/>\n<meta property=\"og:description\" content=\"B-S30 series is suitable for a wide range of applications thanks to the robust construction and the highly efficient \u201cscissor\u201d cutting, with double inclination that reduces also heating and dust generation. The cleaning and maintenance operations can be easily performed thanks to the quick opening. A wide range of feed and discharge options are available to meet customer\u2019s requirements.\" \/>\n<meta property=\"og:url\" content=\"https:\/\/www.piovan.com\/de\/product\/b-s30\/\" \/>\n<meta property=\"og:site_name\" content=\"PiovanGroup\" \/>\n<meta property=\"article:modified_time\" content=\"2024-10-04T13:54:31+00:00\" \/>\n<meta property=\"og:image\" content=\"https:\/\/www.piovan.com\/wp-content\/uploads\/S30.png\" \/>\n\t<meta property=\"og:image:width\" content=\"1200\" \/>\n\t<meta property=\"og:image:height\" content=\"1560\" \/>\n\t<meta property=\"og:image:type\" content=\"image\/png\" \/>\n<meta name=\"twitter:card\" content=\"summary_large_image\" \/>\n<script type=\"application\/ld+json\" class=\"yoast-schema-graph\">{\"@context\":\"https:\/\/schema.org\",\"@graph\":[{\"@type\":\"WebPage\",\"@id\":\"https:\/\/www.piovan.com\/product\/b-s30\/\",\"url\":\"https:\/\/www.piovan.com\/product\/b-s30\/\",\"name\":\"B-S30 - PiovanGroup\",\"isPartOf\":{\"@id\":\"https:\/\/www.piovan.com\/#website\"},\"datePublished\":\"2021-11-11T16:38:28+00:00\",\"dateModified\":\"2024-10-04T13:54:31+00:00\",\"breadcrumb\":{\"@id\":\"https:\/\/www.piovan.com\/product\/b-s30\/#breadcrumb\"},\"inLanguage\":\"de-DE\",\"potentialAction\":[{\"@type\":\"ReadAction\",\"target\":[\"https:\/\/www.piovan.com\/product\/b-s30\/\"]}]},{\"@type\":\"BreadcrumbList\",\"@id\":\"https:\/\/www.piovan.com\/product\/b-s30\/#breadcrumb\",\"itemListElement\":[{\"@type\":\"ListItem\",\"position\":1,\"name\":\"Home\",\"item\":\"https:\/\/www.piovan.com\/\"},{\"@type\":\"ListItem\",\"position\":2,\"name\":\"Plastic\",\"item\":\"https:\/\/www.piovan.com\/de\/products\/kunststoff\/\"},{\"@type\":\"ListItem\",\"position\":3,\"name\":\"Granulation\",\"item\":\"https:\/\/www.piovan.com\/de\/products\/kunststoff\/granulierung\/\"},{\"@type\":\"ListItem\",\"position\":4,\"name\":\"B-S30\"}]},{\"@type\":\"WebSite\",\"@id\":\"https:\/\/www.piovan.com\/#website\",\"url\":\"https:\/\/www.piovan.com\/\",\"name\":\"PiovanGroup\",\"description\":\"\",\"publisher\":{\"@id\":\"https:\/\/www.piovan.com\/#organization\"},\"potentialAction\":[{\"@type\":\"SearchAction\",\"target\":{\"@type\":\"EntryPoint\",\"urlTemplate\":\"https:\/\/www.piovan.com\/?s={search_term_string}\"},\"query-input\":\"required name=search_term_string\"}],\"inLanguage\":\"de-DE\"},{\"@type\":\"Organization\",\"@id\":\"https:\/\/www.piovan.com\/#organization\",\"name\":\"PiovanGroup\",\"url\":\"https:\/\/www.piovan.com\/\",\"logo\":{\"@type\":\"ImageObject\",\"inLanguage\":\"de-DE\",\"@id\":\"https:\/\/www.piovan.com\/#\/schema\/logo\/image\/\",\"url\":\"https:\/\/www.piovan.com\/wp-content\/uploads\/2021\/06\/logo@2x.png\",\"contentUrl\":\"https:\/\/www.piovan.com\/wp-content\/uploads\/2021\/06\/logo@2x.png\",\"width\":489,\"height\":78,\"caption\":\"PiovanGroup\"},\"image\":{\"@id\":\"https:\/\/www.piovan.com\/#\/schema\/logo\/image\/\"}}]}<\/script>","yoast_head_json":{"title":"B-S30 - Piovan Gruppe","robots":{"index":"index","follow":"follow","max-snippet":"max-snippet:-1","max-image-preview":"max-image-preview:large","max-video-preview":"max-video-preview:-1"},"canonical":"https:\/\/www.piovan.com\/de\/product\/b-s30\/","og_locale":"de_DE","og_type":"article","og_title":"B-S30 - PiovanGroup","og_description":"B-S30 series is suitable for a wide range of applications thanks to the robust construction and the highly efficient \u201cscissor\u201d cutting, with double inclination that reduces also heating and dust generation. The cleaning and maintenance operations can be easily performed thanks to the quick opening. A wide range of feed and discharge options are available to meet customer\u2019s requirements.","og_url":"https:\/\/www.piovan.com\/de\/product\/b-s30\/","og_site_name":"PiovanGroup","article_modified_time":"2024-10-04T13:54:31+00:00","og_image":[{"width":1200,"height":1560,"url":"https:\/\/www.piovan.com\/wp-content\/uploads\/S30.png","type":"image\/png"}],"twitter_card":"summary_large_image","schema":{"@context":"https:\/\/schema.org","@graph":[{"@type":"WebPage","@id":"https:\/\/www.piovan.com\/product\/b-s30\/","url":"https:\/\/www.piovan.com\/product\/b-s30\/","name":"B-S30 - PiovanGroup","isPartOf":{"@id":"https:\/\/www.piovan.com\/#website"},"datePublished":"2021-11-11T16:38:28+00:00","dateModified":"2024-10-04T13:54:31+00:00","breadcrumb":{"@id":"https:\/\/www.piovan.com\/product\/b-s30\/#breadcrumb"},"inLanguage":"de-DE","potentialAction":[{"@type":"ReadAction","target":["https:\/\/www.piovan.com\/product\/b-s30\/"]}]},{"@type":"BreadcrumbList","@id":"https:\/\/www.piovan.com\/product\/b-s30\/#breadcrumb","itemListElement":[{"@type":"ListItem","position":1,"name":"Home","item":"https:\/\/www.piovan.com\/"},{"@type":"ListItem","position":2,"name":"Plastic","item":"https:\/\/www.piovan.com\/de\/products\/kunststoff\/"},{"@type":"ListItem","position":3,"name":"Granulation","item":"https:\/\/www.piovan.com\/de\/products\/kunststoff\/granulierung\/"},{"@type":"ListItem","position":4,"name":"B-S30"}]},{"@type":"WebSite","@id":"https:\/\/www.piovan.com\/#website","url":"https:\/\/www.piovan.com\/","name":"PiovanGroup","description":"","publisher":{"@id":"https:\/\/www.piovan.com\/#organization"},"potentialAction":[{"@type":"SearchAction","target":{"@type":"EntryPoint","urlTemplate":"https:\/\/www.piovan.com\/?s={search_term_string}"},"query-input":"required name=search_term_string"}],"inLanguage":"de-DE"},{"@type":"Organization","@id":"https:\/\/www.piovan.com\/#organization","name":"PiovanGroup","url":"https:\/\/www.piovan.com\/","logo":{"@type":"ImageObject","inLanguage":"de-DE","@id":"https:\/\/www.piovan.com\/#\/schema\/logo\/image\/","url":"https:\/\/www.piovan.com\/wp-content\/uploads\/2021\/06\/logo@2x.png","contentUrl":"https:\/\/www.piovan.com\/wp-content\/uploads\/2021\/06\/logo@2x.png","width":489,"height":78,"caption":"PiovanGroup"},"image":{"@id":"https:\/\/www.piovan.com\/#\/schema\/logo\/image\/"}}]}},"_links":{"self":[{"href":"https:\/\/www.piovan.com\/de\/wp-json\/wp\/v2\/product\/5108"}],"collection":[{"href":"https:\/\/www.piovan.com\/de\/wp-json\/wp\/v2\/product"}],"about":[{"href":"https:\/\/www.piovan.com\/de\/wp-json\/wp\/v2\/types\/product"}],"version-history":[{"count":3,"href":"https:\/\/www.piovan.com\/de\/wp-json\/wp\/v2\/product\/5108\/revisions"}],"predecessor-version":[{"id":13585,"href":"https:\/\/www.piovan.com\/de\/wp-json\/wp\/v2\/product\/5108\/revisions\/13585"}],"wp:featuredmedia":[{"embeddable":true,"href":"https:\/\/www.piovan.com\/de\/wp-json\/wp\/v2\/media\/13581"}],"wp:attachment":[{"href":"https:\/\/www.piovan.com\/de\/wp-json\/wp\/v2\/media?parent=5108"}],"wp:term":[{"taxonomy":"post_tag","embeddable":true,"href":"https:\/\/www.piovan.com\/de\/wp-json\/wp\/v2\/tags?post=5108"}],"curies":[{"name":"wp","href":"https:\/\/api.w.org\/{rel}","templated":true}]}}