{"id":5078,"date":"2021-11-11T16:08:01","date_gmt":"2021-11-11T15:08:01","guid":{"rendered":"https:\/\/www.piovan.com\/product\/film-and-edge-trim-granulators-2\/"},"modified":"2024-10-04T14:59:51","modified_gmt":"2024-10-04T12:59:51","slug":"g17","status":"publish","type":"product","link":"https:\/\/www.piovan.com\/de\/product\/g17\/","title":{"rendered":"G17"},"content":{"rendered":"<p>Die G17-Granulatoren sind so konstruiert,\ndass sie ein m\u00f6glichst homogenes\nMahlgut in Form und Gr\u00f6\u00dfe erzeugen, das wenig bis gar keinen Staub enth\u00e4lt<\/p>\n<p>Ein besonderes Merkmal dieser Serie\nist die M\u00f6glichkeit, Mahlgut mit sehr\nkleinen Abmessungen herzustellen.\nDer gro\u00dfe Vorteil von kleinformatigem\nMahlgut besteht in der M\u00f6glichkeit,\ndem Neumaterial h\u00f6here Anteile\nbeizumischen, ohne dass die Qualit\u00e4t\ndes Endprodukts beeintr\u00e4chtigt wird.\nSysteme mit geringer Kapazit\u00e4t, Spritzgie\u00dfmaschinen\noder Extruder, sind\nmit Plastifizierschnecken mit kleinem\nDurchmesser ausgestattet und k\u00f6nnen\nkein Granulat verarbeiten, dessen\nAbmessungen gr\u00f6\u00dfer sind als die des\nNeugranulats. Die G17-Granulatoren\nproduzieren Mahlgut, dessen Abmessungen\nmit neuem Granulatkorn vergleichbar\nsind.<\/p>","protected":false},"featured_media":13576,"template":"","tags":[108],"acf":[],"yoast_head":"<title>G17 - Piovan Gruppe<\/title>\n<meta name=\"robots\" content=\"index, follow, max-snippet:-1, max-image-preview:large, max-video-preview:-1\" \/>\n<link rel=\"canonical\" href=\"https:\/\/www.piovan.com\/de\/product\/g17\/\" \/>\n<meta property=\"og:locale\" content=\"de_DE\" \/>\n<meta property=\"og:type\" content=\"article\" \/>\n<meta property=\"og:title\" content=\"G17 - PiovanGroup\" \/>\n<meta property=\"og:description\" content=\"G17 granulators are designed to produce the most homogeneous regrind shape and dimensions, along with little to no presence of dust. A distinctive characteristic of this series is the ability to produce regrind with very small dimensions. The great advantage of dimensionally small regrind is the possibility to add higher percentages to the virgin material with no influence to the quality of the finished product. Small capacity systems, injection moulding machines or extruders, are equipped with small diameter plastification screws, [&hellip;]\" \/>\n<meta property=\"og:url\" content=\"https:\/\/www.piovan.com\/de\/product\/g17\/\" \/>\n<meta property=\"og:site_name\" content=\"PiovanGroup\" \/>\n<meta property=\"article:modified_time\" content=\"2024-10-04T12:59:51+00:00\" \/>\n<meta property=\"og:image\" content=\"https:\/\/www.piovan.com\/wp-content\/uploads\/G-17.png\" \/>\n\t<meta property=\"og:image:width\" content=\"1200\" \/>\n\t<meta property=\"og:image:height\" content=\"1560\" \/>\n\t<meta property=\"og:image:type\" content=\"image\/png\" \/>\n<meta name=\"twitter:card\" content=\"summary_large_image\" \/>\n<script type=\"application\/ld+json\" class=\"yoast-schema-graph\">{\"@context\":\"https:\/\/schema.org\",\"@graph\":[{\"@type\":\"WebPage\",\"@id\":\"https:\/\/www.piovan.com\/product\/g17\/\",\"url\":\"https:\/\/www.piovan.com\/product\/g17\/\",\"name\":\"G17 - PiovanGroup\",\"isPartOf\":{\"@id\":\"https:\/\/www.piovan.com\/#website\"},\"datePublished\":\"2021-11-11T15:08:01+00:00\",\"dateModified\":\"2024-10-04T12:59:51+00:00\",\"breadcrumb\":{\"@id\":\"https:\/\/www.piovan.com\/product\/g17\/#breadcrumb\"},\"inLanguage\":\"de-DE\",\"potentialAction\":[{\"@type\":\"ReadAction\",\"target\":[\"https:\/\/www.piovan.com\/product\/g17\/\"]}]},{\"@type\":\"BreadcrumbList\",\"@id\":\"https:\/\/www.piovan.com\/product\/g17\/#breadcrumb\",\"itemListElement\":[{\"@type\":\"ListItem\",\"position\":1,\"name\":\"Home\",\"item\":\"https:\/\/www.piovan.com\/\"},{\"@type\":\"ListItem\",\"position\":2,\"name\":\"Plastic\",\"item\":\"https:\/\/www.piovan.com\/de\/products\/kunststoff\/\"},{\"@type\":\"ListItem\",\"position\":3,\"name\":\"Granulation\",\"item\":\"https:\/\/www.piovan.com\/de\/products\/kunststoff\/granulierung\/\"},{\"@type\":\"ListItem\",\"position\":4,\"name\":\"G17\"}]},{\"@type\":\"WebSite\",\"@id\":\"https:\/\/www.piovan.com\/#website\",\"url\":\"https:\/\/www.piovan.com\/\",\"name\":\"PiovanGroup\",\"description\":\"\",\"publisher\":{\"@id\":\"https:\/\/www.piovan.com\/#organization\"},\"potentialAction\":[{\"@type\":\"SearchAction\",\"target\":{\"@type\":\"EntryPoint\",\"urlTemplate\":\"https:\/\/www.piovan.com\/?s={search_term_string}\"},\"query-input\":\"required name=search_term_string\"}],\"inLanguage\":\"de-DE\"},{\"@type\":\"Organization\",\"@id\":\"https:\/\/www.piovan.com\/#organization\",\"name\":\"PiovanGroup\",\"url\":\"https:\/\/www.piovan.com\/\",\"logo\":{\"@type\":\"ImageObject\",\"inLanguage\":\"de-DE\",\"@id\":\"https:\/\/www.piovan.com\/#\/schema\/logo\/image\/\",\"url\":\"https:\/\/www.piovan.com\/wp-content\/uploads\/2021\/06\/logo@2x.png\",\"contentUrl\":\"https:\/\/www.piovan.com\/wp-content\/uploads\/2021\/06\/logo@2x.png\",\"width\":489,\"height\":78,\"caption\":\"PiovanGroup\"},\"image\":{\"@id\":\"https:\/\/www.piovan.com\/#\/schema\/logo\/image\/\"}}]}<\/script>","yoast_head_json":{"title":"G17 - Piovan Gruppe","robots":{"index":"index","follow":"follow","max-snippet":"max-snippet:-1","max-image-preview":"max-image-preview:large","max-video-preview":"max-video-preview:-1"},"canonical":"https:\/\/www.piovan.com\/de\/product\/g17\/","og_locale":"de_DE","og_type":"article","og_title":"G17 - PiovanGroup","og_description":"G17 granulators are designed to produce the most homogeneous regrind shape and dimensions, along with little to no presence of dust. A distinctive characteristic of this series is the ability to produce regrind with very small dimensions. The great advantage of dimensionally small regrind is the possibility to add higher percentages to the virgin material with no influence to the quality of the finished product. Small capacity systems, injection moulding machines or extruders, are equipped with small diameter plastification screws, [&hellip;]","og_url":"https:\/\/www.piovan.com\/de\/product\/g17\/","og_site_name":"PiovanGroup","article_modified_time":"2024-10-04T12:59:51+00:00","og_image":[{"width":1200,"height":1560,"url":"https:\/\/www.piovan.com\/wp-content\/uploads\/G-17.png","type":"image\/png"}],"twitter_card":"summary_large_image","schema":{"@context":"https:\/\/schema.org","@graph":[{"@type":"WebPage","@id":"https:\/\/www.piovan.com\/product\/g17\/","url":"https:\/\/www.piovan.com\/product\/g17\/","name":"G17 - PiovanGroup","isPartOf":{"@id":"https:\/\/www.piovan.com\/#website"},"datePublished":"2021-11-11T15:08:01+00:00","dateModified":"2024-10-04T12:59:51+00:00","breadcrumb":{"@id":"https:\/\/www.piovan.com\/product\/g17\/#breadcrumb"},"inLanguage":"de-DE","potentialAction":[{"@type":"ReadAction","target":["https:\/\/www.piovan.com\/product\/g17\/"]}]},{"@type":"BreadcrumbList","@id":"https:\/\/www.piovan.com\/product\/g17\/#breadcrumb","itemListElement":[{"@type":"ListItem","position":1,"name":"Home","item":"https:\/\/www.piovan.com\/"},{"@type":"ListItem","position":2,"name":"Plastic","item":"https:\/\/www.piovan.com\/de\/products\/kunststoff\/"},{"@type":"ListItem","position":3,"name":"Granulation","item":"https:\/\/www.piovan.com\/de\/products\/kunststoff\/granulierung\/"},{"@type":"ListItem","position":4,"name":"G17"}]},{"@type":"WebSite","@id":"https:\/\/www.piovan.com\/#website","url":"https:\/\/www.piovan.com\/","name":"PiovanGroup","description":"","publisher":{"@id":"https:\/\/www.piovan.com\/#organization"},"potentialAction":[{"@type":"SearchAction","target":{"@type":"EntryPoint","urlTemplate":"https:\/\/www.piovan.com\/?s={search_term_string}"},"query-input":"required name=search_term_string"}],"inLanguage":"de-DE"},{"@type":"Organization","@id":"https:\/\/www.piovan.com\/#organization","name":"PiovanGroup","url":"https:\/\/www.piovan.com\/","logo":{"@type":"ImageObject","inLanguage":"de-DE","@id":"https:\/\/www.piovan.com\/#\/schema\/logo\/image\/","url":"https:\/\/www.piovan.com\/wp-content\/uploads\/2021\/06\/logo@2x.png","contentUrl":"https:\/\/www.piovan.com\/wp-content\/uploads\/2021\/06\/logo@2x.png","width":489,"height":78,"caption":"PiovanGroup"},"image":{"@id":"https:\/\/www.piovan.com\/#\/schema\/logo\/image\/"}}]}},"_links":{"self":[{"href":"https:\/\/www.piovan.com\/de\/wp-json\/wp\/v2\/product\/5078"}],"collection":[{"href":"https:\/\/www.piovan.com\/de\/wp-json\/wp\/v2\/product"}],"about":[{"href":"https:\/\/www.piovan.com\/de\/wp-json\/wp\/v2\/types\/product"}],"version-history":[{"count":3,"href":"https:\/\/www.piovan.com\/de\/wp-json\/wp\/v2\/product\/5078\/revisions"}],"predecessor-version":[{"id":13577,"href":"https:\/\/www.piovan.com\/de\/wp-json\/wp\/v2\/product\/5078\/revisions\/13577"}],"wp:featuredmedia":[{"embeddable":true,"href":"https:\/\/www.piovan.com\/de\/wp-json\/wp\/v2\/media\/13576"}],"wp:attachment":[{"href":"https:\/\/www.piovan.com\/de\/wp-json\/wp\/v2\/media?parent=5078"}],"wp:term":[{"taxonomy":"post_tag","embeddable":true,"href":"https:\/\/www.piovan.com\/de\/wp-json\/wp\/v2\/tags?post=5078"}],"curies":[{"name":"wp","href":"https:\/\/api.w.org\/{rel}","templated":true}]}}