{"id":5050,"date":"2021-11-10T18:27:39","date_gmt":"2021-11-10T17:27:39","guid":{"rendered":"https:\/\/www.piovan.com\/?post_type=product&#038;p=5050"},"modified":"2025-01-07T15:39:46","modified_gmt":"2025-01-07T14:39:46","slug":"s-series","status":"publish","type":"product","link":"https:\/\/www.piovan.com\/de\/product\/s-series\/","title":{"rendered":"S and SBL Series"},"content":{"rendered":"<p class=\" translation-block\">Die Einphasen-Trichterlader der Serie S und SBL verf\u00fcgen \u00fcber ein Vakuumgebl\u00e4se mit einer F\u00f6rderleistung von bis zu 200 kg\/h und einer Entfernung von 20 m.<\/p>\n<p class=\" translation-block\">Die Ladevorrichtungen der Serie S\nsind mit einem Tastenfeld mit Mikroprozessor\nausgestattet: <br>\n\u2022 Benutzerfreundlich <br>\n\u2022 Voll automatisch <br>\n\u2022 Selbst\u00fcberwachung<\/p>\n<p>Das Display, die Tastatur und MODBUS\/RS485 erm\u00f6glichen einen einfachen und schnellen Zugriff auf alle Funktionen.<\/p>\n<p>Die Serie S und SBL hat eine lange Lebensdauer dank:<br \/>\n\u2022 hochwertiger Materialien wie Edelstahl<br \/>\n\u2022 Softstart-Technologien<br \/>\n\u2022 Brushless-Motoren auf Anfrage erh\u00e4ltlich (SBL Serie)<\/p>","protected":false},"featured_media":13004,"template":"","tags":[108],"acf":[],"yoast_head":"<title>S and SBL Series - PiovanGroup<\/title>\n<meta name=\"robots\" content=\"index, follow, max-snippet:-1, max-image-preview:large, max-video-preview:-1\" \/>\n<link rel=\"canonical\" href=\"https:\/\/www.piovan.com\/de\/product\/s-series\/\" \/>\n<meta property=\"og:locale\" content=\"de_DE\" \/>\n<meta property=\"og:type\" content=\"article\" \/>\n<meta property=\"og:title\" content=\"S and SBL Series - PiovanGroup\" \/>\n<meta property=\"og:description\" content=\"S and SBL series, single phase hopper loaders incorporate the vacuum blower with a conveying capacity up to 200 kg\/h and 20 m distance. S series loaders are equipped with a keypad with microprocessor for: \u2022 Ease of use \u2022 Full automation \u2022 Self monitoring. The display, keyboard and MODBUS\/RS485 grant a simple and quick access to all the functions. S and SBL series has a natural long lifespan thanks to: \u2022 high quality material, such as stainless steel \u2022 [&hellip;]\" \/>\n<meta property=\"og:url\" content=\"https:\/\/www.piovan.com\/de\/product\/s-series\/\" \/>\n<meta property=\"og:site_name\" content=\"PiovanGroup\" \/>\n<meta property=\"article:modified_time\" content=\"2025-01-07T14:39:46+00:00\" \/>\n<meta property=\"og:image\" content=\"https:\/\/www.piovan.com\/wp-content\/uploads\/S-Series_1200x1560px-copia.png\" \/>\n\t<meta property=\"og:image:width\" content=\"1200\" \/>\n\t<meta property=\"og:image:height\" content=\"1560\" \/>\n\t<meta property=\"og:image:type\" content=\"image\/png\" \/>\n<meta name=\"twitter:card\" content=\"summary_large_image\" \/>\n<script type=\"application\/ld+json\" class=\"yoast-schema-graph\">{\"@context\":\"https:\/\/schema.org\",\"@graph\":[{\"@type\":\"WebPage\",\"@id\":\"https:\/\/www.piovan.com\/product\/s-series\/\",\"url\":\"https:\/\/www.piovan.com\/product\/s-series\/\",\"name\":\"S and SBL Series - PiovanGroup\",\"isPartOf\":{\"@id\":\"https:\/\/www.piovan.com\/#website\"},\"datePublished\":\"2021-11-10T17:27:39+00:00\",\"dateModified\":\"2025-01-07T14:39:46+00:00\",\"breadcrumb\":{\"@id\":\"https:\/\/www.piovan.com\/product\/s-series\/#breadcrumb\"},\"inLanguage\":\"de-DE\",\"potentialAction\":[{\"@type\":\"ReadAction\",\"target\":[\"https:\/\/www.piovan.com\/product\/s-series\/\"]}]},{\"@type\":\"BreadcrumbList\",\"@id\":\"https:\/\/www.piovan.com\/product\/s-series\/#breadcrumb\",\"itemListElement\":[{\"@type\":\"ListItem\",\"position\":1,\"name\":\"Home\",\"item\":\"https:\/\/www.piovan.com\/\"},{\"@type\":\"ListItem\",\"position\":2,\"name\":\"Plastic\",\"item\":\"https:\/\/www.piovan.com\/de\/products\/kunststoff\/\"},{\"@type\":\"ListItem\",\"position\":3,\"name\":\"Feeding &amp; Conveying\",\"item\":\"https:\/\/www.piovan.com\/de\/products\/kunststoff\/versorgung-und-transport\/\"},{\"@type\":\"ListItem\",\"position\":4,\"name\":\"S and SBL Series\"}]},{\"@type\":\"WebSite\",\"@id\":\"https:\/\/www.piovan.com\/#website\",\"url\":\"https:\/\/www.piovan.com\/\",\"name\":\"PiovanGroup\",\"description\":\"\",\"publisher\":{\"@id\":\"https:\/\/www.piovan.com\/#organization\"},\"potentialAction\":[{\"@type\":\"SearchAction\",\"target\":{\"@type\":\"EntryPoint\",\"urlTemplate\":\"https:\/\/www.piovan.com\/?s={search_term_string}\"},\"query-input\":\"required name=search_term_string\"}],\"inLanguage\":\"de-DE\"},{\"@type\":\"Organization\",\"@id\":\"https:\/\/www.piovan.com\/#organization\",\"name\":\"PiovanGroup\",\"url\":\"https:\/\/www.piovan.com\/\",\"logo\":{\"@type\":\"ImageObject\",\"inLanguage\":\"de-DE\",\"@id\":\"https:\/\/www.piovan.com\/#\/schema\/logo\/image\/\",\"url\":\"https:\/\/www.piovan.com\/wp-content\/uploads\/2021\/06\/logo@2x.png\",\"contentUrl\":\"https:\/\/www.piovan.com\/wp-content\/uploads\/2021\/06\/logo@2x.png\",\"width\":489,\"height\":78,\"caption\":\"PiovanGroup\"},\"image\":{\"@id\":\"https:\/\/www.piovan.com\/#\/schema\/logo\/image\/\"}}]}<\/script>","yoast_head_json":{"title":"S and SBL Series - PiovanGroup","robots":{"index":"index","follow":"follow","max-snippet":"max-snippet:-1","max-image-preview":"max-image-preview:large","max-video-preview":"max-video-preview:-1"},"canonical":"https:\/\/www.piovan.com\/de\/product\/s-series\/","og_locale":"de_DE","og_type":"article","og_title":"S and SBL Series - PiovanGroup","og_description":"S and SBL series, single phase hopper loaders incorporate the vacuum blower with a conveying capacity up to 200 kg\/h and 20 m distance. S series loaders are equipped with a keypad with microprocessor for: \u2022 Ease of use \u2022 Full automation \u2022 Self monitoring. The display, keyboard and MODBUS\/RS485 grant a simple and quick access to all the functions. S and SBL series has a natural long lifespan thanks to: \u2022 high quality material, such as stainless steel \u2022 [&hellip;]","og_url":"https:\/\/www.piovan.com\/de\/product\/s-series\/","og_site_name":"PiovanGroup","article_modified_time":"2025-01-07T14:39:46+00:00","og_image":[{"width":1200,"height":1560,"url":"https:\/\/www.piovan.com\/wp-content\/uploads\/S-Series_1200x1560px-copia.png","type":"image\/png"}],"twitter_card":"summary_large_image","schema":{"@context":"https:\/\/schema.org","@graph":[{"@type":"WebPage","@id":"https:\/\/www.piovan.com\/product\/s-series\/","url":"https:\/\/www.piovan.com\/product\/s-series\/","name":"S and SBL Series - PiovanGroup","isPartOf":{"@id":"https:\/\/www.piovan.com\/#website"},"datePublished":"2021-11-10T17:27:39+00:00","dateModified":"2025-01-07T14:39:46+00:00","breadcrumb":{"@id":"https:\/\/www.piovan.com\/product\/s-series\/#breadcrumb"},"inLanguage":"de-DE","potentialAction":[{"@type":"ReadAction","target":["https:\/\/www.piovan.com\/product\/s-series\/"]}]},{"@type":"BreadcrumbList","@id":"https:\/\/www.piovan.com\/product\/s-series\/#breadcrumb","itemListElement":[{"@type":"ListItem","position":1,"name":"Home","item":"https:\/\/www.piovan.com\/"},{"@type":"ListItem","position":2,"name":"Plastic","item":"https:\/\/www.piovan.com\/de\/products\/kunststoff\/"},{"@type":"ListItem","position":3,"name":"Feeding &amp; Conveying","item":"https:\/\/www.piovan.com\/de\/products\/kunststoff\/versorgung-und-transport\/"},{"@type":"ListItem","position":4,"name":"S and SBL Series"}]},{"@type":"WebSite","@id":"https:\/\/www.piovan.com\/#website","url":"https:\/\/www.piovan.com\/","name":"PiovanGroup","description":"","publisher":{"@id":"https:\/\/www.piovan.com\/#organization"},"potentialAction":[{"@type":"SearchAction","target":{"@type":"EntryPoint","urlTemplate":"https:\/\/www.piovan.com\/?s={search_term_string}"},"query-input":"required name=search_term_string"}],"inLanguage":"de-DE"},{"@type":"Organization","@id":"https:\/\/www.piovan.com\/#organization","name":"PiovanGroup","url":"https:\/\/www.piovan.com\/","logo":{"@type":"ImageObject","inLanguage":"de-DE","@id":"https:\/\/www.piovan.com\/#\/schema\/logo\/image\/","url":"https:\/\/www.piovan.com\/wp-content\/uploads\/2021\/06\/logo@2x.png","contentUrl":"https:\/\/www.piovan.com\/wp-content\/uploads\/2021\/06\/logo@2x.png","width":489,"height":78,"caption":"PiovanGroup"},"image":{"@id":"https:\/\/www.piovan.com\/#\/schema\/logo\/image\/"}}]}},"_links":{"self":[{"href":"https:\/\/www.piovan.com\/de\/wp-json\/wp\/v2\/product\/5050"}],"collection":[{"href":"https:\/\/www.piovan.com\/de\/wp-json\/wp\/v2\/product"}],"about":[{"href":"https:\/\/www.piovan.com\/de\/wp-json\/wp\/v2\/types\/product"}],"version-history":[{"count":3,"href":"https:\/\/www.piovan.com\/de\/wp-json\/wp\/v2\/product\/5050\/revisions"}],"predecessor-version":[{"id":14149,"href":"https:\/\/www.piovan.com\/de\/wp-json\/wp\/v2\/product\/5050\/revisions\/14149"}],"wp:featuredmedia":[{"embeddable":true,"href":"https:\/\/www.piovan.com\/de\/wp-json\/wp\/v2\/media\/13004"}],"wp:attachment":[{"href":"https:\/\/www.piovan.com\/de\/wp-json\/wp\/v2\/media?parent=5050"}],"wp:term":[{"taxonomy":"post_tag","embeddable":true,"href":"https:\/\/www.piovan.com\/de\/wp-json\/wp\/v2\/tags?post=5050"}],"curies":[{"name":"wp","href":"https:\/\/api.w.org\/{rel}","templated":true}]}}