{"id":5026,"date":"2021-11-10T16:39:07","date_gmt":"2021-11-10T15:39:07","guid":{"rendered":"https:\/\/www.piovan.com\/?post_type=product&#038;p=5026"},"modified":"2025-10-20T18:13:31","modified_gmt":"2025-10-20T16:13:31","slug":"permanent-vacuum-system","status":"publish","type":"product","link":"https:\/\/www.piovan.com\/de\/product\/permanent-vacuum-system\/","title":{"rendered":"Permanentes Vakuumsystem"},"content":{"rendered":"<p>Permanente Vakuumsysteme bestehen aus mehreren parallel arbeitenden Vakuumeinheiten<\/p>\n<p>Das System schaltet die Vakuumpumpen automatisch ein oder aus, je nach dem tats\u00e4chlichen Bedarf der Produktion<\/p>\n<p>Einige Vorteile, die mit einem permanenten Vakuumzuf\u00fchrsystem erzielt werden k\u00f6nnen, sind:<br \/>\n\u2022 Ein hoher Wirkungsgrad und ein niedriger Energieverbrauch<br \/>\n\u2022 Optimierung der Pumpenlaufzeit<br \/>\n\u2022 Geringere Anzahl von Vakuumger\u00e4ten und Filtern im Vergleich zu herk\u00f6mmlichen Systemen, mit geringeren Wartungskosten<br \/>\n\u2022 Das Volumen der Erhaltungstrichter kann reduziert werden<br \/>\n\u2022 Das System ist flexibler f\u00fcr den Fall zuk\u00fcnftiger Erweiterungen<br \/>\n\u2022 Gleichzeitige Empf\u00e4nger k\u00f6nnen gleichzeitig f\u00f6rdern.<\/p>","protected":false},"featured_media":5350,"template":"","tags":[108],"acf":[],"yoast_head":"<title>Permanentes Vakuumsystem - Piovan Gruppe<\/title>\n<meta name=\"robots\" content=\"index, follow, max-snippet:-1, max-image-preview:large, max-video-preview:-1\" \/>\n<link rel=\"canonical\" href=\"https:\/\/www.piovan.com\/de\/product\/permanent-vacuum-system\/\" \/>\n<meta property=\"og:locale\" content=\"de_DE\" \/>\n<meta property=\"og:type\" content=\"article\" \/>\n<meta property=\"og:title\" content=\"Permanent Vacuum System - PiovanGroup\" \/>\n<meta property=\"og:description\" content=\"Permanent vacuum systems consist of several vacuum units working in parallel. The system automatically switches on or off the vacuum pumps according to the real need of the production. Some advantages that can be obtained with a permanent vacuum feeding system are: \u2022 A high degree of efficiency and low energy consumption \u2022 Optimisation of pump running time \u2022 Lower number of vacuum units and filters compare to traditional systems, with a lower maintenance costs \u2022 The volume of the [&hellip;]\" \/>\n<meta property=\"og:url\" content=\"https:\/\/www.piovan.com\/de\/product\/permanent-vacuum-system\/\" \/>\n<meta property=\"og:site_name\" content=\"PiovanGroup\" \/>\n<meta property=\"article:modified_time\" content=\"2025-10-20T16:13:31+00:00\" \/>\n<meta property=\"og:image\" content=\"https:\/\/www.piovan.com\/wp-content\/uploads\/Product_1200x1560px_0011_Permanent-Vacuun-system.png\" \/>\n\t<meta property=\"og:image:width\" content=\"1200\" \/>\n\t<meta property=\"og:image:height\" content=\"1560\" \/>\n\t<meta property=\"og:image:type\" content=\"image\/png\" \/>\n<meta name=\"twitter:card\" content=\"summary_large_image\" \/>\n<script type=\"application\/ld+json\" class=\"yoast-schema-graph\">{\"@context\":\"https:\/\/schema.org\",\"@graph\":[{\"@type\":\"WebPage\",\"@id\":\"https:\/\/www.piovan.com\/product\/permanent-vacuum-system\/\",\"url\":\"https:\/\/www.piovan.com\/product\/permanent-vacuum-system\/\",\"name\":\"Permanent Vacuum System - PiovanGroup\",\"isPartOf\":{\"@id\":\"https:\/\/www.piovan.com\/#website\"},\"datePublished\":\"2021-11-10T15:39:07+00:00\",\"dateModified\":\"2025-10-20T16:13:31+00:00\",\"breadcrumb\":{\"@id\":\"https:\/\/www.piovan.com\/product\/permanent-vacuum-system\/#breadcrumb\"},\"inLanguage\":\"de-DE\",\"potentialAction\":[{\"@type\":\"ReadAction\",\"target\":[\"https:\/\/www.piovan.com\/product\/permanent-vacuum-system\/\"]}]},{\"@type\":\"BreadcrumbList\",\"@id\":\"https:\/\/www.piovan.com\/product\/permanent-vacuum-system\/#breadcrumb\",\"itemListElement\":[{\"@type\":\"ListItem\",\"position\":1,\"name\":\"Home\",\"item\":\"https:\/\/www.piovan.com\/\"},{\"@type\":\"ListItem\",\"position\":2,\"name\":\"Plastic\",\"item\":\"https:\/\/www.piovan.com\/de\/products\/kunststoff\/\"},{\"@type\":\"ListItem\",\"position\":3,\"name\":\"Feeding &amp; Conveying\",\"item\":\"https:\/\/www.piovan.com\/de\/products\/kunststoff\/versorgung-und-transport\/\"},{\"@type\":\"ListItem\",\"position\":4,\"name\":\"Permanent Vacuum System\"}]},{\"@type\":\"WebSite\",\"@id\":\"https:\/\/www.piovan.com\/#website\",\"url\":\"https:\/\/www.piovan.com\/\",\"name\":\"PiovanGroup\",\"description\":\"\",\"publisher\":{\"@id\":\"https:\/\/www.piovan.com\/#organization\"},\"potentialAction\":[{\"@type\":\"SearchAction\",\"target\":{\"@type\":\"EntryPoint\",\"urlTemplate\":\"https:\/\/www.piovan.com\/?s={search_term_string}\"},\"query-input\":\"required name=search_term_string\"}],\"inLanguage\":\"de-DE\"},{\"@type\":\"Organization\",\"@id\":\"https:\/\/www.piovan.com\/#organization\",\"name\":\"PiovanGroup\",\"url\":\"https:\/\/www.piovan.com\/\",\"logo\":{\"@type\":\"ImageObject\",\"inLanguage\":\"de-DE\",\"@id\":\"https:\/\/www.piovan.com\/#\/schema\/logo\/image\/\",\"url\":\"https:\/\/www.piovan.com\/wp-content\/uploads\/2021\/06\/logo@2x.png\",\"contentUrl\":\"https:\/\/www.piovan.com\/wp-content\/uploads\/2021\/06\/logo@2x.png\",\"width\":489,\"height\":78,\"caption\":\"PiovanGroup\"},\"image\":{\"@id\":\"https:\/\/www.piovan.com\/#\/schema\/logo\/image\/\"}}]}<\/script>","yoast_head_json":{"title":"Permanentes Vakuumsystem - Piovan Gruppe","robots":{"index":"index","follow":"follow","max-snippet":"max-snippet:-1","max-image-preview":"max-image-preview:large","max-video-preview":"max-video-preview:-1"},"canonical":"https:\/\/www.piovan.com\/de\/product\/permanent-vacuum-system\/","og_locale":"de_DE","og_type":"article","og_title":"Permanent Vacuum System - PiovanGroup","og_description":"Permanent vacuum systems consist of several vacuum units working in parallel. The system automatically switches on or off the vacuum pumps according to the real need of the production. Some advantages that can be obtained with a permanent vacuum feeding system are: \u2022 A high degree of efficiency and low energy consumption \u2022 Optimisation of pump running time \u2022 Lower number of vacuum units and filters compare to traditional systems, with a lower maintenance costs \u2022 The volume of the [&hellip;]","og_url":"https:\/\/www.piovan.com\/de\/product\/permanent-vacuum-system\/","og_site_name":"PiovanGroup","article_modified_time":"2025-10-20T16:13:31+00:00","og_image":[{"width":1200,"height":1560,"url":"https:\/\/www.piovan.com\/wp-content\/uploads\/Product_1200x1560px_0011_Permanent-Vacuun-system.png","type":"image\/png"}],"twitter_card":"summary_large_image","schema":{"@context":"https:\/\/schema.org","@graph":[{"@type":"WebPage","@id":"https:\/\/www.piovan.com\/product\/permanent-vacuum-system\/","url":"https:\/\/www.piovan.com\/product\/permanent-vacuum-system\/","name":"Permanent Vacuum System - PiovanGroup","isPartOf":{"@id":"https:\/\/www.piovan.com\/#website"},"datePublished":"2021-11-10T15:39:07+00:00","dateModified":"2025-10-20T16:13:31+00:00","breadcrumb":{"@id":"https:\/\/www.piovan.com\/product\/permanent-vacuum-system\/#breadcrumb"},"inLanguage":"de-DE","potentialAction":[{"@type":"ReadAction","target":["https:\/\/www.piovan.com\/product\/permanent-vacuum-system\/"]}]},{"@type":"BreadcrumbList","@id":"https:\/\/www.piovan.com\/product\/permanent-vacuum-system\/#breadcrumb","itemListElement":[{"@type":"ListItem","position":1,"name":"Home","item":"https:\/\/www.piovan.com\/"},{"@type":"ListItem","position":2,"name":"Plastic","item":"https:\/\/www.piovan.com\/de\/products\/kunststoff\/"},{"@type":"ListItem","position":3,"name":"Feeding &amp; Conveying","item":"https:\/\/www.piovan.com\/de\/products\/kunststoff\/versorgung-und-transport\/"},{"@type":"ListItem","position":4,"name":"Permanent Vacuum System"}]},{"@type":"WebSite","@id":"https:\/\/www.piovan.com\/#website","url":"https:\/\/www.piovan.com\/","name":"PiovanGroup","description":"","publisher":{"@id":"https:\/\/www.piovan.com\/#organization"},"potentialAction":[{"@type":"SearchAction","target":{"@type":"EntryPoint","urlTemplate":"https:\/\/www.piovan.com\/?s={search_term_string}"},"query-input":"required name=search_term_string"}],"inLanguage":"de-DE"},{"@type":"Organization","@id":"https:\/\/www.piovan.com\/#organization","name":"PiovanGroup","url":"https:\/\/www.piovan.com\/","logo":{"@type":"ImageObject","inLanguage":"de-DE","@id":"https:\/\/www.piovan.com\/#\/schema\/logo\/image\/","url":"https:\/\/www.piovan.com\/wp-content\/uploads\/2021\/06\/logo@2x.png","contentUrl":"https:\/\/www.piovan.com\/wp-content\/uploads\/2021\/06\/logo@2x.png","width":489,"height":78,"caption":"PiovanGroup"},"image":{"@id":"https:\/\/www.piovan.com\/#\/schema\/logo\/image\/"}}]}},"_links":{"self":[{"href":"https:\/\/www.piovan.com\/de\/wp-json\/wp\/v2\/product\/5026"}],"collection":[{"href":"https:\/\/www.piovan.com\/de\/wp-json\/wp\/v2\/product"}],"about":[{"href":"https:\/\/www.piovan.com\/de\/wp-json\/wp\/v2\/types\/product"}],"version-history":[{"count":3,"href":"https:\/\/www.piovan.com\/de\/wp-json\/wp\/v2\/product\/5026\/revisions"}],"predecessor-version":[{"id":15794,"href":"https:\/\/www.piovan.com\/de\/wp-json\/wp\/v2\/product\/5026\/revisions\/15794"}],"wp:featuredmedia":[{"embeddable":true,"href":"https:\/\/www.piovan.com\/de\/wp-json\/wp\/v2\/media\/5350"}],"wp:attachment":[{"href":"https:\/\/www.piovan.com\/de\/wp-json\/wp\/v2\/media?parent=5026"}],"wp:term":[{"taxonomy":"post_tag","embeddable":true,"href":"https:\/\/www.piovan.com\/de\/wp-json\/wp\/v2\/tags?post=5026"}],"curies":[{"name":"wp","href":"https:\/\/api.w.org\/{rel}","templated":true}]}}