{"id":5002,"date":"2021-11-10T16:04:32","date_gmt":"2021-11-10T15:04:32","guid":{"rendered":"https:\/\/www.piovan.com\/?post_type=product&#038;p=5002"},"modified":"2025-02-26T11:46:17","modified_gmt":"2025-02-26T10:46:17","slug":"f-series","status":"publish","type":"product","link":"https:\/\/www.piovan.com\/de\/product\/f-series\/","title":{"rendered":"F Serien"},"content":{"rendered":"<p>Die Vakuumger\u00e4te der Serie F zeichnen sich durch einen niedrigen Ger\u00e4uschpegel von bis zu 75 dB(A) und eine kompakte Stellfl\u00e4che aus. Dadurch eignen sie sich f\u00fcr die Einzelaufstellung neben dem IMM oder zur Zuf\u00fchrung an einen Zwischentrichter mit hohem kg\/h-Durchsatz wie bei Monotrocknungsanlagen oder f\u00fcr zentrale Zuf\u00fchrsysteme mit mittlerem kg\/h-Durchsatz, die sich durch einen niedrigen Ger\u00e4uschpegel, kompakte Stellfl\u00e4che und einen integrierten Filter auszeichnen.<\/p>","protected":false},"featured_media":13405,"template":"","tags":[108],"acf":[],"yoast_head":"<title>F Serien - Piovan Gruppe<\/title>\n<meta name=\"robots\" content=\"index, follow, max-snippet:-1, max-image-preview:large, max-video-preview:-1\" \/>\n<link rel=\"canonical\" href=\"https:\/\/www.piovan.com\/de\/product\/f-series\/\" \/>\n<meta property=\"og:locale\" content=\"de_DE\" \/>\n<meta property=\"og:type\" content=\"article\" \/>\n<meta property=\"og:title\" content=\"F Series - PiovanGroup\" \/>\n<meta property=\"og:description\" content=\"The F series vacuum units are characterised by low noise level, up to 75 dB(A), and compact footprint. This makes them suitable for standalone installation beside the IMM or to feed an intermediate hopper with high kg\/h throughput like mono drying system or for centralized feeding systems with medium kg\/h throughput, characterised by low noise level, compact foot print and integrated filter.\" \/>\n<meta property=\"og:url\" content=\"https:\/\/www.piovan.com\/de\/product\/f-series\/\" \/>\n<meta property=\"og:site_name\" content=\"PiovanGroup\" \/>\n<meta property=\"article:modified_time\" content=\"2025-02-26T10:46:17+00:00\" \/>\n<meta property=\"og:image\" content=\"https:\/\/www.piovan.com\/wp-content\/uploads\/F-440G-683x1024.png\" \/>\n\t<meta property=\"og:image:width\" content=\"683\" \/>\n\t<meta property=\"og:image:height\" content=\"1024\" \/>\n\t<meta property=\"og:image:type\" content=\"image\/png\" \/>\n<meta name=\"twitter:card\" content=\"summary_large_image\" \/>\n<script type=\"application\/ld+json\" class=\"yoast-schema-graph\">{\"@context\":\"https:\/\/schema.org\",\"@graph\":[{\"@type\":\"WebPage\",\"@id\":\"https:\/\/www.piovan.com\/product\/f-series\/\",\"url\":\"https:\/\/www.piovan.com\/product\/f-series\/\",\"name\":\"F Series - PiovanGroup\",\"isPartOf\":{\"@id\":\"https:\/\/www.piovan.com\/#website\"},\"datePublished\":\"2021-11-10T15:04:32+00:00\",\"dateModified\":\"2025-02-26T10:46:17+00:00\",\"breadcrumb\":{\"@id\":\"https:\/\/www.piovan.com\/product\/f-series\/#breadcrumb\"},\"inLanguage\":\"de-DE\",\"potentialAction\":[{\"@type\":\"ReadAction\",\"target\":[\"https:\/\/www.piovan.com\/product\/f-series\/\"]}]},{\"@type\":\"BreadcrumbList\",\"@id\":\"https:\/\/www.piovan.com\/product\/f-series\/#breadcrumb\",\"itemListElement\":[{\"@type\":\"ListItem\",\"position\":1,\"name\":\"Home\",\"item\":\"https:\/\/www.piovan.com\/\"},{\"@type\":\"ListItem\",\"position\":2,\"name\":\"Plastic\",\"item\":\"https:\/\/www.piovan.com\/de\/products\/kunststoff\/\"},{\"@type\":\"ListItem\",\"position\":3,\"name\":\"Feeding &amp; Conveying\",\"item\":\"https:\/\/www.piovan.com\/de\/products\/kunststoff\/versorgung-und-transport\/\"},{\"@type\":\"ListItem\",\"position\":4,\"name\":\"F Series\"}]},{\"@type\":\"WebSite\",\"@id\":\"https:\/\/www.piovan.com\/#website\",\"url\":\"https:\/\/www.piovan.com\/\",\"name\":\"PiovanGroup\",\"description\":\"\",\"publisher\":{\"@id\":\"https:\/\/www.piovan.com\/#organization\"},\"potentialAction\":[{\"@type\":\"SearchAction\",\"target\":{\"@type\":\"EntryPoint\",\"urlTemplate\":\"https:\/\/www.piovan.com\/?s={search_term_string}\"},\"query-input\":\"required name=search_term_string\"}],\"inLanguage\":\"de-DE\"},{\"@type\":\"Organization\",\"@id\":\"https:\/\/www.piovan.com\/#organization\",\"name\":\"PiovanGroup\",\"url\":\"https:\/\/www.piovan.com\/\",\"logo\":{\"@type\":\"ImageObject\",\"inLanguage\":\"de-DE\",\"@id\":\"https:\/\/www.piovan.com\/#\/schema\/logo\/image\/\",\"url\":\"https:\/\/www.piovan.com\/wp-content\/uploads\/2021\/06\/logo@2x.png\",\"contentUrl\":\"https:\/\/www.piovan.com\/wp-content\/uploads\/2021\/06\/logo@2x.png\",\"width\":489,\"height\":78,\"caption\":\"PiovanGroup\"},\"image\":{\"@id\":\"https:\/\/www.piovan.com\/#\/schema\/logo\/image\/\"}}]}<\/script>","yoast_head_json":{"title":"F Serien - Piovan Gruppe","robots":{"index":"index","follow":"follow","max-snippet":"max-snippet:-1","max-image-preview":"max-image-preview:large","max-video-preview":"max-video-preview:-1"},"canonical":"https:\/\/www.piovan.com\/de\/product\/f-series\/","og_locale":"de_DE","og_type":"article","og_title":"F Series - PiovanGroup","og_description":"The F series vacuum units are characterised by low noise level, up to 75 dB(A), and compact footprint. This makes them suitable for standalone installation beside the IMM or to feed an intermediate hopper with high kg\/h throughput like mono drying system or for centralized feeding systems with medium kg\/h throughput, characterised by low noise level, compact foot print and integrated filter.","og_url":"https:\/\/www.piovan.com\/de\/product\/f-series\/","og_site_name":"PiovanGroup","article_modified_time":"2025-02-26T10:46:17+00:00","og_image":[{"width":683,"height":1024,"url":"https:\/\/www.piovan.com\/wp-content\/uploads\/F-440G-683x1024.png","type":"image\/png"}],"twitter_card":"summary_large_image","schema":{"@context":"https:\/\/schema.org","@graph":[{"@type":"WebPage","@id":"https:\/\/www.piovan.com\/product\/f-series\/","url":"https:\/\/www.piovan.com\/product\/f-series\/","name":"F Series - PiovanGroup","isPartOf":{"@id":"https:\/\/www.piovan.com\/#website"},"datePublished":"2021-11-10T15:04:32+00:00","dateModified":"2025-02-26T10:46:17+00:00","breadcrumb":{"@id":"https:\/\/www.piovan.com\/product\/f-series\/#breadcrumb"},"inLanguage":"de-DE","potentialAction":[{"@type":"ReadAction","target":["https:\/\/www.piovan.com\/product\/f-series\/"]}]},{"@type":"BreadcrumbList","@id":"https:\/\/www.piovan.com\/product\/f-series\/#breadcrumb","itemListElement":[{"@type":"ListItem","position":1,"name":"Home","item":"https:\/\/www.piovan.com\/"},{"@type":"ListItem","position":2,"name":"Plastic","item":"https:\/\/www.piovan.com\/de\/products\/kunststoff\/"},{"@type":"ListItem","position":3,"name":"Feeding &amp; Conveying","item":"https:\/\/www.piovan.com\/de\/products\/kunststoff\/versorgung-und-transport\/"},{"@type":"ListItem","position":4,"name":"F Series"}]},{"@type":"WebSite","@id":"https:\/\/www.piovan.com\/#website","url":"https:\/\/www.piovan.com\/","name":"PiovanGroup","description":"","publisher":{"@id":"https:\/\/www.piovan.com\/#organization"},"potentialAction":[{"@type":"SearchAction","target":{"@type":"EntryPoint","urlTemplate":"https:\/\/www.piovan.com\/?s={search_term_string}"},"query-input":"required name=search_term_string"}],"inLanguage":"de-DE"},{"@type":"Organization","@id":"https:\/\/www.piovan.com\/#organization","name":"PiovanGroup","url":"https:\/\/www.piovan.com\/","logo":{"@type":"ImageObject","inLanguage":"de-DE","@id":"https:\/\/www.piovan.com\/#\/schema\/logo\/image\/","url":"https:\/\/www.piovan.com\/wp-content\/uploads\/2021\/06\/logo@2x.png","contentUrl":"https:\/\/www.piovan.com\/wp-content\/uploads\/2021\/06\/logo@2x.png","width":489,"height":78,"caption":"PiovanGroup"},"image":{"@id":"https:\/\/www.piovan.com\/#\/schema\/logo\/image\/"}}]}},"_links":{"self":[{"href":"https:\/\/www.piovan.com\/de\/wp-json\/wp\/v2\/product\/5002"}],"collection":[{"href":"https:\/\/www.piovan.com\/de\/wp-json\/wp\/v2\/product"}],"about":[{"href":"https:\/\/www.piovan.com\/de\/wp-json\/wp\/v2\/types\/product"}],"version-history":[{"count":4,"href":"https:\/\/www.piovan.com\/de\/wp-json\/wp\/v2\/product\/5002\/revisions"}],"predecessor-version":[{"id":14531,"href":"https:\/\/www.piovan.com\/de\/wp-json\/wp\/v2\/product\/5002\/revisions\/14531"}],"wp:featuredmedia":[{"embeddable":true,"href":"https:\/\/www.piovan.com\/de\/wp-json\/wp\/v2\/media\/13405"}],"wp:attachment":[{"href":"https:\/\/www.piovan.com\/de\/wp-json\/wp\/v2\/media?parent=5002"}],"wp:term":[{"taxonomy":"post_tag","embeddable":true,"href":"https:\/\/www.piovan.com\/de\/wp-json\/wp\/v2\/tags?post=5002"}],"curies":[{"name":"wp","href":"https:\/\/api.w.org\/{rel}","templated":true}]}}