{"id":4993,"date":"2021-11-10T15:21:41","date_gmt":"2021-11-10T14:21:41","guid":{"rendered":"https:\/\/www.piovan.com\/?post_type=product&#038;p=4993"},"modified":"2025-02-26T11:27:23","modified_gmt":"2025-02-26T10:27:23","slug":"easylink","status":"publish","type":"product","link":"https:\/\/www.piovan.com\/de\/product\/easylink\/","title":{"rendered":"Easylink+"},"content":{"rendered":"<p>Automatische Kupplungsstation, die bis zu 60 Ein- und Ausg\u00e4nge mit Rohrdurchmessern von 40 bis 76 mm bei minimaler Stellfl\u00e4che verwalten kann.<\/p>\n<p>Sie wurde f\u00fcr eine einfache Wartung konzipiert und ist f\u00fcr die Bediener sowohl im normalen Betrieb als auch bei Wartungsarbeiten absolut sicher.<\/p>\n<p>Die Geometrien, die fortschrittlichen Reinigungssysteme und die verschlei\u00dffesten Materialien sorgen f\u00fcr konstante Produktionsqualit\u00e4t unter anspruchsvollsten Bedingungen.<\/p>\n<p class=\" translation-block\">Die Integration mit Winfactory 4.0 erm\u00f6glicht:<br>\n\u2022 Max. Verfolgbarkeit der Materialien <br>\n\u2022 Automatische Einstellung der Transportzeiten und Linien-Reinigungszeiten.<\/p>\n<p>Easylink+ ist mit einem St\u00fctzrahmen f\u00fcr die Installation auf dem Boden oder auf einer Zwischenetage erh\u00e4ltlich.<\/p>\n<p>Die gesamte interne Rohrf\u00fchrung wird mit starren Rohren realisiert, ohne Schlauch.<\/p>","protected":false},"featured_media":5301,"template":"","tags":[108,41],"acf":[],"yoast_head":"<title>Easylink+ - Piovan Gruppe<\/title>\n<meta name=\"robots\" content=\"index, follow, max-snippet:-1, max-image-preview:large, max-video-preview:-1\" \/>\n<link rel=\"canonical\" href=\"https:\/\/www.piovan.com\/de\/product\/easylink\/\" \/>\n<meta property=\"og:locale\" content=\"de_DE\" \/>\n<meta property=\"og:type\" content=\"article\" \/>\n<meta property=\"og:title\" content=\"Easylink+ - PiovanGroup\" \/>\n<meta property=\"og:description\" content=\"Automatic coupling station able to manage up to 60 inlets\/outlets with pipe size from 40 to 76 mm with minimum footprint. Designed for easy maintenance, it is totally safe for the operators both during regular functioning and service activities. The geometries, the advanced cleaning systems and the wear resistant materials assure the constant production quality in most demanding conditions. Integration with Winfactory 4.0 allows: \u2022 maximum traceability of materials \u2022 automatic setting of transport and line cleaning times Easylink+ is [&hellip;]\" \/>\n<meta property=\"og:url\" content=\"https:\/\/www.piovan.com\/de\/product\/easylink\/\" \/>\n<meta property=\"og:site_name\" content=\"PiovanGroup\" \/>\n<meta property=\"article:modified_time\" content=\"2025-02-26T10:27:23+00:00\" \/>\n<meta property=\"og:image\" content=\"https:\/\/www.piovan.com\/wp-content\/uploads\/Product_1200x1560px_0007_Easylink.png\" \/>\n\t<meta property=\"og:image:width\" content=\"1200\" \/>\n\t<meta property=\"og:image:height\" content=\"1560\" \/>\n\t<meta property=\"og:image:type\" content=\"image\/png\" \/>\n<meta name=\"twitter:card\" content=\"summary_large_image\" \/>\n<script type=\"application\/ld+json\" class=\"yoast-schema-graph\">{\"@context\":\"https:\/\/schema.org\",\"@graph\":[{\"@type\":\"WebPage\",\"@id\":\"https:\/\/www.piovan.com\/product\/easylink\/\",\"url\":\"https:\/\/www.piovan.com\/product\/easylink\/\",\"name\":\"Easylink+ - PiovanGroup\",\"isPartOf\":{\"@id\":\"https:\/\/www.piovan.com\/#website\"},\"datePublished\":\"2021-11-10T14:21:41+00:00\",\"dateModified\":\"2025-02-26T10:27:23+00:00\",\"breadcrumb\":{\"@id\":\"https:\/\/www.piovan.com\/product\/easylink\/#breadcrumb\"},\"inLanguage\":\"de-DE\",\"potentialAction\":[{\"@type\":\"ReadAction\",\"target\":[\"https:\/\/www.piovan.com\/product\/easylink\/\"]}]},{\"@type\":\"BreadcrumbList\",\"@id\":\"https:\/\/www.piovan.com\/product\/easylink\/#breadcrumb\",\"itemListElement\":[{\"@type\":\"ListItem\",\"position\":1,\"name\":\"Home\",\"item\":\"https:\/\/www.piovan.com\/\"},{\"@type\":\"ListItem\",\"position\":2,\"name\":\"Plastic\",\"item\":\"https:\/\/www.piovan.com\/de\/products\/kunststoff\/\"},{\"@type\":\"ListItem\",\"position\":3,\"name\":\"Feeding &amp; Conveying\",\"item\":\"https:\/\/www.piovan.com\/de\/products\/kunststoff\/versorgung-und-transport\/\"},{\"@type\":\"ListItem\",\"position\":4,\"name\":\"Easylink+\"}]},{\"@type\":\"WebSite\",\"@id\":\"https:\/\/www.piovan.com\/#website\",\"url\":\"https:\/\/www.piovan.com\/\",\"name\":\"PiovanGroup\",\"description\":\"\",\"publisher\":{\"@id\":\"https:\/\/www.piovan.com\/#organization\"},\"potentialAction\":[{\"@type\":\"SearchAction\",\"target\":{\"@type\":\"EntryPoint\",\"urlTemplate\":\"https:\/\/www.piovan.com\/?s={search_term_string}\"},\"query-input\":\"required name=search_term_string\"}],\"inLanguage\":\"de-DE\"},{\"@type\":\"Organization\",\"@id\":\"https:\/\/www.piovan.com\/#organization\",\"name\":\"PiovanGroup\",\"url\":\"https:\/\/www.piovan.com\/\",\"logo\":{\"@type\":\"ImageObject\",\"inLanguage\":\"de-DE\",\"@id\":\"https:\/\/www.piovan.com\/#\/schema\/logo\/image\/\",\"url\":\"https:\/\/www.piovan.com\/wp-content\/uploads\/2021\/06\/logo@2x.png\",\"contentUrl\":\"https:\/\/www.piovan.com\/wp-content\/uploads\/2021\/06\/logo@2x.png\",\"width\":489,\"height\":78,\"caption\":\"PiovanGroup\"},\"image\":{\"@id\":\"https:\/\/www.piovan.com\/#\/schema\/logo\/image\/\"}}]}<\/script>","yoast_head_json":{"title":"Easylink+ - Piovan Gruppe","robots":{"index":"index","follow":"follow","max-snippet":"max-snippet:-1","max-image-preview":"max-image-preview:large","max-video-preview":"max-video-preview:-1"},"canonical":"https:\/\/www.piovan.com\/de\/product\/easylink\/","og_locale":"de_DE","og_type":"article","og_title":"Easylink+ - PiovanGroup","og_description":"Automatic coupling station able to manage up to 60 inlets\/outlets with pipe size from 40 to 76 mm with minimum footprint. Designed for easy maintenance, it is totally safe for the operators both during regular functioning and service activities. The geometries, the advanced cleaning systems and the wear resistant materials assure the constant production quality in most demanding conditions. Integration with Winfactory 4.0 allows: \u2022 maximum traceability of materials \u2022 automatic setting of transport and line cleaning times Easylink+ is [&hellip;]","og_url":"https:\/\/www.piovan.com\/de\/product\/easylink\/","og_site_name":"PiovanGroup","article_modified_time":"2025-02-26T10:27:23+00:00","og_image":[{"width":1200,"height":1560,"url":"https:\/\/www.piovan.com\/wp-content\/uploads\/Product_1200x1560px_0007_Easylink.png","type":"image\/png"}],"twitter_card":"summary_large_image","schema":{"@context":"https:\/\/schema.org","@graph":[{"@type":"WebPage","@id":"https:\/\/www.piovan.com\/product\/easylink\/","url":"https:\/\/www.piovan.com\/product\/easylink\/","name":"Easylink+ - PiovanGroup","isPartOf":{"@id":"https:\/\/www.piovan.com\/#website"},"datePublished":"2021-11-10T14:21:41+00:00","dateModified":"2025-02-26T10:27:23+00:00","breadcrumb":{"@id":"https:\/\/www.piovan.com\/product\/easylink\/#breadcrumb"},"inLanguage":"de-DE","potentialAction":[{"@type":"ReadAction","target":["https:\/\/www.piovan.com\/product\/easylink\/"]}]},{"@type":"BreadcrumbList","@id":"https:\/\/www.piovan.com\/product\/easylink\/#breadcrumb","itemListElement":[{"@type":"ListItem","position":1,"name":"Home","item":"https:\/\/www.piovan.com\/"},{"@type":"ListItem","position":2,"name":"Plastic","item":"https:\/\/www.piovan.com\/de\/products\/kunststoff\/"},{"@type":"ListItem","position":3,"name":"Feeding &amp; Conveying","item":"https:\/\/www.piovan.com\/de\/products\/kunststoff\/versorgung-und-transport\/"},{"@type":"ListItem","position":4,"name":"Easylink+"}]},{"@type":"WebSite","@id":"https:\/\/www.piovan.com\/#website","url":"https:\/\/www.piovan.com\/","name":"PiovanGroup","description":"","publisher":{"@id":"https:\/\/www.piovan.com\/#organization"},"potentialAction":[{"@type":"SearchAction","target":{"@type":"EntryPoint","urlTemplate":"https:\/\/www.piovan.com\/?s={search_term_string}"},"query-input":"required name=search_term_string"}],"inLanguage":"de-DE"},{"@type":"Organization","@id":"https:\/\/www.piovan.com\/#organization","name":"PiovanGroup","url":"https:\/\/www.piovan.com\/","logo":{"@type":"ImageObject","inLanguage":"de-DE","@id":"https:\/\/www.piovan.com\/#\/schema\/logo\/image\/","url":"https:\/\/www.piovan.com\/wp-content\/uploads\/2021\/06\/logo@2x.png","contentUrl":"https:\/\/www.piovan.com\/wp-content\/uploads\/2021\/06\/logo@2x.png","width":489,"height":78,"caption":"PiovanGroup"},"image":{"@id":"https:\/\/www.piovan.com\/#\/schema\/logo\/image\/"}}]}},"_links":{"self":[{"href":"https:\/\/www.piovan.com\/de\/wp-json\/wp\/v2\/product\/4993"}],"collection":[{"href":"https:\/\/www.piovan.com\/de\/wp-json\/wp\/v2\/product"}],"about":[{"href":"https:\/\/www.piovan.com\/de\/wp-json\/wp\/v2\/types\/product"}],"version-history":[{"count":3,"href":"https:\/\/www.piovan.com\/de\/wp-json\/wp\/v2\/product\/4993\/revisions"}],"predecessor-version":[{"id":14524,"href":"https:\/\/www.piovan.com\/de\/wp-json\/wp\/v2\/product\/4993\/revisions\/14524"}],"wp:featuredmedia":[{"embeddable":true,"href":"https:\/\/www.piovan.com\/de\/wp-json\/wp\/v2\/media\/5301"}],"wp:attachment":[{"href":"https:\/\/www.piovan.com\/de\/wp-json\/wp\/v2\/media?parent=4993"}],"wp:term":[{"taxonomy":"post_tag","embeddable":true,"href":"https:\/\/www.piovan.com\/de\/wp-json\/wp\/v2\/tags?post=4993"}],"curies":[{"name":"wp","href":"https:\/\/api.w.org\/{rel}","templated":true}]}}