{"id":4957,"date":"2021-11-10T10:52:42","date_gmt":"2021-11-10T09:52:42","guid":{"rendered":"https:\/\/www.piovan.com\/?post_type=product&#038;p=4957"},"modified":"2024-10-30T09:41:47","modified_gmt":"2024-10-30T08:41:47","slug":"cf","status":"publish","type":"product","link":"https:\/\/www.piovan.com\/de\/product\/cf\/","title":{"rendered":"CF"},"content":{"rendered":"<p>Filter sind von entscheidender Bedeutung, um die Kontinuit\u00e4t des Prozesses zu gew\u00e4hrleisten, insbesondere bei staubf\u00f6rmigen Materialien. Dennoch m\u00fcssen sie regelm\u00e4\u00dfig gereinigt werden.<\/p>\n<p>Neben dem traditionellen Papierfilter, der standardm\u00e4\u00dfig geliefert wird, ist auf Anfrage ein Polyesterfilter erh\u00e4ltlich, der widerstandsf\u00e4higer und waschbar ist.<\/p>\n<p>Die CF-Filter bieten dank des Zykloneffekts eine hohe Filterkapazit\u00e4t. Das Vakuumbrecherventil auf dem Filter sorgt f\u00fcr eine pl\u00f6tzliche Ver\u00e4nderung des Innendrucks, wodurch der Staub von der Kartusche herunterf\u00e4llt und sie sauber bleibt.<\/p>","protected":false},"featured_media":13048,"template":"","tags":[108],"acf":[],"yoast_head":"<title>CF - PiovanGroup<\/title>\n<meta name=\"robots\" content=\"index, follow, max-snippet:-1, max-image-preview:large, max-video-preview:-1\" \/>\n<link rel=\"canonical\" href=\"https:\/\/www.piovan.com\/de\/product\/cf\/\" \/>\n<meta property=\"og:locale\" content=\"de_DE\" \/>\n<meta property=\"og:type\" content=\"article\" \/>\n<meta property=\"og:title\" content=\"CF - PiovanGroup\" \/>\n<meta property=\"og:description\" content=\"Filters are critical to assure process continuity specially for dust materials. Nevertheless they need to be periodically cleaned. Beside the traditional paper cartridge filter provided a standard, a polyester cartridge filter, more resistant and washable, is available on request. The CF filters provide an high filtering capacity thanks to the cyclonic effect and to the filtering cartridge. The vacuum breaker valve on the filter provide a sudden variation of the internal pressure that makes the dust falling down from the [&hellip;]\" \/>\n<meta property=\"og:url\" content=\"https:\/\/www.piovan.com\/de\/product\/cf\/\" \/>\n<meta property=\"og:site_name\" content=\"PiovanGroup\" \/>\n<meta property=\"article:modified_time\" content=\"2024-10-30T08:41:47+00:00\" \/>\n<meta property=\"og:image\" content=\"https:\/\/www.piovan.com\/wp-content\/uploads\/CF_1200x1560px-copia.png\" \/>\n\t<meta property=\"og:image:width\" content=\"1200\" \/>\n\t<meta property=\"og:image:height\" content=\"1560\" \/>\n\t<meta property=\"og:image:type\" content=\"image\/png\" \/>\n<meta name=\"twitter:card\" content=\"summary_large_image\" \/>\n<script type=\"application\/ld+json\" class=\"yoast-schema-graph\">{\"@context\":\"https:\/\/schema.org\",\"@graph\":[{\"@type\":\"WebPage\",\"@id\":\"https:\/\/www.piovan.com\/product\/cf\/\",\"url\":\"https:\/\/www.piovan.com\/product\/cf\/\",\"name\":\"CF - PiovanGroup\",\"isPartOf\":{\"@id\":\"https:\/\/www.piovan.com\/#website\"},\"datePublished\":\"2021-11-10T09:52:42+00:00\",\"dateModified\":\"2024-10-30T08:41:47+00:00\",\"breadcrumb\":{\"@id\":\"https:\/\/www.piovan.com\/product\/cf\/#breadcrumb\"},\"inLanguage\":\"de-DE\",\"potentialAction\":[{\"@type\":\"ReadAction\",\"target\":[\"https:\/\/www.piovan.com\/product\/cf\/\"]}]},{\"@type\":\"BreadcrumbList\",\"@id\":\"https:\/\/www.piovan.com\/product\/cf\/#breadcrumb\",\"itemListElement\":[{\"@type\":\"ListItem\",\"position\":1,\"name\":\"Home\",\"item\":\"https:\/\/www.piovan.com\/\"},{\"@type\":\"ListItem\",\"position\":2,\"name\":\"Plastic\",\"item\":\"https:\/\/www.piovan.com\/de\/products\/kunststoff\/\"},{\"@type\":\"ListItem\",\"position\":3,\"name\":\"Feeding &amp; Conveying\",\"item\":\"https:\/\/www.piovan.com\/de\/products\/kunststoff\/versorgung-und-transport\/\"},{\"@type\":\"ListItem\",\"position\":4,\"name\":\"CF\"}]},{\"@type\":\"WebSite\",\"@id\":\"https:\/\/www.piovan.com\/#website\",\"url\":\"https:\/\/www.piovan.com\/\",\"name\":\"PiovanGroup\",\"description\":\"\",\"publisher\":{\"@id\":\"https:\/\/www.piovan.com\/#organization\"},\"potentialAction\":[{\"@type\":\"SearchAction\",\"target\":{\"@type\":\"EntryPoint\",\"urlTemplate\":\"https:\/\/www.piovan.com\/?s={search_term_string}\"},\"query-input\":\"required name=search_term_string\"}],\"inLanguage\":\"de-DE\"},{\"@type\":\"Organization\",\"@id\":\"https:\/\/www.piovan.com\/#organization\",\"name\":\"PiovanGroup\",\"url\":\"https:\/\/www.piovan.com\/\",\"logo\":{\"@type\":\"ImageObject\",\"inLanguage\":\"de-DE\",\"@id\":\"https:\/\/www.piovan.com\/#\/schema\/logo\/image\/\",\"url\":\"https:\/\/www.piovan.com\/wp-content\/uploads\/2021\/06\/logo@2x.png\",\"contentUrl\":\"https:\/\/www.piovan.com\/wp-content\/uploads\/2021\/06\/logo@2x.png\",\"width\":489,\"height\":78,\"caption\":\"PiovanGroup\"},\"image\":{\"@id\":\"https:\/\/www.piovan.com\/#\/schema\/logo\/image\/\"}}]}<\/script>","yoast_head_json":{"title":"CF - PiovanGroup","robots":{"index":"index","follow":"follow","max-snippet":"max-snippet:-1","max-image-preview":"max-image-preview:large","max-video-preview":"max-video-preview:-1"},"canonical":"https:\/\/www.piovan.com\/de\/product\/cf\/","og_locale":"de_DE","og_type":"article","og_title":"CF - PiovanGroup","og_description":"Filters are critical to assure process continuity specially for dust materials. Nevertheless they need to be periodically cleaned. Beside the traditional paper cartridge filter provided a standard, a polyester cartridge filter, more resistant and washable, is available on request. The CF filters provide an high filtering capacity thanks to the cyclonic effect and to the filtering cartridge. The vacuum breaker valve on the filter provide a sudden variation of the internal pressure that makes the dust falling down from the [&hellip;]","og_url":"https:\/\/www.piovan.com\/de\/product\/cf\/","og_site_name":"PiovanGroup","article_modified_time":"2024-10-30T08:41:47+00:00","og_image":[{"width":1200,"height":1560,"url":"https:\/\/www.piovan.com\/wp-content\/uploads\/CF_1200x1560px-copia.png","type":"image\/png"}],"twitter_card":"summary_large_image","schema":{"@context":"https:\/\/schema.org","@graph":[{"@type":"WebPage","@id":"https:\/\/www.piovan.com\/product\/cf\/","url":"https:\/\/www.piovan.com\/product\/cf\/","name":"CF - PiovanGroup","isPartOf":{"@id":"https:\/\/www.piovan.com\/#website"},"datePublished":"2021-11-10T09:52:42+00:00","dateModified":"2024-10-30T08:41:47+00:00","breadcrumb":{"@id":"https:\/\/www.piovan.com\/product\/cf\/#breadcrumb"},"inLanguage":"de-DE","potentialAction":[{"@type":"ReadAction","target":["https:\/\/www.piovan.com\/product\/cf\/"]}]},{"@type":"BreadcrumbList","@id":"https:\/\/www.piovan.com\/product\/cf\/#breadcrumb","itemListElement":[{"@type":"ListItem","position":1,"name":"Home","item":"https:\/\/www.piovan.com\/"},{"@type":"ListItem","position":2,"name":"Plastic","item":"https:\/\/www.piovan.com\/de\/products\/kunststoff\/"},{"@type":"ListItem","position":3,"name":"Feeding &amp; Conveying","item":"https:\/\/www.piovan.com\/de\/products\/kunststoff\/versorgung-und-transport\/"},{"@type":"ListItem","position":4,"name":"CF"}]},{"@type":"WebSite","@id":"https:\/\/www.piovan.com\/#website","url":"https:\/\/www.piovan.com\/","name":"PiovanGroup","description":"","publisher":{"@id":"https:\/\/www.piovan.com\/#organization"},"potentialAction":[{"@type":"SearchAction","target":{"@type":"EntryPoint","urlTemplate":"https:\/\/www.piovan.com\/?s={search_term_string}"},"query-input":"required name=search_term_string"}],"inLanguage":"de-DE"},{"@type":"Organization","@id":"https:\/\/www.piovan.com\/#organization","name":"PiovanGroup","url":"https:\/\/www.piovan.com\/","logo":{"@type":"ImageObject","inLanguage":"de-DE","@id":"https:\/\/www.piovan.com\/#\/schema\/logo\/image\/","url":"https:\/\/www.piovan.com\/wp-content\/uploads\/2021\/06\/logo@2x.png","contentUrl":"https:\/\/www.piovan.com\/wp-content\/uploads\/2021\/06\/logo@2x.png","width":489,"height":78,"caption":"PiovanGroup"},"image":{"@id":"https:\/\/www.piovan.com\/#\/schema\/logo\/image\/"}}]}},"_links":{"self":[{"href":"https:\/\/www.piovan.com\/de\/wp-json\/wp\/v2\/product\/4957"}],"collection":[{"href":"https:\/\/www.piovan.com\/de\/wp-json\/wp\/v2\/product"}],"about":[{"href":"https:\/\/www.piovan.com\/de\/wp-json\/wp\/v2\/types\/product"}],"version-history":[{"count":3,"href":"https:\/\/www.piovan.com\/de\/wp-json\/wp\/v2\/product\/4957\/revisions"}],"predecessor-version":[{"id":13706,"href":"https:\/\/www.piovan.com\/de\/wp-json\/wp\/v2\/product\/4957\/revisions\/13706"}],"wp:featuredmedia":[{"embeddable":true,"href":"https:\/\/www.piovan.com\/de\/wp-json\/wp\/v2\/media\/13048"}],"wp:attachment":[{"href":"https:\/\/www.piovan.com\/de\/wp-json\/wp\/v2\/media?parent=4957"}],"wp:term":[{"taxonomy":"post_tag","embeddable":true,"href":"https:\/\/www.piovan.com\/de\/wp-json\/wp\/v2\/tags?post=4957"}],"curies":[{"name":"wp","href":"https:\/\/api.w.org\/{rel}","templated":true}]}}