{"id":4949,"date":"2021-11-10T10:21:56","date_gmt":"2021-11-10T09:21:56","guid":{"rendered":"https:\/\/www.piovan.com\/?post_type=product&#038;p=4949"},"modified":"2024-03-22T12:23:10","modified_gmt":"2024-03-22T11:23:10","slug":"cdf","status":"publish","type":"product","link":"https:\/\/www.piovan.com\/de\/product\/cdf\/","title":{"rendered":"CDF"},"content":{"rendered":"<p>CDF is Piovan\u2019s solution for removing low-boiling contaminants from the process air, released during the drying process of post consumer products like rPET or flakes.<\/p>\n<p>Metallische Filter entfernen Staubpartikel vor der Kondensationsphase. Die K\u00fchlbatterien entfernen dann die niedrig siedenden \u00d6le, die in einen leicht zu entfernenden Auffangbeh\u00e4lter fallen<\/p>\n<p>CDF kann mit einem Wassermodulationsventil\nausgestattet werden, das eine Feinabstimmung des Wasserverbrauchs je nach den tats\u00e4chlichen Anforderungen erm\u00f6glicht.<\/p>","protected":false},"featured_media":5279,"template":"","tags":[108],"acf":[],"yoast_head":"<title>CDF - PiovanGroup<\/title>\n<meta name=\"robots\" content=\"index, follow, max-snippet:-1, max-image-preview:large, max-video-preview:-1\" \/>\n<link rel=\"canonical\" href=\"https:\/\/www.piovan.com\/de\/product\/cdf\/\" \/>\n<meta property=\"og:locale\" content=\"de_DE\" \/>\n<meta property=\"og:type\" content=\"article\" \/>\n<meta property=\"og:title\" content=\"CDF - PiovanGroup\" \/>\n<meta property=\"og:description\" content=\"CDF is Piovan\u2019s solution for removing low-boiling contaminants from the process air, released during the drying process of post consumer products like rPET or flakes. Metallic filters remove dust particles before the condensing phase. The cooling batteries then remove the low-boiling oils which drop into collecting tank easy removable. CDF can be equipped with a water modulating valve for a fine tuning of water consumption, according to actual requirements.\" \/>\n<meta property=\"og:url\" content=\"https:\/\/www.piovan.com\/de\/product\/cdf\/\" \/>\n<meta property=\"og:site_name\" content=\"PiovanGroup\" \/>\n<meta property=\"article:modified_time\" content=\"2024-03-22T11:23:10+00:00\" \/>\n<meta property=\"og:image\" content=\"https:\/\/www.piovan.com\/wp-content\/uploads\/Product_1200x1560px__0003_CDF.png\" \/>\n\t<meta property=\"og:image:width\" content=\"1200\" \/>\n\t<meta property=\"og:image:height\" content=\"1560\" \/>\n\t<meta property=\"og:image:type\" content=\"image\/png\" \/>\n<meta name=\"twitter:card\" content=\"summary_large_image\" \/>\n<script type=\"application\/ld+json\" class=\"yoast-schema-graph\">{\"@context\":\"https:\/\/schema.org\",\"@graph\":[{\"@type\":\"WebPage\",\"@id\":\"https:\/\/www.piovan.com\/product\/cdf\/\",\"url\":\"https:\/\/www.piovan.com\/product\/cdf\/\",\"name\":\"CDF - PiovanGroup\",\"isPartOf\":{\"@id\":\"https:\/\/www.piovan.com\/#website\"},\"datePublished\":\"2021-11-10T09:21:56+00:00\",\"dateModified\":\"2024-03-22T11:23:10+00:00\",\"breadcrumb\":{\"@id\":\"https:\/\/www.piovan.com\/product\/cdf\/#breadcrumb\"},\"inLanguage\":\"de-DE\",\"potentialAction\":[{\"@type\":\"ReadAction\",\"target\":[\"https:\/\/www.piovan.com\/product\/cdf\/\"]}]},{\"@type\":\"BreadcrumbList\",\"@id\":\"https:\/\/www.piovan.com\/product\/cdf\/#breadcrumb\",\"itemListElement\":[{\"@type\":\"ListItem\",\"position\":1,\"name\":\"Home\",\"item\":\"https:\/\/www.piovan.com\/\"},{\"@type\":\"ListItem\",\"position\":2,\"name\":\"Plastic\",\"item\":\"https:\/\/www.piovan.com\/de\/products\/kunststoff\/\"},{\"@type\":\"ListItem\",\"position\":3,\"name\":\"Drying &amp; Dehumidifying\",\"item\":\"https:\/\/www.piovan.com\/de\/products\/kunststoff\/trockung-und-entfeuchtung\/\"},{\"@type\":\"ListItem\",\"position\":4,\"name\":\"CDF\"}]},{\"@type\":\"WebSite\",\"@id\":\"https:\/\/www.piovan.com\/#website\",\"url\":\"https:\/\/www.piovan.com\/\",\"name\":\"PiovanGroup\",\"description\":\"\",\"publisher\":{\"@id\":\"https:\/\/www.piovan.com\/#organization\"},\"potentialAction\":[{\"@type\":\"SearchAction\",\"target\":{\"@type\":\"EntryPoint\",\"urlTemplate\":\"https:\/\/www.piovan.com\/?s={search_term_string}\"},\"query-input\":\"required name=search_term_string\"}],\"inLanguage\":\"de-DE\"},{\"@type\":\"Organization\",\"@id\":\"https:\/\/www.piovan.com\/#organization\",\"name\":\"PiovanGroup\",\"url\":\"https:\/\/www.piovan.com\/\",\"logo\":{\"@type\":\"ImageObject\",\"inLanguage\":\"de-DE\",\"@id\":\"https:\/\/www.piovan.com\/#\/schema\/logo\/image\/\",\"url\":\"https:\/\/www.piovan.com\/wp-content\/uploads\/2021\/06\/logo@2x.png\",\"contentUrl\":\"https:\/\/www.piovan.com\/wp-content\/uploads\/2021\/06\/logo@2x.png\",\"width\":489,\"height\":78,\"caption\":\"PiovanGroup\"},\"image\":{\"@id\":\"https:\/\/www.piovan.com\/#\/schema\/logo\/image\/\"}}]}<\/script>","yoast_head_json":{"title":"CDF - PiovanGroup","robots":{"index":"index","follow":"follow","max-snippet":"max-snippet:-1","max-image-preview":"max-image-preview:large","max-video-preview":"max-video-preview:-1"},"canonical":"https:\/\/www.piovan.com\/de\/product\/cdf\/","og_locale":"de_DE","og_type":"article","og_title":"CDF - PiovanGroup","og_description":"CDF is Piovan\u2019s solution for removing low-boiling contaminants from the process air, released during the drying process of post consumer products like rPET or flakes. Metallic filters remove dust particles before the condensing phase. The cooling batteries then remove the low-boiling oils which drop into collecting tank easy removable. CDF can be equipped with a water modulating valve for a fine tuning of water consumption, according to actual requirements.","og_url":"https:\/\/www.piovan.com\/de\/product\/cdf\/","og_site_name":"PiovanGroup","article_modified_time":"2024-03-22T11:23:10+00:00","og_image":[{"width":1200,"height":1560,"url":"https:\/\/www.piovan.com\/wp-content\/uploads\/Product_1200x1560px__0003_CDF.png","type":"image\/png"}],"twitter_card":"summary_large_image","schema":{"@context":"https:\/\/schema.org","@graph":[{"@type":"WebPage","@id":"https:\/\/www.piovan.com\/product\/cdf\/","url":"https:\/\/www.piovan.com\/product\/cdf\/","name":"CDF - PiovanGroup","isPartOf":{"@id":"https:\/\/www.piovan.com\/#website"},"datePublished":"2021-11-10T09:21:56+00:00","dateModified":"2024-03-22T11:23:10+00:00","breadcrumb":{"@id":"https:\/\/www.piovan.com\/product\/cdf\/#breadcrumb"},"inLanguage":"de-DE","potentialAction":[{"@type":"ReadAction","target":["https:\/\/www.piovan.com\/product\/cdf\/"]}]},{"@type":"BreadcrumbList","@id":"https:\/\/www.piovan.com\/product\/cdf\/#breadcrumb","itemListElement":[{"@type":"ListItem","position":1,"name":"Home","item":"https:\/\/www.piovan.com\/"},{"@type":"ListItem","position":2,"name":"Plastic","item":"https:\/\/www.piovan.com\/de\/products\/kunststoff\/"},{"@type":"ListItem","position":3,"name":"Drying &amp; Dehumidifying","item":"https:\/\/www.piovan.com\/de\/products\/kunststoff\/trockung-und-entfeuchtung\/"},{"@type":"ListItem","position":4,"name":"CDF"}]},{"@type":"WebSite","@id":"https:\/\/www.piovan.com\/#website","url":"https:\/\/www.piovan.com\/","name":"PiovanGroup","description":"","publisher":{"@id":"https:\/\/www.piovan.com\/#organization"},"potentialAction":[{"@type":"SearchAction","target":{"@type":"EntryPoint","urlTemplate":"https:\/\/www.piovan.com\/?s={search_term_string}"},"query-input":"required name=search_term_string"}],"inLanguage":"de-DE"},{"@type":"Organization","@id":"https:\/\/www.piovan.com\/#organization","name":"PiovanGroup","url":"https:\/\/www.piovan.com\/","logo":{"@type":"ImageObject","inLanguage":"de-DE","@id":"https:\/\/www.piovan.com\/#\/schema\/logo\/image\/","url":"https:\/\/www.piovan.com\/wp-content\/uploads\/2021\/06\/logo@2x.png","contentUrl":"https:\/\/www.piovan.com\/wp-content\/uploads\/2021\/06\/logo@2x.png","width":489,"height":78,"caption":"PiovanGroup"},"image":{"@id":"https:\/\/www.piovan.com\/#\/schema\/logo\/image\/"}}]}},"_links":{"self":[{"href":"https:\/\/www.piovan.com\/de\/wp-json\/wp\/v2\/product\/4949"}],"collection":[{"href":"https:\/\/www.piovan.com\/de\/wp-json\/wp\/v2\/product"}],"about":[{"href":"https:\/\/www.piovan.com\/de\/wp-json\/wp\/v2\/types\/product"}],"version-history":[{"count":1,"href":"https:\/\/www.piovan.com\/de\/wp-json\/wp\/v2\/product\/4949\/revisions"}],"predecessor-version":[{"id":11819,"href":"https:\/\/www.piovan.com\/de\/wp-json\/wp\/v2\/product\/4949\/revisions\/11819"}],"wp:featuredmedia":[{"embeddable":true,"href":"https:\/\/www.piovan.com\/de\/wp-json\/wp\/v2\/media\/5279"}],"wp:attachment":[{"href":"https:\/\/www.piovan.com\/de\/wp-json\/wp\/v2\/media?parent=4949"}],"wp:term":[{"taxonomy":"post_tag","embeddable":true,"href":"https:\/\/www.piovan.com\/de\/wp-json\/wp\/v2\/tags?post=4949"}],"curies":[{"name":"wp","href":"https:\/\/api.w.org\/{rel}","templated":true}]}}