{"id":4940,"date":"2021-11-10T10:01:01","date_gmt":"2021-11-10T09:01:01","guid":{"rendered":"https:\/\/www.piovan.com\/?post_type=product&#038;p=4940"},"modified":"2024-10-30T10:16:52","modified_gmt":"2024-10-30T09:16:52","slug":"tn","status":"publish","type":"product","link":"https:\/\/www.piovan.com\/de\/product\/tn\/","title":{"rendered":"TN"},"content":{"rendered":"<p>Die Palette der Trocknungstrichter umfasst verschiedene Gr\u00f6\u00dfen f\u00fcr die Produktion von wenigen Kilogramm bis zu Tausenden von Kilos.<\/p>\n<p>Isolierte Trocknungstrichter zeichnen sich durch ein optimales Verh\u00e4ltnis wischen H\u00f6he und Durchmesser f\u00fcr einen guten W\u00e4rmeaustausch aus. Vollst\u00e4ndige thermische Isolierung\nvon Kegeln, Zylindern und Inspektionst\u00fcren.<\/p>\n<p>Die Trichter sind aus Edelstahl gefertigt, um das verarbeitete Material bestm\u00f6glich zu sch\u00fctzen. Dank der Inspektionst\u00fcr sind alle Teile leicht zug\u00e4nglich.<\/p>\n<p>Au\u00dfenverkleidung aus gepr\u00e4gtem, eloxiertem Aluminium f\u00fcr maximale Robustheit.<\/p>\n<p>Auf Anfrage ist eine gro\u00dfe Auswahl an thermisch isolierten Saugk\u00e4sten erh\u00e4ltlich.<br \/>\nSchiebet\u00fcr serienm\u00e4\u00dfig vorhanden.<\/p>","protected":false},"featured_media":5374,"template":"","tags":[108],"acf":[],"yoast_head":"<title>TN - PiovanGroup<\/title>\n<meta name=\"robots\" content=\"index, follow, max-snippet:-1, max-image-preview:large, max-video-preview:-1\" \/>\n<link rel=\"canonical\" href=\"https:\/\/www.piovan.com\/de\/product\/tn\/\" \/>\n<meta property=\"og:locale\" content=\"de_DE\" \/>\n<meta property=\"og:type\" content=\"article\" \/>\n<meta property=\"og:title\" content=\"TN - PiovanGroup\" \/>\n<meta property=\"og:description\" content=\"The range of drying hoppers includes different sizes for production from few kilograms up to thousands of kilos. Insulated drying hoppers characterised by optimum ratio between height and diameter for proper heat exchange. Full thermal insulation of cones, cylinders, inspection doors. Made in stainless steel for preserving at best the processed material, TN hoppers are easily accessible to all parts, thanks to the inspection door. External cover in embossed anodized aluminium for maximum robustness. Available on request a wide range [&hellip;]\" \/>\n<meta property=\"og:url\" content=\"https:\/\/www.piovan.com\/de\/product\/tn\/\" \/>\n<meta property=\"og:site_name\" content=\"PiovanGroup\" \/>\n<meta property=\"article:modified_time\" content=\"2024-10-30T09:16:52+00:00\" \/>\n<meta property=\"og:image\" content=\"https:\/\/www.piovan.com\/wp-content\/uploads\/Product_1200x1560px__0010_TN.png\" \/>\n\t<meta property=\"og:image:width\" content=\"1200\" \/>\n\t<meta property=\"og:image:height\" content=\"1560\" \/>\n\t<meta property=\"og:image:type\" content=\"image\/png\" \/>\n<meta name=\"twitter:card\" content=\"summary_large_image\" \/>\n<script type=\"application\/ld+json\" class=\"yoast-schema-graph\">{\"@context\":\"https:\/\/schema.org\",\"@graph\":[{\"@type\":\"WebPage\",\"@id\":\"https:\/\/www.piovan.com\/product\/tn\/\",\"url\":\"https:\/\/www.piovan.com\/product\/tn\/\",\"name\":\"TN - PiovanGroup\",\"isPartOf\":{\"@id\":\"https:\/\/www.piovan.com\/#website\"},\"datePublished\":\"2021-11-10T09:01:01+00:00\",\"dateModified\":\"2024-10-30T09:16:52+00:00\",\"breadcrumb\":{\"@id\":\"https:\/\/www.piovan.com\/product\/tn\/#breadcrumb\"},\"inLanguage\":\"de-DE\",\"potentialAction\":[{\"@type\":\"ReadAction\",\"target\":[\"https:\/\/www.piovan.com\/product\/tn\/\"]}]},{\"@type\":\"BreadcrumbList\",\"@id\":\"https:\/\/www.piovan.com\/product\/tn\/#breadcrumb\",\"itemListElement\":[{\"@type\":\"ListItem\",\"position\":1,\"name\":\"Home\",\"item\":\"https:\/\/www.piovan.com\/\"},{\"@type\":\"ListItem\",\"position\":2,\"name\":\"Plastic\",\"item\":\"https:\/\/www.piovan.com\/de\/products\/kunststoff\/\"},{\"@type\":\"ListItem\",\"position\":3,\"name\":\"Drying &amp; Dehumidifying\",\"item\":\"https:\/\/www.piovan.com\/de\/products\/kunststoff\/trockung-und-entfeuchtung\/\"},{\"@type\":\"ListItem\",\"position\":4,\"name\":\"TN\"}]},{\"@type\":\"WebSite\",\"@id\":\"https:\/\/www.piovan.com\/#website\",\"url\":\"https:\/\/www.piovan.com\/\",\"name\":\"PiovanGroup\",\"description\":\"\",\"publisher\":{\"@id\":\"https:\/\/www.piovan.com\/#organization\"},\"potentialAction\":[{\"@type\":\"SearchAction\",\"target\":{\"@type\":\"EntryPoint\",\"urlTemplate\":\"https:\/\/www.piovan.com\/?s={search_term_string}\"},\"query-input\":\"required name=search_term_string\"}],\"inLanguage\":\"de-DE\"},{\"@type\":\"Organization\",\"@id\":\"https:\/\/www.piovan.com\/#organization\",\"name\":\"PiovanGroup\",\"url\":\"https:\/\/www.piovan.com\/\",\"logo\":{\"@type\":\"ImageObject\",\"inLanguage\":\"de-DE\",\"@id\":\"https:\/\/www.piovan.com\/#\/schema\/logo\/image\/\",\"url\":\"https:\/\/www.piovan.com\/wp-content\/uploads\/2021\/06\/logo@2x.png\",\"contentUrl\":\"https:\/\/www.piovan.com\/wp-content\/uploads\/2021\/06\/logo@2x.png\",\"width\":489,\"height\":78,\"caption\":\"PiovanGroup\"},\"image\":{\"@id\":\"https:\/\/www.piovan.com\/#\/schema\/logo\/image\/\"}}]}<\/script>","yoast_head_json":{"title":"TN - PiovanGroup","robots":{"index":"index","follow":"follow","max-snippet":"max-snippet:-1","max-image-preview":"max-image-preview:large","max-video-preview":"max-video-preview:-1"},"canonical":"https:\/\/www.piovan.com\/de\/product\/tn\/","og_locale":"de_DE","og_type":"article","og_title":"TN - PiovanGroup","og_description":"The range of drying hoppers includes different sizes for production from few kilograms up to thousands of kilos. Insulated drying hoppers characterised by optimum ratio between height and diameter for proper heat exchange. Full thermal insulation of cones, cylinders, inspection doors. Made in stainless steel for preserving at best the processed material, TN hoppers are easily accessible to all parts, thanks to the inspection door. External cover in embossed anodized aluminium for maximum robustness. Available on request a wide range [&hellip;]","og_url":"https:\/\/www.piovan.com\/de\/product\/tn\/","og_site_name":"PiovanGroup","article_modified_time":"2024-10-30T09:16:52+00:00","og_image":[{"width":1200,"height":1560,"url":"https:\/\/www.piovan.com\/wp-content\/uploads\/Product_1200x1560px__0010_TN.png","type":"image\/png"}],"twitter_card":"summary_large_image","schema":{"@context":"https:\/\/schema.org","@graph":[{"@type":"WebPage","@id":"https:\/\/www.piovan.com\/product\/tn\/","url":"https:\/\/www.piovan.com\/product\/tn\/","name":"TN - PiovanGroup","isPartOf":{"@id":"https:\/\/www.piovan.com\/#website"},"datePublished":"2021-11-10T09:01:01+00:00","dateModified":"2024-10-30T09:16:52+00:00","breadcrumb":{"@id":"https:\/\/www.piovan.com\/product\/tn\/#breadcrumb"},"inLanguage":"de-DE","potentialAction":[{"@type":"ReadAction","target":["https:\/\/www.piovan.com\/product\/tn\/"]}]},{"@type":"BreadcrumbList","@id":"https:\/\/www.piovan.com\/product\/tn\/#breadcrumb","itemListElement":[{"@type":"ListItem","position":1,"name":"Home","item":"https:\/\/www.piovan.com\/"},{"@type":"ListItem","position":2,"name":"Plastic","item":"https:\/\/www.piovan.com\/de\/products\/kunststoff\/"},{"@type":"ListItem","position":3,"name":"Drying &amp; Dehumidifying","item":"https:\/\/www.piovan.com\/de\/products\/kunststoff\/trockung-und-entfeuchtung\/"},{"@type":"ListItem","position":4,"name":"TN"}]},{"@type":"WebSite","@id":"https:\/\/www.piovan.com\/#website","url":"https:\/\/www.piovan.com\/","name":"PiovanGroup","description":"","publisher":{"@id":"https:\/\/www.piovan.com\/#organization"},"potentialAction":[{"@type":"SearchAction","target":{"@type":"EntryPoint","urlTemplate":"https:\/\/www.piovan.com\/?s={search_term_string}"},"query-input":"required name=search_term_string"}],"inLanguage":"de-DE"},{"@type":"Organization","@id":"https:\/\/www.piovan.com\/#organization","name":"PiovanGroup","url":"https:\/\/www.piovan.com\/","logo":{"@type":"ImageObject","inLanguage":"de-DE","@id":"https:\/\/www.piovan.com\/#\/schema\/logo\/image\/","url":"https:\/\/www.piovan.com\/wp-content\/uploads\/2021\/06\/logo@2x.png","contentUrl":"https:\/\/www.piovan.com\/wp-content\/uploads\/2021\/06\/logo@2x.png","width":489,"height":78,"caption":"PiovanGroup"},"image":{"@id":"https:\/\/www.piovan.com\/#\/schema\/logo\/image\/"}}]}},"_links":{"self":[{"href":"https:\/\/www.piovan.com\/de\/wp-json\/wp\/v2\/product\/4940"}],"collection":[{"href":"https:\/\/www.piovan.com\/de\/wp-json\/wp\/v2\/product"}],"about":[{"href":"https:\/\/www.piovan.com\/de\/wp-json\/wp\/v2\/types\/product"}],"version-history":[{"count":3,"href":"https:\/\/www.piovan.com\/de\/wp-json\/wp\/v2\/product\/4940\/revisions"}],"predecessor-version":[{"id":13714,"href":"https:\/\/www.piovan.com\/de\/wp-json\/wp\/v2\/product\/4940\/revisions\/13714"}],"wp:featuredmedia":[{"embeddable":true,"href":"https:\/\/www.piovan.com\/de\/wp-json\/wp\/v2\/media\/5374"}],"wp:attachment":[{"href":"https:\/\/www.piovan.com\/de\/wp-json\/wp\/v2\/media?parent=4940"}],"wp:term":[{"taxonomy":"post_tag","embeddable":true,"href":"https:\/\/www.piovan.com\/de\/wp-json\/wp\/v2\/tags?post=4940"}],"curies":[{"name":"wp","href":"https:\/\/api.w.org\/{rel}","templated":true}]}}