{"id":4922,"date":"2021-11-09T14:50:01","date_gmt":"2021-11-09T13:50:01","guid":{"rendered":"https:\/\/www.piovan.com\/?post_type=product&#038;p=4922"},"modified":"2025-01-09T16:17:47","modified_gmt":"2025-01-09T15:17:47","slug":"rpa","status":"publish","type":"product","link":"https:\/\/www.piovan.com\/de\/product\/rpa\/","title":{"rendered":"RPA"},"content":{"rendered":"<p>Piovan Werkzeugtrockner sind ideal,\num Kondensation im Spritzgie\u00dfwerkzeugbereich\nzu verhindern. Sie k\u00f6nnen im offenen oder geschlossenen Kreislauf und f\u00fcr einzelne oder mehrere Maschinen betrieben werden.<br \/>\nEin konstanter Taupunkt wird durch die PID-Regelung gew\u00e4hrleistet. Sie sind f\u00fcr eine schnelle Inbetriebnahme ausgelegt und m\u00fcssen nicht vom Bedienpersonal eingestellt werden.<\/p>\n<p>Sie sind ideal f\u00fcr:<br \/>\n\u2022 Spritzgie\u00dfwerkzeug-Geh\u00e4use von Schnellzyklus-SGM<br \/>\n\u2022 Spritzgie\u00dfwerkzeug-Geh\u00e4use von Blasformmaschinen<br \/>\n\u2022 Spritzgie\u00dfwerkzeug-Geh\u00e4use und Roboterbereich von PET-SGM.<\/p>\n<p>Die Trocknung wird durch die Kombination\nvon zwei Schritten erzielt:<br \/>\n\u2022 Vorkondensationsphase, in der das K\u00fchlwasser verwendet wird, um den Feuchtigkeitsgehalt zu reduzieren.<br \/>\n\u2022 Der Taupunkt der Prozessluft wird dank des internen Trockenmittel-Rads verbessert.<\/p>\n<p>Die Temperatur der Luft, die in das Geh\u00e4use gelangt, kann dank eines Nachk\u00fchlers weiter angepasst werden.<br \/>\nDer K\u00fchlwasserverbrauch wird durch ein automatisches Regelventil minimiert.<\/p>","protected":false},"featured_media":13410,"template":"","tags":[108],"acf":[],"yoast_head":"<title>RPA - Piovan Gruppe<\/title>\n<meta name=\"robots\" content=\"index, follow, max-snippet:-1, max-image-preview:large, max-video-preview:-1\" \/>\n<link rel=\"canonical\" href=\"https:\/\/www.piovan.com\/de\/product\/rpa\/\" \/>\n<meta property=\"og:locale\" content=\"de_DE\" \/>\n<meta property=\"og:type\" content=\"article\" \/>\n<meta property=\"og:title\" content=\"RPA - PiovanGroup\" \/>\n<meta property=\"og:description\" content=\"Piovan Mould Dryers is ideal to prevent condensation in the mould area. They can operate in open or closed loop and for single or multiple machines. Consistent dew point is assured by the PID control. Designed for fast start-up, do not need settings by operators. They are ideally suited for: \u2022 Mould enclosures of fast-cycle IMM\u2019s \u2022 Mould enclosures of blow moulding machines \u2022 Mould enclosures and robot area of PET IMM\u2019s. The drying action is obtained with the combination [&hellip;]\" \/>\n<meta property=\"og:url\" content=\"https:\/\/www.piovan.com\/de\/product\/rpa\/\" \/>\n<meta property=\"og:site_name\" content=\"PiovanGroup\" \/>\n<meta property=\"article:modified_time\" content=\"2025-01-09T15:17:47+00:00\" \/>\n<meta property=\"og:image\" content=\"https:\/\/www.piovan.com\/wp-content\/uploads\/RPA-1800-739x1024.png\" \/>\n\t<meta property=\"og:image:width\" content=\"739\" \/>\n\t<meta property=\"og:image:height\" content=\"1024\" \/>\n\t<meta property=\"og:image:type\" content=\"image\/png\" \/>\n<meta name=\"twitter:card\" content=\"summary_large_image\" \/>\n<script type=\"application\/ld+json\" class=\"yoast-schema-graph\">{\"@context\":\"https:\/\/schema.org\",\"@graph\":[{\"@type\":\"WebPage\",\"@id\":\"https:\/\/www.piovan.com\/product\/rpa\/\",\"url\":\"https:\/\/www.piovan.com\/product\/rpa\/\",\"name\":\"RPA - PiovanGroup\",\"isPartOf\":{\"@id\":\"https:\/\/www.piovan.com\/#website\"},\"datePublished\":\"2021-11-09T13:50:01+00:00\",\"dateModified\":\"2025-01-09T15:17:47+00:00\",\"breadcrumb\":{\"@id\":\"https:\/\/www.piovan.com\/product\/rpa\/#breadcrumb\"},\"inLanguage\":\"de-DE\",\"potentialAction\":[{\"@type\":\"ReadAction\",\"target\":[\"https:\/\/www.piovan.com\/product\/rpa\/\"]}]},{\"@type\":\"BreadcrumbList\",\"@id\":\"https:\/\/www.piovan.com\/product\/rpa\/#breadcrumb\",\"itemListElement\":[{\"@type\":\"ListItem\",\"position\":1,\"name\":\"Home\",\"item\":\"https:\/\/www.piovan.com\/\"},{\"@type\":\"ListItem\",\"position\":2,\"name\":\"Plastic\",\"item\":\"https:\/\/www.piovan.com\/de\/products\/kunststoff\/\"},{\"@type\":\"ListItem\",\"position\":3,\"name\":\"Drying &amp; Dehumidifying\",\"item\":\"https:\/\/www.piovan.com\/de\/products\/kunststoff\/trockung-und-entfeuchtung\/\"},{\"@type\":\"ListItem\",\"position\":4,\"name\":\"RPA\"}]},{\"@type\":\"WebSite\",\"@id\":\"https:\/\/www.piovan.com\/#website\",\"url\":\"https:\/\/www.piovan.com\/\",\"name\":\"PiovanGroup\",\"description\":\"\",\"publisher\":{\"@id\":\"https:\/\/www.piovan.com\/#organization\"},\"potentialAction\":[{\"@type\":\"SearchAction\",\"target\":{\"@type\":\"EntryPoint\",\"urlTemplate\":\"https:\/\/www.piovan.com\/?s={search_term_string}\"},\"query-input\":\"required name=search_term_string\"}],\"inLanguage\":\"de-DE\"},{\"@type\":\"Organization\",\"@id\":\"https:\/\/www.piovan.com\/#organization\",\"name\":\"PiovanGroup\",\"url\":\"https:\/\/www.piovan.com\/\",\"logo\":{\"@type\":\"ImageObject\",\"inLanguage\":\"de-DE\",\"@id\":\"https:\/\/www.piovan.com\/#\/schema\/logo\/image\/\",\"url\":\"https:\/\/www.piovan.com\/wp-content\/uploads\/2021\/06\/logo@2x.png\",\"contentUrl\":\"https:\/\/www.piovan.com\/wp-content\/uploads\/2021\/06\/logo@2x.png\",\"width\":489,\"height\":78,\"caption\":\"PiovanGroup\"},\"image\":{\"@id\":\"https:\/\/www.piovan.com\/#\/schema\/logo\/image\/\"}}]}<\/script>","yoast_head_json":{"title":"RPA - Piovan Gruppe","robots":{"index":"index","follow":"follow","max-snippet":"max-snippet:-1","max-image-preview":"max-image-preview:large","max-video-preview":"max-video-preview:-1"},"canonical":"https:\/\/www.piovan.com\/de\/product\/rpa\/","og_locale":"de_DE","og_type":"article","og_title":"RPA - PiovanGroup","og_description":"Piovan Mould Dryers is ideal to prevent condensation in the mould area. They can operate in open or closed loop and for single or multiple machines. Consistent dew point is assured by the PID control. Designed for fast start-up, do not need settings by operators. They are ideally suited for: \u2022 Mould enclosures of fast-cycle IMM\u2019s \u2022 Mould enclosures of blow moulding machines \u2022 Mould enclosures and robot area of PET IMM\u2019s. The drying action is obtained with the combination [&hellip;]","og_url":"https:\/\/www.piovan.com\/de\/product\/rpa\/","og_site_name":"PiovanGroup","article_modified_time":"2025-01-09T15:17:47+00:00","og_image":[{"width":739,"height":1024,"url":"https:\/\/www.piovan.com\/wp-content\/uploads\/RPA-1800-739x1024.png","type":"image\/png"}],"twitter_card":"summary_large_image","schema":{"@context":"https:\/\/schema.org","@graph":[{"@type":"WebPage","@id":"https:\/\/www.piovan.com\/product\/rpa\/","url":"https:\/\/www.piovan.com\/product\/rpa\/","name":"RPA - PiovanGroup","isPartOf":{"@id":"https:\/\/www.piovan.com\/#website"},"datePublished":"2021-11-09T13:50:01+00:00","dateModified":"2025-01-09T15:17:47+00:00","breadcrumb":{"@id":"https:\/\/www.piovan.com\/product\/rpa\/#breadcrumb"},"inLanguage":"de-DE","potentialAction":[{"@type":"ReadAction","target":["https:\/\/www.piovan.com\/product\/rpa\/"]}]},{"@type":"BreadcrumbList","@id":"https:\/\/www.piovan.com\/product\/rpa\/#breadcrumb","itemListElement":[{"@type":"ListItem","position":1,"name":"Home","item":"https:\/\/www.piovan.com\/"},{"@type":"ListItem","position":2,"name":"Plastic","item":"https:\/\/www.piovan.com\/de\/products\/kunststoff\/"},{"@type":"ListItem","position":3,"name":"Drying &amp; Dehumidifying","item":"https:\/\/www.piovan.com\/de\/products\/kunststoff\/trockung-und-entfeuchtung\/"},{"@type":"ListItem","position":4,"name":"RPA"}]},{"@type":"WebSite","@id":"https:\/\/www.piovan.com\/#website","url":"https:\/\/www.piovan.com\/","name":"PiovanGroup","description":"","publisher":{"@id":"https:\/\/www.piovan.com\/#organization"},"potentialAction":[{"@type":"SearchAction","target":{"@type":"EntryPoint","urlTemplate":"https:\/\/www.piovan.com\/?s={search_term_string}"},"query-input":"required name=search_term_string"}],"inLanguage":"de-DE"},{"@type":"Organization","@id":"https:\/\/www.piovan.com\/#organization","name":"PiovanGroup","url":"https:\/\/www.piovan.com\/","logo":{"@type":"ImageObject","inLanguage":"de-DE","@id":"https:\/\/www.piovan.com\/#\/schema\/logo\/image\/","url":"https:\/\/www.piovan.com\/wp-content\/uploads\/2021\/06\/logo@2x.png","contentUrl":"https:\/\/www.piovan.com\/wp-content\/uploads\/2021\/06\/logo@2x.png","width":489,"height":78,"caption":"PiovanGroup"},"image":{"@id":"https:\/\/www.piovan.com\/#\/schema\/logo\/image\/"}}]}},"_links":{"self":[{"href":"https:\/\/www.piovan.com\/de\/wp-json\/wp\/v2\/product\/4922"}],"collection":[{"href":"https:\/\/www.piovan.com\/de\/wp-json\/wp\/v2\/product"}],"about":[{"href":"https:\/\/www.piovan.com\/de\/wp-json\/wp\/v2\/types\/product"}],"version-history":[{"count":3,"href":"https:\/\/www.piovan.com\/de\/wp-json\/wp\/v2\/product\/4922\/revisions"}],"predecessor-version":[{"id":14203,"href":"https:\/\/www.piovan.com\/de\/wp-json\/wp\/v2\/product\/4922\/revisions\/14203"}],"wp:featuredmedia":[{"embeddable":true,"href":"https:\/\/www.piovan.com\/de\/wp-json\/wp\/v2\/media\/13410"}],"wp:attachment":[{"href":"https:\/\/www.piovan.com\/de\/wp-json\/wp\/v2\/media?parent=4922"}],"wp:term":[{"taxonomy":"post_tag","embeddable":true,"href":"https:\/\/www.piovan.com\/de\/wp-json\/wp\/v2\/tags?post=4922"}],"curies":[{"name":"wp","href":"https:\/\/api.w.org\/{rel}","templated":true}]}}