{"id":4914,"date":"2021-11-09T14:19:29","date_gmt":"2021-11-09T13:19:29","guid":{"rendered":"https:\/\/www.piovan.com\/?post_type=product&#038;p=4914"},"modified":"2024-09-30T11:40:36","modified_gmt":"2024-09-30T09:40:36","slug":"ptu-ptun","status":"publish","type":"product","link":"https:\/\/www.piovan.com\/de\/product\/ptu-ptun\/","title":{"rendered":"PTU | PTUN"},"content":{"rendered":"<p>PTU und PTUN k\u00f6nnen zu einem Trocknungssystem mit mehreren Trichtern\nkombiniert werden, um maximale Flexibilit\u00e4t\nzu gew\u00e4hrleisten.<\/p>\n<p>Jeder Trichter ist mit einer elektrischen Heizung ausgestattet und die Steuerung\nerm\u00f6glicht die Einstellung einer unterschiedlichen Temperatur f\u00fcr jeden\nTrichter; auf diese Weise k\u00f6nnen\nverschiedene Materialien gleichzeitig\ngetrocknet werden, wobei f\u00fcr jedes\nMaterial die richtigen Prozessparameter\nverwendet werden. Der Prozessluftstrom,\nder durch den Trichter str\u00f6mt, kann vom Bediener oder in einem vollautomatischen Modus entsprechend der tats\u00e4chlichen Produktion mit Modula eingestellt werden.<\/p>\n<p>Mit einem Trocknungssystem mit mehreren\nTrichtern ist es m\u00f6glich, jedem Material einen eigenen Trocknungstrichter zuzuweisen, was einen schnelleren und einfacheren Materialwechsel erm\u00f6glicht, ohne dass Reinigungs- und Entleerungsvorg\u00e4nge erforderlich sind. Das Vorhandensein von nur einem\nHaupttrockner macht diese L\u00f6sung effizient\nund kosteng\u00fcnstig.<\/p>\n<p>Die Trocknungstrichter werden nach h\u00f6chstem Qualit\u00e4tsstandard mit kompletter Isolierschicht, glatter Edelstahloberfl\u00e4che in Kontakt mit den\nKunststoffsp\u00e4nen und einer breiten T\u00fcr f\u00fcr Wartung und Reinigung ausgef\u00fchrt.<\/p>","protected":false},"featured_media":13426,"template":"","tags":[108],"acf":[],"yoast_head":"<title>PTU | PTUN - PiovanGroup<\/title>\n<meta name=\"robots\" content=\"index, follow, max-snippet:-1, max-image-preview:large, max-video-preview:-1\" \/>\n<link rel=\"canonical\" href=\"https:\/\/www.piovan.com\/de\/product\/ptu-ptun\/\" \/>\n<meta property=\"og:locale\" content=\"de_DE\" \/>\n<meta property=\"og:type\" content=\"article\" \/>\n<meta property=\"og:title\" content=\"PTU | PTUN - PiovanGroup\" \/>\n<meta property=\"og:description\" content=\"PTU and PTUN can be combined in a multi-hopper drying system in order to guarantee maximum flexibility. Each hopper is equipped with an electrical heater on board and the control allows the setting of a different temperature for each hopper; in this way different materials can be dried at the same time, using the right process parameters for each of them. The process air flow passing through the hopper can be adjusted by the operator or in a fully automatic [&hellip;]\" \/>\n<meta property=\"og:url\" content=\"https:\/\/www.piovan.com\/de\/product\/ptu-ptun\/\" \/>\n<meta property=\"og:site_name\" content=\"PiovanGroup\" \/>\n<meta property=\"article:modified_time\" content=\"2024-09-30T09:40:36+00:00\" \/>\n<meta property=\"og:image\" content=\"https:\/\/www.piovan.com\/wp-content\/uploads\/PTU-PTUN-1.png\" \/>\n\t<meta property=\"og:image:width\" content=\"1200\" \/>\n\t<meta property=\"og:image:height\" content=\"1560\" \/>\n\t<meta property=\"og:image:type\" content=\"image\/png\" \/>\n<meta name=\"twitter:card\" content=\"summary_large_image\" \/>\n<script type=\"application\/ld+json\" class=\"yoast-schema-graph\">{\"@context\":\"https:\/\/schema.org\",\"@graph\":[{\"@type\":\"WebPage\",\"@id\":\"https:\/\/www.piovan.com\/product\/ptu-ptun\/\",\"url\":\"https:\/\/www.piovan.com\/product\/ptu-ptun\/\",\"name\":\"PTU | PTUN - PiovanGroup\",\"isPartOf\":{\"@id\":\"https:\/\/www.piovan.com\/#website\"},\"datePublished\":\"2021-11-09T13:19:29+00:00\",\"dateModified\":\"2024-09-30T09:40:36+00:00\",\"breadcrumb\":{\"@id\":\"https:\/\/www.piovan.com\/product\/ptu-ptun\/#breadcrumb\"},\"inLanguage\":\"de-DE\",\"potentialAction\":[{\"@type\":\"ReadAction\",\"target\":[\"https:\/\/www.piovan.com\/product\/ptu-ptun\/\"]}]},{\"@type\":\"BreadcrumbList\",\"@id\":\"https:\/\/www.piovan.com\/product\/ptu-ptun\/#breadcrumb\",\"itemListElement\":[{\"@type\":\"ListItem\",\"position\":1,\"name\":\"Home\",\"item\":\"https:\/\/www.piovan.com\/\"},{\"@type\":\"ListItem\",\"position\":2,\"name\":\"Plastic\",\"item\":\"https:\/\/www.piovan.com\/de\/products\/kunststoff\/\"},{\"@type\":\"ListItem\",\"position\":3,\"name\":\"Drying &amp; Dehumidifying\",\"item\":\"https:\/\/www.piovan.com\/de\/products\/kunststoff\/trockung-und-entfeuchtung\/\"},{\"@type\":\"ListItem\",\"position\":4,\"name\":\"PTU | PTUN\"}]},{\"@type\":\"WebSite\",\"@id\":\"https:\/\/www.piovan.com\/#website\",\"url\":\"https:\/\/www.piovan.com\/\",\"name\":\"PiovanGroup\",\"description\":\"\",\"publisher\":{\"@id\":\"https:\/\/www.piovan.com\/#organization\"},\"potentialAction\":[{\"@type\":\"SearchAction\",\"target\":{\"@type\":\"EntryPoint\",\"urlTemplate\":\"https:\/\/www.piovan.com\/?s={search_term_string}\"},\"query-input\":\"required name=search_term_string\"}],\"inLanguage\":\"de-DE\"},{\"@type\":\"Organization\",\"@id\":\"https:\/\/www.piovan.com\/#organization\",\"name\":\"PiovanGroup\",\"url\":\"https:\/\/www.piovan.com\/\",\"logo\":{\"@type\":\"ImageObject\",\"inLanguage\":\"de-DE\",\"@id\":\"https:\/\/www.piovan.com\/#\/schema\/logo\/image\/\",\"url\":\"https:\/\/www.piovan.com\/wp-content\/uploads\/2021\/06\/logo@2x.png\",\"contentUrl\":\"https:\/\/www.piovan.com\/wp-content\/uploads\/2021\/06\/logo@2x.png\",\"width\":489,\"height\":78,\"caption\":\"PiovanGroup\"},\"image\":{\"@id\":\"https:\/\/www.piovan.com\/#\/schema\/logo\/image\/\"}}]}<\/script>","yoast_head_json":{"title":"PTU | PTUN - PiovanGroup","robots":{"index":"index","follow":"follow","max-snippet":"max-snippet:-1","max-image-preview":"max-image-preview:large","max-video-preview":"max-video-preview:-1"},"canonical":"https:\/\/www.piovan.com\/de\/product\/ptu-ptun\/","og_locale":"de_DE","og_type":"article","og_title":"PTU | PTUN - PiovanGroup","og_description":"PTU and PTUN can be combined in a multi-hopper drying system in order to guarantee maximum flexibility. Each hopper is equipped with an electrical heater on board and the control allows the setting of a different temperature for each hopper; in this way different materials can be dried at the same time, using the right process parameters for each of them. The process air flow passing through the hopper can be adjusted by the operator or in a fully automatic [&hellip;]","og_url":"https:\/\/www.piovan.com\/de\/product\/ptu-ptun\/","og_site_name":"PiovanGroup","article_modified_time":"2024-09-30T09:40:36+00:00","og_image":[{"width":1200,"height":1560,"url":"https:\/\/www.piovan.com\/wp-content\/uploads\/PTU-PTUN-1.png","type":"image\/png"}],"twitter_card":"summary_large_image","schema":{"@context":"https:\/\/schema.org","@graph":[{"@type":"WebPage","@id":"https:\/\/www.piovan.com\/product\/ptu-ptun\/","url":"https:\/\/www.piovan.com\/product\/ptu-ptun\/","name":"PTU | PTUN - PiovanGroup","isPartOf":{"@id":"https:\/\/www.piovan.com\/#website"},"datePublished":"2021-11-09T13:19:29+00:00","dateModified":"2024-09-30T09:40:36+00:00","breadcrumb":{"@id":"https:\/\/www.piovan.com\/product\/ptu-ptun\/#breadcrumb"},"inLanguage":"de-DE","potentialAction":[{"@type":"ReadAction","target":["https:\/\/www.piovan.com\/product\/ptu-ptun\/"]}]},{"@type":"BreadcrumbList","@id":"https:\/\/www.piovan.com\/product\/ptu-ptun\/#breadcrumb","itemListElement":[{"@type":"ListItem","position":1,"name":"Home","item":"https:\/\/www.piovan.com\/"},{"@type":"ListItem","position":2,"name":"Plastic","item":"https:\/\/www.piovan.com\/de\/products\/kunststoff\/"},{"@type":"ListItem","position":3,"name":"Drying &amp; Dehumidifying","item":"https:\/\/www.piovan.com\/de\/products\/kunststoff\/trockung-und-entfeuchtung\/"},{"@type":"ListItem","position":4,"name":"PTU | PTUN"}]},{"@type":"WebSite","@id":"https:\/\/www.piovan.com\/#website","url":"https:\/\/www.piovan.com\/","name":"PiovanGroup","description":"","publisher":{"@id":"https:\/\/www.piovan.com\/#organization"},"potentialAction":[{"@type":"SearchAction","target":{"@type":"EntryPoint","urlTemplate":"https:\/\/www.piovan.com\/?s={search_term_string}"},"query-input":"required name=search_term_string"}],"inLanguage":"de-DE"},{"@type":"Organization","@id":"https:\/\/www.piovan.com\/#organization","name":"PiovanGroup","url":"https:\/\/www.piovan.com\/","logo":{"@type":"ImageObject","inLanguage":"de-DE","@id":"https:\/\/www.piovan.com\/#\/schema\/logo\/image\/","url":"https:\/\/www.piovan.com\/wp-content\/uploads\/2021\/06\/logo@2x.png","contentUrl":"https:\/\/www.piovan.com\/wp-content\/uploads\/2021\/06\/logo@2x.png","width":489,"height":78,"caption":"PiovanGroup"},"image":{"@id":"https:\/\/www.piovan.com\/#\/schema\/logo\/image\/"}}]}},"_links":{"self":[{"href":"https:\/\/www.piovan.com\/de\/wp-json\/wp\/v2\/product\/4914"}],"collection":[{"href":"https:\/\/www.piovan.com\/de\/wp-json\/wp\/v2\/product"}],"about":[{"href":"https:\/\/www.piovan.com\/de\/wp-json\/wp\/v2\/types\/product"}],"version-history":[{"count":3,"href":"https:\/\/www.piovan.com\/de\/wp-json\/wp\/v2\/product\/4914\/revisions"}],"predecessor-version":[{"id":13423,"href":"https:\/\/www.piovan.com\/de\/wp-json\/wp\/v2\/product\/4914\/revisions\/13423"}],"wp:featuredmedia":[{"embeddable":true,"href":"https:\/\/www.piovan.com\/de\/wp-json\/wp\/v2\/media\/13426"}],"wp:attachment":[{"href":"https:\/\/www.piovan.com\/de\/wp-json\/wp\/v2\/media?parent=4914"}],"wp:term":[{"taxonomy":"post_tag","embeddable":true,"href":"https:\/\/www.piovan.com\/de\/wp-json\/wp\/v2\/tags?post=4914"}],"curies":[{"name":"wp","href":"https:\/\/api.w.org\/{rel}","templated":true}]}}