{"id":4891,"date":"2021-11-09T13:02:17","date_gmt":"2021-11-09T12:02:17","guid":{"rendered":"https:\/\/www.piovan.com\/?post_type=product&#038;p=4891"},"modified":"2024-09-19T11:22:31","modified_gmt":"2024-09-19T09:22:31","slug":"gmp","status":"publish","type":"product","link":"https:\/\/www.piovan.com\/de\/product\/gmp\/","title":{"rendered":"GMP"},"content":{"rendered":"<p>The GMP range is available in 3 configurations SMART, PLUS and ADAPTIVE. The operator\u2019s interface is an 7\", colour touch screen. The HMI offers access to all the system\u2019s components for specific adjustments or settings.<\/p>\n<p>GMP ist ein Trocknungssystem mit einem oder mehreren Trichtern, das die Betriebsparameter wie Temperatur, Taupunkt und Durchflussmenge der\nProzessluft an die festgestellte Produktion\nanpassen und automatisch\nsteuern kann.<\/p>\n<p>Ein Durchflussmesser, der sich in der Luftzufuhrleitung befindet, steuert den\nLuftstrom sofort, so dass der Luftstrom\nautomatisch von der Trocknungseinheit moduliert wird, was zu optimalen Betriebsbedingungen und Energieoptimierung f\u00fchrt.<\/p>\n<p>Wenn viele verschiedene Materialien zu trocknen sind, kann ein GMP-Trockner mit einem Mehrtrichtersystem kombiniert werden. Dies ist eine \u00e4u\u00dferst flexible und kosteng\u00fcnstige L\u00f6sung.<\/p>","protected":false},"featured_media":13129,"template":"","tags":[108],"acf":[],"yoast_head":"<title>GMP - PiovanGroup<\/title>\n<meta name=\"robots\" content=\"index, follow, max-snippet:-1, max-image-preview:large, max-video-preview:-1\" \/>\n<link rel=\"canonical\" href=\"https:\/\/www.piovan.com\/de\/product\/gmp\/\" \/>\n<meta property=\"og:locale\" content=\"de_DE\" \/>\n<meta property=\"og:type\" content=\"article\" \/>\n<meta property=\"og:title\" content=\"GMP - PiovanGroup\" \/>\n<meta property=\"og:description\" content=\"The GMP range is available in 3 configurations SMART, PLUS and ADAPTIVE. The operator\u2019s interface is an 7&quot;, colour touch screen. The HMI offers access to all the system\u2019s components for specific adjustments or settings. GMP is a single or multi hopper drying system, that can adapt and automatically control operating parameters, such as temperature, Dew point and flow rate of the process air, according to the production detected. A flow meter, located in the air supply line, controls the [&hellip;]\" \/>\n<meta property=\"og:url\" content=\"https:\/\/www.piovan.com\/de\/product\/gmp\/\" \/>\n<meta property=\"og:site_name\" content=\"PiovanGroup\" \/>\n<meta property=\"article:modified_time\" content=\"2024-09-19T09:22:31+00:00\" \/>\n<meta property=\"og:image\" content=\"https:\/\/www.piovan.com\/wp-content\/uploads\/GMP_1200x1560px.png\" \/>\n\t<meta property=\"og:image:width\" content=\"1200\" \/>\n\t<meta property=\"og:image:height\" content=\"1560\" \/>\n\t<meta property=\"og:image:type\" content=\"image\/png\" \/>\n<meta name=\"twitter:card\" content=\"summary_large_image\" \/>\n<script type=\"application\/ld+json\" class=\"yoast-schema-graph\">{\"@context\":\"https:\/\/schema.org\",\"@graph\":[{\"@type\":\"WebPage\",\"@id\":\"https:\/\/www.piovan.com\/product\/gmp\/\",\"url\":\"https:\/\/www.piovan.com\/product\/gmp\/\",\"name\":\"GMP - PiovanGroup\",\"isPartOf\":{\"@id\":\"https:\/\/www.piovan.com\/#website\"},\"datePublished\":\"2021-11-09T12:02:17+00:00\",\"dateModified\":\"2024-09-19T09:22:31+00:00\",\"breadcrumb\":{\"@id\":\"https:\/\/www.piovan.com\/product\/gmp\/#breadcrumb\"},\"inLanguage\":\"de-DE\",\"potentialAction\":[{\"@type\":\"ReadAction\",\"target\":[\"https:\/\/www.piovan.com\/product\/gmp\/\"]}]},{\"@type\":\"BreadcrumbList\",\"@id\":\"https:\/\/www.piovan.com\/product\/gmp\/#breadcrumb\",\"itemListElement\":[{\"@type\":\"ListItem\",\"position\":1,\"name\":\"Home\",\"item\":\"https:\/\/www.piovan.com\/\"},{\"@type\":\"ListItem\",\"position\":2,\"name\":\"Plastic\",\"item\":\"https:\/\/www.piovan.com\/de\/products\/kunststoff\/\"},{\"@type\":\"ListItem\",\"position\":3,\"name\":\"Drying &amp; Dehumidifying\",\"item\":\"https:\/\/www.piovan.com\/de\/products\/kunststoff\/trockung-und-entfeuchtung\/\"},{\"@type\":\"ListItem\",\"position\":4,\"name\":\"GMP\"}]},{\"@type\":\"WebSite\",\"@id\":\"https:\/\/www.piovan.com\/#website\",\"url\":\"https:\/\/www.piovan.com\/\",\"name\":\"PiovanGroup\",\"description\":\"\",\"publisher\":{\"@id\":\"https:\/\/www.piovan.com\/#organization\"},\"potentialAction\":[{\"@type\":\"SearchAction\",\"target\":{\"@type\":\"EntryPoint\",\"urlTemplate\":\"https:\/\/www.piovan.com\/?s={search_term_string}\"},\"query-input\":\"required name=search_term_string\"}],\"inLanguage\":\"de-DE\"},{\"@type\":\"Organization\",\"@id\":\"https:\/\/www.piovan.com\/#organization\",\"name\":\"PiovanGroup\",\"url\":\"https:\/\/www.piovan.com\/\",\"logo\":{\"@type\":\"ImageObject\",\"inLanguage\":\"de-DE\",\"@id\":\"https:\/\/www.piovan.com\/#\/schema\/logo\/image\/\",\"url\":\"https:\/\/www.piovan.com\/wp-content\/uploads\/2021\/06\/logo@2x.png\",\"contentUrl\":\"https:\/\/www.piovan.com\/wp-content\/uploads\/2021\/06\/logo@2x.png\",\"width\":489,\"height\":78,\"caption\":\"PiovanGroup\"},\"image\":{\"@id\":\"https:\/\/www.piovan.com\/#\/schema\/logo\/image\/\"}}]}<\/script>","yoast_head_json":{"title":"GMP - PiovanGroup","robots":{"index":"index","follow":"follow","max-snippet":"max-snippet:-1","max-image-preview":"max-image-preview:large","max-video-preview":"max-video-preview:-1"},"canonical":"https:\/\/www.piovan.com\/de\/product\/gmp\/","og_locale":"de_DE","og_type":"article","og_title":"GMP - PiovanGroup","og_description":"The GMP range is available in 3 configurations SMART, PLUS and ADAPTIVE. The operator\u2019s interface is an 7\", colour touch screen. The HMI offers access to all the system\u2019s components for specific adjustments or settings. GMP is a single or multi hopper drying system, that can adapt and automatically control operating parameters, such as temperature, Dew point and flow rate of the process air, according to the production detected. A flow meter, located in the air supply line, controls the [&hellip;]","og_url":"https:\/\/www.piovan.com\/de\/product\/gmp\/","og_site_name":"PiovanGroup","article_modified_time":"2024-09-19T09:22:31+00:00","og_image":[{"width":1200,"height":1560,"url":"https:\/\/www.piovan.com\/wp-content\/uploads\/GMP_1200x1560px.png","type":"image\/png"}],"twitter_card":"summary_large_image","schema":{"@context":"https:\/\/schema.org","@graph":[{"@type":"WebPage","@id":"https:\/\/www.piovan.com\/product\/gmp\/","url":"https:\/\/www.piovan.com\/product\/gmp\/","name":"GMP - PiovanGroup","isPartOf":{"@id":"https:\/\/www.piovan.com\/#website"},"datePublished":"2021-11-09T12:02:17+00:00","dateModified":"2024-09-19T09:22:31+00:00","breadcrumb":{"@id":"https:\/\/www.piovan.com\/product\/gmp\/#breadcrumb"},"inLanguage":"de-DE","potentialAction":[{"@type":"ReadAction","target":["https:\/\/www.piovan.com\/product\/gmp\/"]}]},{"@type":"BreadcrumbList","@id":"https:\/\/www.piovan.com\/product\/gmp\/#breadcrumb","itemListElement":[{"@type":"ListItem","position":1,"name":"Home","item":"https:\/\/www.piovan.com\/"},{"@type":"ListItem","position":2,"name":"Plastic","item":"https:\/\/www.piovan.com\/de\/products\/kunststoff\/"},{"@type":"ListItem","position":3,"name":"Drying &amp; Dehumidifying","item":"https:\/\/www.piovan.com\/de\/products\/kunststoff\/trockung-und-entfeuchtung\/"},{"@type":"ListItem","position":4,"name":"GMP"}]},{"@type":"WebSite","@id":"https:\/\/www.piovan.com\/#website","url":"https:\/\/www.piovan.com\/","name":"PiovanGroup","description":"","publisher":{"@id":"https:\/\/www.piovan.com\/#organization"},"potentialAction":[{"@type":"SearchAction","target":{"@type":"EntryPoint","urlTemplate":"https:\/\/www.piovan.com\/?s={search_term_string}"},"query-input":"required name=search_term_string"}],"inLanguage":"de-DE"},{"@type":"Organization","@id":"https:\/\/www.piovan.com\/#organization","name":"PiovanGroup","url":"https:\/\/www.piovan.com\/","logo":{"@type":"ImageObject","inLanguage":"de-DE","@id":"https:\/\/www.piovan.com\/#\/schema\/logo\/image\/","url":"https:\/\/www.piovan.com\/wp-content\/uploads\/2021\/06\/logo@2x.png","contentUrl":"https:\/\/www.piovan.com\/wp-content\/uploads\/2021\/06\/logo@2x.png","width":489,"height":78,"caption":"PiovanGroup"},"image":{"@id":"https:\/\/www.piovan.com\/#\/schema\/logo\/image\/"}}]}},"_links":{"self":[{"href":"https:\/\/www.piovan.com\/de\/wp-json\/wp\/v2\/product\/4891"}],"collection":[{"href":"https:\/\/www.piovan.com\/de\/wp-json\/wp\/v2\/product"}],"about":[{"href":"https:\/\/www.piovan.com\/de\/wp-json\/wp\/v2\/types\/product"}],"version-history":[{"count":2,"href":"https:\/\/www.piovan.com\/de\/wp-json\/wp\/v2\/product\/4891\/revisions"}],"predecessor-version":[{"id":13134,"href":"https:\/\/www.piovan.com\/de\/wp-json\/wp\/v2\/product\/4891\/revisions\/13134"}],"wp:featuredmedia":[{"embeddable":true,"href":"https:\/\/www.piovan.com\/de\/wp-json\/wp\/v2\/media\/13129"}],"wp:attachment":[{"href":"https:\/\/www.piovan.com\/de\/wp-json\/wp\/v2\/media?parent=4891"}],"wp:term":[{"taxonomy":"post_tag","embeddable":true,"href":"https:\/\/www.piovan.com\/de\/wp-json\/wp\/v2\/tags?post=4891"}],"curies":[{"name":"wp","href":"https:\/\/api.w.org\/{rel}","templated":true}]}}