{"id":4884,"date":"2021-11-09T12:03:16","date_gmt":"2021-11-09T11:03:16","guid":{"rendered":"https:\/\/www.piovan.com\/?post_type=product&#038;p=4884"},"modified":"2024-10-28T15:35:06","modified_gmt":"2024-10-28T14:35:06","slug":"genesysnext","status":"publish","type":"product","link":"https:\/\/www.piovan.com\/de\/product\/genesysnext\/","title":{"rendered":"GenesysNext"},"content":{"rendered":"<p>Leistungsstarkes, vollautomatisches Mono-Trichter-Trocknungssystem, das die Produktionskosten senkt<\/p>\n<p class=\" translation-block\">Genesys Next ist die innovative L\u00f6sung f\u00fcr die <br>\n\u2022 Optimierung des Energieverbrauchs <br>\n\u2022 Ausschuss-Reduzierung dank kontinuierlicher\n\u00dcberwachung des Einspritzdrucks<\/p>\n<p class=\" translation-block\">Messungen durch Feuchtigkeitsmessger\u00e4t,\nOnline-Restfeuchtemessungen im Kunststoffgranulat, sind in die GenesysNext-\nSteuerung integriert.<\/p>\n<p class=\" translation-block\">GenesysNext ist auch ein Schritt in Richtung Kreislaufwirtschaft: Mit dem optional erh\u00e4ltlichen PureTech-Filtersystem ist eine Vorabfiltration der in der Prozessluft enthaltenen VOC m\u00f6glich. Dies ist insbesondere bei recycelten Materialien erforderlich, die w\u00e4hrend des Erhitzungs- oder Einspritzvorgangs niedrig siedende Substanzen\nfreisetzen und die Trockenmittelt\u00fcrme schonen k\u00f6nnen.<\/p>\n<p>Die Steuerung von GenesysNext ist auch f\u00fcr die Kombination von zwei Maschinen mit einer einzigen HMI konzipiert, um den Anwendungsbereich zu erweitern.<\/p>","protected":false},"featured_media":13116,"template":"","tags":[108,41],"acf":[],"yoast_head":"<title>GenesysNext - Piovan Gruppe<\/title>\n<meta name=\"robots\" content=\"index, follow, max-snippet:-1, max-image-preview:large, max-video-preview:-1\" \/>\n<link rel=\"canonical\" href=\"https:\/\/www.piovan.com\/de\/product\/genesysnext\/\" \/>\n<meta property=\"og:locale\" content=\"de_DE\" \/>\n<meta property=\"og:type\" content=\"article\" \/>\n<meta property=\"og:title\" content=\"GenesysNext - PiovanGroup\" \/>\n<meta property=\"og:description\" content=\"High performance, fully automatic, mono hopper drying system that reduces the production costs. GenesysNext is the cutting edge solution for \u2022 Optimising the energy usage \u2022 Scrap reduction thanks to continuous tracking of injection pressure Moisture Minder measurements, online residual humidity in plastic granules, are integrated in the GenesysNext control. GenesysNext is also a step toward circular economy: with PureTech filtration system, available as an option, an advance filtration of the VOC system present in the process air is possible. [&hellip;]\" \/>\n<meta property=\"og:url\" content=\"https:\/\/www.piovan.com\/de\/product\/genesysnext\/\" \/>\n<meta property=\"og:site_name\" content=\"PiovanGroup\" \/>\n<meta property=\"article:modified_time\" content=\"2024-10-28T14:35:06+00:00\" \/>\n<meta property=\"og:image\" content=\"https:\/\/www.piovan.com\/wp-content\/uploads\/GENESYSNEXT_1200x1560px.png\" \/>\n\t<meta property=\"og:image:width\" content=\"1200\" \/>\n\t<meta property=\"og:image:height\" content=\"1560\" \/>\n\t<meta property=\"og:image:type\" content=\"image\/png\" \/>\n<meta name=\"twitter:card\" content=\"summary_large_image\" \/>\n<script type=\"application\/ld+json\" class=\"yoast-schema-graph\">{\"@context\":\"https:\/\/schema.org\",\"@graph\":[{\"@type\":\"WebPage\",\"@id\":\"https:\/\/www.piovan.com\/product\/genesysnext\/\",\"url\":\"https:\/\/www.piovan.com\/product\/genesysnext\/\",\"name\":\"GenesysNext - PiovanGroup\",\"isPartOf\":{\"@id\":\"https:\/\/www.piovan.com\/#website\"},\"datePublished\":\"2021-11-09T11:03:16+00:00\",\"dateModified\":\"2024-10-28T14:35:06+00:00\",\"breadcrumb\":{\"@id\":\"https:\/\/www.piovan.com\/product\/genesysnext\/#breadcrumb\"},\"inLanguage\":\"de-DE\",\"potentialAction\":[{\"@type\":\"ReadAction\",\"target\":[\"https:\/\/www.piovan.com\/product\/genesysnext\/\"]}]},{\"@type\":\"BreadcrumbList\",\"@id\":\"https:\/\/www.piovan.com\/product\/genesysnext\/#breadcrumb\",\"itemListElement\":[{\"@type\":\"ListItem\",\"position\":1,\"name\":\"Home\",\"item\":\"https:\/\/www.piovan.com\/\"},{\"@type\":\"ListItem\",\"position\":2,\"name\":\"Plastic\",\"item\":\"https:\/\/www.piovan.com\/de\/products\/kunststoff\/\"},{\"@type\":\"ListItem\",\"position\":3,\"name\":\"Drying &amp; Dehumidifying\",\"item\":\"https:\/\/www.piovan.com\/de\/products\/kunststoff\/trockung-und-entfeuchtung\/\"},{\"@type\":\"ListItem\",\"position\":4,\"name\":\"GenesysNext\"}]},{\"@type\":\"WebSite\",\"@id\":\"https:\/\/www.piovan.com\/#website\",\"url\":\"https:\/\/www.piovan.com\/\",\"name\":\"PiovanGroup\",\"description\":\"\",\"publisher\":{\"@id\":\"https:\/\/www.piovan.com\/#organization\"},\"potentialAction\":[{\"@type\":\"SearchAction\",\"target\":{\"@type\":\"EntryPoint\",\"urlTemplate\":\"https:\/\/www.piovan.com\/?s={search_term_string}\"},\"query-input\":\"required name=search_term_string\"}],\"inLanguage\":\"de-DE\"},{\"@type\":\"Organization\",\"@id\":\"https:\/\/www.piovan.com\/#organization\",\"name\":\"PiovanGroup\",\"url\":\"https:\/\/www.piovan.com\/\",\"logo\":{\"@type\":\"ImageObject\",\"inLanguage\":\"de-DE\",\"@id\":\"https:\/\/www.piovan.com\/#\/schema\/logo\/image\/\",\"url\":\"https:\/\/www.piovan.com\/wp-content\/uploads\/2021\/06\/logo@2x.png\",\"contentUrl\":\"https:\/\/www.piovan.com\/wp-content\/uploads\/2021\/06\/logo@2x.png\",\"width\":489,\"height\":78,\"caption\":\"PiovanGroup\"},\"image\":{\"@id\":\"https:\/\/www.piovan.com\/#\/schema\/logo\/image\/\"}}]}<\/script>","yoast_head_json":{"title":"GenesysNext - Piovan Gruppe","robots":{"index":"index","follow":"follow","max-snippet":"max-snippet:-1","max-image-preview":"max-image-preview:large","max-video-preview":"max-video-preview:-1"},"canonical":"https:\/\/www.piovan.com\/de\/product\/genesysnext\/","og_locale":"de_DE","og_type":"article","og_title":"GenesysNext - PiovanGroup","og_description":"High performance, fully automatic, mono hopper drying system that reduces the production costs. GenesysNext is the cutting edge solution for \u2022 Optimising the energy usage \u2022 Scrap reduction thanks to continuous tracking of injection pressure Moisture Minder measurements, online residual humidity in plastic granules, are integrated in the GenesysNext control. GenesysNext is also a step toward circular economy: with PureTech filtration system, available as an option, an advance filtration of the VOC system present in the process air is possible. [&hellip;]","og_url":"https:\/\/www.piovan.com\/de\/product\/genesysnext\/","og_site_name":"PiovanGroup","article_modified_time":"2024-10-28T14:35:06+00:00","og_image":[{"width":1200,"height":1560,"url":"https:\/\/www.piovan.com\/wp-content\/uploads\/GENESYSNEXT_1200x1560px.png","type":"image\/png"}],"twitter_card":"summary_large_image","schema":{"@context":"https:\/\/schema.org","@graph":[{"@type":"WebPage","@id":"https:\/\/www.piovan.com\/product\/genesysnext\/","url":"https:\/\/www.piovan.com\/product\/genesysnext\/","name":"GenesysNext - PiovanGroup","isPartOf":{"@id":"https:\/\/www.piovan.com\/#website"},"datePublished":"2021-11-09T11:03:16+00:00","dateModified":"2024-10-28T14:35:06+00:00","breadcrumb":{"@id":"https:\/\/www.piovan.com\/product\/genesysnext\/#breadcrumb"},"inLanguage":"de-DE","potentialAction":[{"@type":"ReadAction","target":["https:\/\/www.piovan.com\/product\/genesysnext\/"]}]},{"@type":"BreadcrumbList","@id":"https:\/\/www.piovan.com\/product\/genesysnext\/#breadcrumb","itemListElement":[{"@type":"ListItem","position":1,"name":"Home","item":"https:\/\/www.piovan.com\/"},{"@type":"ListItem","position":2,"name":"Plastic","item":"https:\/\/www.piovan.com\/de\/products\/kunststoff\/"},{"@type":"ListItem","position":3,"name":"Drying &amp; Dehumidifying","item":"https:\/\/www.piovan.com\/de\/products\/kunststoff\/trockung-und-entfeuchtung\/"},{"@type":"ListItem","position":4,"name":"GenesysNext"}]},{"@type":"WebSite","@id":"https:\/\/www.piovan.com\/#website","url":"https:\/\/www.piovan.com\/","name":"PiovanGroup","description":"","publisher":{"@id":"https:\/\/www.piovan.com\/#organization"},"potentialAction":[{"@type":"SearchAction","target":{"@type":"EntryPoint","urlTemplate":"https:\/\/www.piovan.com\/?s={search_term_string}"},"query-input":"required name=search_term_string"}],"inLanguage":"de-DE"},{"@type":"Organization","@id":"https:\/\/www.piovan.com\/#organization","name":"PiovanGroup","url":"https:\/\/www.piovan.com\/","logo":{"@type":"ImageObject","inLanguage":"de-DE","@id":"https:\/\/www.piovan.com\/#\/schema\/logo\/image\/","url":"https:\/\/www.piovan.com\/wp-content\/uploads\/2021\/06\/logo@2x.png","contentUrl":"https:\/\/www.piovan.com\/wp-content\/uploads\/2021\/06\/logo@2x.png","width":489,"height":78,"caption":"PiovanGroup"},"image":{"@id":"https:\/\/www.piovan.com\/#\/schema\/logo\/image\/"}}]}},"_links":{"self":[{"href":"https:\/\/www.piovan.com\/de\/wp-json\/wp\/v2\/product\/4884"}],"collection":[{"href":"https:\/\/www.piovan.com\/de\/wp-json\/wp\/v2\/product"}],"about":[{"href":"https:\/\/www.piovan.com\/de\/wp-json\/wp\/v2\/types\/product"}],"version-history":[{"count":3,"href":"https:\/\/www.piovan.com\/de\/wp-json\/wp\/v2\/product\/4884\/revisions"}],"predecessor-version":[{"id":13513,"href":"https:\/\/www.piovan.com\/de\/wp-json\/wp\/v2\/product\/4884\/revisions\/13513"}],"wp:featuredmedia":[{"embeddable":true,"href":"https:\/\/www.piovan.com\/de\/wp-json\/wp\/v2\/media\/13116"}],"wp:attachment":[{"href":"https:\/\/www.piovan.com\/de\/wp-json\/wp\/v2\/media?parent=4884"}],"wp:term":[{"taxonomy":"post_tag","embeddable":true,"href":"https:\/\/www.piovan.com\/de\/wp-json\/wp\/v2\/tags?post=4884"}],"curies":[{"name":"wp","href":"https:\/\/api.w.org\/{rel}","templated":true}]}}