{"id":4817,"date":"2021-11-09T08:13:25","date_gmt":"2021-11-09T07:13:25","guid":{"rendered":"https:\/\/www.piovan.com\/?post_type=product&#038;p=4817"},"modified":"2025-02-26T14:27:13","modified_gmt":"2025-02-26T13:27:13","slug":"cr","status":"publish","type":"product","link":"https:\/\/www.piovan.com\/de\/product\/cr\/","title":{"rendered":"CR"},"content":{"rendered":"<p>Piovan bietet eine komplette Produktpalette von Kristallisatoren f\u00fcr die Produktionsprozesse an, die amorphes PET, sowohl als Neuware als auch als Mahlgut von Flaschen, Beh\u00e4ltern, Fasern, Tiefziehfolien und Umreifungsb\u00e4ndern verwenden.<\/p>\n<p>Sie dienen der Materialvorbereitung f\u00fcr den Spritzgie\u00df- oder Extrusionsprozess.<\/p>\n<p>Die Produktpalette vom CR 150 bis CR 4000 ist speziell daf\u00fcr entwickelt um die Temperatur des Glas\u00fcbergangsbereichs zu \u00fcberwinden und eine homogene Kristallisation ohne Risiko von Verklebungen oder Br\u00fcckenbildung zu gew\u00e4hrleisten.<\/p>\n<p>Einmal kristallisiert wird das hauseigene Mahlgut oder das PCR mit Hilfe von gravimetrischen Batch Dosierger\u00e4ten mit der Neuware vermischt und dann getrocknet.<\/p>\n<p>Gute Kristallisation erm\u00f6glicht Optimierung und Vereinfachung des Trocknungsprozesses, ohne Risiko von Materialsch\u00e4digung und der M\u00f6glichkeit einen hohen Prozentsatz von Mahlgut wieder zu verwenden.<\/p>\n<p>CR crystalliser can run both with flakes and granules.<\/p>","protected":false},"featured_media":13107,"template":"","tags":[108],"acf":[],"yoast_head":"<title>CR - Piovan Gruppe<\/title>\n<meta name=\"robots\" content=\"index, follow, max-snippet:-1, max-image-preview:large, max-video-preview:-1\" \/>\n<link rel=\"canonical\" href=\"https:\/\/www.piovan.com\/de\/product\/cr\/\" \/>\n<meta property=\"og:locale\" content=\"de_DE\" \/>\n<meta property=\"og:type\" content=\"article\" \/>\n<meta property=\"og:title\" content=\"CR - PiovanGroup\" \/>\n<meta property=\"og:description\" content=\"CR assures best crystallisation, improving the drying phase. The design has been specifically developed to exceed the material glass transition temperature and to guarantee homogeneous crystallization, assuring optimal flow of the material. Crystallising hoppers are equipped with high efficiency planetary motor gears to guarantee low rotation speed of the vertical paddle shaft and minimize dust creation. The vertical shaft is assembled with screw connections between the different paddle groups, in order to facilitate maintenance and the substitution of each single [&hellip;]\" \/>\n<meta property=\"og:url\" content=\"https:\/\/www.piovan.com\/de\/product\/cr\/\" \/>\n<meta property=\"og:site_name\" content=\"PiovanGroup\" \/>\n<meta property=\"article:modified_time\" content=\"2025-02-26T13:27:13+00:00\" \/>\n<meta property=\"og:image\" content=\"https:\/\/www.piovan.com\/wp-content\/uploads\/CR_1200x1560px.png\" \/>\n\t<meta property=\"og:image:width\" content=\"1200\" \/>\n\t<meta property=\"og:image:height\" content=\"1560\" \/>\n\t<meta property=\"og:image:type\" content=\"image\/png\" \/>\n<meta name=\"twitter:card\" content=\"summary_large_image\" \/>\n<script type=\"application\/ld+json\" class=\"yoast-schema-graph\">{\"@context\":\"https:\/\/schema.org\",\"@graph\":[{\"@type\":\"WebPage\",\"@id\":\"https:\/\/www.piovan.com\/product\/cr\/\",\"url\":\"https:\/\/www.piovan.com\/product\/cr\/\",\"name\":\"CR - PiovanGroup\",\"isPartOf\":{\"@id\":\"https:\/\/www.piovan.com\/#website\"},\"datePublished\":\"2021-11-09T07:13:25+00:00\",\"dateModified\":\"2025-02-26T13:27:13+00:00\",\"breadcrumb\":{\"@id\":\"https:\/\/www.piovan.com\/product\/cr\/#breadcrumb\"},\"inLanguage\":\"de-DE\",\"potentialAction\":[{\"@type\":\"ReadAction\",\"target\":[\"https:\/\/www.piovan.com\/product\/cr\/\"]}]},{\"@type\":\"BreadcrumbList\",\"@id\":\"https:\/\/www.piovan.com\/product\/cr\/#breadcrumb\",\"itemListElement\":[{\"@type\":\"ListItem\",\"position\":1,\"name\":\"Home\",\"item\":\"https:\/\/www.piovan.com\/\"},{\"@type\":\"ListItem\",\"position\":2,\"name\":\"Plastic\",\"item\":\"https:\/\/www.piovan.com\/de\/products\/kunststoff\/\"},{\"@type\":\"ListItem\",\"position\":3,\"name\":\"Drying &amp; Dehumidifying\",\"item\":\"https:\/\/www.piovan.com\/de\/products\/kunststoff\/trockung-und-entfeuchtung\/\"},{\"@type\":\"ListItem\",\"position\":4,\"name\":\"CR\"}]},{\"@type\":\"WebSite\",\"@id\":\"https:\/\/www.piovan.com\/#website\",\"url\":\"https:\/\/www.piovan.com\/\",\"name\":\"PiovanGroup\",\"description\":\"\",\"publisher\":{\"@id\":\"https:\/\/www.piovan.com\/#organization\"},\"potentialAction\":[{\"@type\":\"SearchAction\",\"target\":{\"@type\":\"EntryPoint\",\"urlTemplate\":\"https:\/\/www.piovan.com\/?s={search_term_string}\"},\"query-input\":\"required name=search_term_string\"}],\"inLanguage\":\"de-DE\"},{\"@type\":\"Organization\",\"@id\":\"https:\/\/www.piovan.com\/#organization\",\"name\":\"PiovanGroup\",\"url\":\"https:\/\/www.piovan.com\/\",\"logo\":{\"@type\":\"ImageObject\",\"inLanguage\":\"de-DE\",\"@id\":\"https:\/\/www.piovan.com\/#\/schema\/logo\/image\/\",\"url\":\"https:\/\/www.piovan.com\/wp-content\/uploads\/2021\/06\/logo@2x.png\",\"contentUrl\":\"https:\/\/www.piovan.com\/wp-content\/uploads\/2021\/06\/logo@2x.png\",\"width\":489,\"height\":78,\"caption\":\"PiovanGroup\"},\"image\":{\"@id\":\"https:\/\/www.piovan.com\/#\/schema\/logo\/image\/\"}}]}<\/script>","yoast_head_json":{"title":"CR - Piovan Gruppe","robots":{"index":"index","follow":"follow","max-snippet":"max-snippet:-1","max-image-preview":"max-image-preview:large","max-video-preview":"max-video-preview:-1"},"canonical":"https:\/\/www.piovan.com\/de\/product\/cr\/","og_locale":"de_DE","og_type":"article","og_title":"CR - PiovanGroup","og_description":"CR assures best crystallisation, improving the drying phase. The design has been specifically developed to exceed the material glass transition temperature and to guarantee homogeneous crystallization, assuring optimal flow of the material. Crystallising hoppers are equipped with high efficiency planetary motor gears to guarantee low rotation speed of the vertical paddle shaft and minimize dust creation. The vertical shaft is assembled with screw connections between the different paddle groups, in order to facilitate maintenance and the substitution of each single [&hellip;]","og_url":"https:\/\/www.piovan.com\/de\/product\/cr\/","og_site_name":"PiovanGroup","article_modified_time":"2025-02-26T13:27:13+00:00","og_image":[{"width":1200,"height":1560,"url":"https:\/\/www.piovan.com\/wp-content\/uploads\/CR_1200x1560px.png","type":"image\/png"}],"twitter_card":"summary_large_image","schema":{"@context":"https:\/\/schema.org","@graph":[{"@type":"WebPage","@id":"https:\/\/www.piovan.com\/product\/cr\/","url":"https:\/\/www.piovan.com\/product\/cr\/","name":"CR - PiovanGroup","isPartOf":{"@id":"https:\/\/www.piovan.com\/#website"},"datePublished":"2021-11-09T07:13:25+00:00","dateModified":"2025-02-26T13:27:13+00:00","breadcrumb":{"@id":"https:\/\/www.piovan.com\/product\/cr\/#breadcrumb"},"inLanguage":"de-DE","potentialAction":[{"@type":"ReadAction","target":["https:\/\/www.piovan.com\/product\/cr\/"]}]},{"@type":"BreadcrumbList","@id":"https:\/\/www.piovan.com\/product\/cr\/#breadcrumb","itemListElement":[{"@type":"ListItem","position":1,"name":"Home","item":"https:\/\/www.piovan.com\/"},{"@type":"ListItem","position":2,"name":"Plastic","item":"https:\/\/www.piovan.com\/de\/products\/kunststoff\/"},{"@type":"ListItem","position":3,"name":"Drying &amp; Dehumidifying","item":"https:\/\/www.piovan.com\/de\/products\/kunststoff\/trockung-und-entfeuchtung\/"},{"@type":"ListItem","position":4,"name":"CR"}]},{"@type":"WebSite","@id":"https:\/\/www.piovan.com\/#website","url":"https:\/\/www.piovan.com\/","name":"PiovanGroup","description":"","publisher":{"@id":"https:\/\/www.piovan.com\/#organization"},"potentialAction":[{"@type":"SearchAction","target":{"@type":"EntryPoint","urlTemplate":"https:\/\/www.piovan.com\/?s={search_term_string}"},"query-input":"required name=search_term_string"}],"inLanguage":"de-DE"},{"@type":"Organization","@id":"https:\/\/www.piovan.com\/#organization","name":"PiovanGroup","url":"https:\/\/www.piovan.com\/","logo":{"@type":"ImageObject","inLanguage":"de-DE","@id":"https:\/\/www.piovan.com\/#\/schema\/logo\/image\/","url":"https:\/\/www.piovan.com\/wp-content\/uploads\/2021\/06\/logo@2x.png","contentUrl":"https:\/\/www.piovan.com\/wp-content\/uploads\/2021\/06\/logo@2x.png","width":489,"height":78,"caption":"PiovanGroup"},"image":{"@id":"https:\/\/www.piovan.com\/#\/schema\/logo\/image\/"}}]}},"_links":{"self":[{"href":"https:\/\/www.piovan.com\/de\/wp-json\/wp\/v2\/product\/4817"}],"collection":[{"href":"https:\/\/www.piovan.com\/de\/wp-json\/wp\/v2\/product"}],"about":[{"href":"https:\/\/www.piovan.com\/de\/wp-json\/wp\/v2\/types\/product"}],"version-history":[{"count":4,"href":"https:\/\/www.piovan.com\/de\/wp-json\/wp\/v2\/product\/4817\/revisions"}],"predecessor-version":[{"id":14545,"href":"https:\/\/www.piovan.com\/de\/wp-json\/wp\/v2\/product\/4817\/revisions\/14545"}],"wp:featuredmedia":[{"embeddable":true,"href":"https:\/\/www.piovan.com\/de\/wp-json\/wp\/v2\/media\/13107"}],"wp:attachment":[{"href":"https:\/\/www.piovan.com\/de\/wp-json\/wp\/v2\/media?parent=4817"}],"wp:term":[{"taxonomy":"post_tag","embeddable":true,"href":"https:\/\/www.piovan.com\/de\/wp-json\/wp\/v2\/tags?post=4817"}],"curies":[{"name":"wp","href":"https:\/\/api.w.org\/{rel}","templated":true}]}}