{"id":4807,"date":"2021-11-09T08:02:51","date_gmt":"2021-11-09T07:02:51","guid":{"rendered":"https:\/\/www.piovan.com\/?post_type=product&#038;p=4807"},"modified":"2024-09-19T11:06:40","modified_gmt":"2024-09-19T09:06:40","slug":"aipc","status":"publish","type":"product","link":"https:\/\/www.piovan.com\/de\/product\/aipc\/","title":{"rendered":"AIPC"},"content":{"rendered":"<p>AIPC ist eine innovative Steuerung, mit der jedes Piovan-Trocknungssystem der GenesysNext-Serie an die Vorformling- Spritzgie\u00dfmaschine angeschlossen werden kann.<\/p>\n<p>AIPC kann den Einspritzdruck in Echtzeit messen und ihn auf den gew\u00fcnschten Wert stabilisieren.<\/p>\n<p>Der neue, speziell von Piovan entwickelte Algorithmus kann den Luftstrom, die Temperatur und den Taupunkt der Prozessluft kontinuierlich anpassen, sodass der Einspritzdruck so konstant\nwie m\u00f6glich gehalten werden kann.<\/p>\n<p>AIPC ist besonders wertvoll, weil:<br \/>\nDiese Eigenschaft ist heute besonders wertvoll, da die neuen Preform-Formate d\u00fcnnere W\u00e4nde und somit kontrollierte Bedingungen f\u00fcr Feuchtigkeit und Einspritzdruck erfordern.<br \/>\nAIPC ist eine zum Patent angemeldete neue Erfindung.<\/p>","protected":false},"featured_media":13123,"template":"","tags":[108],"acf":[],"yoast_head":"<title>AIPC - Piovan Gruppe<\/title>\n<meta name=\"robots\" content=\"index, follow, max-snippet:-1, max-image-preview:large, max-video-preview:-1\" \/>\n<link rel=\"canonical\" href=\"https:\/\/www.piovan.com\/de\/product\/aipc\/\" \/>\n<meta property=\"og:locale\" content=\"de_DE\" \/>\n<meta property=\"og:type\" content=\"article\" \/>\n<meta property=\"og:title\" content=\"AIPC - PiovanGroup\" \/>\n<meta property=\"og:description\" content=\"AIPC is an innovative control by means of which any Piovan drying system of the GenesysNext series can be connected to the preform injection moulding machine. AIPC has the capability of reading the injection pressure in real time and of stabilizing it to the desired value. The new algorithm specifically developed by Piovan R&amp;D can constantly adjust airflow, temperature and dewpoint of the process air, so that the injection pressure be kept at the highest possible level of constancy. AIPC [&hellip;]\" \/>\n<meta property=\"og:url\" content=\"https:\/\/www.piovan.com\/de\/product\/aipc\/\" \/>\n<meta property=\"og:site_name\" content=\"PiovanGroup\" \/>\n<meta property=\"article:modified_time\" content=\"2024-09-19T09:06:40+00:00\" \/>\n<meta property=\"og:image\" content=\"https:\/\/www.piovan.com\/wp-content\/uploads\/AIPC_1200x1560px.png\" \/>\n\t<meta property=\"og:image:width\" content=\"1200\" \/>\n\t<meta property=\"og:image:height\" content=\"1560\" \/>\n\t<meta property=\"og:image:type\" content=\"image\/png\" \/>\n<meta name=\"twitter:card\" content=\"summary_large_image\" \/>\n<script type=\"application\/ld+json\" class=\"yoast-schema-graph\">{\"@context\":\"https:\/\/schema.org\",\"@graph\":[{\"@type\":\"WebPage\",\"@id\":\"https:\/\/www.piovan.com\/product\/aipc\/\",\"url\":\"https:\/\/www.piovan.com\/product\/aipc\/\",\"name\":\"AIPC - PiovanGroup\",\"isPartOf\":{\"@id\":\"https:\/\/www.piovan.com\/#website\"},\"datePublished\":\"2021-11-09T07:02:51+00:00\",\"dateModified\":\"2024-09-19T09:06:40+00:00\",\"breadcrumb\":{\"@id\":\"https:\/\/www.piovan.com\/product\/aipc\/#breadcrumb\"},\"inLanguage\":\"de-DE\",\"potentialAction\":[{\"@type\":\"ReadAction\",\"target\":[\"https:\/\/www.piovan.com\/product\/aipc\/\"]}]},{\"@type\":\"BreadcrumbList\",\"@id\":\"https:\/\/www.piovan.com\/product\/aipc\/#breadcrumb\",\"itemListElement\":[{\"@type\":\"ListItem\",\"position\":1,\"name\":\"Home\",\"item\":\"https:\/\/www.piovan.com\/\"},{\"@type\":\"ListItem\",\"position\":2,\"name\":\"Plastic\",\"item\":\"https:\/\/www.piovan.com\/de\/products\/kunststoff\/\"},{\"@type\":\"ListItem\",\"position\":3,\"name\":\"Drying &amp; Dehumidifying\",\"item\":\"https:\/\/www.piovan.com\/de\/products\/kunststoff\/trockung-und-entfeuchtung\/\"},{\"@type\":\"ListItem\",\"position\":4,\"name\":\"AIPC\"}]},{\"@type\":\"WebSite\",\"@id\":\"https:\/\/www.piovan.com\/#website\",\"url\":\"https:\/\/www.piovan.com\/\",\"name\":\"PiovanGroup\",\"description\":\"\",\"publisher\":{\"@id\":\"https:\/\/www.piovan.com\/#organization\"},\"potentialAction\":[{\"@type\":\"SearchAction\",\"target\":{\"@type\":\"EntryPoint\",\"urlTemplate\":\"https:\/\/www.piovan.com\/?s={search_term_string}\"},\"query-input\":\"required name=search_term_string\"}],\"inLanguage\":\"de-DE\"},{\"@type\":\"Organization\",\"@id\":\"https:\/\/www.piovan.com\/#organization\",\"name\":\"PiovanGroup\",\"url\":\"https:\/\/www.piovan.com\/\",\"logo\":{\"@type\":\"ImageObject\",\"inLanguage\":\"de-DE\",\"@id\":\"https:\/\/www.piovan.com\/#\/schema\/logo\/image\/\",\"url\":\"https:\/\/www.piovan.com\/wp-content\/uploads\/2021\/06\/logo@2x.png\",\"contentUrl\":\"https:\/\/www.piovan.com\/wp-content\/uploads\/2021\/06\/logo@2x.png\",\"width\":489,\"height\":78,\"caption\":\"PiovanGroup\"},\"image\":{\"@id\":\"https:\/\/www.piovan.com\/#\/schema\/logo\/image\/\"}}]}<\/script>","yoast_head_json":{"title":"AIPC - Piovan Gruppe","robots":{"index":"index","follow":"follow","max-snippet":"max-snippet:-1","max-image-preview":"max-image-preview:large","max-video-preview":"max-video-preview:-1"},"canonical":"https:\/\/www.piovan.com\/de\/product\/aipc\/","og_locale":"de_DE","og_type":"article","og_title":"AIPC - PiovanGroup","og_description":"AIPC is an innovative control by means of which any Piovan drying system of the GenesysNext series can be connected to the preform injection moulding machine. AIPC has the capability of reading the injection pressure in real time and of stabilizing it to the desired value. The new algorithm specifically developed by Piovan R&amp;D can constantly adjust airflow, temperature and dewpoint of the process air, so that the injection pressure be kept at the highest possible level of constancy. AIPC [&hellip;]","og_url":"https:\/\/www.piovan.com\/de\/product\/aipc\/","og_site_name":"PiovanGroup","article_modified_time":"2024-09-19T09:06:40+00:00","og_image":[{"width":1200,"height":1560,"url":"https:\/\/www.piovan.com\/wp-content\/uploads\/AIPC_1200x1560px.png","type":"image\/png"}],"twitter_card":"summary_large_image","schema":{"@context":"https:\/\/schema.org","@graph":[{"@type":"WebPage","@id":"https:\/\/www.piovan.com\/product\/aipc\/","url":"https:\/\/www.piovan.com\/product\/aipc\/","name":"AIPC - PiovanGroup","isPartOf":{"@id":"https:\/\/www.piovan.com\/#website"},"datePublished":"2021-11-09T07:02:51+00:00","dateModified":"2024-09-19T09:06:40+00:00","breadcrumb":{"@id":"https:\/\/www.piovan.com\/product\/aipc\/#breadcrumb"},"inLanguage":"de-DE","potentialAction":[{"@type":"ReadAction","target":["https:\/\/www.piovan.com\/product\/aipc\/"]}]},{"@type":"BreadcrumbList","@id":"https:\/\/www.piovan.com\/product\/aipc\/#breadcrumb","itemListElement":[{"@type":"ListItem","position":1,"name":"Home","item":"https:\/\/www.piovan.com\/"},{"@type":"ListItem","position":2,"name":"Plastic","item":"https:\/\/www.piovan.com\/de\/products\/kunststoff\/"},{"@type":"ListItem","position":3,"name":"Drying &amp; Dehumidifying","item":"https:\/\/www.piovan.com\/de\/products\/kunststoff\/trockung-und-entfeuchtung\/"},{"@type":"ListItem","position":4,"name":"AIPC"}]},{"@type":"WebSite","@id":"https:\/\/www.piovan.com\/#website","url":"https:\/\/www.piovan.com\/","name":"PiovanGroup","description":"","publisher":{"@id":"https:\/\/www.piovan.com\/#organization"},"potentialAction":[{"@type":"SearchAction","target":{"@type":"EntryPoint","urlTemplate":"https:\/\/www.piovan.com\/?s={search_term_string}"},"query-input":"required name=search_term_string"}],"inLanguage":"de-DE"},{"@type":"Organization","@id":"https:\/\/www.piovan.com\/#organization","name":"PiovanGroup","url":"https:\/\/www.piovan.com\/","logo":{"@type":"ImageObject","inLanguage":"de-DE","@id":"https:\/\/www.piovan.com\/#\/schema\/logo\/image\/","url":"https:\/\/www.piovan.com\/wp-content\/uploads\/2021\/06\/logo@2x.png","contentUrl":"https:\/\/www.piovan.com\/wp-content\/uploads\/2021\/06\/logo@2x.png","width":489,"height":78,"caption":"PiovanGroup"},"image":{"@id":"https:\/\/www.piovan.com\/#\/schema\/logo\/image\/"}}]}},"_links":{"self":[{"href":"https:\/\/www.piovan.com\/de\/wp-json\/wp\/v2\/product\/4807"}],"collection":[{"href":"https:\/\/www.piovan.com\/de\/wp-json\/wp\/v2\/product"}],"about":[{"href":"https:\/\/www.piovan.com\/de\/wp-json\/wp\/v2\/types\/product"}],"version-history":[{"count":2,"href":"https:\/\/www.piovan.com\/de\/wp-json\/wp\/v2\/product\/4807\/revisions"}],"predecessor-version":[{"id":13128,"href":"https:\/\/www.piovan.com\/de\/wp-json\/wp\/v2\/product\/4807\/revisions\/13128"}],"wp:featuredmedia":[{"embeddable":true,"href":"https:\/\/www.piovan.com\/de\/wp-json\/wp\/v2\/media\/13123"}],"wp:attachment":[{"href":"https:\/\/www.piovan.com\/de\/wp-json\/wp\/v2\/media?parent=4807"}],"wp:term":[{"taxonomy":"post_tag","embeddable":true,"href":"https:\/\/www.piovan.com\/de\/wp-json\/wp\/v2\/tags?post=4807"}],"curies":[{"name":"wp","href":"https:\/\/api.w.org\/{rel}","templated":true}]}}