{"id":4799,"date":"2021-11-09T07:56:46","date_gmt":"2021-11-09T06:56:46","guid":{"rendered":"https:\/\/www.piovan.com\/?post_type=product&#038;p=4799"},"modified":"2025-02-26T16:02:21","modified_gmt":"2025-02-26T15:02:21","slug":"quantum","status":"publish","type":"product","link":"https:\/\/www.piovan.com\/de\/product\/quantum\/","title":{"rendered":"Quantum"},"content":{"rendered":"<p>Quantum sind gravimetrische\nMischwerke, die f\u00fcr alle plastischen\nMaterialien geeignet sind,\nunempfindlich gegen Vibrationen\nund einfach zu bedienen.\nAlle Oberfl\u00e4chen, die mit dem zu verarbeitenden\nMaterial in Ber\u00fchrung\nkommen, sind aus rostfreiem Stahl\nund k\u00f6nnen in den kritischsten Umgebungen\neingesetzt werden, wie z.B.\nim medizinischen Bereich und bei der\nLebensmittelverpackung. Die Baureihe\nkann bis zu 6 Dosierstationen haben,\ndie zum Entleeren oder Reinigen leicht\nentfernt werden k\u00f6nnen.<\/p>\n<p>Der Mischer kann separat \u00fcber der Verarbeitungsmaschine installiert werden und sorgt so f\u00fcr eine optimale Durchmischung, insbesondere nach der F\u00f6rderung von Materialien unterschiedlicher\nDichte \u00fcber lange Strecken.<\/p>\n<p>Entwickelt, um den Materialwechsel zu vereinfachen, wenn Gewicht und Gr\u00f6\u00dfe mit einer sicheren Handhabung vereinbar sind, k\u00f6nnen die Dosierstationen einfach und schnell von nur einem\nBediener entfernt werden.<\/p>\n<p>Die Quantum-Mischwerke sind mit Premium Evo erh\u00e4ltlich, einem 10-Zoll-Touchscreen mit allen wichtigen Informationen \u00fcber den Dosierer und einfachem Zugriff zu Einstellungen und Ereignis\/Alarm. Der Ethernet-Anschluss und die USB-Schnittstelle erm\u00f6glichen das Herunterladen der Protokolldatei und die Integration in \u00dcberwachungssysteme wie Piovan Winfactory 4.0. Dies erm\u00f6glicht die Verbrauchsberechnung\nzur Optimierung von Lager oder Produktion und unterst\u00fctzt die Qualit\u00e4tsabteilung bei der Verfolgung und Speicherung aller Produktionsphasen.<\/p>","protected":false},"featured_media":13570,"template":"","tags":[108,41],"acf":[],"yoast_head":"<title>Quantum - Piovan Gruppe<\/title>\n<meta name=\"robots\" content=\"index, follow, max-snippet:-1, max-image-preview:large, max-video-preview:-1\" \/>\n<link rel=\"canonical\" href=\"https:\/\/www.piovan.com\/de\/product\/quantum\/\" \/>\n<meta property=\"og:locale\" content=\"de_DE\" \/>\n<meta property=\"og:type\" content=\"article\" \/>\n<meta property=\"og:title\" content=\"Quantum - PiovanGroup\" \/>\n<meta property=\"og:description\" content=\"Quantum are gravimetric blenders suitable for all plastic materials, immune to vibrations and easy to use. All the surfaces that come into contact with the process material are stainless steel and can be used in the most critical environments, like the medical and food packaging sectors. Its semispherical shape assures perfect mixing without stagnation. The range can have up to 6 dosing stations, which can be easily removed, for emptying or cleaning. The mixer can be installed remotely over the [&hellip;]\" \/>\n<meta property=\"og:url\" content=\"https:\/\/www.piovan.com\/de\/product\/quantum\/\" \/>\n<meta property=\"og:site_name\" content=\"PiovanGroup\" \/>\n<meta property=\"article:modified_time\" content=\"2025-02-26T15:02:21+00:00\" \/>\n<meta property=\"og:image\" content=\"https:\/\/www.piovan.com\/wp-content\/uploads\/Quantum-1.png\" \/>\n\t<meta property=\"og:image:width\" content=\"1200\" \/>\n\t<meta property=\"og:image:height\" content=\"1560\" \/>\n\t<meta property=\"og:image:type\" content=\"image\/png\" \/>\n<meta name=\"twitter:card\" content=\"summary_large_image\" \/>\n<script type=\"application\/ld+json\" class=\"yoast-schema-graph\">{\"@context\":\"https:\/\/schema.org\",\"@graph\":[{\"@type\":\"WebPage\",\"@id\":\"https:\/\/www.piovan.com\/product\/quantum\/\",\"url\":\"https:\/\/www.piovan.com\/product\/quantum\/\",\"name\":\"Quantum - PiovanGroup\",\"isPartOf\":{\"@id\":\"https:\/\/www.piovan.com\/#website\"},\"datePublished\":\"2021-11-09T06:56:46+00:00\",\"dateModified\":\"2025-02-26T15:02:21+00:00\",\"breadcrumb\":{\"@id\":\"https:\/\/www.piovan.com\/product\/quantum\/#breadcrumb\"},\"inLanguage\":\"de-DE\",\"potentialAction\":[{\"@type\":\"ReadAction\",\"target\":[\"https:\/\/www.piovan.com\/product\/quantum\/\"]}]},{\"@type\":\"BreadcrumbList\",\"@id\":\"https:\/\/www.piovan.com\/product\/quantum\/#breadcrumb\",\"itemListElement\":[{\"@type\":\"ListItem\",\"position\":1,\"name\":\"Home\",\"item\":\"https:\/\/www.piovan.com\/\"},{\"@type\":\"ListItem\",\"position\":2,\"name\":\"Plastic\",\"item\":\"https:\/\/www.piovan.com\/de\/products\/kunststoff\/\"},{\"@type\":\"ListItem\",\"position\":3,\"name\":\"Dosing &amp; Blending\",\"item\":\"https:\/\/www.piovan.com\/de\/products\/kunststoff\/dosieren-mischen\/\"},{\"@type\":\"ListItem\",\"position\":4,\"name\":\"Quantum\"}]},{\"@type\":\"WebSite\",\"@id\":\"https:\/\/www.piovan.com\/#website\",\"url\":\"https:\/\/www.piovan.com\/\",\"name\":\"PiovanGroup\",\"description\":\"\",\"publisher\":{\"@id\":\"https:\/\/www.piovan.com\/#organization\"},\"potentialAction\":[{\"@type\":\"SearchAction\",\"target\":{\"@type\":\"EntryPoint\",\"urlTemplate\":\"https:\/\/www.piovan.com\/?s={search_term_string}\"},\"query-input\":\"required name=search_term_string\"}],\"inLanguage\":\"de-DE\"},{\"@type\":\"Organization\",\"@id\":\"https:\/\/www.piovan.com\/#organization\",\"name\":\"PiovanGroup\",\"url\":\"https:\/\/www.piovan.com\/\",\"logo\":{\"@type\":\"ImageObject\",\"inLanguage\":\"de-DE\",\"@id\":\"https:\/\/www.piovan.com\/#\/schema\/logo\/image\/\",\"url\":\"https:\/\/www.piovan.com\/wp-content\/uploads\/2021\/06\/logo@2x.png\",\"contentUrl\":\"https:\/\/www.piovan.com\/wp-content\/uploads\/2021\/06\/logo@2x.png\",\"width\":489,\"height\":78,\"caption\":\"PiovanGroup\"},\"image\":{\"@id\":\"https:\/\/www.piovan.com\/#\/schema\/logo\/image\/\"}}]}<\/script>","yoast_head_json":{"title":"Quantum - Piovan Gruppe","robots":{"index":"index","follow":"follow","max-snippet":"max-snippet:-1","max-image-preview":"max-image-preview:large","max-video-preview":"max-video-preview:-1"},"canonical":"https:\/\/www.piovan.com\/de\/product\/quantum\/","og_locale":"de_DE","og_type":"article","og_title":"Quantum - PiovanGroup","og_description":"Quantum are gravimetric blenders suitable for all plastic materials, immune to vibrations and easy to use. All the surfaces that come into contact with the process material are stainless steel and can be used in the most critical environments, like the medical and food packaging sectors. Its semispherical shape assures perfect mixing without stagnation. The range can have up to 6 dosing stations, which can be easily removed, for emptying or cleaning. The mixer can be installed remotely over the [&hellip;]","og_url":"https:\/\/www.piovan.com\/de\/product\/quantum\/","og_site_name":"PiovanGroup","article_modified_time":"2025-02-26T15:02:21+00:00","og_image":[{"width":1200,"height":1560,"url":"https:\/\/www.piovan.com\/wp-content\/uploads\/Quantum-1.png","type":"image\/png"}],"twitter_card":"summary_large_image","schema":{"@context":"https:\/\/schema.org","@graph":[{"@type":"WebPage","@id":"https:\/\/www.piovan.com\/product\/quantum\/","url":"https:\/\/www.piovan.com\/product\/quantum\/","name":"Quantum - PiovanGroup","isPartOf":{"@id":"https:\/\/www.piovan.com\/#website"},"datePublished":"2021-11-09T06:56:46+00:00","dateModified":"2025-02-26T15:02:21+00:00","breadcrumb":{"@id":"https:\/\/www.piovan.com\/product\/quantum\/#breadcrumb"},"inLanguage":"de-DE","potentialAction":[{"@type":"ReadAction","target":["https:\/\/www.piovan.com\/product\/quantum\/"]}]},{"@type":"BreadcrumbList","@id":"https:\/\/www.piovan.com\/product\/quantum\/#breadcrumb","itemListElement":[{"@type":"ListItem","position":1,"name":"Home","item":"https:\/\/www.piovan.com\/"},{"@type":"ListItem","position":2,"name":"Plastic","item":"https:\/\/www.piovan.com\/de\/products\/kunststoff\/"},{"@type":"ListItem","position":3,"name":"Dosing &amp; Blending","item":"https:\/\/www.piovan.com\/de\/products\/kunststoff\/dosieren-mischen\/"},{"@type":"ListItem","position":4,"name":"Quantum"}]},{"@type":"WebSite","@id":"https:\/\/www.piovan.com\/#website","url":"https:\/\/www.piovan.com\/","name":"PiovanGroup","description":"","publisher":{"@id":"https:\/\/www.piovan.com\/#organization"},"potentialAction":[{"@type":"SearchAction","target":{"@type":"EntryPoint","urlTemplate":"https:\/\/www.piovan.com\/?s={search_term_string}"},"query-input":"required name=search_term_string"}],"inLanguage":"de-DE"},{"@type":"Organization","@id":"https:\/\/www.piovan.com\/#organization","name":"PiovanGroup","url":"https:\/\/www.piovan.com\/","logo":{"@type":"ImageObject","inLanguage":"de-DE","@id":"https:\/\/www.piovan.com\/#\/schema\/logo\/image\/","url":"https:\/\/www.piovan.com\/wp-content\/uploads\/2021\/06\/logo@2x.png","contentUrl":"https:\/\/www.piovan.com\/wp-content\/uploads\/2021\/06\/logo@2x.png","width":489,"height":78,"caption":"PiovanGroup"},"image":{"@id":"https:\/\/www.piovan.com\/#\/schema\/logo\/image\/"}}]}},"_links":{"self":[{"href":"https:\/\/www.piovan.com\/de\/wp-json\/wp\/v2\/product\/4799"}],"collection":[{"href":"https:\/\/www.piovan.com\/de\/wp-json\/wp\/v2\/product"}],"about":[{"href":"https:\/\/www.piovan.com\/de\/wp-json\/wp\/v2\/types\/product"}],"version-history":[{"count":3,"href":"https:\/\/www.piovan.com\/de\/wp-json\/wp\/v2\/product\/4799\/revisions"}],"predecessor-version":[{"id":14556,"href":"https:\/\/www.piovan.com\/de\/wp-json\/wp\/v2\/product\/4799\/revisions\/14556"}],"wp:featuredmedia":[{"embeddable":true,"href":"https:\/\/www.piovan.com\/de\/wp-json\/wp\/v2\/media\/13570"}],"wp:attachment":[{"href":"https:\/\/www.piovan.com\/de\/wp-json\/wp\/v2\/media?parent=4799"}],"wp:term":[{"taxonomy":"post_tag","embeddable":true,"href":"https:\/\/www.piovan.com\/de\/wp-json\/wp\/v2\/tags?post=4799"}],"curies":[{"name":"wp","href":"https:\/\/api.w.org\/{rel}","templated":true}]}}