{"id":4768,"date":"2021-11-08T19:30:12","date_gmt":"2021-11-08T18:30:12","guid":{"rendered":"https:\/\/www.piovan.com\/?post_type=product&#038;p=4768"},"modified":"2025-01-09T16:53:39","modified_gmt":"2025-01-09T15:53:39","slug":"lybra-lv-lvr","status":"publish","type":"product","link":"https:\/\/www.piovan.com\/de\/product\/lybra-lv-lvr\/","title":{"rendered":"Lybra LV - LVR"},"content":{"rendered":"<p>Lybra LV ist ein volumetrischer, pr\u00e4ziser\nund flexibler Dosierer. Er ist auch\nin einer wassergek\u00fchlten Version unter\ndem Namen LVR erh\u00e4ltlich.<\/p>\n<p>Die Dosierschnecke ist in 3 Konfigurationen\nerh\u00e4ltlich: ein-, zwei- oder dreig\u00e4ngige\nSchnecken, die ein hohes Ma\u00df\nan Pr\u00e4zision und Wiederholgenauigkeit\ngew\u00e4hrleisten<br \/>\nDie Einheit verf\u00fcgt \u00fcber eine Mikroprozessor-Steuerung mit einem 7-Zoll Touchscreen-Bildschirm. Ein einziger Bildschirm mit einer intuitiv bedienbaren graphischen Oberfl\u00e4che erm\u00f6glicht es dem Benutzer, den Betrieb des gesamten Systems zu \u00fcberwachen, die eingestellten Sollwerte der Dosierung mit den Istwerten zu vergleichen und die momentanen Prozessparameter zu \u00fcberpr\u00fcfen. Zudem gew\u00e4hrt der Bildschirm Zugang zu s\u00e4mtlichen Ger\u00e4tefunktionen.<\/p>\n<p>Entwickelt, um den Materialwechsel zu\nvereinfachen, k\u00f6nnen die Dosierstationen\neinfach und schnell von nur einem\nBediener entfernt und zwischen den\nGer\u00e4ten verschoben werden.<br \/>\nDie Dosierschnecke ist in 3 verschiedenen Gewindeg\u00e4ngen erh\u00e4ltlich, selbst geringe Materialmengen k\u00f6nnen mit hoher Pr\u00e4zision und Wiederholgenauigkeit dosiert werden.<\/p>\n<p>Der zentrale K\u00f6rper ist mit einem statischen\nMischer ausgestattet, der daf\u00fcr\nsorgt, dass die Zusatzstoffe in der\nMitte der Neumaterial-S\u00e4ule eintreten,\nwodurch eine perfekte Durchmischung\ngew\u00e4hrleistet ist.<\/p>","protected":false},"featured_media":13452,"template":"","tags":[108],"acf":[],"yoast_head":"<title>Lybra LV - LVR - Piovan Gruppe<\/title>\n<meta name=\"robots\" content=\"index, follow, max-snippet:-1, max-image-preview:large, max-video-preview:-1\" \/>\n<link rel=\"canonical\" href=\"https:\/\/www.piovan.com\/de\/product\/lybra-lv-lvr\/\" \/>\n<meta property=\"og:locale\" content=\"de_DE\" \/>\n<meta property=\"og:type\" content=\"article\" \/>\n<meta property=\"og:title\" content=\"Lybra LV - LVR - PiovanGroup\" \/>\n<meta property=\"og:description\" content=\"Lybra LV is a volumetric precise and flexible doser. It is also available in water-cooled version under the name of LVR. The dosing auger is available in 3 configurations, single, dual or triple flight screws, assures high levels of accuracy and repeatability. The intuitive graphical user interface allows the operator to control the main parameters such as actual and set values or instantaneous production and access all unit\u2019s functions. Designed to simplify the change of materials, dosing stations can be [&hellip;]\" \/>\n<meta property=\"og:url\" content=\"https:\/\/www.piovan.com\/de\/product\/lybra-lv-lvr\/\" \/>\n<meta property=\"og:site_name\" content=\"PiovanGroup\" \/>\n<meta property=\"article:modified_time\" content=\"2025-01-09T15:53:39+00:00\" \/>\n<meta property=\"og:image\" content=\"https:\/\/www.piovan.com\/wp-content\/uploads\/Lybra-LV.png\" \/>\n\t<meta property=\"og:image:width\" content=\"1200\" \/>\n\t<meta property=\"og:image:height\" content=\"1560\" \/>\n\t<meta property=\"og:image:type\" content=\"image\/png\" \/>\n<meta name=\"twitter:card\" content=\"summary_large_image\" \/>\n<script type=\"application\/ld+json\" class=\"yoast-schema-graph\">{\"@context\":\"https:\/\/schema.org\",\"@graph\":[{\"@type\":\"WebPage\",\"@id\":\"https:\/\/www.piovan.com\/product\/lybra-lv-lvr\/\",\"url\":\"https:\/\/www.piovan.com\/product\/lybra-lv-lvr\/\",\"name\":\"Lybra LV - LVR - PiovanGroup\",\"isPartOf\":{\"@id\":\"https:\/\/www.piovan.com\/#website\"},\"datePublished\":\"2021-11-08T18:30:12+00:00\",\"dateModified\":\"2025-01-09T15:53:39+00:00\",\"breadcrumb\":{\"@id\":\"https:\/\/www.piovan.com\/product\/lybra-lv-lvr\/#breadcrumb\"},\"inLanguage\":\"de-DE\",\"potentialAction\":[{\"@type\":\"ReadAction\",\"target\":[\"https:\/\/www.piovan.com\/product\/lybra-lv-lvr\/\"]}]},{\"@type\":\"BreadcrumbList\",\"@id\":\"https:\/\/www.piovan.com\/product\/lybra-lv-lvr\/#breadcrumb\",\"itemListElement\":[{\"@type\":\"ListItem\",\"position\":1,\"name\":\"Home\",\"item\":\"https:\/\/www.piovan.com\/\"},{\"@type\":\"ListItem\",\"position\":2,\"name\":\"Plastic\",\"item\":\"https:\/\/www.piovan.com\/de\/products\/kunststoff\/\"},{\"@type\":\"ListItem\",\"position\":3,\"name\":\"Dosing &amp; Blending\",\"item\":\"https:\/\/www.piovan.com\/de\/products\/kunststoff\/dosieren-mischen\/\"},{\"@type\":\"ListItem\",\"position\":4,\"name\":\"Lybra LV - LVR\"}]},{\"@type\":\"WebSite\",\"@id\":\"https:\/\/www.piovan.com\/#website\",\"url\":\"https:\/\/www.piovan.com\/\",\"name\":\"PiovanGroup\",\"description\":\"\",\"publisher\":{\"@id\":\"https:\/\/www.piovan.com\/#organization\"},\"potentialAction\":[{\"@type\":\"SearchAction\",\"target\":{\"@type\":\"EntryPoint\",\"urlTemplate\":\"https:\/\/www.piovan.com\/?s={search_term_string}\"},\"query-input\":\"required name=search_term_string\"}],\"inLanguage\":\"de-DE\"},{\"@type\":\"Organization\",\"@id\":\"https:\/\/www.piovan.com\/#organization\",\"name\":\"PiovanGroup\",\"url\":\"https:\/\/www.piovan.com\/\",\"logo\":{\"@type\":\"ImageObject\",\"inLanguage\":\"de-DE\",\"@id\":\"https:\/\/www.piovan.com\/#\/schema\/logo\/image\/\",\"url\":\"https:\/\/www.piovan.com\/wp-content\/uploads\/2021\/06\/logo@2x.png\",\"contentUrl\":\"https:\/\/www.piovan.com\/wp-content\/uploads\/2021\/06\/logo@2x.png\",\"width\":489,\"height\":78,\"caption\":\"PiovanGroup\"},\"image\":{\"@id\":\"https:\/\/www.piovan.com\/#\/schema\/logo\/image\/\"}}]}<\/script>","yoast_head_json":{"title":"Lybra LV - LVR - Piovan Gruppe","robots":{"index":"index","follow":"follow","max-snippet":"max-snippet:-1","max-image-preview":"max-image-preview:large","max-video-preview":"max-video-preview:-1"},"canonical":"https:\/\/www.piovan.com\/de\/product\/lybra-lv-lvr\/","og_locale":"de_DE","og_type":"article","og_title":"Lybra LV - LVR - PiovanGroup","og_description":"Lybra LV is a volumetric precise and flexible doser. It is also available in water-cooled version under the name of LVR. The dosing auger is available in 3 configurations, single, dual or triple flight screws, assures high levels of accuracy and repeatability. The intuitive graphical user interface allows the operator to control the main parameters such as actual and set values or instantaneous production and access all unit\u2019s functions. Designed to simplify the change of materials, dosing stations can be [&hellip;]","og_url":"https:\/\/www.piovan.com\/de\/product\/lybra-lv-lvr\/","og_site_name":"PiovanGroup","article_modified_time":"2025-01-09T15:53:39+00:00","og_image":[{"width":1200,"height":1560,"url":"https:\/\/www.piovan.com\/wp-content\/uploads\/Lybra-LV.png","type":"image\/png"}],"twitter_card":"summary_large_image","schema":{"@context":"https:\/\/schema.org","@graph":[{"@type":"WebPage","@id":"https:\/\/www.piovan.com\/product\/lybra-lv-lvr\/","url":"https:\/\/www.piovan.com\/product\/lybra-lv-lvr\/","name":"Lybra LV - LVR - PiovanGroup","isPartOf":{"@id":"https:\/\/www.piovan.com\/#website"},"datePublished":"2021-11-08T18:30:12+00:00","dateModified":"2025-01-09T15:53:39+00:00","breadcrumb":{"@id":"https:\/\/www.piovan.com\/product\/lybra-lv-lvr\/#breadcrumb"},"inLanguage":"de-DE","potentialAction":[{"@type":"ReadAction","target":["https:\/\/www.piovan.com\/product\/lybra-lv-lvr\/"]}]},{"@type":"BreadcrumbList","@id":"https:\/\/www.piovan.com\/product\/lybra-lv-lvr\/#breadcrumb","itemListElement":[{"@type":"ListItem","position":1,"name":"Home","item":"https:\/\/www.piovan.com\/"},{"@type":"ListItem","position":2,"name":"Plastic","item":"https:\/\/www.piovan.com\/de\/products\/kunststoff\/"},{"@type":"ListItem","position":3,"name":"Dosing &amp; Blending","item":"https:\/\/www.piovan.com\/de\/products\/kunststoff\/dosieren-mischen\/"},{"@type":"ListItem","position":4,"name":"Lybra LV - LVR"}]},{"@type":"WebSite","@id":"https:\/\/www.piovan.com\/#website","url":"https:\/\/www.piovan.com\/","name":"PiovanGroup","description":"","publisher":{"@id":"https:\/\/www.piovan.com\/#organization"},"potentialAction":[{"@type":"SearchAction","target":{"@type":"EntryPoint","urlTemplate":"https:\/\/www.piovan.com\/?s={search_term_string}"},"query-input":"required name=search_term_string"}],"inLanguage":"de-DE"},{"@type":"Organization","@id":"https:\/\/www.piovan.com\/#organization","name":"PiovanGroup","url":"https:\/\/www.piovan.com\/","logo":{"@type":"ImageObject","inLanguage":"de-DE","@id":"https:\/\/www.piovan.com\/#\/schema\/logo\/image\/","url":"https:\/\/www.piovan.com\/wp-content\/uploads\/2021\/06\/logo@2x.png","contentUrl":"https:\/\/www.piovan.com\/wp-content\/uploads\/2021\/06\/logo@2x.png","width":489,"height":78,"caption":"PiovanGroup"},"image":{"@id":"https:\/\/www.piovan.com\/#\/schema\/logo\/image\/"}}]}},"_links":{"self":[{"href":"https:\/\/www.piovan.com\/de\/wp-json\/wp\/v2\/product\/4768"}],"collection":[{"href":"https:\/\/www.piovan.com\/de\/wp-json\/wp\/v2\/product"}],"about":[{"href":"https:\/\/www.piovan.com\/de\/wp-json\/wp\/v2\/types\/product"}],"version-history":[{"count":4,"href":"https:\/\/www.piovan.com\/de\/wp-json\/wp\/v2\/product\/4768\/revisions"}],"predecessor-version":[{"id":14206,"href":"https:\/\/www.piovan.com\/de\/wp-json\/wp\/v2\/product\/4768\/revisions\/14206"}],"wp:featuredmedia":[{"embeddable":true,"href":"https:\/\/www.piovan.com\/de\/wp-json\/wp\/v2\/media\/13452"}],"wp:attachment":[{"href":"https:\/\/www.piovan.com\/de\/wp-json\/wp\/v2\/media?parent=4768"}],"wp:term":[{"taxonomy":"post_tag","embeddable":true,"href":"https:\/\/www.piovan.com\/de\/wp-json\/wp\/v2\/tags?post=4768"}],"curies":[{"name":"wp","href":"https:\/\/api.w.org\/{rel}","templated":true}]}}