{"id":4761,"date":"2021-11-08T19:21:23","date_gmt":"2021-11-08T18:21:23","guid":{"rendered":"https:\/\/www.piovan.com\/?post_type=product&#038;p=4761"},"modified":"2025-01-09T17:04:50","modified_gmt":"2025-01-09T16:04:50","slug":"lybra-lg-lgr","status":"publish","type":"product","link":"https:\/\/www.piovan.com\/de\/product\/lybra-lg-lgr\/","title":{"rendered":"Lybra LG - LGR"},"content":{"rendered":"<p>Lybra LG ist ein gravimetrischer Dosierer,\nder pr\u00e4zise und flexibel ist. Er ist\nauch in einer gek\u00fchlten Version unter\ndem Namen LGR erh\u00e4ltlich.<\/p>\n<p>Die Dosierschnecke ist in 3 Konfigurationen\nerh\u00e4ltlich: ein-, zwei- oder dreig\u00e4ngige\nSchnecken, die ein hohes Ma\u00df\nan Pr\u00e4zision und Wiederholgenauigkeit\ngew\u00e4hrleisten.<br \/>\nDie Einheit verf\u00fcgt \u00fcber eine Mikroprozessor-Steuerung mit einem 7-Zoll Touchscreen-Bildschirm. Ein einziger Bildschirm mit einer intuitiv bedienbaren graphischen Oberfl\u00e4che erm\u00f6glicht es dem Benutzer, den Betrieb des gesamten Systems zu \u00fcberwachen, die eingestellten Sollwerte der Dosierung mit den Istwerten zu vergleichen und die momentanen Prozessparameter zu \u00fcberpr\u00fcfen. Zudem gew\u00e4hrt der Bildschirm Zugang zu s\u00e4mtlichen Ger\u00e4tefunktionen.<\/p>\n<p>Lybra LG\/LGR kann problemlos in ein\n\u00dcberwachungssystem integriert werden\nund ist Winfactory-4.0-f\u00e4hig.<br \/>\nDer zentrale K\u00f6rper ist mit einem statischen\nMischer ausgestattet, der daf\u00fcr\nsorgt, dass die Zusatzstoffe in der\nMitte der Neumaterial-S\u00e4ule eintreten,\nwodurch eine perfekte Durchmischung\ngew\u00e4hrleistet ist.<\/p>\n<p>Dosierstation, die die \u00dcberdosierung\ndes Zusatzstoffs in den Prozessstrom\nsteuert, sowie \u00fcber eine Konstruktion\nmit zwei W\u00e4gezellen, bei der nur\nder Verweiltrichter durch W\u00e4gezellen\nunterst\u00fctzt wird. Eine separate Halterung\nisoliert den Trichterlader von der\nLadevorrichtung. Diese Konstruktion\nerm\u00f6glicht einen h\u00f6heren Materialdurchsatz,\neine gr\u00f6\u00dfere Genauigkeit\nund einen geringeren Verschlei\u00df des\nGer\u00e4ts.<\/p>","protected":false},"featured_media":13448,"template":"","tags":[108,41],"acf":[],"yoast_head":"<title>Lybra LG - LGR - Piovan Gruppe<\/title>\n<meta name=\"robots\" content=\"index, follow, max-snippet:-1, max-image-preview:large, max-video-preview:-1\" \/>\n<link rel=\"canonical\" href=\"https:\/\/www.piovan.com\/de\/product\/lybra-lg-lgr\/\" \/>\n<meta property=\"og:locale\" content=\"de_DE\" \/>\n<meta property=\"og:type\" content=\"article\" \/>\n<meta property=\"og:title\" content=\"Lybra LG - LGR - PiovanGroup\" \/>\n<meta property=\"og:description\" content=\"Lybra LG is a gravimetric doser which is precise and flexible. It is also available in cooled version under the name of LGR. The dosing auger available in 3 configurations, single, dual or triple flight screws, assures high level of accuracy and repeatability. The intuitive graphical user interface allows the operator to control the main parameters such as actual and set values or instantaneous production and access all unit\u2019s functions. Lybra LG\/LGR can be easily integrated in supervision system and [&hellip;]\" \/>\n<meta property=\"og:url\" content=\"https:\/\/www.piovan.com\/de\/product\/lybra-lg-lgr\/\" \/>\n<meta property=\"og:site_name\" content=\"PiovanGroup\" \/>\n<meta property=\"article:modified_time\" content=\"2025-01-09T16:04:50+00:00\" \/>\n<meta property=\"og:image\" content=\"https:\/\/www.piovan.com\/wp-content\/uploads\/Lybra-LG.png\" \/>\n\t<meta property=\"og:image:width\" content=\"1200\" \/>\n\t<meta property=\"og:image:height\" content=\"1560\" \/>\n\t<meta property=\"og:image:type\" content=\"image\/png\" \/>\n<meta name=\"twitter:card\" content=\"summary_large_image\" \/>\n<script type=\"application\/ld+json\" class=\"yoast-schema-graph\">{\"@context\":\"https:\/\/schema.org\",\"@graph\":[{\"@type\":\"WebPage\",\"@id\":\"https:\/\/www.piovan.com\/product\/lybra-lg-lgr\/\",\"url\":\"https:\/\/www.piovan.com\/product\/lybra-lg-lgr\/\",\"name\":\"Lybra LG - LGR - PiovanGroup\",\"isPartOf\":{\"@id\":\"https:\/\/www.piovan.com\/#website\"},\"datePublished\":\"2021-11-08T18:21:23+00:00\",\"dateModified\":\"2025-01-09T16:04:50+00:00\",\"breadcrumb\":{\"@id\":\"https:\/\/www.piovan.com\/product\/lybra-lg-lgr\/#breadcrumb\"},\"inLanguage\":\"de-DE\",\"potentialAction\":[{\"@type\":\"ReadAction\",\"target\":[\"https:\/\/www.piovan.com\/product\/lybra-lg-lgr\/\"]}]},{\"@type\":\"BreadcrumbList\",\"@id\":\"https:\/\/www.piovan.com\/product\/lybra-lg-lgr\/#breadcrumb\",\"itemListElement\":[{\"@type\":\"ListItem\",\"position\":1,\"name\":\"Home\",\"item\":\"https:\/\/www.piovan.com\/\"},{\"@type\":\"ListItem\",\"position\":2,\"name\":\"Plastic\",\"item\":\"https:\/\/www.piovan.com\/de\/products\/kunststoff\/\"},{\"@type\":\"ListItem\",\"position\":3,\"name\":\"Dosing &amp; Blending\",\"item\":\"https:\/\/www.piovan.com\/de\/products\/kunststoff\/dosieren-mischen\/\"},{\"@type\":\"ListItem\",\"position\":4,\"name\":\"Lybra LG - LGR\"}]},{\"@type\":\"WebSite\",\"@id\":\"https:\/\/www.piovan.com\/#website\",\"url\":\"https:\/\/www.piovan.com\/\",\"name\":\"PiovanGroup\",\"description\":\"\",\"publisher\":{\"@id\":\"https:\/\/www.piovan.com\/#organization\"},\"potentialAction\":[{\"@type\":\"SearchAction\",\"target\":{\"@type\":\"EntryPoint\",\"urlTemplate\":\"https:\/\/www.piovan.com\/?s={search_term_string}\"},\"query-input\":\"required name=search_term_string\"}],\"inLanguage\":\"de-DE\"},{\"@type\":\"Organization\",\"@id\":\"https:\/\/www.piovan.com\/#organization\",\"name\":\"PiovanGroup\",\"url\":\"https:\/\/www.piovan.com\/\",\"logo\":{\"@type\":\"ImageObject\",\"inLanguage\":\"de-DE\",\"@id\":\"https:\/\/www.piovan.com\/#\/schema\/logo\/image\/\",\"url\":\"https:\/\/www.piovan.com\/wp-content\/uploads\/2021\/06\/logo@2x.png\",\"contentUrl\":\"https:\/\/www.piovan.com\/wp-content\/uploads\/2021\/06\/logo@2x.png\",\"width\":489,\"height\":78,\"caption\":\"PiovanGroup\"},\"image\":{\"@id\":\"https:\/\/www.piovan.com\/#\/schema\/logo\/image\/\"}}]}<\/script>","yoast_head_json":{"title":"Lybra LG - LGR - Piovan Gruppe","robots":{"index":"index","follow":"follow","max-snippet":"max-snippet:-1","max-image-preview":"max-image-preview:large","max-video-preview":"max-video-preview:-1"},"canonical":"https:\/\/www.piovan.com\/de\/product\/lybra-lg-lgr\/","og_locale":"de_DE","og_type":"article","og_title":"Lybra LG - LGR - PiovanGroup","og_description":"Lybra LG is a gravimetric doser which is precise and flexible. It is also available in cooled version under the name of LGR. The dosing auger available in 3 configurations, single, dual or triple flight screws, assures high level of accuracy and repeatability. The intuitive graphical user interface allows the operator to control the main parameters such as actual and set values or instantaneous production and access all unit\u2019s functions. Lybra LG\/LGR can be easily integrated in supervision system and [&hellip;]","og_url":"https:\/\/www.piovan.com\/de\/product\/lybra-lg-lgr\/","og_site_name":"PiovanGroup","article_modified_time":"2025-01-09T16:04:50+00:00","og_image":[{"width":1200,"height":1560,"url":"https:\/\/www.piovan.com\/wp-content\/uploads\/Lybra-LG.png","type":"image\/png"}],"twitter_card":"summary_large_image","schema":{"@context":"https:\/\/schema.org","@graph":[{"@type":"WebPage","@id":"https:\/\/www.piovan.com\/product\/lybra-lg-lgr\/","url":"https:\/\/www.piovan.com\/product\/lybra-lg-lgr\/","name":"Lybra LG - LGR - PiovanGroup","isPartOf":{"@id":"https:\/\/www.piovan.com\/#website"},"datePublished":"2021-11-08T18:21:23+00:00","dateModified":"2025-01-09T16:04:50+00:00","breadcrumb":{"@id":"https:\/\/www.piovan.com\/product\/lybra-lg-lgr\/#breadcrumb"},"inLanguage":"de-DE","potentialAction":[{"@type":"ReadAction","target":["https:\/\/www.piovan.com\/product\/lybra-lg-lgr\/"]}]},{"@type":"BreadcrumbList","@id":"https:\/\/www.piovan.com\/product\/lybra-lg-lgr\/#breadcrumb","itemListElement":[{"@type":"ListItem","position":1,"name":"Home","item":"https:\/\/www.piovan.com\/"},{"@type":"ListItem","position":2,"name":"Plastic","item":"https:\/\/www.piovan.com\/de\/products\/kunststoff\/"},{"@type":"ListItem","position":3,"name":"Dosing &amp; Blending","item":"https:\/\/www.piovan.com\/de\/products\/kunststoff\/dosieren-mischen\/"},{"@type":"ListItem","position":4,"name":"Lybra LG - LGR"}]},{"@type":"WebSite","@id":"https:\/\/www.piovan.com\/#website","url":"https:\/\/www.piovan.com\/","name":"PiovanGroup","description":"","publisher":{"@id":"https:\/\/www.piovan.com\/#organization"},"potentialAction":[{"@type":"SearchAction","target":{"@type":"EntryPoint","urlTemplate":"https:\/\/www.piovan.com\/?s={search_term_string}"},"query-input":"required name=search_term_string"}],"inLanguage":"de-DE"},{"@type":"Organization","@id":"https:\/\/www.piovan.com\/#organization","name":"PiovanGroup","url":"https:\/\/www.piovan.com\/","logo":{"@type":"ImageObject","inLanguage":"de-DE","@id":"https:\/\/www.piovan.com\/#\/schema\/logo\/image\/","url":"https:\/\/www.piovan.com\/wp-content\/uploads\/2021\/06\/logo@2x.png","contentUrl":"https:\/\/www.piovan.com\/wp-content\/uploads\/2021\/06\/logo@2x.png","width":489,"height":78,"caption":"PiovanGroup"},"image":{"@id":"https:\/\/www.piovan.com\/#\/schema\/logo\/image\/"}}]}},"_links":{"self":[{"href":"https:\/\/www.piovan.com\/de\/wp-json\/wp\/v2\/product\/4761"}],"collection":[{"href":"https:\/\/www.piovan.com\/de\/wp-json\/wp\/v2\/product"}],"about":[{"href":"https:\/\/www.piovan.com\/de\/wp-json\/wp\/v2\/types\/product"}],"version-history":[{"count":3,"href":"https:\/\/www.piovan.com\/de\/wp-json\/wp\/v2\/product\/4761\/revisions"}],"predecessor-version":[{"id":14209,"href":"https:\/\/www.piovan.com\/de\/wp-json\/wp\/v2\/product\/4761\/revisions\/14209"}],"wp:featuredmedia":[{"embeddable":true,"href":"https:\/\/www.piovan.com\/de\/wp-json\/wp\/v2\/media\/13448"}],"wp:attachment":[{"href":"https:\/\/www.piovan.com\/de\/wp-json\/wp\/v2\/media?parent=4761"}],"wp:term":[{"taxonomy":"post_tag","embeddable":true,"href":"https:\/\/www.piovan.com\/de\/wp-json\/wp\/v2\/tags?post=4761"}],"curies":[{"name":"wp","href":"https:\/\/api.w.org\/{rel}","templated":true}]}}