{"id":4596,"date":"2021-11-06T19:57:58","date_gmt":"2021-11-06T18:57:58","guid":{"rendered":"http:\/\/188.166.2.129\/product\/bds-100\/"},"modified":"2024-10-04T09:58:37","modified_gmt":"2024-10-04T07:58:37","slug":"bds-100","status":"publish","type":"product","link":"https:\/\/www.piovan.com\/de\/product\/bds-100\/","title":{"rendered":"BDS 100"},"content":{"rendered":"<p>Die BDS 100 ist f\u00fcr das Dosieren und Mischen von Granulaten sowie anderen Sch\u00fcttg\u00fctern wie Flakes und Mahlgut konzipiert. Dabei werden die Hauptkomponenten entsprechend des Mischungsverh\u00e4ltnisses \u00fcber Schieber dosiert. Nebenkomponenten wie Masterbatches werden \u00fcber Schneckendosierungen hinzugef\u00fcgt.<\/p>\n<p>FDM Batchdosierungen garantieren eine exakte Dosierung der Komponenten und ein homogenes Gemisch der Sch\u00fcttg\u00fcter.<\/p>","protected":false},"featured_media":4659,"template":"","tags":[42],"acf":[],"yoast_head":"<title>BDS 100 - PiovanGroup<\/title>\n<meta name=\"robots\" content=\"index, follow, max-snippet:-1, max-image-preview:large, max-video-preview:-1\" \/>\n<link rel=\"canonical\" href=\"https:\/\/www.piovan.com\/de\/product\/bds-100\/\" \/>\n<meta property=\"og:locale\" content=\"de_DE\" \/>\n<meta property=\"og:type\" content=\"article\" \/>\n<meta property=\"og:title\" content=\"BDS 100 - PiovanGroup\" \/>\n<meta property=\"og:description\" content=\"The BDS 100 is designed for the dosing and mixing of granules or other bulk like flakes and regrind. Main components are dosed by slide gates into a scaled hopper. Auxiliary components are dosed with screws, driven by servo motors. FDM batch blenders ensure a homogeneous mix of the materials and the highest standard regarding the accuracy.\" \/>\n<meta property=\"og:url\" content=\"https:\/\/www.piovan.com\/de\/product\/bds-100\/\" \/>\n<meta property=\"og:site_name\" content=\"PiovanGroup\" \/>\n<meta property=\"article:modified_time\" content=\"2024-10-04T07:58:37+00:00\" \/>\n<meta property=\"og:image\" content=\"https:\/\/www.piovan.com\/wp-content\/uploads\/Product_1200x1560px_0004_BDS-100-1.png\" \/>\n\t<meta property=\"og:image:width\" content=\"1200\" \/>\n\t<meta property=\"og:image:height\" content=\"1560\" \/>\n\t<meta property=\"og:image:type\" content=\"image\/png\" \/>\n<meta name=\"twitter:card\" content=\"summary_large_image\" \/>\n<script type=\"application\/ld+json\" class=\"yoast-schema-graph\">{\"@context\":\"https:\/\/schema.org\",\"@graph\":[{\"@type\":\"WebPage\",\"@id\":\"https:\/\/www.piovan.com\/product\/bds-100\/\",\"url\":\"https:\/\/www.piovan.com\/product\/bds-100\/\",\"name\":\"BDS 100 - PiovanGroup\",\"isPartOf\":{\"@id\":\"https:\/\/www.piovan.com\/#website\"},\"datePublished\":\"2021-11-06T18:57:58+00:00\",\"dateModified\":\"2024-10-04T07:58:37+00:00\",\"breadcrumb\":{\"@id\":\"https:\/\/www.piovan.com\/product\/bds-100\/#breadcrumb\"},\"inLanguage\":\"de-DE\",\"potentialAction\":[{\"@type\":\"ReadAction\",\"target\":[\"https:\/\/www.piovan.com\/product\/bds-100\/\"]}]},{\"@type\":\"BreadcrumbList\",\"@id\":\"https:\/\/www.piovan.com\/product\/bds-100\/#breadcrumb\",\"itemListElement\":[{\"@type\":\"ListItem\",\"position\":1,\"name\":\"Home\",\"item\":\"https:\/\/www.piovan.com\/\"},{\"@type\":\"ListItem\",\"position\":2,\"name\":\"Plastic\",\"item\":\"https:\/\/www.piovan.com\/de\/products\/kunststoff\/\"},{\"@type\":\"ListItem\",\"position\":3,\"name\":\"Dosing &amp; Blending\",\"item\":\"https:\/\/www.piovan.com\/de\/products\/kunststoff\/dosieren-mischen\/\"},{\"@type\":\"ListItem\",\"position\":4,\"name\":\"BDS 100\"}]},{\"@type\":\"WebSite\",\"@id\":\"https:\/\/www.piovan.com\/#website\",\"url\":\"https:\/\/www.piovan.com\/\",\"name\":\"PiovanGroup\",\"description\":\"\",\"publisher\":{\"@id\":\"https:\/\/www.piovan.com\/#organization\"},\"potentialAction\":[{\"@type\":\"SearchAction\",\"target\":{\"@type\":\"EntryPoint\",\"urlTemplate\":\"https:\/\/www.piovan.com\/?s={search_term_string}\"},\"query-input\":\"required name=search_term_string\"}],\"inLanguage\":\"de-DE\"},{\"@type\":\"Organization\",\"@id\":\"https:\/\/www.piovan.com\/#organization\",\"name\":\"PiovanGroup\",\"url\":\"https:\/\/www.piovan.com\/\",\"logo\":{\"@type\":\"ImageObject\",\"inLanguage\":\"de-DE\",\"@id\":\"https:\/\/www.piovan.com\/#\/schema\/logo\/image\/\",\"url\":\"https:\/\/www.piovan.com\/wp-content\/uploads\/2021\/06\/logo@2x.png\",\"contentUrl\":\"https:\/\/www.piovan.com\/wp-content\/uploads\/2021\/06\/logo@2x.png\",\"width\":489,\"height\":78,\"caption\":\"PiovanGroup\"},\"image\":{\"@id\":\"https:\/\/www.piovan.com\/#\/schema\/logo\/image\/\"}}]}<\/script>","yoast_head_json":{"title":"BDS 100 - PiovanGroup","robots":{"index":"index","follow":"follow","max-snippet":"max-snippet:-1","max-image-preview":"max-image-preview:large","max-video-preview":"max-video-preview:-1"},"canonical":"https:\/\/www.piovan.com\/de\/product\/bds-100\/","og_locale":"de_DE","og_type":"article","og_title":"BDS 100 - PiovanGroup","og_description":"The BDS 100 is designed for the dosing and mixing of granules or other bulk like flakes and regrind. Main components are dosed by slide gates into a scaled hopper. Auxiliary components are dosed with screws, driven by servo motors. FDM batch blenders ensure a homogeneous mix of the materials and the highest standard regarding the accuracy.","og_url":"https:\/\/www.piovan.com\/de\/product\/bds-100\/","og_site_name":"PiovanGroup","article_modified_time":"2024-10-04T07:58:37+00:00","og_image":[{"width":1200,"height":1560,"url":"https:\/\/www.piovan.com\/wp-content\/uploads\/Product_1200x1560px_0004_BDS-100-1.png","type":"image\/png"}],"twitter_card":"summary_large_image","schema":{"@context":"https:\/\/schema.org","@graph":[{"@type":"WebPage","@id":"https:\/\/www.piovan.com\/product\/bds-100\/","url":"https:\/\/www.piovan.com\/product\/bds-100\/","name":"BDS 100 - PiovanGroup","isPartOf":{"@id":"https:\/\/www.piovan.com\/#website"},"datePublished":"2021-11-06T18:57:58+00:00","dateModified":"2024-10-04T07:58:37+00:00","breadcrumb":{"@id":"https:\/\/www.piovan.com\/product\/bds-100\/#breadcrumb"},"inLanguage":"de-DE","potentialAction":[{"@type":"ReadAction","target":["https:\/\/www.piovan.com\/product\/bds-100\/"]}]},{"@type":"BreadcrumbList","@id":"https:\/\/www.piovan.com\/product\/bds-100\/#breadcrumb","itemListElement":[{"@type":"ListItem","position":1,"name":"Home","item":"https:\/\/www.piovan.com\/"},{"@type":"ListItem","position":2,"name":"Plastic","item":"https:\/\/www.piovan.com\/de\/products\/kunststoff\/"},{"@type":"ListItem","position":3,"name":"Dosing &amp; Blending","item":"https:\/\/www.piovan.com\/de\/products\/kunststoff\/dosieren-mischen\/"},{"@type":"ListItem","position":4,"name":"BDS 100"}]},{"@type":"WebSite","@id":"https:\/\/www.piovan.com\/#website","url":"https:\/\/www.piovan.com\/","name":"PiovanGroup","description":"","publisher":{"@id":"https:\/\/www.piovan.com\/#organization"},"potentialAction":[{"@type":"SearchAction","target":{"@type":"EntryPoint","urlTemplate":"https:\/\/www.piovan.com\/?s={search_term_string}"},"query-input":"required name=search_term_string"}],"inLanguage":"de-DE"},{"@type":"Organization","@id":"https:\/\/www.piovan.com\/#organization","name":"PiovanGroup","url":"https:\/\/www.piovan.com\/","logo":{"@type":"ImageObject","inLanguage":"de-DE","@id":"https:\/\/www.piovan.com\/#\/schema\/logo\/image\/","url":"https:\/\/www.piovan.com\/wp-content\/uploads\/2021\/06\/logo@2x.png","contentUrl":"https:\/\/www.piovan.com\/wp-content\/uploads\/2021\/06\/logo@2x.png","width":489,"height":78,"caption":"PiovanGroup"},"image":{"@id":"https:\/\/www.piovan.com\/#\/schema\/logo\/image\/"}}]}},"_links":{"self":[{"href":"https:\/\/www.piovan.com\/de\/wp-json\/wp\/v2\/product\/4596"}],"collection":[{"href":"https:\/\/www.piovan.com\/de\/wp-json\/wp\/v2\/product"}],"about":[{"href":"https:\/\/www.piovan.com\/de\/wp-json\/wp\/v2\/types\/product"}],"version-history":[{"count":1,"href":"https:\/\/www.piovan.com\/de\/wp-json\/wp\/v2\/product\/4596\/revisions"}],"predecessor-version":[{"id":13564,"href":"https:\/\/www.piovan.com\/de\/wp-json\/wp\/v2\/product\/4596\/revisions\/13564"}],"wp:featuredmedia":[{"embeddable":true,"href":"https:\/\/www.piovan.com\/de\/wp-json\/wp\/v2\/media\/4659"}],"wp:attachment":[{"href":"https:\/\/www.piovan.com\/de\/wp-json\/wp\/v2\/media?parent=4596"}],"wp:term":[{"taxonomy":"post_tag","embeddable":true,"href":"https:\/\/www.piovan.com\/de\/wp-json\/wp\/v2\/tags?post=4596"}],"curies":[{"name":"wp","href":"https:\/\/api.w.org\/{rel}","templated":true}]}}