{"id":4594,"date":"2021-11-06T19:57:58","date_gmt":"2021-11-06T18:57:58","guid":{"rendered":"http:\/\/188.166.2.129\/product\/pressure-conveying\/"},"modified":"2022-02-24T13:04:11","modified_gmt":"2022-02-24T12:04:11","slug":"pressure-conveying","status":"publish","type":"product","link":"https:\/\/www.piovan.com\/de\/product\/pressure-conveying\/","title":{"rendered":"Druckf\u00f6rderung"},"content":{"rendered":"<p>F\u00fcr F\u00f6rderraten von mehr als 2.000kg\/h liefert FDM Druckf\u00f6rdersysteme. Diese finden beispielsweise Anwendung bei der Silobef\u00fcllung oder bei entsprechend gro\u00dfen F\u00f6rderwegen in Kombination mit Big Bag- oder Sackentleerstationen.<\/p>\n<p>\u2022 Seitenkanalverdichter oder W\u00e4lzkolbengebl\u00e4se<br \/>\n\u2022 Zellenradschleusen und weiteres Zubeh\u00f6r f\u00fcr diverse Sch\u00fcttg\u00fcter<br \/>\n\u2022 Kundenspezifische L\u00f6sungen auf Anfrage<br \/>\n\u2022 Siemens Steuerung<\/p>","protected":false},"featured_media":4658,"template":"","tags":[42],"acf":[],"yoast_head":"<title>Druckf\u00f6rderung - Piovan Gruppe<\/title>\n<meta name=\"robots\" content=\"index, follow, max-snippet:-1, max-image-preview:large, max-video-preview:-1\" \/>\n<link rel=\"canonical\" href=\"https:\/\/www.piovan.com\/de\/product\/pressure-conveying\/\" \/>\n<meta property=\"og:locale\" content=\"de_DE\" \/>\n<meta property=\"og:type\" content=\"article\" \/>\n<meta property=\"og:title\" content=\"Pressure Conveying - PiovanGroup\" \/>\n<meta property=\"og:description\" content=\"For throughputs higher than 2.000kg\/h FDM supplies pressure conveying systems. These are mainly used for the feeding of silos or if longer conveying distances are needed to transport the bulk from A to B. Possible applications are in combination with BigBag or Bag (25kg) emptying stations. \u2022 Rotary or side channel blower \u2022 Rotary valves for every kind of bulk \u2022 Customized solutions \u2022 Siemens control\" \/>\n<meta property=\"og:url\" content=\"https:\/\/www.piovan.com\/de\/product\/pressure-conveying\/\" \/>\n<meta property=\"og:site_name\" content=\"PiovanGroup\" \/>\n<meta property=\"article:modified_time\" content=\"2022-02-24T12:04:11+00:00\" \/>\n<meta property=\"og:image\" content=\"https:\/\/www.piovan.com\/wp-content\/uploads\/Product_1200x1560px_0006_PRESSURE-CONVEYING-1.png\" \/>\n\t<meta property=\"og:image:width\" content=\"1200\" \/>\n\t<meta property=\"og:image:height\" content=\"1560\" \/>\n\t<meta property=\"og:image:type\" content=\"image\/png\" \/>\n<meta name=\"twitter:card\" content=\"summary_large_image\" \/>\n<script type=\"application\/ld+json\" class=\"yoast-schema-graph\">{\"@context\":\"https:\/\/schema.org\",\"@graph\":[{\"@type\":\"WebPage\",\"@id\":\"https:\/\/www.piovan.com\/product\/pressure-conveying\/\",\"url\":\"https:\/\/www.piovan.com\/product\/pressure-conveying\/\",\"name\":\"Pressure Conveying - PiovanGroup\",\"isPartOf\":{\"@id\":\"https:\/\/www.piovan.com\/#website\"},\"datePublished\":\"2021-11-06T18:57:58+00:00\",\"dateModified\":\"2022-02-24T12:04:11+00:00\",\"breadcrumb\":{\"@id\":\"https:\/\/www.piovan.com\/product\/pressure-conveying\/#breadcrumb\"},\"inLanguage\":\"de-DE\",\"potentialAction\":[{\"@type\":\"ReadAction\",\"target\":[\"https:\/\/www.piovan.com\/product\/pressure-conveying\/\"]}]},{\"@type\":\"BreadcrumbList\",\"@id\":\"https:\/\/www.piovan.com\/product\/pressure-conveying\/#breadcrumb\",\"itemListElement\":[{\"@type\":\"ListItem\",\"position\":1,\"name\":\"Home\",\"item\":\"https:\/\/www.piovan.com\/\"},{\"@type\":\"ListItem\",\"position\":2,\"name\":\"Plastic\",\"item\":\"https:\/\/www.piovan.com\/de\/products\/kunststoff\/\"},{\"@type\":\"ListItem\",\"position\":3,\"name\":\"Feeding &amp; Conveying\",\"item\":\"https:\/\/www.piovan.com\/de\/products\/kunststoff\/versorgung-und-transport\/\"},{\"@type\":\"ListItem\",\"position\":4,\"name\":\"Pressure Conveying\"}]},{\"@type\":\"WebSite\",\"@id\":\"https:\/\/www.piovan.com\/#website\",\"url\":\"https:\/\/www.piovan.com\/\",\"name\":\"PiovanGroup\",\"description\":\"\",\"publisher\":{\"@id\":\"https:\/\/www.piovan.com\/#organization\"},\"potentialAction\":[{\"@type\":\"SearchAction\",\"target\":{\"@type\":\"EntryPoint\",\"urlTemplate\":\"https:\/\/www.piovan.com\/?s={search_term_string}\"},\"query-input\":\"required name=search_term_string\"}],\"inLanguage\":\"de-DE\"},{\"@type\":\"Organization\",\"@id\":\"https:\/\/www.piovan.com\/#organization\",\"name\":\"PiovanGroup\",\"url\":\"https:\/\/www.piovan.com\/\",\"logo\":{\"@type\":\"ImageObject\",\"inLanguage\":\"de-DE\",\"@id\":\"https:\/\/www.piovan.com\/#\/schema\/logo\/image\/\",\"url\":\"https:\/\/www.piovan.com\/wp-content\/uploads\/2021\/06\/logo@2x.png\",\"contentUrl\":\"https:\/\/www.piovan.com\/wp-content\/uploads\/2021\/06\/logo@2x.png\",\"width\":489,\"height\":78,\"caption\":\"PiovanGroup\"},\"image\":{\"@id\":\"https:\/\/www.piovan.com\/#\/schema\/logo\/image\/\"}}]}<\/script>","yoast_head_json":{"title":"Druckf\u00f6rderung - Piovan Gruppe","robots":{"index":"index","follow":"follow","max-snippet":"max-snippet:-1","max-image-preview":"max-image-preview:large","max-video-preview":"max-video-preview:-1"},"canonical":"https:\/\/www.piovan.com\/de\/product\/pressure-conveying\/","og_locale":"de_DE","og_type":"article","og_title":"Pressure Conveying - PiovanGroup","og_description":"For throughputs higher than 2.000kg\/h FDM supplies pressure conveying systems. These are mainly used for the feeding of silos or if longer conveying distances are needed to transport the bulk from A to B. Possible applications are in combination with BigBag or Bag (25kg) emptying stations. \u2022 Rotary or side channel blower \u2022 Rotary valves for every kind of bulk \u2022 Customized solutions \u2022 Siemens control","og_url":"https:\/\/www.piovan.com\/de\/product\/pressure-conveying\/","og_site_name":"PiovanGroup","article_modified_time":"2022-02-24T12:04:11+00:00","og_image":[{"width":1200,"height":1560,"url":"https:\/\/www.piovan.com\/wp-content\/uploads\/Product_1200x1560px_0006_PRESSURE-CONVEYING-1.png","type":"image\/png"}],"twitter_card":"summary_large_image","schema":{"@context":"https:\/\/schema.org","@graph":[{"@type":"WebPage","@id":"https:\/\/www.piovan.com\/product\/pressure-conveying\/","url":"https:\/\/www.piovan.com\/product\/pressure-conveying\/","name":"Pressure Conveying - PiovanGroup","isPartOf":{"@id":"https:\/\/www.piovan.com\/#website"},"datePublished":"2021-11-06T18:57:58+00:00","dateModified":"2022-02-24T12:04:11+00:00","breadcrumb":{"@id":"https:\/\/www.piovan.com\/product\/pressure-conveying\/#breadcrumb"},"inLanguage":"de-DE","potentialAction":[{"@type":"ReadAction","target":["https:\/\/www.piovan.com\/product\/pressure-conveying\/"]}]},{"@type":"BreadcrumbList","@id":"https:\/\/www.piovan.com\/product\/pressure-conveying\/#breadcrumb","itemListElement":[{"@type":"ListItem","position":1,"name":"Home","item":"https:\/\/www.piovan.com\/"},{"@type":"ListItem","position":2,"name":"Plastic","item":"https:\/\/www.piovan.com\/de\/products\/kunststoff\/"},{"@type":"ListItem","position":3,"name":"Feeding &amp; Conveying","item":"https:\/\/www.piovan.com\/de\/products\/kunststoff\/versorgung-und-transport\/"},{"@type":"ListItem","position":4,"name":"Pressure Conveying"}]},{"@type":"WebSite","@id":"https:\/\/www.piovan.com\/#website","url":"https:\/\/www.piovan.com\/","name":"PiovanGroup","description":"","publisher":{"@id":"https:\/\/www.piovan.com\/#organization"},"potentialAction":[{"@type":"SearchAction","target":{"@type":"EntryPoint","urlTemplate":"https:\/\/www.piovan.com\/?s={search_term_string}"},"query-input":"required name=search_term_string"}],"inLanguage":"de-DE"},{"@type":"Organization","@id":"https:\/\/www.piovan.com\/#organization","name":"PiovanGroup","url":"https:\/\/www.piovan.com\/","logo":{"@type":"ImageObject","inLanguage":"de-DE","@id":"https:\/\/www.piovan.com\/#\/schema\/logo\/image\/","url":"https:\/\/www.piovan.com\/wp-content\/uploads\/2021\/06\/logo@2x.png","contentUrl":"https:\/\/www.piovan.com\/wp-content\/uploads\/2021\/06\/logo@2x.png","width":489,"height":78,"caption":"PiovanGroup"},"image":{"@id":"https:\/\/www.piovan.com\/#\/schema\/logo\/image\/"}}]}},"_links":{"self":[{"href":"https:\/\/www.piovan.com\/de\/wp-json\/wp\/v2\/product\/4594"}],"collection":[{"href":"https:\/\/www.piovan.com\/de\/wp-json\/wp\/v2\/product"}],"about":[{"href":"https:\/\/www.piovan.com\/de\/wp-json\/wp\/v2\/types\/product"}],"version-history":[{"count":0,"href":"https:\/\/www.piovan.com\/de\/wp-json\/wp\/v2\/product\/4594\/revisions"}],"wp:featuredmedia":[{"embeddable":true,"href":"https:\/\/www.piovan.com\/de\/wp-json\/wp\/v2\/media\/4658"}],"wp:attachment":[{"href":"https:\/\/www.piovan.com\/de\/wp-json\/wp\/v2\/media?parent=4594"}],"wp:term":[{"taxonomy":"post_tag","embeddable":true,"href":"https:\/\/www.piovan.com\/de\/wp-json\/wp\/v2\/tags?post=4594"}],"curies":[{"name":"wp","href":"https:\/\/api.w.org\/{rel}","templated":true}]}}