{"id":4384,"date":"2021-11-06T16:07:07","date_gmt":"2021-11-06T15:07:07","guid":{"rendered":"https:\/\/www.piovan.com\/?post_type=product&#038;p=4384"},"modified":"2024-10-03T13:25:49","modified_gmt":"2024-10-03T11:25:49","slug":"vacuum-loaders","status":"publish","type":"product","link":"https:\/\/www.piovan.com\/de\/product\/vacuum-loaders\/","title":{"rendered":"Saugf\u00f6rderger\u00e4te"},"content":{"rendered":"<p>Dank der modularen Bauweise werden unsere Saugf\u00f6rderger\u00e4te s\u00e4mtlichen Anforderungen gerecht, egal ob Granulate, Mahlgut\/Flakes oder diverse Pulver. Die F\u00f6rderrate unserer Standardger\u00e4te reicht von 1 - 2.000kg\/h entsprechend der Materialeigenschaften und F\u00f6rderwege. F\u00fcr kundenspezifische L\u00f6sungen k\u00f6nnen auch h\u00f6here F\u00f6rderraten erreicht werden.<\/p>\n<p><strong>Vorteile<\/strong><br \/>\n\u25cf Selbstreinigendes Filtersystem f\u00fcr Pulver und sonstige Sch\u00fcttg\u00fcter mit hohem Staubanteil<br \/>\n\u25cf Diverse Auslaufhilfen<br \/>\n\u25cf Teflonbeschichtung<br \/>\n\u25cf Konstruiert als Saugwaage auf W\u00e4gezellen<br \/>\n\u25cf Schaugl\u00e4ser<br \/>\n\u25cf Klappbarer Deckel<br \/>\n\u25cf Ausf\u00fchrung mit Bodenklappe oder Schieber<br \/>\n\u25cf Kundenspezifische L\u00f6sungen auf Anfrage<br \/>\n\u25cf Siemens Steuerung<\/p>\n<p><strong>Vakuum\/Filterstationen<\/strong><br \/>\nUnter \u00f6konomischen Gesichtspunkten, vor allem zur Reduzierung der Energiekosten sind Zentralvakuumstationen die optimale L\u00f6sung.<\/p>\n<p>Eigenschaften und Optionen:<br \/>\n\u25cf Ausgef\u00fchrt mit Seitenkanal- oder W\u00e4lzkolbengebl\u00e4sen<br \/>\n\u25cf Selbstreinigender Abscheider\/Filter in verschiedenen Gr\u00f6\u00dfen<br \/>\n\u25cf Zentralvakuum mit Unterdruckregelung<br \/>\n\u25cf Siemens Steuerung<\/p>","protected":false},"featured_media":5378,"template":"","tags":[42],"acf":[],"yoast_head":"<title>Saugf\u00f6rderger\u00e4te - Piovan Gruppe<\/title>\n<meta name=\"robots\" content=\"index, follow, max-snippet:-1, max-image-preview:large, max-video-preview:-1\" \/>\n<link rel=\"canonical\" href=\"https:\/\/www.piovan.com\/de\/product\/vacuum-loaders\/\" \/>\n<meta property=\"og:locale\" content=\"de_DE\" \/>\n<meta property=\"og:type\" content=\"article\" \/>\n<meta property=\"og:title\" content=\"Vacuum loaders - PiovanGroup\" \/>\n<meta property=\"og:description\" content=\"High quality made of stainless steel and modular solutions for any kind of requirement. FDM supplies vacuum loaders for pellets, micro granules, regrind\/flakes or powder. The conveying range of our standard program is from 1-2000kg\/h depending on the bulk properties. As customized solutions, we also provide equipment for higher values. Features \u25cf Selfcleaning filter system for powder or any kind of material with a high grade of dust \u25cf Several discharge solutions to support the emptying process of poor flowing [&hellip;]\" \/>\n<meta property=\"og:url\" content=\"https:\/\/www.piovan.com\/de\/product\/vacuum-loaders\/\" \/>\n<meta property=\"og:site_name\" content=\"PiovanGroup\" \/>\n<meta property=\"article:modified_time\" content=\"2024-10-03T11:25:49+00:00\" \/>\n<meta property=\"og:image\" content=\"https:\/\/www.piovan.com\/wp-content\/uploads\/Product_1200x1560px_0007_Vacuum-loaders.png\" \/>\n\t<meta property=\"og:image:width\" content=\"1200\" \/>\n\t<meta property=\"og:image:height\" content=\"1560\" \/>\n\t<meta property=\"og:image:type\" content=\"image\/png\" \/>\n<meta name=\"twitter:card\" content=\"summary_large_image\" \/>\n<script type=\"application\/ld+json\" class=\"yoast-schema-graph\">{\"@context\":\"https:\/\/schema.org\",\"@graph\":[{\"@type\":\"WebPage\",\"@id\":\"https:\/\/www.piovan.com\/product\/vacuum-loaders\/\",\"url\":\"https:\/\/www.piovan.com\/product\/vacuum-loaders\/\",\"name\":\"Vacuum loaders - PiovanGroup\",\"isPartOf\":{\"@id\":\"https:\/\/www.piovan.com\/#website\"},\"datePublished\":\"2021-11-06T15:07:07+00:00\",\"dateModified\":\"2024-10-03T11:25:49+00:00\",\"breadcrumb\":{\"@id\":\"https:\/\/www.piovan.com\/product\/vacuum-loaders\/#breadcrumb\"},\"inLanguage\":\"de-DE\",\"potentialAction\":[{\"@type\":\"ReadAction\",\"target\":[\"https:\/\/www.piovan.com\/product\/vacuum-loaders\/\"]}]},{\"@type\":\"BreadcrumbList\",\"@id\":\"https:\/\/www.piovan.com\/product\/vacuum-loaders\/#breadcrumb\",\"itemListElement\":[{\"@type\":\"ListItem\",\"position\":1,\"name\":\"Home\",\"item\":\"https:\/\/www.piovan.com\/\"},{\"@type\":\"ListItem\",\"position\":2,\"name\":\"Plastic\",\"item\":\"https:\/\/www.piovan.com\/de\/products\/kunststoff\/\"},{\"@type\":\"ListItem\",\"position\":3,\"name\":\"Feeding &amp; Conveying\",\"item\":\"https:\/\/www.piovan.com\/de\/products\/kunststoff\/versorgung-und-transport\/\"},{\"@type\":\"ListItem\",\"position\":4,\"name\":\"Vacuum loaders\"}]},{\"@type\":\"WebSite\",\"@id\":\"https:\/\/www.piovan.com\/#website\",\"url\":\"https:\/\/www.piovan.com\/\",\"name\":\"PiovanGroup\",\"description\":\"\",\"publisher\":{\"@id\":\"https:\/\/www.piovan.com\/#organization\"},\"potentialAction\":[{\"@type\":\"SearchAction\",\"target\":{\"@type\":\"EntryPoint\",\"urlTemplate\":\"https:\/\/www.piovan.com\/?s={search_term_string}\"},\"query-input\":\"required name=search_term_string\"}],\"inLanguage\":\"de-DE\"},{\"@type\":\"Organization\",\"@id\":\"https:\/\/www.piovan.com\/#organization\",\"name\":\"PiovanGroup\",\"url\":\"https:\/\/www.piovan.com\/\",\"logo\":{\"@type\":\"ImageObject\",\"inLanguage\":\"de-DE\",\"@id\":\"https:\/\/www.piovan.com\/#\/schema\/logo\/image\/\",\"url\":\"https:\/\/www.piovan.com\/wp-content\/uploads\/2021\/06\/logo@2x.png\",\"contentUrl\":\"https:\/\/www.piovan.com\/wp-content\/uploads\/2021\/06\/logo@2x.png\",\"width\":489,\"height\":78,\"caption\":\"PiovanGroup\"},\"image\":{\"@id\":\"https:\/\/www.piovan.com\/#\/schema\/logo\/image\/\"}}]}<\/script>","yoast_head_json":{"title":"Saugf\u00f6rderger\u00e4te - Piovan Gruppe","robots":{"index":"index","follow":"follow","max-snippet":"max-snippet:-1","max-image-preview":"max-image-preview:large","max-video-preview":"max-video-preview:-1"},"canonical":"https:\/\/www.piovan.com\/de\/product\/vacuum-loaders\/","og_locale":"de_DE","og_type":"article","og_title":"Vacuum loaders - PiovanGroup","og_description":"High quality made of stainless steel and modular solutions for any kind of requirement. FDM supplies vacuum loaders for pellets, micro granules, regrind\/flakes or powder. The conveying range of our standard program is from 1-2000kg\/h depending on the bulk properties. As customized solutions, we also provide equipment for higher values. Features \u25cf Selfcleaning filter system for powder or any kind of material with a high grade of dust \u25cf Several discharge solutions to support the emptying process of poor flowing [&hellip;]","og_url":"https:\/\/www.piovan.com\/de\/product\/vacuum-loaders\/","og_site_name":"PiovanGroup","article_modified_time":"2024-10-03T11:25:49+00:00","og_image":[{"width":1200,"height":1560,"url":"https:\/\/www.piovan.com\/wp-content\/uploads\/Product_1200x1560px_0007_Vacuum-loaders.png","type":"image\/png"}],"twitter_card":"summary_large_image","schema":{"@context":"https:\/\/schema.org","@graph":[{"@type":"WebPage","@id":"https:\/\/www.piovan.com\/product\/vacuum-loaders\/","url":"https:\/\/www.piovan.com\/product\/vacuum-loaders\/","name":"Vacuum loaders - PiovanGroup","isPartOf":{"@id":"https:\/\/www.piovan.com\/#website"},"datePublished":"2021-11-06T15:07:07+00:00","dateModified":"2024-10-03T11:25:49+00:00","breadcrumb":{"@id":"https:\/\/www.piovan.com\/product\/vacuum-loaders\/#breadcrumb"},"inLanguage":"de-DE","potentialAction":[{"@type":"ReadAction","target":["https:\/\/www.piovan.com\/product\/vacuum-loaders\/"]}]},{"@type":"BreadcrumbList","@id":"https:\/\/www.piovan.com\/product\/vacuum-loaders\/#breadcrumb","itemListElement":[{"@type":"ListItem","position":1,"name":"Home","item":"https:\/\/www.piovan.com\/"},{"@type":"ListItem","position":2,"name":"Plastic","item":"https:\/\/www.piovan.com\/de\/products\/kunststoff\/"},{"@type":"ListItem","position":3,"name":"Feeding &amp; Conveying","item":"https:\/\/www.piovan.com\/de\/products\/kunststoff\/versorgung-und-transport\/"},{"@type":"ListItem","position":4,"name":"Vacuum loaders"}]},{"@type":"WebSite","@id":"https:\/\/www.piovan.com\/#website","url":"https:\/\/www.piovan.com\/","name":"PiovanGroup","description":"","publisher":{"@id":"https:\/\/www.piovan.com\/#organization"},"potentialAction":[{"@type":"SearchAction","target":{"@type":"EntryPoint","urlTemplate":"https:\/\/www.piovan.com\/?s={search_term_string}"},"query-input":"required name=search_term_string"}],"inLanguage":"de-DE"},{"@type":"Organization","@id":"https:\/\/www.piovan.com\/#organization","name":"PiovanGroup","url":"https:\/\/www.piovan.com\/","logo":{"@type":"ImageObject","inLanguage":"de-DE","@id":"https:\/\/www.piovan.com\/#\/schema\/logo\/image\/","url":"https:\/\/www.piovan.com\/wp-content\/uploads\/2021\/06\/logo@2x.png","contentUrl":"https:\/\/www.piovan.com\/wp-content\/uploads\/2021\/06\/logo@2x.png","width":489,"height":78,"caption":"PiovanGroup"},"image":{"@id":"https:\/\/www.piovan.com\/#\/schema\/logo\/image\/"}}]}},"_links":{"self":[{"href":"https:\/\/www.piovan.com\/de\/wp-json\/wp\/v2\/product\/4384"}],"collection":[{"href":"https:\/\/www.piovan.com\/de\/wp-json\/wp\/v2\/product"}],"about":[{"href":"https:\/\/www.piovan.com\/de\/wp-json\/wp\/v2\/types\/product"}],"version-history":[{"count":1,"href":"https:\/\/www.piovan.com\/de\/wp-json\/wp\/v2\/product\/4384\/revisions"}],"predecessor-version":[{"id":13543,"href":"https:\/\/www.piovan.com\/de\/wp-json\/wp\/v2\/product\/4384\/revisions\/13543"}],"wp:featuredmedia":[{"embeddable":true,"href":"https:\/\/www.piovan.com\/de\/wp-json\/wp\/v2\/media\/5378"}],"wp:attachment":[{"href":"https:\/\/www.piovan.com\/de\/wp-json\/wp\/v2\/media?parent=4384"}],"wp:term":[{"taxonomy":"post_tag","embeddable":true,"href":"https:\/\/www.piovan.com\/de\/wp-json\/wp\/v2\/tags?post=4384"}],"curies":[{"name":"wp","href":"https:\/\/api.w.org\/{rel}","templated":true}]}}