{"id":15650,"date":"2025-09-24T16:51:36","date_gmt":"2025-09-24T14:51:36","guid":{"rendered":"https:\/\/www.piovan.com\/?post_type=product&#038;p=15650"},"modified":"2025-12-04T12:57:53","modified_gmt":"2025-12-04T11:57:53","slug":"multilink","status":"publish","type":"product","link":"https:\/\/www.piovan.com\/de\/product\/multilink\/","title":{"rendered":"Multilink"},"content":{"rendered":"<p>Multilink ist die neue Kupplungseinheit von Piovan, die f\u00fcr die automatische Verbindung von F\u00f6rdersystemen mit zentralisiertem Vakuum ausgelegt ist.<\/p>\n<p>Zentralvakuumsysteme bestehen aus einer oder mehreren Saugeinheiten, die parallel arbeiten und je nach tats\u00e4chlichem Produktionsbedarf aktiviert werden. Zu den Vorteilen geh\u00f6ren: hohe Effizienz, weniger Saugeinheiten und Filter im Vergleich zu herk\u00f6mmlichen Systemen sowie geringere Wartungskosten.<\/p>\n<p>Native integration with Winfactory 4.0 ensures complete batch traceability and automatic setting of conveying and cleaning parameters.<\/p>\n<p>Die Systemarchitektur schlie\u00dft jegliches Risiko einer Kreuzkontamination zwischen den Materialquellen aus, da Materialbewegungen ausschlie\u00dflich w\u00e4hrend der Zielort-Umschaltung erfolgen.<br \/>\nMultilink wurde mit einer Geometrie entwickelt, die mit Rohrleitungs-Inspektionssystemen (Pipeline Inspection Gauge \u2013 PIG) kompatibel ist und somit eine hocheffiziente, regelm\u00e4\u00dfige Reinigung erm\u00f6glicht.<\/p>\n<p>Die Multilink-Kupplungseinheit kann sowohl mit einem Easy3- als auch mit einem SPS-basierten System kombiniert werden.<\/p>\n<p>Mit kompakter Stellfl\u00e4che und vertikaler Bauweise maximiert Multilink den Produktionsraum und kann am Boden oder auf einer B\u00fchnenkonstruktion installiert werden Das modulare Design erlaubt es, Ausg\u00e4nge auch nachtr\u00e4glich zur Erstinstallation problemlos hinzuzuf\u00fcgen.<\/p>","protected":false},"featured_media":15991,"template":"","tags":[194,108],"acf":[],"yoast_head":"<title>Multilink - PiovanGroup<\/title>\n<meta name=\"description\" content=\"Multilink is the new control unit by Piovan designed for the automatic coupling of conveying systems based on centralised vacuum technology.\" \/>\n<meta name=\"robots\" content=\"index, follow, max-snippet:-1, max-image-preview:large, max-video-preview:-1\" \/>\n<link rel=\"canonical\" href=\"https:\/\/www.piovan.com\/de\/product\/multilink\/\" \/>\n<meta property=\"og:locale\" content=\"de_DE\" \/>\n<meta property=\"og:type\" content=\"article\" \/>\n<meta property=\"og:title\" content=\"Multilink - PiovanGroup\" \/>\n<meta property=\"og:description\" content=\"Multilink is the new control unit by Piovan designed for the automatic coupling of conveying systems based on centralised vacuum technology.\" \/>\n<meta property=\"og:url\" content=\"https:\/\/www.piovan.com\/de\/product\/multilink\/\" \/>\n<meta property=\"og:site_name\" content=\"PiovanGroup\" \/>\n<meta property=\"article:modified_time\" content=\"2025-12-04T11:57:53+00:00\" \/>\n<meta property=\"og:image\" content=\"https:\/\/www.piovan.com\/wp-content\/uploads\/Multilink_1200x1560px_V2.png\" \/>\n\t<meta property=\"og:image:width\" content=\"1200\" \/>\n\t<meta property=\"og:image:height\" content=\"1560\" \/>\n\t<meta property=\"og:image:type\" content=\"image\/png\" \/>\n<meta name=\"twitter:card\" content=\"summary_large_image\" \/>\n<script type=\"application\/ld+json\" class=\"yoast-schema-graph\">{\"@context\":\"https:\/\/schema.org\",\"@graph\":[{\"@type\":\"WebPage\",\"@id\":\"https:\/\/www.piovan.com\/product\/multilink\/\",\"url\":\"https:\/\/www.piovan.com\/product\/multilink\/\",\"name\":\"Multilink - PiovanGroup\",\"isPartOf\":{\"@id\":\"https:\/\/www.piovan.com\/#website\"},\"datePublished\":\"2025-09-24T14:51:36+00:00\",\"dateModified\":\"2025-12-04T11:57:53+00:00\",\"description\":\"Multilink is the new control unit by Piovan designed for the automatic coupling of conveying systems based on centralised vacuum technology.\",\"breadcrumb\":{\"@id\":\"https:\/\/www.piovan.com\/product\/multilink\/#breadcrumb\"},\"inLanguage\":\"de-DE\",\"potentialAction\":[{\"@type\":\"ReadAction\",\"target\":[\"https:\/\/www.piovan.com\/product\/multilink\/\"]}]},{\"@type\":\"BreadcrumbList\",\"@id\":\"https:\/\/www.piovan.com\/product\/multilink\/#breadcrumb\",\"itemListElement\":[{\"@type\":\"ListItem\",\"position\":1,\"name\":\"Home\",\"item\":\"https:\/\/www.piovan.com\/\"},{\"@type\":\"ListItem\",\"position\":2,\"name\":\"Plastic\",\"item\":\"https:\/\/www.piovan.com\/de\/products\/kunststoff\/\"},{\"@type\":\"ListItem\",\"position\":3,\"name\":\"Feeding &amp; Conveying\",\"item\":\"https:\/\/www.piovan.com\/de\/products\/kunststoff\/versorgung-und-transport\/\"},{\"@type\":\"ListItem\",\"position\":4,\"name\":\"Multilink\"}]},{\"@type\":\"WebSite\",\"@id\":\"https:\/\/www.piovan.com\/#website\",\"url\":\"https:\/\/www.piovan.com\/\",\"name\":\"PiovanGroup\",\"description\":\"\",\"publisher\":{\"@id\":\"https:\/\/www.piovan.com\/#organization\"},\"potentialAction\":[{\"@type\":\"SearchAction\",\"target\":{\"@type\":\"EntryPoint\",\"urlTemplate\":\"https:\/\/www.piovan.com\/?s={search_term_string}\"},\"query-input\":\"required name=search_term_string\"}],\"inLanguage\":\"de-DE\"},{\"@type\":\"Organization\",\"@id\":\"https:\/\/www.piovan.com\/#organization\",\"name\":\"PiovanGroup\",\"url\":\"https:\/\/www.piovan.com\/\",\"logo\":{\"@type\":\"ImageObject\",\"inLanguage\":\"de-DE\",\"@id\":\"https:\/\/www.piovan.com\/#\/schema\/logo\/image\/\",\"url\":\"https:\/\/www.piovan.com\/wp-content\/uploads\/2021\/06\/logo@2x.png\",\"contentUrl\":\"https:\/\/www.piovan.com\/wp-content\/uploads\/2021\/06\/logo@2x.png\",\"width\":489,\"height\":78,\"caption\":\"PiovanGroup\"},\"image\":{\"@id\":\"https:\/\/www.piovan.com\/#\/schema\/logo\/image\/\"}}]}<\/script>","yoast_head_json":{"title":"Multilink - PiovanGroup","description":"Multilink is the new control unit by Piovan designed for the automatic coupling of conveying systems based on centralised vacuum technology.","robots":{"index":"index","follow":"follow","max-snippet":"max-snippet:-1","max-image-preview":"max-image-preview:large","max-video-preview":"max-video-preview:-1"},"canonical":"https:\/\/www.piovan.com\/de\/product\/multilink\/","og_locale":"de_DE","og_type":"article","og_title":"Multilink - PiovanGroup","og_description":"Multilink is the new control unit by Piovan designed for the automatic coupling of conveying systems based on centralised vacuum technology.","og_url":"https:\/\/www.piovan.com\/de\/product\/multilink\/","og_site_name":"PiovanGroup","article_modified_time":"2025-12-04T11:57:53+00:00","og_image":[{"width":1200,"height":1560,"url":"https:\/\/www.piovan.com\/wp-content\/uploads\/Multilink_1200x1560px_V2.png","type":"image\/png"}],"twitter_card":"summary_large_image","schema":{"@context":"https:\/\/schema.org","@graph":[{"@type":"WebPage","@id":"https:\/\/www.piovan.com\/product\/multilink\/","url":"https:\/\/www.piovan.com\/product\/multilink\/","name":"Multilink - PiovanGroup","isPartOf":{"@id":"https:\/\/www.piovan.com\/#website"},"datePublished":"2025-09-24T14:51:36+00:00","dateModified":"2025-12-04T11:57:53+00:00","description":"Multilink is the new control unit by Piovan designed for the automatic coupling of conveying systems based on centralised vacuum technology.","breadcrumb":{"@id":"https:\/\/www.piovan.com\/product\/multilink\/#breadcrumb"},"inLanguage":"de-DE","potentialAction":[{"@type":"ReadAction","target":["https:\/\/www.piovan.com\/product\/multilink\/"]}]},{"@type":"BreadcrumbList","@id":"https:\/\/www.piovan.com\/product\/multilink\/#breadcrumb","itemListElement":[{"@type":"ListItem","position":1,"name":"Home","item":"https:\/\/www.piovan.com\/"},{"@type":"ListItem","position":2,"name":"Plastic","item":"https:\/\/www.piovan.com\/de\/products\/kunststoff\/"},{"@type":"ListItem","position":3,"name":"Feeding &amp; Conveying","item":"https:\/\/www.piovan.com\/de\/products\/kunststoff\/versorgung-und-transport\/"},{"@type":"ListItem","position":4,"name":"Multilink"}]},{"@type":"WebSite","@id":"https:\/\/www.piovan.com\/#website","url":"https:\/\/www.piovan.com\/","name":"PiovanGroup","description":"","publisher":{"@id":"https:\/\/www.piovan.com\/#organization"},"potentialAction":[{"@type":"SearchAction","target":{"@type":"EntryPoint","urlTemplate":"https:\/\/www.piovan.com\/?s={search_term_string}"},"query-input":"required name=search_term_string"}],"inLanguage":"de-DE"},{"@type":"Organization","@id":"https:\/\/www.piovan.com\/#organization","name":"PiovanGroup","url":"https:\/\/www.piovan.com\/","logo":{"@type":"ImageObject","inLanguage":"de-DE","@id":"https:\/\/www.piovan.com\/#\/schema\/logo\/image\/","url":"https:\/\/www.piovan.com\/wp-content\/uploads\/2021\/06\/logo@2x.png","contentUrl":"https:\/\/www.piovan.com\/wp-content\/uploads\/2021\/06\/logo@2x.png","width":489,"height":78,"caption":"PiovanGroup"},"image":{"@id":"https:\/\/www.piovan.com\/#\/schema\/logo\/image\/"}}]}},"_links":{"self":[{"href":"https:\/\/www.piovan.com\/de\/wp-json\/wp\/v2\/product\/15650"}],"collection":[{"href":"https:\/\/www.piovan.com\/de\/wp-json\/wp\/v2\/product"}],"about":[{"href":"https:\/\/www.piovan.com\/de\/wp-json\/wp\/v2\/types\/product"}],"version-history":[{"count":4,"href":"https:\/\/www.piovan.com\/de\/wp-json\/wp\/v2\/product\/15650\/revisions"}],"predecessor-version":[{"id":15793,"href":"https:\/\/www.piovan.com\/de\/wp-json\/wp\/v2\/product\/15650\/revisions\/15793"}],"wp:featuredmedia":[{"embeddable":true,"href":"https:\/\/www.piovan.com\/de\/wp-json\/wp\/v2\/media\/15991"}],"wp:attachment":[{"href":"https:\/\/www.piovan.com\/de\/wp-json\/wp\/v2\/media?parent=15650"}],"wp:term":[{"taxonomy":"post_tag","embeddable":true,"href":"https:\/\/www.piovan.com\/de\/wp-json\/wp\/v2\/tags?post=15650"}],"curies":[{"name":"wp","href":"https:\/\/api.w.org\/{rel}","templated":true}]}}