{"id":15541,"date":"2025-08-19T15:27:39","date_gmt":"2025-08-19T13:27:39","guid":{"rendered":"https:\/\/www.piovan.com\/?post_type=product&#038;p=15541"},"modified":"2025-08-22T14:10:03","modified_gmt":"2025-08-22T12:10:03","slug":"dewpure","status":"publish","type":"product","link":"https:\/\/www.piovan.com\/de\/product\/dewpure\/","title":{"rendered":"DewPure"},"content":{"rendered":"<p>DewPure ist ein neues Produkt, das von der PiovanGroup entwickelt wurde, um Kunden im Trocknungsprozess zu unterst\u00fctzen.<\/p>\n<p>Der Trocknungsprozess der Luft ist von zentraler Bedeutung, insbesondere wenn das Rohmaterial hygroskopisch ist oder Lagerbedingungen bzw. ung\u00fcnstige Umwelteinfl\u00fcsse wie hohe relative Luftfeuchtigkeit vorliegen, die sich negativ auf das Endprodukt auswirken k\u00f6nnen.<\/p>\n<p>Ein weiterer entscheidender Aspekt ist das Vorhandensein von VOCs (Volatile Organic Compounds \u2013 fl\u00fcchtige organische Verbindungen) im Luftstrom. Diese Stoffe k\u00f6nnen die Rohrleitungen besch\u00e4digen oder verstopfen und haben zudem negativen Einfluss auf Molekularsiebe. DewPure wurde entwickelt, um genau diesen Problemen entgegenzuwirken:\nDank einer Mischung aus leistungsstarkem Aluminosilikat und Aluminoxid sch\u00fctzt es sich selbst gegen VOCs und gew\u00e4hrleistet gleichzeitig eine hohe Trockenleistung.<\/p>","protected":false},"featured_media":15547,"template":"","tags":[108],"acf":[],"yoast_head":"<title>DewPure - PiovanGroup<\/title>\n<meta name=\"robots\" content=\"index, follow, max-snippet:-1, max-image-preview:large, max-video-preview:-1\" \/>\n<link rel=\"canonical\" href=\"https:\/\/www.piovan.com\/de\/product\/dewpure\/\" \/>\n<meta property=\"og:locale\" content=\"de_DE\" \/>\n<meta property=\"og:type\" content=\"article\" \/>\n<meta property=\"og:title\" content=\"DewPure - PiovanGroup\" \/>\n<meta property=\"og:description\" content=\"DewPure is a new product developed by PiovanGroup to support the customer in the drying process. The drying air process is fundamental when the raw material is hygroscopic or there are some conditions such as raw material stocking or adverse environmental factors like high relative humidity, that can negatively affect the final product. Another important aspect is the presence in the airflow of VOCs (Volatile Organic Compounds). This kind of substance can damage or clog the pipes and they have [&hellip;]\" \/>\n<meta property=\"og:url\" content=\"https:\/\/www.piovan.com\/de\/product\/dewpure\/\" \/>\n<meta property=\"og:site_name\" content=\"PiovanGroup\" \/>\n<meta property=\"article:modified_time\" content=\"2025-08-22T12:10:03+00:00\" \/>\n<meta property=\"og:image\" content=\"https:\/\/www.piovan.com\/wp-content\/uploads\/Product_1200x1560-px_DewPure.png\" \/>\n\t<meta property=\"og:image:width\" content=\"1200\" \/>\n\t<meta property=\"og:image:height\" content=\"1560\" \/>\n\t<meta property=\"og:image:type\" content=\"image\/png\" \/>\n<meta name=\"twitter:card\" content=\"summary_large_image\" \/>\n<script type=\"application\/ld+json\" class=\"yoast-schema-graph\">{\"@context\":\"https:\/\/schema.org\",\"@graph\":[{\"@type\":\"WebPage\",\"@id\":\"https:\/\/www.piovan.com\/product\/dewpure\/\",\"url\":\"https:\/\/www.piovan.com\/product\/dewpure\/\",\"name\":\"DewPure - PiovanGroup\",\"isPartOf\":{\"@id\":\"https:\/\/www.piovan.com\/#website\"},\"datePublished\":\"2025-08-19T13:27:39+00:00\",\"dateModified\":\"2025-08-22T12:10:03+00:00\",\"breadcrumb\":{\"@id\":\"https:\/\/www.piovan.com\/product\/dewpure\/#breadcrumb\"},\"inLanguage\":\"de-DE\",\"potentialAction\":[{\"@type\":\"ReadAction\",\"target\":[\"https:\/\/www.piovan.com\/product\/dewpure\/\"]}]},{\"@type\":\"BreadcrumbList\",\"@id\":\"https:\/\/www.piovan.com\/product\/dewpure\/#breadcrumb\",\"itemListElement\":[{\"@type\":\"ListItem\",\"position\":1,\"name\":\"Home\",\"item\":\"https:\/\/www.piovan.com\/\"},{\"@type\":\"ListItem\",\"position\":2,\"name\":\"Plastic\",\"item\":\"https:\/\/www.piovan.com\/de\/products\/kunststoff\/\"},{\"@type\":\"ListItem\",\"position\":3,\"name\":\"Drying &amp; Dehumidifying\",\"item\":\"https:\/\/www.piovan.com\/de\/products\/kunststoff\/trockung-und-entfeuchtung\/\"},{\"@type\":\"ListItem\",\"position\":4,\"name\":\"DewPure\"}]},{\"@type\":\"WebSite\",\"@id\":\"https:\/\/www.piovan.com\/#website\",\"url\":\"https:\/\/www.piovan.com\/\",\"name\":\"PiovanGroup\",\"description\":\"\",\"publisher\":{\"@id\":\"https:\/\/www.piovan.com\/#organization\"},\"potentialAction\":[{\"@type\":\"SearchAction\",\"target\":{\"@type\":\"EntryPoint\",\"urlTemplate\":\"https:\/\/www.piovan.com\/?s={search_term_string}\"},\"query-input\":\"required name=search_term_string\"}],\"inLanguage\":\"de-DE\"},{\"@type\":\"Organization\",\"@id\":\"https:\/\/www.piovan.com\/#organization\",\"name\":\"PiovanGroup\",\"url\":\"https:\/\/www.piovan.com\/\",\"logo\":{\"@type\":\"ImageObject\",\"inLanguage\":\"de-DE\",\"@id\":\"https:\/\/www.piovan.com\/#\/schema\/logo\/image\/\",\"url\":\"https:\/\/www.piovan.com\/wp-content\/uploads\/2021\/06\/logo@2x.png\",\"contentUrl\":\"https:\/\/www.piovan.com\/wp-content\/uploads\/2021\/06\/logo@2x.png\",\"width\":489,\"height\":78,\"caption\":\"PiovanGroup\"},\"image\":{\"@id\":\"https:\/\/www.piovan.com\/#\/schema\/logo\/image\/\"}}]}<\/script>","yoast_head_json":{"title":"DewPure - PiovanGroup","robots":{"index":"index","follow":"follow","max-snippet":"max-snippet:-1","max-image-preview":"max-image-preview:large","max-video-preview":"max-video-preview:-1"},"canonical":"https:\/\/www.piovan.com\/de\/product\/dewpure\/","og_locale":"de_DE","og_type":"article","og_title":"DewPure - PiovanGroup","og_description":"DewPure is a new product developed by PiovanGroup to support the customer in the drying process. The drying air process is fundamental when the raw material is hygroscopic or there are some conditions such as raw material stocking or adverse environmental factors like high relative humidity, that can negatively affect the final product. Another important aspect is the presence in the airflow of VOCs (Volatile Organic Compounds). This kind of substance can damage or clog the pipes and they have [&hellip;]","og_url":"https:\/\/www.piovan.com\/de\/product\/dewpure\/","og_site_name":"PiovanGroup","article_modified_time":"2025-08-22T12:10:03+00:00","og_image":[{"width":1200,"height":1560,"url":"https:\/\/www.piovan.com\/wp-content\/uploads\/Product_1200x1560-px_DewPure.png","type":"image\/png"}],"twitter_card":"summary_large_image","schema":{"@context":"https:\/\/schema.org","@graph":[{"@type":"WebPage","@id":"https:\/\/www.piovan.com\/product\/dewpure\/","url":"https:\/\/www.piovan.com\/product\/dewpure\/","name":"DewPure - PiovanGroup","isPartOf":{"@id":"https:\/\/www.piovan.com\/#website"},"datePublished":"2025-08-19T13:27:39+00:00","dateModified":"2025-08-22T12:10:03+00:00","breadcrumb":{"@id":"https:\/\/www.piovan.com\/product\/dewpure\/#breadcrumb"},"inLanguage":"de-DE","potentialAction":[{"@type":"ReadAction","target":["https:\/\/www.piovan.com\/product\/dewpure\/"]}]},{"@type":"BreadcrumbList","@id":"https:\/\/www.piovan.com\/product\/dewpure\/#breadcrumb","itemListElement":[{"@type":"ListItem","position":1,"name":"Home","item":"https:\/\/www.piovan.com\/"},{"@type":"ListItem","position":2,"name":"Plastic","item":"https:\/\/www.piovan.com\/de\/products\/kunststoff\/"},{"@type":"ListItem","position":3,"name":"Drying &amp; Dehumidifying","item":"https:\/\/www.piovan.com\/de\/products\/kunststoff\/trockung-und-entfeuchtung\/"},{"@type":"ListItem","position":4,"name":"DewPure"}]},{"@type":"WebSite","@id":"https:\/\/www.piovan.com\/#website","url":"https:\/\/www.piovan.com\/","name":"PiovanGroup","description":"","publisher":{"@id":"https:\/\/www.piovan.com\/#organization"},"potentialAction":[{"@type":"SearchAction","target":{"@type":"EntryPoint","urlTemplate":"https:\/\/www.piovan.com\/?s={search_term_string}"},"query-input":"required name=search_term_string"}],"inLanguage":"de-DE"},{"@type":"Organization","@id":"https:\/\/www.piovan.com\/#organization","name":"PiovanGroup","url":"https:\/\/www.piovan.com\/","logo":{"@type":"ImageObject","inLanguage":"de-DE","@id":"https:\/\/www.piovan.com\/#\/schema\/logo\/image\/","url":"https:\/\/www.piovan.com\/wp-content\/uploads\/2021\/06\/logo@2x.png","contentUrl":"https:\/\/www.piovan.com\/wp-content\/uploads\/2021\/06\/logo@2x.png","width":489,"height":78,"caption":"PiovanGroup"},"image":{"@id":"https:\/\/www.piovan.com\/#\/schema\/logo\/image\/"}}]}},"_links":{"self":[{"href":"https:\/\/www.piovan.com\/de\/wp-json\/wp\/v2\/product\/15541"}],"collection":[{"href":"https:\/\/www.piovan.com\/de\/wp-json\/wp\/v2\/product"}],"about":[{"href":"https:\/\/www.piovan.com\/de\/wp-json\/wp\/v2\/types\/product"}],"version-history":[{"count":3,"href":"https:\/\/www.piovan.com\/de\/wp-json\/wp\/v2\/product\/15541\/revisions"}],"predecessor-version":[{"id":15570,"href":"https:\/\/www.piovan.com\/de\/wp-json\/wp\/v2\/product\/15541\/revisions\/15570"}],"wp:featuredmedia":[{"embeddable":true,"href":"https:\/\/www.piovan.com\/de\/wp-json\/wp\/v2\/media\/15547"}],"wp:attachment":[{"href":"https:\/\/www.piovan.com\/de\/wp-json\/wp\/v2\/media?parent=15541"}],"wp:term":[{"taxonomy":"post_tag","embeddable":true,"href":"https:\/\/www.piovan.com\/de\/wp-json\/wp\/v2\/tags?post=15541"}],"curies":[{"name":"wp","href":"https:\/\/api.w.org\/{rel}","templated":true}]}}