{"id":15142,"date":"2025-05-14T15:27:05","date_gmt":"2025-05-14T13:27:05","guid":{"rendered":"https:\/\/www.piovan.com\/?post_type=product&#038;p=15142"},"modified":"2025-07-07T15:59:27","modified_gmt":"2025-07-07T13:59:27","slug":"drywave","status":"publish","type":"product","link":"https:\/\/www.piovan.com\/de\/product\/drywave\/","title":{"rendered":"DryWave"},"content":{"rendered":"<p class=\" translation-block\">DryWave ist die technologische Weiterentwicklung f\u00fcr die kontinuierliche W\u00e4rmebehandlung von Kunststoffen und anderen Materialien. Er wurde \nentwickelt, um Trocknen und K\u00fchlen in einem einzigen System zu kombinieren und garantiert dank der Vibrationsbewegung und Luftsteuerung eine gleichm\u00e4\u00dfige und wirksame Behandlung.<\/p>\n<p class=\" translation-block\">Diese innovative Wirbelschicht nutzt str\u00f6mungsdynamische L\u00f6sungen f\u00fcr W\u00e4rmebehandlungen ohne Staupunkte. Dank des geringeren vertikalen Platzbedarfs im Vergleich zu herk\u00f6mmlichen Trichtersystemen eignet es sich ideal zur Optimierung von Produktionsfl\u00e4chen.<\/p>\n<p>Die Perforation des Gitters wurde speziell daf\u00fcr entwickelt, den Luftstrom zu verbessern und eine Verstopfung durch Staub und Materialpartikel zu vermeiden.<\/p>\n<p class=\" translation-block\">DryWave zeichnet sich durch die F\u00e4higkeit aus, mehrere Behandlungen in derselben Anlage zu kombinieren, wodurch gleichzeitige oder unabh\u00e4ngige Trocknungs- und K\u00fchlvorg\u00e4nge m\u00f6glich sind. Dank seines modularen Aufbaus und der Ausf\u00fchrung aus Edelstahl AISI 304 erf\u00fcllt DryWave die h\u00f6chsten Industriestandards, auch in Lebe<\/p>","protected":false},"featured_media":15145,"template":"","tags":[189],"acf":[],"yoast_head":"<title>DryWave - PiovanGroup<\/title>\n<meta name=\"robots\" content=\"index, follow, max-snippet:-1, max-image-preview:large, max-video-preview:-1\" \/>\n<link rel=\"canonical\" href=\"https:\/\/www.piovan.com\/de\/product\/drywave\/\" \/>\n<meta property=\"og:locale\" content=\"de_DE\" \/>\n<meta property=\"og:type\" content=\"article\" \/>\n<meta property=\"og:title\" content=\"DryWave - PiovanGroup\" \/>\n<meta property=\"og:description\" content=\"DryWave is the technological evolution for the continuous heat treatment of plastics and more. Designed to combine drying and cooling in a single system, it ensures uniform and effective treatment thanks to vibratory motion and air control. This innovative fluidized bed utilizes fluid dynamic solutions for heat treatments without stagnation points. The reduced vertical footprint compared to traditional hopper systems makes it ideal for optimizing production spaces. The grid perforation has been specifically designed to improve airflow and prevent clogging [&hellip;]\" \/>\n<meta property=\"og:url\" content=\"https:\/\/www.piovan.com\/de\/product\/drywave\/\" \/>\n<meta property=\"og:site_name\" content=\"PiovanGroup\" \/>\n<meta property=\"article:modified_time\" content=\"2025-07-07T13:59:27+00:00\" \/>\n<meta property=\"og:image\" content=\"https:\/\/www.piovan.com\/wp-content\/uploads\/0013_Dryer_fluid_bed_01.png\" \/>\n\t<meta property=\"og:image:width\" content=\"1200\" \/>\n\t<meta property=\"og:image:height\" content=\"1560\" \/>\n\t<meta property=\"og:image:type\" content=\"image\/png\" \/>\n<meta name=\"twitter:card\" content=\"summary_large_image\" \/>\n<script type=\"application\/ld+json\" class=\"yoast-schema-graph\">{\"@context\":\"https:\/\/schema.org\",\"@graph\":[{\"@type\":\"WebPage\",\"@id\":\"https:\/\/www.piovan.com\/product\/drywave\/\",\"url\":\"https:\/\/www.piovan.com\/product\/drywave\/\",\"name\":\"DryWave - PiovanGroup\",\"isPartOf\":{\"@id\":\"https:\/\/www.piovan.com\/#website\"},\"datePublished\":\"2025-05-14T13:27:05+00:00\",\"dateModified\":\"2025-07-07T13:59:27+00:00\",\"breadcrumb\":{\"@id\":\"https:\/\/www.piovan.com\/product\/drywave\/#breadcrumb\"},\"inLanguage\":\"de-DE\",\"potentialAction\":[{\"@type\":\"ReadAction\",\"target\":[\"https:\/\/www.piovan.com\/product\/drywave\/\"]}]},{\"@type\":\"BreadcrumbList\",\"@id\":\"https:\/\/www.piovan.com\/product\/drywave\/#breadcrumb\",\"itemListElement\":[{\"@type\":\"ListItem\",\"position\":1,\"name\":\"Home\",\"item\":\"https:\/\/www.piovan.com\/\"},{\"@type\":\"ListItem\",\"position\":2,\"name\":\"Plastic\",\"item\":\"https:\/\/www.piovan.com\/de\/products\/kunststoff\/\"},{\"@type\":\"ListItem\",\"position\":3,\"name\":\"Drying &amp; Dehumidifying\",\"item\":\"https:\/\/www.piovan.com\/de\/products\/kunststoff\/trockung-und-entfeuchtung\/\"},{\"@type\":\"ListItem\",\"position\":4,\"name\":\"DryWave\"}]},{\"@type\":\"WebSite\",\"@id\":\"https:\/\/www.piovan.com\/#website\",\"url\":\"https:\/\/www.piovan.com\/\",\"name\":\"PiovanGroup\",\"description\":\"\",\"publisher\":{\"@id\":\"https:\/\/www.piovan.com\/#organization\"},\"potentialAction\":[{\"@type\":\"SearchAction\",\"target\":{\"@type\":\"EntryPoint\",\"urlTemplate\":\"https:\/\/www.piovan.com\/?s={search_term_string}\"},\"query-input\":\"required name=search_term_string\"}],\"inLanguage\":\"de-DE\"},{\"@type\":\"Organization\",\"@id\":\"https:\/\/www.piovan.com\/#organization\",\"name\":\"PiovanGroup\",\"url\":\"https:\/\/www.piovan.com\/\",\"logo\":{\"@type\":\"ImageObject\",\"inLanguage\":\"de-DE\",\"@id\":\"https:\/\/www.piovan.com\/#\/schema\/logo\/image\/\",\"url\":\"https:\/\/www.piovan.com\/wp-content\/uploads\/2021\/06\/logo@2x.png\",\"contentUrl\":\"https:\/\/www.piovan.com\/wp-content\/uploads\/2021\/06\/logo@2x.png\",\"width\":489,\"height\":78,\"caption\":\"PiovanGroup\"},\"image\":{\"@id\":\"https:\/\/www.piovan.com\/#\/schema\/logo\/image\/\"}}]}<\/script>","yoast_head_json":{"title":"DryWave - PiovanGroup","robots":{"index":"index","follow":"follow","max-snippet":"max-snippet:-1","max-image-preview":"max-image-preview:large","max-video-preview":"max-video-preview:-1"},"canonical":"https:\/\/www.piovan.com\/de\/product\/drywave\/","og_locale":"de_DE","og_type":"article","og_title":"DryWave - PiovanGroup","og_description":"DryWave is the technological evolution for the continuous heat treatment of plastics and more. Designed to combine drying and cooling in a single system, it ensures uniform and effective treatment thanks to vibratory motion and air control. This innovative fluidized bed utilizes fluid dynamic solutions for heat treatments without stagnation points. The reduced vertical footprint compared to traditional hopper systems makes it ideal for optimizing production spaces. The grid perforation has been specifically designed to improve airflow and prevent clogging [&hellip;]","og_url":"https:\/\/www.piovan.com\/de\/product\/drywave\/","og_site_name":"PiovanGroup","article_modified_time":"2025-07-07T13:59:27+00:00","og_image":[{"width":1200,"height":1560,"url":"https:\/\/www.piovan.com\/wp-content\/uploads\/0013_Dryer_fluid_bed_01.png","type":"image\/png"}],"twitter_card":"summary_large_image","schema":{"@context":"https:\/\/schema.org","@graph":[{"@type":"WebPage","@id":"https:\/\/www.piovan.com\/product\/drywave\/","url":"https:\/\/www.piovan.com\/product\/drywave\/","name":"DryWave - PiovanGroup","isPartOf":{"@id":"https:\/\/www.piovan.com\/#website"},"datePublished":"2025-05-14T13:27:05+00:00","dateModified":"2025-07-07T13:59:27+00:00","breadcrumb":{"@id":"https:\/\/www.piovan.com\/product\/drywave\/#breadcrumb"},"inLanguage":"de-DE","potentialAction":[{"@type":"ReadAction","target":["https:\/\/www.piovan.com\/product\/drywave\/"]}]},{"@type":"BreadcrumbList","@id":"https:\/\/www.piovan.com\/product\/drywave\/#breadcrumb","itemListElement":[{"@type":"ListItem","position":1,"name":"Home","item":"https:\/\/www.piovan.com\/"},{"@type":"ListItem","position":2,"name":"Plastic","item":"https:\/\/www.piovan.com\/de\/products\/kunststoff\/"},{"@type":"ListItem","position":3,"name":"Drying &amp; Dehumidifying","item":"https:\/\/www.piovan.com\/de\/products\/kunststoff\/trockung-und-entfeuchtung\/"},{"@type":"ListItem","position":4,"name":"DryWave"}]},{"@type":"WebSite","@id":"https:\/\/www.piovan.com\/#website","url":"https:\/\/www.piovan.com\/","name":"PiovanGroup","description":"","publisher":{"@id":"https:\/\/www.piovan.com\/#organization"},"potentialAction":[{"@type":"SearchAction","target":{"@type":"EntryPoint","urlTemplate":"https:\/\/www.piovan.com\/?s={search_term_string}"},"query-input":"required name=search_term_string"}],"inLanguage":"de-DE"},{"@type":"Organization","@id":"https:\/\/www.piovan.com\/#organization","name":"PiovanGroup","url":"https:\/\/www.piovan.com\/","logo":{"@type":"ImageObject","inLanguage":"de-DE","@id":"https:\/\/www.piovan.com\/#\/schema\/logo\/image\/","url":"https:\/\/www.piovan.com\/wp-content\/uploads\/2021\/06\/logo@2x.png","contentUrl":"https:\/\/www.piovan.com\/wp-content\/uploads\/2021\/06\/logo@2x.png","width":489,"height":78,"caption":"PiovanGroup"},"image":{"@id":"https:\/\/www.piovan.com\/#\/schema\/logo\/image\/"}}]}},"_links":{"self":[{"href":"https:\/\/www.piovan.com\/de\/wp-json\/wp\/v2\/product\/15142"}],"collection":[{"href":"https:\/\/www.piovan.com\/de\/wp-json\/wp\/v2\/product"}],"about":[{"href":"https:\/\/www.piovan.com\/de\/wp-json\/wp\/v2\/types\/product"}],"version-history":[{"count":2,"href":"https:\/\/www.piovan.com\/de\/wp-json\/wp\/v2\/product\/15142\/revisions"}],"predecessor-version":[{"id":15349,"href":"https:\/\/www.piovan.com\/de\/wp-json\/wp\/v2\/product\/15142\/revisions\/15349"}],"wp:featuredmedia":[{"embeddable":true,"href":"https:\/\/www.piovan.com\/de\/wp-json\/wp\/v2\/media\/15145"}],"wp:attachment":[{"href":"https:\/\/www.piovan.com\/de\/wp-json\/wp\/v2\/media?parent=15142"}],"wp:term":[{"taxonomy":"post_tag","embeddable":true,"href":"https:\/\/www.piovan.com\/de\/wp-json\/wp\/v2\/tags?post=15142"}],"curies":[{"name":"wp","href":"https:\/\/api.w.org\/{rel}","templated":true}]}}