{"id":15026,"date":"2025-05-08T16:04:52","date_gmt":"2025-05-08T14:04:52","guid":{"rendered":"https:\/\/www.piovan.com\/?post_type=product&#038;p=15026"},"modified":"2025-05-14T15:42:05","modified_gmt":"2025-05-14T13:42:05","slug":"optisieve","status":"publish","type":"product","link":"https:\/\/www.piovan.com\/de\/product\/optisieve\/","title":{"rendered":"OptiSieve"},"content":{"rendered":"<p>Das Zentrifugalsieb ist die perfekte L\u00f6sung zum Sieben von pulverf\u00f6rmigen Produkten und zum Aufbrechen kleiner Klumpen.<\/p>\n<p class=\" translation-block\">Das System bietet Effizienz und Vielseitigkeit beim Sieben pulverf\u00f6rmiger Produkte. Das Innengewebe ist in verschiedenen Texturen und Lochblechen erh\u00e4ltlich und kann individuell an die jeweiligen Anforderungen angepasst werden, um Ergebnisse mit hohen Qualit\u00e4tsstandards zu gew\u00e4hrleisten.<\/p>\n<p>Das System sorgt f\u00fcr eine h\u00f6here Effizienz des Produktionsprozesses und garantiert qualitativ hochwertige Ergebnisse.<\/p>\n<p>Die Ausf\u00fchrung wurde optimiert, um Folgendes sicherzustellen:<\/p>\n<ul>\n<li>Effizienz und Qualit\u00e4t: Das gesiebte Produkt ist bereit, um in den Produktionsprozess integriert zu werden, wobei eine konstante Gleichm\u00e4\u00dfigkeit und Qualit\u00e4t sichergestellt werden.<\/li>\n<li>Abfallverwaltung: Der Abfall wird zu einem vorderen Ausgang bef\u00f6rdert, der problemlos an einen Sammel- oder Entsorgungstank oder an ein System zur Weiterverarbeitung angeschlossen werden kann.<\/li>\n<li>Robustheit und Langlebigkeit: Das Sieb verf\u00fcgt \u00fcber einen Rahmen aus Edelstahl und ist f\u00fcr die Verarbeitung einer Vielzahl von Produkttypen\nausgelegt, wodurch eine lang anhaltende Leistung gew\u00e4hrleistet wird.<\/li>\n<li>Sicherheit und Reinigung: Entwickelt, um den Arbeitsbereich sauber und sicher zu halten.<\/li>\n<\/ul>","protected":false},"featured_media":15130,"template":"","tags":[189],"acf":[],"yoast_head":"<title>OptiSieve - PiovanGroup<\/title>\n<meta name=\"robots\" content=\"index, follow, max-snippet:-1, max-image-preview:large, max-video-preview:-1\" \/>\n<link rel=\"canonical\" href=\"https:\/\/www.piovan.com\/de\/product\/optisieve\/\" \/>\n<meta property=\"og:locale\" content=\"de_DE\" \/>\n<meta property=\"og:type\" content=\"article\" \/>\n<meta property=\"og:title\" content=\"OptiSieve - PiovanGroup\" \/>\n<meta property=\"og:description\" content=\"The centrifugal sifter is the perfect solution for screening powdered products and breaking up small clumps. The system offers efficient and versatile screening of powdered products. The internal mesh, available in various weaves and perforated sheets, can be customized to meet specific requirements, ensuring results in line with the highest standards. The system enhances production efficiency while delivering consistently high-quality outcomes. The design has been optimized to ensure: Efficiency and Quality: The sieved product is ready to be integrated into [&hellip;]\" \/>\n<meta property=\"og:url\" content=\"https:\/\/www.piovan.com\/de\/product\/optisieve\/\" \/>\n<meta property=\"og:site_name\" content=\"PiovanGroup\" \/>\n<meta property=\"article:modified_time\" content=\"2025-05-14T13:42:05+00:00\" \/>\n<meta property=\"og:image\" content=\"https:\/\/www.piovan.com\/wp-content\/uploads\/0001_Setaccio.png\" \/>\n\t<meta property=\"og:image:width\" content=\"1200\" \/>\n\t<meta property=\"og:image:height\" content=\"1560\" \/>\n\t<meta property=\"og:image:type\" content=\"image\/png\" \/>\n<meta name=\"twitter:card\" content=\"summary_large_image\" \/>\n<script type=\"application\/ld+json\" class=\"yoast-schema-graph\">{\"@context\":\"https:\/\/schema.org\",\"@graph\":[{\"@type\":\"WebPage\",\"@id\":\"https:\/\/www.piovan.com\/product\/optisieve\/\",\"url\":\"https:\/\/www.piovan.com\/product\/optisieve\/\",\"name\":\"OptiSieve - PiovanGroup\",\"isPartOf\":{\"@id\":\"https:\/\/www.piovan.com\/#website\"},\"datePublished\":\"2025-05-08T14:04:52+00:00\",\"dateModified\":\"2025-05-14T13:42:05+00:00\",\"breadcrumb\":{\"@id\":\"https:\/\/www.piovan.com\/product\/optisieve\/#breadcrumb\"},\"inLanguage\":\"de-DE\",\"potentialAction\":[{\"@type\":\"ReadAction\",\"target\":[\"https:\/\/www.piovan.com\/product\/optisieve\/\"]}]},{\"@type\":\"BreadcrumbList\",\"@id\":\"https:\/\/www.piovan.com\/product\/optisieve\/#breadcrumb\",\"itemListElement\":[{\"@type\":\"ListItem\",\"position\":1,\"name\":\"Home\",\"item\":\"https:\/\/www.piovan.com\/\"},{\"@type\":\"ListItem\",\"position\":2,\"name\":\"Food\",\"item\":\"https:\/\/www.piovan.com\/de\/products\/lebensmittel\/\"},{\"@type\":\"ListItem\",\"position\":3,\"name\":\"Sieving\",\"item\":\"https:\/\/www.piovan.com\/de\/products\/lebensmittel\/sieving\/\"},{\"@type\":\"ListItem\",\"position\":4,\"name\":\"OptiSieve\"}]},{\"@type\":\"WebSite\",\"@id\":\"https:\/\/www.piovan.com\/#website\",\"url\":\"https:\/\/www.piovan.com\/\",\"name\":\"PiovanGroup\",\"description\":\"\",\"publisher\":{\"@id\":\"https:\/\/www.piovan.com\/#organization\"},\"potentialAction\":[{\"@type\":\"SearchAction\",\"target\":{\"@type\":\"EntryPoint\",\"urlTemplate\":\"https:\/\/www.piovan.com\/?s={search_term_string}\"},\"query-input\":\"required name=search_term_string\"}],\"inLanguage\":\"de-DE\"},{\"@type\":\"Organization\",\"@id\":\"https:\/\/www.piovan.com\/#organization\",\"name\":\"PiovanGroup\",\"url\":\"https:\/\/www.piovan.com\/\",\"logo\":{\"@type\":\"ImageObject\",\"inLanguage\":\"de-DE\",\"@id\":\"https:\/\/www.piovan.com\/#\/schema\/logo\/image\/\",\"url\":\"https:\/\/www.piovan.com\/wp-content\/uploads\/2021\/06\/logo@2x.png\",\"contentUrl\":\"https:\/\/www.piovan.com\/wp-content\/uploads\/2021\/06\/logo@2x.png\",\"width\":489,\"height\":78,\"caption\":\"PiovanGroup\"},\"image\":{\"@id\":\"https:\/\/www.piovan.com\/#\/schema\/logo\/image\/\"}}]}<\/script>","yoast_head_json":{"title":"OptiSieve - PiovanGroup","robots":{"index":"index","follow":"follow","max-snippet":"max-snippet:-1","max-image-preview":"max-image-preview:large","max-video-preview":"max-video-preview:-1"},"canonical":"https:\/\/www.piovan.com\/de\/product\/optisieve\/","og_locale":"de_DE","og_type":"article","og_title":"OptiSieve - PiovanGroup","og_description":"The centrifugal sifter is the perfect solution for screening powdered products and breaking up small clumps. The system offers efficient and versatile screening of powdered products. The internal mesh, available in various weaves and perforated sheets, can be customized to meet specific requirements, ensuring results in line with the highest standards. The system enhances production efficiency while delivering consistently high-quality outcomes. The design has been optimized to ensure: Efficiency and Quality: The sieved product is ready to be integrated into [&hellip;]","og_url":"https:\/\/www.piovan.com\/de\/product\/optisieve\/","og_site_name":"PiovanGroup","article_modified_time":"2025-05-14T13:42:05+00:00","og_image":[{"width":1200,"height":1560,"url":"https:\/\/www.piovan.com\/wp-content\/uploads\/0001_Setaccio.png","type":"image\/png"}],"twitter_card":"summary_large_image","schema":{"@context":"https:\/\/schema.org","@graph":[{"@type":"WebPage","@id":"https:\/\/www.piovan.com\/product\/optisieve\/","url":"https:\/\/www.piovan.com\/product\/optisieve\/","name":"OptiSieve - PiovanGroup","isPartOf":{"@id":"https:\/\/www.piovan.com\/#website"},"datePublished":"2025-05-08T14:04:52+00:00","dateModified":"2025-05-14T13:42:05+00:00","breadcrumb":{"@id":"https:\/\/www.piovan.com\/product\/optisieve\/#breadcrumb"},"inLanguage":"de-DE","potentialAction":[{"@type":"ReadAction","target":["https:\/\/www.piovan.com\/product\/optisieve\/"]}]},{"@type":"BreadcrumbList","@id":"https:\/\/www.piovan.com\/product\/optisieve\/#breadcrumb","itemListElement":[{"@type":"ListItem","position":1,"name":"Home","item":"https:\/\/www.piovan.com\/"},{"@type":"ListItem","position":2,"name":"Food","item":"https:\/\/www.piovan.com\/de\/products\/lebensmittel\/"},{"@type":"ListItem","position":3,"name":"Sieving","item":"https:\/\/www.piovan.com\/de\/products\/lebensmittel\/sieving\/"},{"@type":"ListItem","position":4,"name":"OptiSieve"}]},{"@type":"WebSite","@id":"https:\/\/www.piovan.com\/#website","url":"https:\/\/www.piovan.com\/","name":"PiovanGroup","description":"","publisher":{"@id":"https:\/\/www.piovan.com\/#organization"},"potentialAction":[{"@type":"SearchAction","target":{"@type":"EntryPoint","urlTemplate":"https:\/\/www.piovan.com\/?s={search_term_string}"},"query-input":"required name=search_term_string"}],"inLanguage":"de-DE"},{"@type":"Organization","@id":"https:\/\/www.piovan.com\/#organization","name":"PiovanGroup","url":"https:\/\/www.piovan.com\/","logo":{"@type":"ImageObject","inLanguage":"de-DE","@id":"https:\/\/www.piovan.com\/#\/schema\/logo\/image\/","url":"https:\/\/www.piovan.com\/wp-content\/uploads\/2021\/06\/logo@2x.png","contentUrl":"https:\/\/www.piovan.com\/wp-content\/uploads\/2021\/06\/logo@2x.png","width":489,"height":78,"caption":"PiovanGroup"},"image":{"@id":"https:\/\/www.piovan.com\/#\/schema\/logo\/image\/"}}]}},"_links":{"self":[{"href":"https:\/\/www.piovan.com\/de\/wp-json\/wp\/v2\/product\/15026"}],"collection":[{"href":"https:\/\/www.piovan.com\/de\/wp-json\/wp\/v2\/product"}],"about":[{"href":"https:\/\/www.piovan.com\/de\/wp-json\/wp\/v2\/types\/product"}],"version-history":[{"count":2,"href":"https:\/\/www.piovan.com\/de\/wp-json\/wp\/v2\/product\/15026\/revisions"}],"predecessor-version":[{"id":15140,"href":"https:\/\/www.piovan.com\/de\/wp-json\/wp\/v2\/product\/15026\/revisions\/15140"}],"wp:featuredmedia":[{"embeddable":true,"href":"https:\/\/www.piovan.com\/de\/wp-json\/wp\/v2\/media\/15130"}],"wp:attachment":[{"href":"https:\/\/www.piovan.com\/de\/wp-json\/wp\/v2\/media?parent=15026"}],"wp:term":[{"taxonomy":"post_tag","embeddable":true,"href":"https:\/\/www.piovan.com\/de\/wp-json\/wp\/v2\/tags?post=15026"}],"curies":[{"name":"wp","href":"https:\/\/api.w.org\/{rel}","templated":true}]}}