{"id":15024,"date":"2025-05-08T16:03:52","date_gmt":"2025-05-08T14:03:52","guid":{"rendered":"https:\/\/www.piovan.com\/?post_type=product&#038;p=15024"},"modified":"2025-05-14T12:51:41","modified_gmt":"2025-05-14T10:51:41","slug":"teslatube","status":"publish","type":"product","link":"https:\/\/www.piovan.com\/de\/product\/teslatube\/","title":{"rendered":"TeslaTube"},"content":{"rendered":"<p>TeslaTube ist ein fortschrittliches elektromagnetisches Induktionsheizsystem speziell f\u00fcr fl\u00fcssige Lebensmittel wie Schokolade, Brotaufstriche, Gelees und Honig oder allgemein f\u00fcr Lebensmittel, die kontrollierte Temperaturen erfordern. Durch den Einsatz modernster Technologie\nwird eine pr\u00e4zise Temperatur entlang des gesamten Prozesspfads gew\u00e4hrleistet, wodurch ein Erstarren verhindert und die Produktqualit\u00e4t bewahrt wird.<\/p>\n<p>Die Funktionsweise basiert auf elektromagnetischer\nInduktion: Ein hochfrequenter Wechselstrom flie\u00dft durch einen Leiter, der um das Edelstahlrohr gewickelt ist, und erzeugt ein Magnetfeld, das im\nRohr selbst Str\u00f6me induziert, es gleichm\u00e4\u00dfig erhitzt und die W\u00e4rme kontrolliert an die Fl\u00fcssigkeit \u00fcbertr\u00e4gt.<\/p>\n<p>Der modulare Aufbau erm\u00f6glicht eine einfache Installation und Anpassung an jede vorhandene Konfiguration. Das System verwaltet die gesamte Prozesslinie, von Tanks bis zu Ventilen, von Pumpen bis zu W\u00e4rmetauschern, und gew\u00e4hrleistet\neine pr\u00e4zise W\u00e4rmeregelung. Schnellanschl\u00fcsse\nerleichtern die Installation und Wartung, w\u00e4hrend die Standardisierung das Ersatzteilmanagement optimiert.<\/p>\n<p>The advanced PLC controller, through distributed sensors, constantly monitors and adjusts the delivered power, maintaining the temperature of the fluid within \u00b10.1\u00b0C with extremely fast response times. The intuitive interface allows for real-time programming and monitoring.<\/p>\n<p>Im Vergleich zu herk\u00f6mmlichen Systemen bietet TeslaTube erhebliche Vorteile: \u00fcberlegene Energieeffizienz mit Einsparungen von bis zu 90 %, Wegfall energiehungriger Komponenten, homogene\nW\u00e4rmeverteilung, verk\u00fcrzte Anlaufzeiten und kein Kontaminationsrisiko.<\/p>\n<p class=\" translation-block\">Das System kann die Energie von Photovoltaik-\nWechselrichtern direkt nutzen, wodurch Zwischenenergieumwandlungen vermieden, die Prozesseffizienz gesteigert und der CO2-Fu\u00dfabdruck des gesamten Produktionsprozesses deutlich reduziert werden.<\/p>","protected":false},"featured_media":15119,"template":"","tags":[189],"acf":[],"yoast_head":"<title>TeslaTube - PiovanGroup<\/title>\n<meta name=\"robots\" content=\"index, follow, max-snippet:-1, max-image-preview:large, max-video-preview:-1\" \/>\n<link rel=\"canonical\" href=\"https:\/\/www.piovan.com\/de\/product\/teslatube\/\" \/>\n<meta property=\"og:locale\" content=\"de_DE\" \/>\n<meta property=\"og:type\" content=\"article\" \/>\n<meta property=\"og:title\" content=\"TeslaTube - PiovanGroup\" \/>\n<meta property=\"og:description\" content=\"TeslaTube is an advanced electromagnetic induction heating system specifically designed for food fluids such as chocolate, spreads, jellies, and honey, or in general, products that require controlled temperatures. Using cutting-edge technology, it ensures a precise temperature along the entire processing path, preventing solidification and preserving the quality of the product. The operating principle is that of electromagnetic induction: a high-frequency alternating current passes through a conductor wound around the stainless steel piping, generating a magnetic field that induces currents in [&hellip;]\" \/>\n<meta property=\"og:url\" content=\"https:\/\/www.piovan.com\/de\/product\/teslatube\/\" \/>\n<meta property=\"og:site_name\" content=\"PiovanGroup\" \/>\n<meta property=\"article:modified_time\" content=\"2025-05-14T10:51:41+00:00\" \/>\n<meta property=\"og:image\" content=\"https:\/\/www.piovan.com\/wp-content\/uploads\/Teslatube.png\" \/>\n\t<meta property=\"og:image:width\" content=\"1200\" \/>\n\t<meta property=\"og:image:height\" content=\"1560\" \/>\n\t<meta property=\"og:image:type\" content=\"image\/png\" \/>\n<meta name=\"twitter:card\" content=\"summary_large_image\" \/>\n<script type=\"application\/ld+json\" class=\"yoast-schema-graph\">{\"@context\":\"https:\/\/schema.org\",\"@graph\":[{\"@type\":\"WebPage\",\"@id\":\"https:\/\/www.piovan.com\/product\/teslatube\/\",\"url\":\"https:\/\/www.piovan.com\/product\/teslatube\/\",\"name\":\"TeslaTube - PiovanGroup\",\"isPartOf\":{\"@id\":\"https:\/\/www.piovan.com\/#website\"},\"datePublished\":\"2025-05-08T14:03:52+00:00\",\"dateModified\":\"2025-05-14T10:51:41+00:00\",\"breadcrumb\":{\"@id\":\"https:\/\/www.piovan.com\/product\/teslatube\/#breadcrumb\"},\"inLanguage\":\"de-DE\",\"potentialAction\":[{\"@type\":\"ReadAction\",\"target\":[\"https:\/\/www.piovan.com\/product\/teslatube\/\"]}]},{\"@type\":\"BreadcrumbList\",\"@id\":\"https:\/\/www.piovan.com\/product\/teslatube\/#breadcrumb\",\"itemListElement\":[{\"@type\":\"ListItem\",\"position\":1,\"name\":\"Home\",\"item\":\"https:\/\/www.piovan.com\/\"},{\"@type\":\"ListItem\",\"position\":2,\"name\":\"Food\",\"item\":\"https:\/\/www.piovan.com\/de\/products\/lebensmittel\/\"},{\"@type\":\"ListItem\",\"position\":3,\"name\":\"Transport\",\"item\":\"https:\/\/www.piovan.com\/de\/products\/lebensmittel\/transport\/\"},{\"@type\":\"ListItem\",\"position\":4,\"name\":\"TeslaTube\"}]},{\"@type\":\"WebSite\",\"@id\":\"https:\/\/www.piovan.com\/#website\",\"url\":\"https:\/\/www.piovan.com\/\",\"name\":\"PiovanGroup\",\"description\":\"\",\"publisher\":{\"@id\":\"https:\/\/www.piovan.com\/#organization\"},\"potentialAction\":[{\"@type\":\"SearchAction\",\"target\":{\"@type\":\"EntryPoint\",\"urlTemplate\":\"https:\/\/www.piovan.com\/?s={search_term_string}\"},\"query-input\":\"required name=search_term_string\"}],\"inLanguage\":\"de-DE\"},{\"@type\":\"Organization\",\"@id\":\"https:\/\/www.piovan.com\/#organization\",\"name\":\"PiovanGroup\",\"url\":\"https:\/\/www.piovan.com\/\",\"logo\":{\"@type\":\"ImageObject\",\"inLanguage\":\"de-DE\",\"@id\":\"https:\/\/www.piovan.com\/#\/schema\/logo\/image\/\",\"url\":\"https:\/\/www.piovan.com\/wp-content\/uploads\/2021\/06\/logo@2x.png\",\"contentUrl\":\"https:\/\/www.piovan.com\/wp-content\/uploads\/2021\/06\/logo@2x.png\",\"width\":489,\"height\":78,\"caption\":\"PiovanGroup\"},\"image\":{\"@id\":\"https:\/\/www.piovan.com\/#\/schema\/logo\/image\/\"}}]}<\/script>","yoast_head_json":{"title":"TeslaTube - PiovanGroup","robots":{"index":"index","follow":"follow","max-snippet":"max-snippet:-1","max-image-preview":"max-image-preview:large","max-video-preview":"max-video-preview:-1"},"canonical":"https:\/\/www.piovan.com\/de\/product\/teslatube\/","og_locale":"de_DE","og_type":"article","og_title":"TeslaTube - PiovanGroup","og_description":"TeslaTube is an advanced electromagnetic induction heating system specifically designed for food fluids such as chocolate, spreads, jellies, and honey, or in general, products that require controlled temperatures. Using cutting-edge technology, it ensures a precise temperature along the entire processing path, preventing solidification and preserving the quality of the product. The operating principle is that of electromagnetic induction: a high-frequency alternating current passes through a conductor wound around the stainless steel piping, generating a magnetic field that induces currents in [&hellip;]","og_url":"https:\/\/www.piovan.com\/de\/product\/teslatube\/","og_site_name":"PiovanGroup","article_modified_time":"2025-05-14T10:51:41+00:00","og_image":[{"width":1200,"height":1560,"url":"https:\/\/www.piovan.com\/wp-content\/uploads\/Teslatube.png","type":"image\/png"}],"twitter_card":"summary_large_image","schema":{"@context":"https:\/\/schema.org","@graph":[{"@type":"WebPage","@id":"https:\/\/www.piovan.com\/product\/teslatube\/","url":"https:\/\/www.piovan.com\/product\/teslatube\/","name":"TeslaTube - PiovanGroup","isPartOf":{"@id":"https:\/\/www.piovan.com\/#website"},"datePublished":"2025-05-08T14:03:52+00:00","dateModified":"2025-05-14T10:51:41+00:00","breadcrumb":{"@id":"https:\/\/www.piovan.com\/product\/teslatube\/#breadcrumb"},"inLanguage":"de-DE","potentialAction":[{"@type":"ReadAction","target":["https:\/\/www.piovan.com\/product\/teslatube\/"]}]},{"@type":"BreadcrumbList","@id":"https:\/\/www.piovan.com\/product\/teslatube\/#breadcrumb","itemListElement":[{"@type":"ListItem","position":1,"name":"Home","item":"https:\/\/www.piovan.com\/"},{"@type":"ListItem","position":2,"name":"Food","item":"https:\/\/www.piovan.com\/de\/products\/lebensmittel\/"},{"@type":"ListItem","position":3,"name":"Transport","item":"https:\/\/www.piovan.com\/de\/products\/lebensmittel\/transport\/"},{"@type":"ListItem","position":4,"name":"TeslaTube"}]},{"@type":"WebSite","@id":"https:\/\/www.piovan.com\/#website","url":"https:\/\/www.piovan.com\/","name":"PiovanGroup","description":"","publisher":{"@id":"https:\/\/www.piovan.com\/#organization"},"potentialAction":[{"@type":"SearchAction","target":{"@type":"EntryPoint","urlTemplate":"https:\/\/www.piovan.com\/?s={search_term_string}"},"query-input":"required name=search_term_string"}],"inLanguage":"de-DE"},{"@type":"Organization","@id":"https:\/\/www.piovan.com\/#organization","name":"PiovanGroup","url":"https:\/\/www.piovan.com\/","logo":{"@type":"ImageObject","inLanguage":"de-DE","@id":"https:\/\/www.piovan.com\/#\/schema\/logo\/image\/","url":"https:\/\/www.piovan.com\/wp-content\/uploads\/2021\/06\/logo@2x.png","contentUrl":"https:\/\/www.piovan.com\/wp-content\/uploads\/2021\/06\/logo@2x.png","width":489,"height":78,"caption":"PiovanGroup"},"image":{"@id":"https:\/\/www.piovan.com\/#\/schema\/logo\/image\/"}}]}},"_links":{"self":[{"href":"https:\/\/www.piovan.com\/de\/wp-json\/wp\/v2\/product\/15024"}],"collection":[{"href":"https:\/\/www.piovan.com\/de\/wp-json\/wp\/v2\/product"}],"about":[{"href":"https:\/\/www.piovan.com\/de\/wp-json\/wp\/v2\/types\/product"}],"version-history":[{"count":3,"href":"https:\/\/www.piovan.com\/de\/wp-json\/wp\/v2\/product\/15024\/revisions"}],"predecessor-version":[{"id":15120,"href":"https:\/\/www.piovan.com\/de\/wp-json\/wp\/v2\/product\/15024\/revisions\/15120"}],"wp:featuredmedia":[{"embeddable":true,"href":"https:\/\/www.piovan.com\/de\/wp-json\/wp\/v2\/media\/15119"}],"wp:attachment":[{"href":"https:\/\/www.piovan.com\/de\/wp-json\/wp\/v2\/media?parent=15024"}],"wp:term":[{"taxonomy":"post_tag","embeddable":true,"href":"https:\/\/www.piovan.com\/de\/wp-json\/wp\/v2\/tags?post=15024"}],"curies":[{"name":"wp","href":"https:\/\/api.w.org\/{rel}","templated":true}]}}