{"id":13394,"date":"2024-10-01T16:17:52","date_gmt":"2024-10-01T14:17:52","guid":{"rendered":"https:\/\/www.piovan.com\/?post_type=product&#038;p=13394"},"modified":"2024-12-11T11:02:48","modified_gmt":"2024-12-11T10:02:48","slug":"deduster","status":"publish","type":"product","link":"https:\/\/www.piovan.com\/de\/product\/deduster\/","title":{"rendered":"DeDuster\u00ae"},"content":{"rendered":"<p>Einige St\u00e4ube und Verunreinigungen entstehen auf nat\u00fcrliche Weise, w\u00e4hrend andere durch die Art und Weise, wie die Produkte gehandhabt werden, verursacht werden. Bei der Zerkleinerung von Post-Consumer-Kunststoff entsteht auf nat\u00fcrliche Weise Staub und Verunreinigungen im Kunststoffgranulatkorn,\nsowohl Feinanteile (Staub) als auch Engelshaar\n(Luftschlangen), werden durch die Reibung in den F\u00f6rderleitungen erzeugt. Systeme mit verd\u00fcnnter Phase erzeugen gro\u00dfe Mengen an Staub und Luftschlangen; je h\u00f6her die Geschwindigkeit, desto gr\u00f6\u00dfer die Menge an\nVerunreinigungen. Rohrb\u00f6gen verursachen\nebenfalls Reibung und f\u00fchren zur Entstehung von mehr Staub und Luftschlangen. Der hohe Druck in Dichtstromf\u00f6rderungen oder Langsamf\u00f6rder erzeugt aufgrund der Wandreibung und der Reibung zwischen den Granulatk\u00f6rnern sehr feinen Staub. Temperatur, Form des Granulatkorns und Produkteigenschaften k\u00f6nnen ebenfalls zur Staubbildung beitragen.<\/p>\n<p>Die Kunststoffindustrie reinigt Granulatkorn, um die Qualit\u00e4t sowohl des Granulatkorns als auch des fertigen Kunststoffprodukts zu verbessern.<\/p>\n<p>Um diesen Anforderungen gerecht zu werden, hat Pelletron, ein Unternehmen der Piovan-Gruppe, eine Reinigungsmaschine entwickelt, die eine Vielzahl von Luftwaschprinzipien kombiniert, mit der revolution\u00e4ren Funktion des elektrostatischen Flussfeldes und die mit der geringstm\u00f6glichen Bauh\u00f6he gebaut wurde. Wenn elektrostatisch geladene Partikel in das magnetische Flussfeld eintreten, schw\u00e4cht die daraus resultierende \u201eLorentzkraft\u201c die elektrostatische Bindung zwischen Feinstaub und Kunststoffgranulatkorn. Diese Schw\u00e4chung in Kombination mit dem Luftstrom erm\u00f6glicht es, die von den Granulatkornoberfl\u00e4chen angezogenen mikrofeinen Partikel zu entfernen.<\/p>","protected":false},"featured_media":13970,"template":"","tags":[],"acf":[],"yoast_head":"<title>DeDuster\u00ae - PiovanGroup<\/title>\n<meta name=\"robots\" content=\"index, follow, max-snippet:-1, max-image-preview:large, max-video-preview:-1\" \/>\n<link rel=\"canonical\" href=\"https:\/\/www.piovan.com\/de\/product\/deduster\/\" \/>\n<meta property=\"og:locale\" content=\"de_DE\" \/>\n<meta property=\"og:type\" content=\"article\" \/>\n<meta property=\"og:title\" content=\"DeDuster\u00ae - PiovanGroup\" \/>\n<meta property=\"og:description\" content=\"Some dust and contaminants occur naturally while others are caused by the way the products are handled. The grinding process of post-consumer plastic naturally produces dust and Impurities in plastic pellets, both fines (dust) and angel hair (streamers), are generated by the friction in conveying lines. Dilute phase systems create large amounts of dust and streamers; the higher the velocity, the larger the amount of impurities. Pipe elbows also cause friction and result in the creation of more dust and [&hellip;]\" \/>\n<meta property=\"og:url\" content=\"https:\/\/www.piovan.com\/de\/product\/deduster\/\" \/>\n<meta property=\"og:site_name\" content=\"PiovanGroup\" \/>\n<meta property=\"article:modified_time\" content=\"2024-12-11T10:02:48+00:00\" \/>\n<meta property=\"og:image\" content=\"https:\/\/www.piovan.com\/wp-content\/uploads\/DeDuster-1.png\" \/>\n\t<meta property=\"og:image:width\" content=\"1200\" \/>\n\t<meta property=\"og:image:height\" content=\"1560\" \/>\n\t<meta property=\"og:image:type\" content=\"image\/png\" \/>\n<meta name=\"twitter:card\" content=\"summary_large_image\" \/>\n<script type=\"application\/ld+json\" class=\"yoast-schema-graph\">{\"@context\":\"https:\/\/schema.org\",\"@graph\":[{\"@type\":\"WebPage\",\"@id\":\"https:\/\/www.piovan.com\/product\/deduster\/\",\"url\":\"https:\/\/www.piovan.com\/product\/deduster\/\",\"name\":\"DeDuster\u00ae - PiovanGroup\",\"isPartOf\":{\"@id\":\"https:\/\/www.piovan.com\/#website\"},\"datePublished\":\"2024-10-01T14:17:52+00:00\",\"dateModified\":\"2024-12-11T10:02:48+00:00\",\"breadcrumb\":{\"@id\":\"https:\/\/www.piovan.com\/product\/deduster\/#breadcrumb\"},\"inLanguage\":\"de-DE\",\"potentialAction\":[{\"@type\":\"ReadAction\",\"target\":[\"https:\/\/www.piovan.com\/product\/deduster\/\"]}]},{\"@type\":\"BreadcrumbList\",\"@id\":\"https:\/\/www.piovan.com\/product\/deduster\/#breadcrumb\",\"itemListElement\":[{\"@type\":\"ListItem\",\"position\":1,\"name\":\"Home\",\"item\":\"https:\/\/www.piovan.com\/\"},{\"@type\":\"ListItem\",\"position\":2,\"name\":\"Plastic\",\"item\":\"https:\/\/www.piovan.com\/de\/products\/kunststoff\/\"},{\"@type\":\"ListItem\",\"position\":3,\"name\":\"Feeding &amp; Conveying\",\"item\":\"https:\/\/www.piovan.com\/de\/products\/kunststoff\/versorgung-und-transport\/\"},{\"@type\":\"ListItem\",\"position\":4,\"name\":\"DeDuster\u00ae\"}]},{\"@type\":\"WebSite\",\"@id\":\"https:\/\/www.piovan.com\/#website\",\"url\":\"https:\/\/www.piovan.com\/\",\"name\":\"PiovanGroup\",\"description\":\"\",\"publisher\":{\"@id\":\"https:\/\/www.piovan.com\/#organization\"},\"potentialAction\":[{\"@type\":\"SearchAction\",\"target\":{\"@type\":\"EntryPoint\",\"urlTemplate\":\"https:\/\/www.piovan.com\/?s={search_term_string}\"},\"query-input\":\"required name=search_term_string\"}],\"inLanguage\":\"de-DE\"},{\"@type\":\"Organization\",\"@id\":\"https:\/\/www.piovan.com\/#organization\",\"name\":\"PiovanGroup\",\"url\":\"https:\/\/www.piovan.com\/\",\"logo\":{\"@type\":\"ImageObject\",\"inLanguage\":\"de-DE\",\"@id\":\"https:\/\/www.piovan.com\/#\/schema\/logo\/image\/\",\"url\":\"https:\/\/www.piovan.com\/wp-content\/uploads\/2021\/06\/logo@2x.png\",\"contentUrl\":\"https:\/\/www.piovan.com\/wp-content\/uploads\/2021\/06\/logo@2x.png\",\"width\":489,\"height\":78,\"caption\":\"PiovanGroup\"},\"image\":{\"@id\":\"https:\/\/www.piovan.com\/#\/schema\/logo\/image\/\"}}]}<\/script>","yoast_head_json":{"title":"DeDuster\u00ae - PiovanGroup","robots":{"index":"index","follow":"follow","max-snippet":"max-snippet:-1","max-image-preview":"max-image-preview:large","max-video-preview":"max-video-preview:-1"},"canonical":"https:\/\/www.piovan.com\/de\/product\/deduster\/","og_locale":"de_DE","og_type":"article","og_title":"DeDuster\u00ae - PiovanGroup","og_description":"Some dust and contaminants occur naturally while others are caused by the way the products are handled. The grinding process of post-consumer plastic naturally produces dust and Impurities in plastic pellets, both fines (dust) and angel hair (streamers), are generated by the friction in conveying lines. Dilute phase systems create large amounts of dust and streamers; the higher the velocity, the larger the amount of impurities. Pipe elbows also cause friction and result in the creation of more dust and [&hellip;]","og_url":"https:\/\/www.piovan.com\/de\/product\/deduster\/","og_site_name":"PiovanGroup","article_modified_time":"2024-12-11T10:02:48+00:00","og_image":[{"width":1200,"height":1560,"url":"https:\/\/www.piovan.com\/wp-content\/uploads\/DeDuster-1.png","type":"image\/png"}],"twitter_card":"summary_large_image","schema":{"@context":"https:\/\/schema.org","@graph":[{"@type":"WebPage","@id":"https:\/\/www.piovan.com\/product\/deduster\/","url":"https:\/\/www.piovan.com\/product\/deduster\/","name":"DeDuster\u00ae - PiovanGroup","isPartOf":{"@id":"https:\/\/www.piovan.com\/#website"},"datePublished":"2024-10-01T14:17:52+00:00","dateModified":"2024-12-11T10:02:48+00:00","breadcrumb":{"@id":"https:\/\/www.piovan.com\/product\/deduster\/#breadcrumb"},"inLanguage":"de-DE","potentialAction":[{"@type":"ReadAction","target":["https:\/\/www.piovan.com\/product\/deduster\/"]}]},{"@type":"BreadcrumbList","@id":"https:\/\/www.piovan.com\/product\/deduster\/#breadcrumb","itemListElement":[{"@type":"ListItem","position":1,"name":"Home","item":"https:\/\/www.piovan.com\/"},{"@type":"ListItem","position":2,"name":"Plastic","item":"https:\/\/www.piovan.com\/de\/products\/kunststoff\/"},{"@type":"ListItem","position":3,"name":"Feeding &amp; Conveying","item":"https:\/\/www.piovan.com\/de\/products\/kunststoff\/versorgung-und-transport\/"},{"@type":"ListItem","position":4,"name":"DeDuster\u00ae"}]},{"@type":"WebSite","@id":"https:\/\/www.piovan.com\/#website","url":"https:\/\/www.piovan.com\/","name":"PiovanGroup","description":"","publisher":{"@id":"https:\/\/www.piovan.com\/#organization"},"potentialAction":[{"@type":"SearchAction","target":{"@type":"EntryPoint","urlTemplate":"https:\/\/www.piovan.com\/?s={search_term_string}"},"query-input":"required name=search_term_string"}],"inLanguage":"de-DE"},{"@type":"Organization","@id":"https:\/\/www.piovan.com\/#organization","name":"PiovanGroup","url":"https:\/\/www.piovan.com\/","logo":{"@type":"ImageObject","inLanguage":"de-DE","@id":"https:\/\/www.piovan.com\/#\/schema\/logo\/image\/","url":"https:\/\/www.piovan.com\/wp-content\/uploads\/2021\/06\/logo@2x.png","contentUrl":"https:\/\/www.piovan.com\/wp-content\/uploads\/2021\/06\/logo@2x.png","width":489,"height":78,"caption":"PiovanGroup"},"image":{"@id":"https:\/\/www.piovan.com\/#\/schema\/logo\/image\/"}}]}},"_links":{"self":[{"href":"https:\/\/www.piovan.com\/de\/wp-json\/wp\/v2\/product\/13394"}],"collection":[{"href":"https:\/\/www.piovan.com\/de\/wp-json\/wp\/v2\/product"}],"about":[{"href":"https:\/\/www.piovan.com\/de\/wp-json\/wp\/v2\/types\/product"}],"version-history":[{"count":4,"href":"https:\/\/www.piovan.com\/de\/wp-json\/wp\/v2\/product\/13394\/revisions"}],"predecessor-version":[{"id":13552,"href":"https:\/\/www.piovan.com\/de\/wp-json\/wp\/v2\/product\/13394\/revisions\/13552"}],"wp:featuredmedia":[{"embeddable":true,"href":"https:\/\/www.piovan.com\/de\/wp-json\/wp\/v2\/media\/13970"}],"wp:attachment":[{"href":"https:\/\/www.piovan.com\/de\/wp-json\/wp\/v2\/media?parent=13394"}],"wp:term":[{"taxonomy":"post_tag","embeddable":true,"href":"https:\/\/www.piovan.com\/de\/wp-json\/wp\/v2\/tags?post=13394"}],"curies":[{"name":"wp","href":"https:\/\/api.w.org\/{rel}","templated":true}]}}