{"id":13392,"date":"2024-10-01T16:53:57","date_gmt":"2024-10-01T14:53:57","guid":{"rendered":"https:\/\/www.piovan.com\/?post_type=product&#038;p=13392"},"modified":"2025-02-26T11:54:21","modified_gmt":"2025-02-26T10:54:21","slug":"handlinkevo","status":"publish","type":"product","link":"https:\/\/www.piovan.com\/de\/product\/handlinkevo\/","title":{"rendered":"HandlinkEVO"},"content":{"rendered":"<p>Handlink ist die dichtungslose manuelle Kupplungsstation, die Verunreinigungen vermeidet und gleichzeitig den Unterdruck sicherstellt.<\/p>\n<p>Bei den neuen Kupplungen von Handlink ist Edelstahl das einzige Material, das mit dem Kunststoffgranulat in Ber\u00fchrung kommt.<\/p>\n<p>Die Bahnhofversion HandlinkEVO mit einem RFID-Tagging-System mit lokaler LED ausgestattet, das den Status der Verbindung in Echtzeit anzeigt.<\/p>\n<p>In Verbindung mit Easy3+ kontrolliert das Zuf\u00fchrsystem den korrekten Verschluss oder die \u00dcbereinstimmung zwischen Quelle und Ziel, indem es die Zufuhrzyklen im Falle eines offenen Kreislaufs oder einer Fehlanpassung des Materials sperrt und den Bediener alarmiert.<\/p>\n<p>Die HandlinkEVO-Ausf\u00fchrung erm\u00f6glicht es dem Bediener, Materialquellen und -empf\u00e4nger fehlerfrei zu koppeln. Ein System aus blinkenden farbigen LEDs unterst\u00fctzt den Bediener bei der Konfiguration.<\/p>\n<p>Bei Bedarf, ist eine Version mit Messing- Gewindekupplungen und ohne Tagging-System erh\u00e4ltlich<\/p>","protected":false},"featured_media":13486,"template":"","tags":[108],"acf":[],"yoast_head":"<title>HandlinkEVO - PiovanGroup<\/title>\n<meta name=\"robots\" content=\"index, follow, max-snippet:-1, max-image-preview:large, max-video-preview:-1\" \/>\n<link rel=\"canonical\" href=\"https:\/\/www.piovan.com\/de\/product\/handlinkevo\/\" \/>\n<meta property=\"og:locale\" content=\"de_DE\" \/>\n<meta property=\"og:type\" content=\"article\" \/>\n<meta property=\"og:title\" content=\"HandlinkEVO - PiovanGroup\" \/>\n<meta property=\"og:description\" content=\"Handlink is the gasket-less manual coupling station that avoids contamination while assuring vacuum. With the new couplings of Handlink, stainless steel is the only material that is in contact with the plastic granules. The Handlink EVO version is equipped with an RFID tagging system with a local LED for real-time status of the connection. In conjunction with Easy3+, the feeding system controls the proper closing or match between source and destination inhibiting the feeding cycles in case of open circuit [&hellip;]\" \/>\n<meta property=\"og:url\" content=\"https:\/\/www.piovan.com\/de\/product\/handlinkevo\/\" \/>\n<meta property=\"og:site_name\" content=\"PiovanGroup\" \/>\n<meta property=\"article:modified_time\" content=\"2025-02-26T10:54:21+00:00\" \/>\n<meta property=\"og:image\" content=\"https:\/\/www.piovan.com\/wp-content\/uploads\/Handlink-Evo.png\" \/>\n\t<meta property=\"og:image:width\" content=\"1200\" \/>\n\t<meta property=\"og:image:height\" content=\"1560\" \/>\n\t<meta property=\"og:image:type\" content=\"image\/png\" \/>\n<meta name=\"twitter:card\" content=\"summary_large_image\" \/>\n<script type=\"application\/ld+json\" class=\"yoast-schema-graph\">{\"@context\":\"https:\/\/schema.org\",\"@graph\":[{\"@type\":\"WebPage\",\"@id\":\"https:\/\/www.piovan.com\/product\/handlinkevo\/\",\"url\":\"https:\/\/www.piovan.com\/product\/handlinkevo\/\",\"name\":\"HandlinkEVO - PiovanGroup\",\"isPartOf\":{\"@id\":\"https:\/\/www.piovan.com\/#website\"},\"datePublished\":\"2024-10-01T14:53:57+00:00\",\"dateModified\":\"2025-02-26T10:54:21+00:00\",\"breadcrumb\":{\"@id\":\"https:\/\/www.piovan.com\/product\/handlinkevo\/#breadcrumb\"},\"inLanguage\":\"de-DE\",\"potentialAction\":[{\"@type\":\"ReadAction\",\"target\":[\"https:\/\/www.piovan.com\/product\/handlinkevo\/\"]}]},{\"@type\":\"BreadcrumbList\",\"@id\":\"https:\/\/www.piovan.com\/product\/handlinkevo\/#breadcrumb\",\"itemListElement\":[{\"@type\":\"ListItem\",\"position\":1,\"name\":\"Home\",\"item\":\"https:\/\/www.piovan.com\/\"},{\"@type\":\"ListItem\",\"position\":2,\"name\":\"Plastic\",\"item\":\"https:\/\/www.piovan.com\/de\/products\/kunststoff\/\"},{\"@type\":\"ListItem\",\"position\":3,\"name\":\"Feeding &amp; Conveying\",\"item\":\"https:\/\/www.piovan.com\/de\/products\/kunststoff\/versorgung-und-transport\/\"},{\"@type\":\"ListItem\",\"position\":4,\"name\":\"HandlinkEVO\"}]},{\"@type\":\"WebSite\",\"@id\":\"https:\/\/www.piovan.com\/#website\",\"url\":\"https:\/\/www.piovan.com\/\",\"name\":\"PiovanGroup\",\"description\":\"\",\"publisher\":{\"@id\":\"https:\/\/www.piovan.com\/#organization\"},\"potentialAction\":[{\"@type\":\"SearchAction\",\"target\":{\"@type\":\"EntryPoint\",\"urlTemplate\":\"https:\/\/www.piovan.com\/?s={search_term_string}\"},\"query-input\":\"required name=search_term_string\"}],\"inLanguage\":\"de-DE\"},{\"@type\":\"Organization\",\"@id\":\"https:\/\/www.piovan.com\/#organization\",\"name\":\"PiovanGroup\",\"url\":\"https:\/\/www.piovan.com\/\",\"logo\":{\"@type\":\"ImageObject\",\"inLanguage\":\"de-DE\",\"@id\":\"https:\/\/www.piovan.com\/#\/schema\/logo\/image\/\",\"url\":\"https:\/\/www.piovan.com\/wp-content\/uploads\/2021\/06\/logo@2x.png\",\"contentUrl\":\"https:\/\/www.piovan.com\/wp-content\/uploads\/2021\/06\/logo@2x.png\",\"width\":489,\"height\":78,\"caption\":\"PiovanGroup\"},\"image\":{\"@id\":\"https:\/\/www.piovan.com\/#\/schema\/logo\/image\/\"}}]}<\/script>","yoast_head_json":{"title":"HandlinkEVO - PiovanGroup","robots":{"index":"index","follow":"follow","max-snippet":"max-snippet:-1","max-image-preview":"max-image-preview:large","max-video-preview":"max-video-preview:-1"},"canonical":"https:\/\/www.piovan.com\/de\/product\/handlinkevo\/","og_locale":"de_DE","og_type":"article","og_title":"HandlinkEVO - PiovanGroup","og_description":"Handlink is the gasket-less manual coupling station that avoids contamination while assuring vacuum. With the new couplings of Handlink, stainless steel is the only material that is in contact with the plastic granules. The Handlink EVO version is equipped with an RFID tagging system with a local LED for real-time status of the connection. In conjunction with Easy3+, the feeding system controls the proper closing or match between source and destination inhibiting the feeding cycles in case of open circuit [&hellip;]","og_url":"https:\/\/www.piovan.com\/de\/product\/handlinkevo\/","og_site_name":"PiovanGroup","article_modified_time":"2025-02-26T10:54:21+00:00","og_image":[{"width":1200,"height":1560,"url":"https:\/\/www.piovan.com\/wp-content\/uploads\/Handlink-Evo.png","type":"image\/png"}],"twitter_card":"summary_large_image","schema":{"@context":"https:\/\/schema.org","@graph":[{"@type":"WebPage","@id":"https:\/\/www.piovan.com\/product\/handlinkevo\/","url":"https:\/\/www.piovan.com\/product\/handlinkevo\/","name":"HandlinkEVO - PiovanGroup","isPartOf":{"@id":"https:\/\/www.piovan.com\/#website"},"datePublished":"2024-10-01T14:53:57+00:00","dateModified":"2025-02-26T10:54:21+00:00","breadcrumb":{"@id":"https:\/\/www.piovan.com\/product\/handlinkevo\/#breadcrumb"},"inLanguage":"de-DE","potentialAction":[{"@type":"ReadAction","target":["https:\/\/www.piovan.com\/product\/handlinkevo\/"]}]},{"@type":"BreadcrumbList","@id":"https:\/\/www.piovan.com\/product\/handlinkevo\/#breadcrumb","itemListElement":[{"@type":"ListItem","position":1,"name":"Home","item":"https:\/\/www.piovan.com\/"},{"@type":"ListItem","position":2,"name":"Plastic","item":"https:\/\/www.piovan.com\/de\/products\/kunststoff\/"},{"@type":"ListItem","position":3,"name":"Feeding &amp; Conveying","item":"https:\/\/www.piovan.com\/de\/products\/kunststoff\/versorgung-und-transport\/"},{"@type":"ListItem","position":4,"name":"HandlinkEVO"}]},{"@type":"WebSite","@id":"https:\/\/www.piovan.com\/#website","url":"https:\/\/www.piovan.com\/","name":"PiovanGroup","description":"","publisher":{"@id":"https:\/\/www.piovan.com\/#organization"},"potentialAction":[{"@type":"SearchAction","target":{"@type":"EntryPoint","urlTemplate":"https:\/\/www.piovan.com\/?s={search_term_string}"},"query-input":"required name=search_term_string"}],"inLanguage":"de-DE"},{"@type":"Organization","@id":"https:\/\/www.piovan.com\/#organization","name":"PiovanGroup","url":"https:\/\/www.piovan.com\/","logo":{"@type":"ImageObject","inLanguage":"de-DE","@id":"https:\/\/www.piovan.com\/#\/schema\/logo\/image\/","url":"https:\/\/www.piovan.com\/wp-content\/uploads\/2021\/06\/logo@2x.png","contentUrl":"https:\/\/www.piovan.com\/wp-content\/uploads\/2021\/06\/logo@2x.png","width":489,"height":78,"caption":"PiovanGroup"},"image":{"@id":"https:\/\/www.piovan.com\/#\/schema\/logo\/image\/"}}]}},"_links":{"self":[{"href":"https:\/\/www.piovan.com\/de\/wp-json\/wp\/v2\/product\/13392"}],"collection":[{"href":"https:\/\/www.piovan.com\/de\/wp-json\/wp\/v2\/product"}],"about":[{"href":"https:\/\/www.piovan.com\/de\/wp-json\/wp\/v2\/types\/product"}],"version-history":[{"count":4,"href":"https:\/\/www.piovan.com\/de\/wp-json\/wp\/v2\/product\/13392\/revisions"}],"predecessor-version":[{"id":14534,"href":"https:\/\/www.piovan.com\/de\/wp-json\/wp\/v2\/product\/13392\/revisions\/14534"}],"wp:featuredmedia":[{"embeddable":true,"href":"https:\/\/www.piovan.com\/de\/wp-json\/wp\/v2\/media\/13486"}],"wp:attachment":[{"href":"https:\/\/www.piovan.com\/de\/wp-json\/wp\/v2\/media?parent=13392"}],"wp:term":[{"taxonomy":"post_tag","embeddable":true,"href":"https:\/\/www.piovan.com\/de\/wp-json\/wp\/v2\/tags?post=13392"}],"curies":[{"name":"wp","href":"https:\/\/api.w.org\/{rel}","templated":true}]}}