{"id":12016,"date":"2024-04-04T12:49:00","date_gmt":"2024-04-04T10:49:00","guid":{"rendered":"https:\/\/www.piovan.com\/?post_type=product&#038;p=12016"},"modified":"2025-09-25T09:42:51","modified_gmt":"2025-09-25T07:42:51","slug":"quantum-plus","status":"publish","type":"product","link":"https:\/\/www.piovan.com\/de\/product\/quantum-plus\/","title":{"rendered":"Quantum+"},"content":{"rendered":"<p>Die Serie Quantum+ ist die Fusion von Quantum und MDW mit dem Ziel, die technischen Vorteile beider Serien in einem einzigen Ger\u00e4t, das f\u00fcr alle\nKunststoffmaterialien geeignet ist, zu rationalisieren und zu integrieren. Die Baureihe kann bis zu 8 Dosierstationen haben, von denen 2 mit Schneckenf\u00f6rderern ausgestattet werden k\u00f6nnen, die zum Entleeren oder Reinigen leicht abgenommen werden k\u00f6nnen.<\/p>\n<p>Der Mischer kann separat \u00fcber der Verarbeitungsmaschine installiert werden und sorgt so f\u00fcr eine optimale Durchmischung, insbesondere nach der F\u00f6rderung von Materialien unterschiedlicher\nDichte \u00fcber lange Strecken.<\/p>\n<p>Entwickelt, um den Materialwechsel zu vereinfachen, wenn Gewicht und Gr\u00f6\u00dfe mit einer sicheren Handhabung vereinbar sind, k\u00f6nnen die Dosierstationen einfach und schnell von nur einem\nBediener entfernt werden.<\/p>\n<p>Von QP20 bis QP180 Dosierelemente k\u00f6nnen ausgebaut werden, ohne den Trichter zu entfernen, da die beiden Elemente unabh\u00e4ngig voneinander sind. Dies erh\u00f6ht die Sicherheit in der Wartungsphase.<\/p>\n<p>Quantum+ sind mit abnehmbarem und ausrichtbarem Premium Evo 10\u2018\u2018-Touchscreen mit allen wichtigen Informationen \u00fcber den Dosierer und einfachem Zugang zu Einstellungen und Ereignis\/ Alarm erh\u00e4ltlich. Quantum+ ist auch mit einer B&amp;R SPS-Steuerung mit abnehmbarem und ausrichtbarem 7-Zoll-Display erh\u00e4ltlich. Der Ethernet-Anschluss und die USB-Schnittstelle erm\u00f6glichen das Herunterladen der Protokolldatei und die Integration in \u00dcberwachungssysteme wie Piovan Winfactory 4.0.<\/p>","protected":false},"featured_media":12140,"template":"","tags":[108],"acf":[],"yoast_head":"<title>Quantum+ - PiovanGroup<\/title>\n<meta name=\"robots\" content=\"index, follow, max-snippet:-1, max-image-preview:large, max-video-preview:-1\" \/>\n<link rel=\"canonical\" href=\"https:\/\/www.piovan.com\/de\/product\/quantum-plus\/\" \/>\n<meta property=\"og:locale\" content=\"de_DE\" \/>\n<meta property=\"og:type\" content=\"article\" \/>\n<meta property=\"og:title\" content=\"Quantum+ - PiovanGroup\" \/>\n<meta property=\"og:description\" content=\"Quantum+ series is the merger of Quantum and MDW with the aim of rationalising and integrating the technical advantages of both series in a single device suitable for all plastic materials. The range can have up to 8 dosing stations, 2 of which can host auger feeders, which can be easily removed, for emptying or cleaning. The mixer can be installed remotely over the processing machine assures the best mixing, especially after conveying of materials with different densities over long [&hellip;]\" \/>\n<meta property=\"og:url\" content=\"https:\/\/www.piovan.com\/de\/product\/quantum-plus\/\" \/>\n<meta property=\"og:site_name\" content=\"PiovanGroup\" \/>\n<meta property=\"article:modified_time\" content=\"2025-09-25T07:42:51+00:00\" \/>\n<meta property=\"og:image\" content=\"https:\/\/www.piovan.com\/wp-content\/uploads\/DosingBlending_1200x1560px_Quantum-Plus.png\" \/>\n\t<meta property=\"og:image:width\" content=\"1200\" \/>\n\t<meta property=\"og:image:height\" content=\"1560\" \/>\n\t<meta property=\"og:image:type\" content=\"image\/png\" \/>\n<meta name=\"twitter:card\" content=\"summary_large_image\" \/>\n<script type=\"application\/ld+json\" class=\"yoast-schema-graph\">{\"@context\":\"https:\/\/schema.org\",\"@graph\":[{\"@type\":\"WebPage\",\"@id\":\"https:\/\/www.piovan.com\/product\/quantum-plus\/\",\"url\":\"https:\/\/www.piovan.com\/product\/quantum-plus\/\",\"name\":\"Quantum+ - PiovanGroup\",\"isPartOf\":{\"@id\":\"https:\/\/www.piovan.com\/#website\"},\"datePublished\":\"2024-04-04T10:49:00+00:00\",\"dateModified\":\"2025-09-25T07:42:51+00:00\",\"breadcrumb\":{\"@id\":\"https:\/\/www.piovan.com\/product\/quantum-plus\/#breadcrumb\"},\"inLanguage\":\"de-DE\",\"potentialAction\":[{\"@type\":\"ReadAction\",\"target\":[\"https:\/\/www.piovan.com\/product\/quantum-plus\/\"]}]},{\"@type\":\"BreadcrumbList\",\"@id\":\"https:\/\/www.piovan.com\/product\/quantum-plus\/#breadcrumb\",\"itemListElement\":[{\"@type\":\"ListItem\",\"position\":1,\"name\":\"Home\",\"item\":\"https:\/\/www.piovan.com\/\"},{\"@type\":\"ListItem\",\"position\":2,\"name\":\"Plastic\",\"item\":\"https:\/\/www.piovan.com\/de\/products\/kunststoff\/\"},{\"@type\":\"ListItem\",\"position\":3,\"name\":\"Dosing &amp; Blending\",\"item\":\"https:\/\/www.piovan.com\/de\/products\/kunststoff\/dosieren-mischen\/\"},{\"@type\":\"ListItem\",\"position\":4,\"name\":\"Quantum+\"}]},{\"@type\":\"WebSite\",\"@id\":\"https:\/\/www.piovan.com\/#website\",\"url\":\"https:\/\/www.piovan.com\/\",\"name\":\"PiovanGroup\",\"description\":\"\",\"publisher\":{\"@id\":\"https:\/\/www.piovan.com\/#organization\"},\"potentialAction\":[{\"@type\":\"SearchAction\",\"target\":{\"@type\":\"EntryPoint\",\"urlTemplate\":\"https:\/\/www.piovan.com\/?s={search_term_string}\"},\"query-input\":\"required name=search_term_string\"}],\"inLanguage\":\"de-DE\"},{\"@type\":\"Organization\",\"@id\":\"https:\/\/www.piovan.com\/#organization\",\"name\":\"PiovanGroup\",\"url\":\"https:\/\/www.piovan.com\/\",\"logo\":{\"@type\":\"ImageObject\",\"inLanguage\":\"de-DE\",\"@id\":\"https:\/\/www.piovan.com\/#\/schema\/logo\/image\/\",\"url\":\"https:\/\/www.piovan.com\/wp-content\/uploads\/2021\/06\/logo@2x.png\",\"contentUrl\":\"https:\/\/www.piovan.com\/wp-content\/uploads\/2021\/06\/logo@2x.png\",\"width\":489,\"height\":78,\"caption\":\"PiovanGroup\"},\"image\":{\"@id\":\"https:\/\/www.piovan.com\/#\/schema\/logo\/image\/\"}}]}<\/script>","yoast_head_json":{"title":"Quantum+ - PiovanGroup","robots":{"index":"index","follow":"follow","max-snippet":"max-snippet:-1","max-image-preview":"max-image-preview:large","max-video-preview":"max-video-preview:-1"},"canonical":"https:\/\/www.piovan.com\/de\/product\/quantum-plus\/","og_locale":"de_DE","og_type":"article","og_title":"Quantum+ - PiovanGroup","og_description":"Quantum+ series is the merger of Quantum and MDW with the aim of rationalising and integrating the technical advantages of both series in a single device suitable for all plastic materials. The range can have up to 8 dosing stations, 2 of which can host auger feeders, which can be easily removed, for emptying or cleaning. The mixer can be installed remotely over the processing machine assures the best mixing, especially after conveying of materials with different densities over long [&hellip;]","og_url":"https:\/\/www.piovan.com\/de\/product\/quantum-plus\/","og_site_name":"PiovanGroup","article_modified_time":"2025-09-25T07:42:51+00:00","og_image":[{"width":1200,"height":1560,"url":"https:\/\/www.piovan.com\/wp-content\/uploads\/DosingBlending_1200x1560px_Quantum-Plus.png","type":"image\/png"}],"twitter_card":"summary_large_image","schema":{"@context":"https:\/\/schema.org","@graph":[{"@type":"WebPage","@id":"https:\/\/www.piovan.com\/product\/quantum-plus\/","url":"https:\/\/www.piovan.com\/product\/quantum-plus\/","name":"Quantum+ - PiovanGroup","isPartOf":{"@id":"https:\/\/www.piovan.com\/#website"},"datePublished":"2024-04-04T10:49:00+00:00","dateModified":"2025-09-25T07:42:51+00:00","breadcrumb":{"@id":"https:\/\/www.piovan.com\/product\/quantum-plus\/#breadcrumb"},"inLanguage":"de-DE","potentialAction":[{"@type":"ReadAction","target":["https:\/\/www.piovan.com\/product\/quantum-plus\/"]}]},{"@type":"BreadcrumbList","@id":"https:\/\/www.piovan.com\/product\/quantum-plus\/#breadcrumb","itemListElement":[{"@type":"ListItem","position":1,"name":"Home","item":"https:\/\/www.piovan.com\/"},{"@type":"ListItem","position":2,"name":"Plastic","item":"https:\/\/www.piovan.com\/de\/products\/kunststoff\/"},{"@type":"ListItem","position":3,"name":"Dosing &amp; Blending","item":"https:\/\/www.piovan.com\/de\/products\/kunststoff\/dosieren-mischen\/"},{"@type":"ListItem","position":4,"name":"Quantum+"}]},{"@type":"WebSite","@id":"https:\/\/www.piovan.com\/#website","url":"https:\/\/www.piovan.com\/","name":"PiovanGroup","description":"","publisher":{"@id":"https:\/\/www.piovan.com\/#organization"},"potentialAction":[{"@type":"SearchAction","target":{"@type":"EntryPoint","urlTemplate":"https:\/\/www.piovan.com\/?s={search_term_string}"},"query-input":"required name=search_term_string"}],"inLanguage":"de-DE"},{"@type":"Organization","@id":"https:\/\/www.piovan.com\/#organization","name":"PiovanGroup","url":"https:\/\/www.piovan.com\/","logo":{"@type":"ImageObject","inLanguage":"de-DE","@id":"https:\/\/www.piovan.com\/#\/schema\/logo\/image\/","url":"https:\/\/www.piovan.com\/wp-content\/uploads\/2021\/06\/logo@2x.png","contentUrl":"https:\/\/www.piovan.com\/wp-content\/uploads\/2021\/06\/logo@2x.png","width":489,"height":78,"caption":"PiovanGroup"},"image":{"@id":"https:\/\/www.piovan.com\/#\/schema\/logo\/image\/"}}]}},"_links":{"self":[{"href":"https:\/\/www.piovan.com\/de\/wp-json\/wp\/v2\/product\/12016"}],"collection":[{"href":"https:\/\/www.piovan.com\/de\/wp-json\/wp\/v2\/product"}],"about":[{"href":"https:\/\/www.piovan.com\/de\/wp-json\/wp\/v2\/types\/product"}],"version-history":[{"count":5,"href":"https:\/\/www.piovan.com\/de\/wp-json\/wp\/v2\/product\/12016\/revisions"}],"predecessor-version":[{"id":14456,"href":"https:\/\/www.piovan.com\/de\/wp-json\/wp\/v2\/product\/12016\/revisions\/14456"}],"wp:featuredmedia":[{"embeddable":true,"href":"https:\/\/www.piovan.com\/de\/wp-json\/wp\/v2\/media\/12140"}],"wp:attachment":[{"href":"https:\/\/www.piovan.com\/de\/wp-json\/wp\/v2\/media?parent=12016"}],"wp:term":[{"taxonomy":"post_tag","embeddable":true,"href":"https:\/\/www.piovan.com\/de\/wp-json\/wp\/v2\/tags?post=12016"}],"curies":[{"name":"wp","href":"https:\/\/api.w.org\/{rel}","templated":true}]}}