{"id":12009,"date":"2021-01-01T12:41:53","date_gmt":"2021-01-01T11:41:53","guid":{"rendered":"https:\/\/www.piovan.com\/?post_type=product&#038;p=12009"},"modified":"2024-09-18T15:49:49","modified_gmt":"2024-09-18T13:49:49","slug":"somos","status":"publish","type":"product","link":"https:\/\/www.piovan.com\/de\/product\/somos\/","title":{"rendered":"SOMOS\u00ae"},"content":{"rendered":"<p>Piovan hat die dreiphasigen Empf\u00e4nger der Serie C um zwei neue Modelle erweitert: SOMOS\u00ae CFG05 mit einem Fassungsverm\u00f6gen von 4 Litern und SOMOS\u00ae CGF10 mit einem Fassungsverm\u00f6gen von 9 Litern.<\/p>\n<p>Das transparente Geh\u00e4use aus durchsichtigem Polyamid gew\u00e4hrleistet eine hohe Abriebfestigkeit\nund erm\u00f6glicht die visuelle Kontrolle des F\u00fcllvorgangs und die \u00dcberwachung von Materialwechseln.<\/p>\n<p>SOMOS\u00ae-Empf\u00e4nger werden \u00fcberall dort eingesetzt, wo es beim Materialtransport auf h\u00f6chste Sauberkeit und geringstm\u00f6gliche Verschmutzung ankommt.<\/p>","protected":false},"featured_media":12110,"template":"","tags":[108],"acf":[],"yoast_head":"<title>SOMOS\u00ae - PiovanGroup<\/title>\n<meta name=\"robots\" content=\"index, follow, max-snippet:-1, max-image-preview:large, max-video-preview:-1\" \/>\n<link rel=\"canonical\" href=\"https:\/\/www.piovan.com\/de\/product\/somos\/\" \/>\n<meta property=\"og:locale\" content=\"de_DE\" \/>\n<meta property=\"og:type\" content=\"article\" \/>\n<meta property=\"og:title\" content=\"SOMOS\u00ae - PiovanGroup\" \/>\n<meta property=\"og:description\" content=\"Piovan has extended the extended the central conveying system C series receivers with two new models, SOMOS\u00ae CFG05 with a 4-litre (0.14 cu ft) capacity and SOMOS\u00ae CGF10 with a 9-litre (0.32 Cu Ft) capacity. The transparent body made of transparent polyamide ensures high abrasion resistance and allows visual verification of the filling process and monitoring of material changes. SOMOS\u00ae receivers are widely used in all areas where material transport requires maximum cleanliness and product view-ability.\" \/>\n<meta property=\"og:url\" content=\"https:\/\/www.piovan.com\/de\/product\/somos\/\" \/>\n<meta property=\"og:site_name\" content=\"PiovanGroup\" \/>\n<meta property=\"article:modified_time\" content=\"2024-09-18T13:49:49+00:00\" \/>\n<meta property=\"og:image\" content=\"https:\/\/www.piovan.com\/wp-content\/uploads\/Product_1200x1560px_00_Somos.png\" \/>\n\t<meta property=\"og:image:width\" content=\"1200\" \/>\n\t<meta property=\"og:image:height\" content=\"1560\" \/>\n\t<meta property=\"og:image:type\" content=\"image\/png\" \/>\n<meta name=\"twitter:card\" content=\"summary_large_image\" \/>\n<script type=\"application\/ld+json\" class=\"yoast-schema-graph\">{\"@context\":\"https:\/\/schema.org\",\"@graph\":[{\"@type\":\"WebPage\",\"@id\":\"https:\/\/www.piovan.com\/product\/somos\/\",\"url\":\"https:\/\/www.piovan.com\/product\/somos\/\",\"name\":\"SOMOS\u00ae - PiovanGroup\",\"isPartOf\":{\"@id\":\"https:\/\/www.piovan.com\/#website\"},\"datePublished\":\"2021-01-01T11:41:53+00:00\",\"dateModified\":\"2024-09-18T13:49:49+00:00\",\"breadcrumb\":{\"@id\":\"https:\/\/www.piovan.com\/product\/somos\/#breadcrumb\"},\"inLanguage\":\"de-DE\",\"potentialAction\":[{\"@type\":\"ReadAction\",\"target\":[\"https:\/\/www.piovan.com\/product\/somos\/\"]}]},{\"@type\":\"BreadcrumbList\",\"@id\":\"https:\/\/www.piovan.com\/product\/somos\/#breadcrumb\",\"itemListElement\":[{\"@type\":\"ListItem\",\"position\":1,\"name\":\"Home\",\"item\":\"https:\/\/www.piovan.com\/\"},{\"@type\":\"ListItem\",\"position\":2,\"name\":\"Plastic\",\"item\":\"https:\/\/www.piovan.com\/de\/products\/kunststoff\/\"},{\"@type\":\"ListItem\",\"position\":3,\"name\":\"Feeding &amp; Conveying\",\"item\":\"https:\/\/www.piovan.com\/de\/products\/kunststoff\/versorgung-und-transport\/\"},{\"@type\":\"ListItem\",\"position\":4,\"name\":\"SOMOS\u00ae\"}]},{\"@type\":\"WebSite\",\"@id\":\"https:\/\/www.piovan.com\/#website\",\"url\":\"https:\/\/www.piovan.com\/\",\"name\":\"PiovanGroup\",\"description\":\"\",\"publisher\":{\"@id\":\"https:\/\/www.piovan.com\/#organization\"},\"potentialAction\":[{\"@type\":\"SearchAction\",\"target\":{\"@type\":\"EntryPoint\",\"urlTemplate\":\"https:\/\/www.piovan.com\/?s={search_term_string}\"},\"query-input\":\"required name=search_term_string\"}],\"inLanguage\":\"de-DE\"},{\"@type\":\"Organization\",\"@id\":\"https:\/\/www.piovan.com\/#organization\",\"name\":\"PiovanGroup\",\"url\":\"https:\/\/www.piovan.com\/\",\"logo\":{\"@type\":\"ImageObject\",\"inLanguage\":\"de-DE\",\"@id\":\"https:\/\/www.piovan.com\/#\/schema\/logo\/image\/\",\"url\":\"https:\/\/www.piovan.com\/wp-content\/uploads\/2021\/06\/logo@2x.png\",\"contentUrl\":\"https:\/\/www.piovan.com\/wp-content\/uploads\/2021\/06\/logo@2x.png\",\"width\":489,\"height\":78,\"caption\":\"PiovanGroup\"},\"image\":{\"@id\":\"https:\/\/www.piovan.com\/#\/schema\/logo\/image\/\"}}]}<\/script>","yoast_head_json":{"title":"SOMOS\u00ae - PiovanGroup","robots":{"index":"index","follow":"follow","max-snippet":"max-snippet:-1","max-image-preview":"max-image-preview:large","max-video-preview":"max-video-preview:-1"},"canonical":"https:\/\/www.piovan.com\/de\/product\/somos\/","og_locale":"de_DE","og_type":"article","og_title":"SOMOS\u00ae - PiovanGroup","og_description":"Piovan has extended the extended the central conveying system C series receivers with two new models, SOMOS\u00ae CFG05 with a 4-litre (0.14 cu ft) capacity and SOMOS\u00ae CGF10 with a 9-litre (0.32 Cu Ft) capacity. The transparent body made of transparent polyamide ensures high abrasion resistance and allows visual verification of the filling process and monitoring of material changes. SOMOS\u00ae receivers are widely used in all areas where material transport requires maximum cleanliness and product view-ability.","og_url":"https:\/\/www.piovan.com\/de\/product\/somos\/","og_site_name":"PiovanGroup","article_modified_time":"2024-09-18T13:49:49+00:00","og_image":[{"width":1200,"height":1560,"url":"https:\/\/www.piovan.com\/wp-content\/uploads\/Product_1200x1560px_00_Somos.png","type":"image\/png"}],"twitter_card":"summary_large_image","schema":{"@context":"https:\/\/schema.org","@graph":[{"@type":"WebPage","@id":"https:\/\/www.piovan.com\/product\/somos\/","url":"https:\/\/www.piovan.com\/product\/somos\/","name":"SOMOS\u00ae - PiovanGroup","isPartOf":{"@id":"https:\/\/www.piovan.com\/#website"},"datePublished":"2021-01-01T11:41:53+00:00","dateModified":"2024-09-18T13:49:49+00:00","breadcrumb":{"@id":"https:\/\/www.piovan.com\/product\/somos\/#breadcrumb"},"inLanguage":"de-DE","potentialAction":[{"@type":"ReadAction","target":["https:\/\/www.piovan.com\/product\/somos\/"]}]},{"@type":"BreadcrumbList","@id":"https:\/\/www.piovan.com\/product\/somos\/#breadcrumb","itemListElement":[{"@type":"ListItem","position":1,"name":"Home","item":"https:\/\/www.piovan.com\/"},{"@type":"ListItem","position":2,"name":"Plastic","item":"https:\/\/www.piovan.com\/de\/products\/kunststoff\/"},{"@type":"ListItem","position":3,"name":"Feeding &amp; Conveying","item":"https:\/\/www.piovan.com\/de\/products\/kunststoff\/versorgung-und-transport\/"},{"@type":"ListItem","position":4,"name":"SOMOS\u00ae"}]},{"@type":"WebSite","@id":"https:\/\/www.piovan.com\/#website","url":"https:\/\/www.piovan.com\/","name":"PiovanGroup","description":"","publisher":{"@id":"https:\/\/www.piovan.com\/#organization"},"potentialAction":[{"@type":"SearchAction","target":{"@type":"EntryPoint","urlTemplate":"https:\/\/www.piovan.com\/?s={search_term_string}"},"query-input":"required name=search_term_string"}],"inLanguage":"de-DE"},{"@type":"Organization","@id":"https:\/\/www.piovan.com\/#organization","name":"PiovanGroup","url":"https:\/\/www.piovan.com\/","logo":{"@type":"ImageObject","inLanguage":"de-DE","@id":"https:\/\/www.piovan.com\/#\/schema\/logo\/image\/","url":"https:\/\/www.piovan.com\/wp-content\/uploads\/2021\/06\/logo@2x.png","contentUrl":"https:\/\/www.piovan.com\/wp-content\/uploads\/2021\/06\/logo@2x.png","width":489,"height":78,"caption":"PiovanGroup"},"image":{"@id":"https:\/\/www.piovan.com\/#\/schema\/logo\/image\/"}}]}},"_links":{"self":[{"href":"https:\/\/www.piovan.com\/de\/wp-json\/wp\/v2\/product\/12009"}],"collection":[{"href":"https:\/\/www.piovan.com\/de\/wp-json\/wp\/v2\/product"}],"about":[{"href":"https:\/\/www.piovan.com\/de\/wp-json\/wp\/v2\/types\/product"}],"version-history":[{"count":3,"href":"https:\/\/www.piovan.com\/de\/wp-json\/wp\/v2\/product\/12009\/revisions"}],"predecessor-version":[{"id":13079,"href":"https:\/\/www.piovan.com\/de\/wp-json\/wp\/v2\/product\/12009\/revisions\/13079"}],"wp:featuredmedia":[{"embeddable":true,"href":"https:\/\/www.piovan.com\/de\/wp-json\/wp\/v2\/media\/12110"}],"wp:attachment":[{"href":"https:\/\/www.piovan.com\/de\/wp-json\/wp\/v2\/media?parent=12009"}],"wp:term":[{"taxonomy":"post_tag","embeddable":true,"href":"https:\/\/www.piovan.com\/de\/wp-json\/wp\/v2\/tags?post=12009"}],"curies":[{"name":"wp","href":"https:\/\/api.w.org\/{rel}","templated":true}]}}