{"id":11255,"date":"2023-12-14T15:12:58","date_gmt":"2023-12-14T14:12:58","guid":{"rendered":"https:\/\/www.piovan.com\/product\/cw-0621-1921\/"},"modified":"2025-10-23T15:13:01","modified_gmt":"2025-10-23T13:13:01","slug":"cw-0621-1921","status":"publish","type":"product","link":"https:\/\/www.piovan.com\/de\/product\/cw-0621-1921\/","title":{"rendered":"CW 0621-1921"},"content":{"rendered":"<p><strong>2 oder 3 Scrollkompressoren, 1 K\u00fchlkreislauf<\/strong><\/p>\n<p>Die K\u00fchlger\u00e4te der Baureihe CW erzeugen K\u00fchlwasser mit konstanter Temperatur, unabh\u00e4ngig von den Witterungsverh\u00e4ltnissen.<br>\nDieses Sortiment wurde speziell zur Verwendung in allen industriellen Anwendungen der Kunststoffverwandlung geplant und gew\u00e4hrleistet h\u00f6chste Energieeffizienz und v\u00f6llige Einsatzflexibilit\u00e4t.<\/p>\n<p><strong>Vorteile<\/strong><br \/>\n\u2022 Ausgelegt f\u00fcr den internen Betrieb mit einer Kondensationswassertemperatur von 17\u00b0C bis +40\u00b0C<br \/>\n\u2022 K\u00fchlfl\u00fcssigkeit R407C<br \/>\n\u2022 Scrollkompressoren: beachtliche Einschr\u00e4nkung des Energieverbrauchs und des L\u00e4rmpegels<br \/>\n\u2022 Plattenverdampfer\/-kondensatoren aus Edelstahl: effizienterer und l\u00e4nger andauernder W\u00e4rmeaustausch, frei von Verunreinigungen<br \/>\n\u2022 Interne Pumpe f\u00fcr optimale Wasserdurchs\u00e4tze (optional)<br \/>\n\u2022 Verschiedene Sicherheitsvorrichtungen sch\u00fctzen die Einheit und garantieren einen optimalen Betrieb (Hochdruck- und Niederdruck-Druckw\u00e4chter, Manometer f\u00fcr Hoch- und Niederdruck)<br \/>\n\u2022 Zuverl\u00e4ssige und hochentwickelte Mikroprozessorkontrolle, mit Anzeige der Ist\/-Sollwert-Wassertemperaturen sowie der Alarme<\/p>\n<p><strong>Optionen<\/strong><br \/>\n\u2022 Ventil zur Kondensationskontrolle<br \/>\n\u2022 Angeflanschte oder zu schwei\u00dfende Verbindungen f\u00fcr den Verdampfer<br \/>\n\u2022 Serielle Schnittstelle f\u00fcr den Anschluss an die Piovan \u00dcberwachungssoftware<\/p>","protected":false},"featured_media":11256,"template":"","tags":[168],"acf":[],"yoast_head":"<title>CW 0621-1921 - Piovan Gruppe<\/title>\n<meta name=\"robots\" content=\"index, follow, max-snippet:-1, max-image-preview:large, max-video-preview:-1\" \/>\n<link rel=\"canonical\" href=\"https:\/\/www.piovan.com\/de\/product\/cw-0621-1921\/\" \/>\n<meta property=\"og:locale\" content=\"de_DE\" \/>\n<meta property=\"og:type\" content=\"article\" \/>\n<meta property=\"og:title\" content=\"CW 0621-1921 - PiovanGroup\" \/>\n<meta property=\"og:description\" content=\"2 or 3 X SCROLL compressor, 1 X refrigerant circuit The CW Series chillers provide low temperature water independent from any ambient condition. The range, designed for application in all the industrial sectors, assures maximum flexibility and energy efficient functioning. Features \u2022 Water condensing temperature from 17\u00b0C up to 40\u00b0C \u2022 Green refrigerant R407C \u2022 Reduced energy absorption and lower noise levels \u2022 High efficient heat exchange: stainless steel brazed plate evaporator \u2022 Optimal flow: internal water circulation pump (optional) [&hellip;]\" \/>\n<meta property=\"og:url\" content=\"https:\/\/www.piovan.com\/de\/product\/cw-0621-1921\/\" \/>\n<meta property=\"og:site_name\" content=\"PiovanGroup\" \/>\n<meta property=\"article:modified_time\" content=\"2025-10-23T13:13:01+00:00\" \/>\n<meta property=\"og:image\" content=\"https:\/\/www.piovan.com\/wp-content\/uploads\/0016_Ecosmart-CW-0621-1921-1.png\" \/>\n\t<meta property=\"og:image:width\" content=\"1200\" \/>\n\t<meta property=\"og:image:height\" content=\"1560\" \/>\n\t<meta property=\"og:image:type\" content=\"image\/png\" \/>\n<meta name=\"twitter:card\" content=\"summary_large_image\" \/>\n<script type=\"application\/ld+json\" class=\"yoast-schema-graph\">{\"@context\":\"https:\/\/schema.org\",\"@graph\":[{\"@type\":\"WebPage\",\"@id\":\"https:\/\/www.piovan.com\/product\/cw-0621-1921\/\",\"url\":\"https:\/\/www.piovan.com\/product\/cw-0621-1921\/\",\"name\":\"CW 0621-1921 - PiovanGroup\",\"isPartOf\":{\"@id\":\"https:\/\/www.piovan.com\/#website\"},\"datePublished\":\"2023-12-14T14:12:58+00:00\",\"dateModified\":\"2025-10-23T13:13:01+00:00\",\"breadcrumb\":{\"@id\":\"https:\/\/www.piovan.com\/product\/cw-0621-1921\/#breadcrumb\"},\"inLanguage\":\"de-DE\",\"potentialAction\":[{\"@type\":\"ReadAction\",\"target\":[\"https:\/\/www.piovan.com\/product\/cw-0621-1921\/\"]}]},{\"@type\":\"BreadcrumbList\",\"@id\":\"https:\/\/www.piovan.com\/product\/cw-0621-1921\/#breadcrumb\",\"itemListElement\":[{\"@type\":\"ListItem\",\"position\":1,\"name\":\"Home\",\"item\":\"https:\/\/www.piovan.com\/\"},{\"@type\":\"ListItem\",\"position\":2,\"name\":\"Industrial cooling\",\"item\":\"https:\/\/www.piovan.com\/de\/products\/industrie-kuhlung\/\"},{\"@type\":\"ListItem\",\"position\":3,\"name\":\"Water-Cooled Chillers\",\"item\":\"https:\/\/www.piovan.com\/de\/products\/industrie-kuhlung\/water-cooled-chillers\/\"},{\"@type\":\"ListItem\",\"position\":4,\"name\":\"CW 0621-1921\"}]},{\"@type\":\"WebSite\",\"@id\":\"https:\/\/www.piovan.com\/#website\",\"url\":\"https:\/\/www.piovan.com\/\",\"name\":\"PiovanGroup\",\"description\":\"\",\"publisher\":{\"@id\":\"https:\/\/www.piovan.com\/#organization\"},\"potentialAction\":[{\"@type\":\"SearchAction\",\"target\":{\"@type\":\"EntryPoint\",\"urlTemplate\":\"https:\/\/www.piovan.com\/?s={search_term_string}\"},\"query-input\":\"required name=search_term_string\"}],\"inLanguage\":\"de-DE\"},{\"@type\":\"Organization\",\"@id\":\"https:\/\/www.piovan.com\/#organization\",\"name\":\"PiovanGroup\",\"url\":\"https:\/\/www.piovan.com\/\",\"logo\":{\"@type\":\"ImageObject\",\"inLanguage\":\"de-DE\",\"@id\":\"https:\/\/www.piovan.com\/#\/schema\/logo\/image\/\",\"url\":\"https:\/\/www.piovan.com\/wp-content\/uploads\/2021\/06\/logo@2x.png\",\"contentUrl\":\"https:\/\/www.piovan.com\/wp-content\/uploads\/2021\/06\/logo@2x.png\",\"width\":489,\"height\":78,\"caption\":\"PiovanGroup\"},\"image\":{\"@id\":\"https:\/\/www.piovan.com\/#\/schema\/logo\/image\/\"}}]}<\/script>","yoast_head_json":{"title":"CW 0621-1921 - Piovan Gruppe","robots":{"index":"index","follow":"follow","max-snippet":"max-snippet:-1","max-image-preview":"max-image-preview:large","max-video-preview":"max-video-preview:-1"},"canonical":"https:\/\/www.piovan.com\/de\/product\/cw-0621-1921\/","og_locale":"de_DE","og_type":"article","og_title":"CW 0621-1921 - PiovanGroup","og_description":"2 or 3 X SCROLL compressor, 1 X refrigerant circuit The CW Series chillers provide low temperature water independent from any ambient condition. The range, designed for application in all the industrial sectors, assures maximum flexibility and energy efficient functioning. Features \u2022 Water condensing temperature from 17\u00b0C up to 40\u00b0C \u2022 Green refrigerant R407C \u2022 Reduced energy absorption and lower noise levels \u2022 High efficient heat exchange: stainless steel brazed plate evaporator \u2022 Optimal flow: internal water circulation pump (optional) [&hellip;]","og_url":"https:\/\/www.piovan.com\/de\/product\/cw-0621-1921\/","og_site_name":"PiovanGroup","article_modified_time":"2025-10-23T13:13:01+00:00","og_image":[{"width":1200,"height":1560,"url":"https:\/\/www.piovan.com\/wp-content\/uploads\/0016_Ecosmart-CW-0621-1921-1.png","type":"image\/png"}],"twitter_card":"summary_large_image","schema":{"@context":"https:\/\/schema.org","@graph":[{"@type":"WebPage","@id":"https:\/\/www.piovan.com\/product\/cw-0621-1921\/","url":"https:\/\/www.piovan.com\/product\/cw-0621-1921\/","name":"CW 0621-1921 - PiovanGroup","isPartOf":{"@id":"https:\/\/www.piovan.com\/#website"},"datePublished":"2023-12-14T14:12:58+00:00","dateModified":"2025-10-23T13:13:01+00:00","breadcrumb":{"@id":"https:\/\/www.piovan.com\/product\/cw-0621-1921\/#breadcrumb"},"inLanguage":"de-DE","potentialAction":[{"@type":"ReadAction","target":["https:\/\/www.piovan.com\/product\/cw-0621-1921\/"]}]},{"@type":"BreadcrumbList","@id":"https:\/\/www.piovan.com\/product\/cw-0621-1921\/#breadcrumb","itemListElement":[{"@type":"ListItem","position":1,"name":"Home","item":"https:\/\/www.piovan.com\/"},{"@type":"ListItem","position":2,"name":"Industrial cooling","item":"https:\/\/www.piovan.com\/de\/products\/industrie-kuhlung\/"},{"@type":"ListItem","position":3,"name":"Water-Cooled Chillers","item":"https:\/\/www.piovan.com\/de\/products\/industrie-kuhlung\/water-cooled-chillers\/"},{"@type":"ListItem","position":4,"name":"CW 0621-1921"}]},{"@type":"WebSite","@id":"https:\/\/www.piovan.com\/#website","url":"https:\/\/www.piovan.com\/","name":"PiovanGroup","description":"","publisher":{"@id":"https:\/\/www.piovan.com\/#organization"},"potentialAction":[{"@type":"SearchAction","target":{"@type":"EntryPoint","urlTemplate":"https:\/\/www.piovan.com\/?s={search_term_string}"},"query-input":"required name=search_term_string"}],"inLanguage":"de-DE"},{"@type":"Organization","@id":"https:\/\/www.piovan.com\/#organization","name":"PiovanGroup","url":"https:\/\/www.piovan.com\/","logo":{"@type":"ImageObject","inLanguage":"de-DE","@id":"https:\/\/www.piovan.com\/#\/schema\/logo\/image\/","url":"https:\/\/www.piovan.com\/wp-content\/uploads\/2021\/06\/logo@2x.png","contentUrl":"https:\/\/www.piovan.com\/wp-content\/uploads\/2021\/06\/logo@2x.png","width":489,"height":78,"caption":"PiovanGroup"},"image":{"@id":"https:\/\/www.piovan.com\/#\/schema\/logo\/image\/"}}]}},"_links":{"self":[{"href":"https:\/\/www.piovan.com\/de\/wp-json\/wp\/v2\/product\/11255"}],"collection":[{"href":"https:\/\/www.piovan.com\/de\/wp-json\/wp\/v2\/product"}],"about":[{"href":"https:\/\/www.piovan.com\/de\/wp-json\/wp\/v2\/types\/product"}],"version-history":[{"count":2,"href":"https:\/\/www.piovan.com\/de\/wp-json\/wp\/v2\/product\/11255\/revisions"}],"predecessor-version":[{"id":15820,"href":"https:\/\/www.piovan.com\/de\/wp-json\/wp\/v2\/product\/11255\/revisions\/15820"}],"wp:featuredmedia":[{"embeddable":true,"href":"https:\/\/www.piovan.com\/de\/wp-json\/wp\/v2\/media\/11256"}],"wp:attachment":[{"href":"https:\/\/www.piovan.com\/de\/wp-json\/wp\/v2\/media?parent=11255"}],"wp:term":[{"taxonomy":"post_tag","embeddable":true,"href":"https:\/\/www.piovan.com\/de\/wp-json\/wp\/v2\/tags?post=11255"}],"curies":[{"name":"wp","href":"https:\/\/api.w.org\/{rel}","templated":true}]}}