{"id":11194,"date":"2023-12-14T09:28:49","date_gmt":"2023-12-14T08:28:49","guid":{"rendered":"https:\/\/www.piovan.com\/product\/slim-1111\/"},"modified":"2025-10-23T16:05:38","modified_gmt":"2025-10-23T14:05:38","slug":"slim-1111","status":"publish","type":"product","link":"https:\/\/www.piovan.com\/de\/product\/slim-1111\/","title":{"rendered":"Slim 1111"},"content":{"rendered":"<p><strong>Modell SCA 1111<br \/>\n1 Scrollkompressor, 1 K\u00fchlkreislauf<br \/>\n<\/strong><\/p>\n<p>Die mobilen K\u00fchlger\u00e4te der Baureihe SLIM z\u00e4hlen zu den kompaktesten Ger\u00e4ten des Marktes und produzieren K\u00fchlwasser mit konstanter Temperatur, unabh\u00e4ngig von den jeweiligen Witterungsbedingungen. Dieses Sortiment wurde speziell zur Verwendung in allen industriellen Anwendungen der Kunststoffverwandlung geplant und gew\u00e4hrleistet h\u00f6chste Energieeffizienz und v\u00f6llige Einsatzflexibilit\u00e4t.<\/p>\n<p class=\" translation-block\"><strong>Vorteile<\/strong><br>\n\u2022 Ausgelegt f\u00fcr den Betrieb bei einer Umgebungstemperatur bis +40\u00b0C<br>\n\u2022 K\u00fchlfl\u00fcssigkeit R410a mit hoher K\u00fchlleistung<br>\n\u2022 Scrollkompressor: beachtliche Einschr\u00e4nkung des Energieverbrauchs und des L\u00e4rmpegels<br>\n\u2022 Plattenverdampfer aus Edelstahl: effizienterer und l\u00e4nger andauernder W\u00e4rmeaustausch, frei von Verunreinigungen<br>\n\u2022 Interne Pumpe f\u00fcr optimale Wasserdurchs\u00e4tze<br>\n\u2022 Interner ged\u00e4mmter Beh\u00e4lter aus Edelstahl, offene Bauart, um die Entl\u00fcftung des Prozesskreislaufs w\u00e4hrend der Phasen des Produktionswechsels zu beg\u00fcnstigen<br>\n\u2022 Verschiedene Sicherheitsvorrichtungen sch\u00fctzen die Einheit und garantieren einen optimalen Betrieb (Hochdruck- und Niederdruck-Druckw\u00e4chter, Manometer f\u00fcr Hoch- und Niederdruck, Metallfilter an den Kondensatoren)<br>\n\u2022 Zuverl\u00e4ssige und hochentwickelte Mikroprozessorkontrolle, mit Anzeige der Ist\/-Sollwert-Wassertemperaturen sowie der Alarme<br>\n\u2022 eingeschr\u00e4nkter Stellfl\u00e4chenbedarf<br>\n\u2022 ein g\u00e4nzlich mit nicht eisenhaltigen Teilen gefertigter Wasserkreislauf<br>\n\u2022 einfache Anlaufvorg\u00e4nge<\/p>\n<p><strong>Optionen<\/strong><br \/>\n\u2022 Bausatz f\u00fcr \u00dcberflussschutz<br \/>\nSerielle Modbus-Schnittstelle<br \/>\n\u2022 Akustisch-visueller Alarm<br \/>\n\u2022 Umgehungsventil f\u00fcr warme K\u00fchlfl\u00fcssigkeit, f\u00fcr eine genaue Wassertemperatur am Ausgang<br \/>\n\u2022 Mechanischer Wasserfilter<\/p>","protected":false},"featured_media":11195,"template":"","tags":[168],"acf":[],"yoast_head":"<title>Slim 1111 - Piovan Gruppe<\/title>\n<meta name=\"robots\" content=\"index, follow, max-snippet:-1, max-image-preview:large, max-video-preview:-1\" \/>\n<link rel=\"canonical\" href=\"https:\/\/www.piovan.com\/de\/product\/slim-1111\/\" \/>\n<meta property=\"og:locale\" content=\"de_DE\" \/>\n<meta property=\"og:type\" content=\"article\" \/>\n<meta property=\"og:title\" content=\"Slim 1111 - PiovanGroup\" \/>\n<meta property=\"og:description\" content=\"Model SCA 1111 1 X SCROLL compressor, 1 X refrigerant circuit The SLIM Series of portable chillers provide low temperature water independent from any ambient condition. The range, designed for application in all the industrial sectors, assures maximum flexibility and energy efficient functioning. Features \u2022 Flexible functioning: ambient air temperatures up to +40\u00b0C \u2022 Eco-compatible: green refrigerant R410a with high cooling capacity \u2022 Reduced energy absorption and lower noise levels: scroll compressor \u2022 High efficient heat exchange: stainless steel brazed [&hellip;]\" \/>\n<meta property=\"og:url\" content=\"https:\/\/www.piovan.com\/de\/product\/slim-1111\/\" \/>\n<meta property=\"og:site_name\" content=\"PiovanGroup\" \/>\n<meta property=\"article:modified_time\" content=\"2025-10-23T14:05:38+00:00\" \/>\n<meta property=\"og:image\" content=\"https:\/\/www.piovan.com\/wp-content\/uploads\/0007_SLIM-SCA-1111.png\" \/>\n\t<meta property=\"og:image:width\" content=\"1200\" \/>\n\t<meta property=\"og:image:height\" content=\"1560\" \/>\n\t<meta property=\"og:image:type\" content=\"image\/png\" \/>\n<meta name=\"twitter:card\" content=\"summary_large_image\" \/>\n<script type=\"application\/ld+json\" class=\"yoast-schema-graph\">{\"@context\":\"https:\/\/schema.org\",\"@graph\":[{\"@type\":\"WebPage\",\"@id\":\"https:\/\/www.piovan.com\/product\/slim-1111\/\",\"url\":\"https:\/\/www.piovan.com\/product\/slim-1111\/\",\"name\":\"Slim 1111 - PiovanGroup\",\"isPartOf\":{\"@id\":\"https:\/\/www.piovan.com\/#website\"},\"datePublished\":\"2023-12-14T08:28:49+00:00\",\"dateModified\":\"2025-10-23T14:05:38+00:00\",\"breadcrumb\":{\"@id\":\"https:\/\/www.piovan.com\/product\/slim-1111\/#breadcrumb\"},\"inLanguage\":\"de-DE\",\"potentialAction\":[{\"@type\":\"ReadAction\",\"target\":[\"https:\/\/www.piovan.com\/product\/slim-1111\/\"]}]},{\"@type\":\"BreadcrumbList\",\"@id\":\"https:\/\/www.piovan.com\/product\/slim-1111\/#breadcrumb\",\"itemListElement\":[{\"@type\":\"ListItem\",\"position\":1,\"name\":\"Home\",\"item\":\"https:\/\/www.piovan.com\/\"},{\"@type\":\"ListItem\",\"position\":2,\"name\":\"Industrial cooling\",\"item\":\"https:\/\/www.piovan.com\/de\/products\/industrie-kuhlung\/\"},{\"@type\":\"ListItem\",\"position\":3,\"name\":\"Air-Cooled Chillers\",\"item\":\"https:\/\/www.piovan.com\/de\/products\/industrie-kuhlung\/air-cooled-chillers\/\"},{\"@type\":\"ListItem\",\"position\":4,\"name\":\"Slim 1111\"}]},{\"@type\":\"WebSite\",\"@id\":\"https:\/\/www.piovan.com\/#website\",\"url\":\"https:\/\/www.piovan.com\/\",\"name\":\"PiovanGroup\",\"description\":\"\",\"publisher\":{\"@id\":\"https:\/\/www.piovan.com\/#organization\"},\"potentialAction\":[{\"@type\":\"SearchAction\",\"target\":{\"@type\":\"EntryPoint\",\"urlTemplate\":\"https:\/\/www.piovan.com\/?s={search_term_string}\"},\"query-input\":\"required name=search_term_string\"}],\"inLanguage\":\"de-DE\"},{\"@type\":\"Organization\",\"@id\":\"https:\/\/www.piovan.com\/#organization\",\"name\":\"PiovanGroup\",\"url\":\"https:\/\/www.piovan.com\/\",\"logo\":{\"@type\":\"ImageObject\",\"inLanguage\":\"de-DE\",\"@id\":\"https:\/\/www.piovan.com\/#\/schema\/logo\/image\/\",\"url\":\"https:\/\/www.piovan.com\/wp-content\/uploads\/2021\/06\/logo@2x.png\",\"contentUrl\":\"https:\/\/www.piovan.com\/wp-content\/uploads\/2021\/06\/logo@2x.png\",\"width\":489,\"height\":78,\"caption\":\"PiovanGroup\"},\"image\":{\"@id\":\"https:\/\/www.piovan.com\/#\/schema\/logo\/image\/\"}}]}<\/script>","yoast_head_json":{"title":"Slim 1111 - Piovan Gruppe","robots":{"index":"index","follow":"follow","max-snippet":"max-snippet:-1","max-image-preview":"max-image-preview:large","max-video-preview":"max-video-preview:-1"},"canonical":"https:\/\/www.piovan.com\/de\/product\/slim-1111\/","og_locale":"de_DE","og_type":"article","og_title":"Slim 1111 - PiovanGroup","og_description":"Model SCA 1111 1 X SCROLL compressor, 1 X refrigerant circuit The SLIM Series of portable chillers provide low temperature water independent from any ambient condition. The range, designed for application in all the industrial sectors, assures maximum flexibility and energy efficient functioning. Features \u2022 Flexible functioning: ambient air temperatures up to +40\u00b0C \u2022 Eco-compatible: green refrigerant R410a with high cooling capacity \u2022 Reduced energy absorption and lower noise levels: scroll compressor \u2022 High efficient heat exchange: stainless steel brazed [&hellip;]","og_url":"https:\/\/www.piovan.com\/de\/product\/slim-1111\/","og_site_name":"PiovanGroup","article_modified_time":"2025-10-23T14:05:38+00:00","og_image":[{"width":1200,"height":1560,"url":"https:\/\/www.piovan.com\/wp-content\/uploads\/0007_SLIM-SCA-1111.png","type":"image\/png"}],"twitter_card":"summary_large_image","schema":{"@context":"https:\/\/schema.org","@graph":[{"@type":"WebPage","@id":"https:\/\/www.piovan.com\/product\/slim-1111\/","url":"https:\/\/www.piovan.com\/product\/slim-1111\/","name":"Slim 1111 - PiovanGroup","isPartOf":{"@id":"https:\/\/www.piovan.com\/#website"},"datePublished":"2023-12-14T08:28:49+00:00","dateModified":"2025-10-23T14:05:38+00:00","breadcrumb":{"@id":"https:\/\/www.piovan.com\/product\/slim-1111\/#breadcrumb"},"inLanguage":"de-DE","potentialAction":[{"@type":"ReadAction","target":["https:\/\/www.piovan.com\/product\/slim-1111\/"]}]},{"@type":"BreadcrumbList","@id":"https:\/\/www.piovan.com\/product\/slim-1111\/#breadcrumb","itemListElement":[{"@type":"ListItem","position":1,"name":"Home","item":"https:\/\/www.piovan.com\/"},{"@type":"ListItem","position":2,"name":"Industrial cooling","item":"https:\/\/www.piovan.com\/de\/products\/industrie-kuhlung\/"},{"@type":"ListItem","position":3,"name":"Air-Cooled Chillers","item":"https:\/\/www.piovan.com\/de\/products\/industrie-kuhlung\/air-cooled-chillers\/"},{"@type":"ListItem","position":4,"name":"Slim 1111"}]},{"@type":"WebSite","@id":"https:\/\/www.piovan.com\/#website","url":"https:\/\/www.piovan.com\/","name":"PiovanGroup","description":"","publisher":{"@id":"https:\/\/www.piovan.com\/#organization"},"potentialAction":[{"@type":"SearchAction","target":{"@type":"EntryPoint","urlTemplate":"https:\/\/www.piovan.com\/?s={search_term_string}"},"query-input":"required name=search_term_string"}],"inLanguage":"de-DE"},{"@type":"Organization","@id":"https:\/\/www.piovan.com\/#organization","name":"PiovanGroup","url":"https:\/\/www.piovan.com\/","logo":{"@type":"ImageObject","inLanguage":"de-DE","@id":"https:\/\/www.piovan.com\/#\/schema\/logo\/image\/","url":"https:\/\/www.piovan.com\/wp-content\/uploads\/2021\/06\/logo@2x.png","contentUrl":"https:\/\/www.piovan.com\/wp-content\/uploads\/2021\/06\/logo@2x.png","width":489,"height":78,"caption":"PiovanGroup"},"image":{"@id":"https:\/\/www.piovan.com\/#\/schema\/logo\/image\/"}}]}},"_links":{"self":[{"href":"https:\/\/www.piovan.com\/de\/wp-json\/wp\/v2\/product\/11194"}],"collection":[{"href":"https:\/\/www.piovan.com\/de\/wp-json\/wp\/v2\/product"}],"about":[{"href":"https:\/\/www.piovan.com\/de\/wp-json\/wp\/v2\/types\/product"}],"version-history":[{"count":3,"href":"https:\/\/www.piovan.com\/de\/wp-json\/wp\/v2\/product\/11194\/revisions"}],"predecessor-version":[{"id":15833,"href":"https:\/\/www.piovan.com\/de\/wp-json\/wp\/v2\/product\/11194\/revisions\/15833"}],"wp:featuredmedia":[{"embeddable":true,"href":"https:\/\/www.piovan.com\/de\/wp-json\/wp\/v2\/media\/11195"}],"wp:attachment":[{"href":"https:\/\/www.piovan.com\/de\/wp-json\/wp\/v2\/media?parent=11194"}],"wp:term":[{"taxonomy":"post_tag","embeddable":true,"href":"https:\/\/www.piovan.com\/de\/wp-json\/wp\/v2\/tags?post=11194"}],"curies":[{"name":"wp","href":"https:\/\/api.w.org\/{rel}","templated":true}]}}