{"id":11100,"date":"2023-12-13T12:48:32","date_gmt":"2023-12-13T11:48:32","guid":{"rendered":"https:\/\/www.piovan.com\/product\/cw-4222-8822\/"},"modified":"2025-10-23T15:18:40","modified_gmt":"2025-10-23T13:18:40","slug":"cw-4222-8822","status":"publish","type":"product","link":"https:\/\/www.piovan.com\/de\/product\/cw-4222-8822\/","title":{"rendered":"CW 4222-8822"},"content":{"rendered":"<p><strong>2 Schraubenkompressoren, 2 K\u00fchlkreislaufe<\/strong><\/p>\n<p>Die K\u00fchlger\u00e4te der Baureihe CW erzeugen K\u00fchlwasser mit konstanter Temperatur, unabh\u00e4ngig von den Witterungsverh\u00e4ltnissen.<br>\nDieses Sortiment wurde speziell zur Verwendung in allen industriellen Anwendungen der Kunststoffverwandlung geplant und gew\u00e4hrleistet h\u00f6chste Energieeffizienz und v\u00f6llige Einsatzflexibilit\u00e4t.<\/p>\n<p><strong>Vorteile<\/strong><br \/>\n\u2022 Entwickelt f\u00fcr einen Betrieb mit Kondensationswassertemperaturen von +20\u00b0C bis +40\u00b0C und Prozesswassertemperaturen im Bereich von +5\u00b0C und +20\u00b0C<br \/>\n\u2022 Hoher Wirkungsgrad im Teillastbetrieb mit kontinuierlicher Regelung der K\u00fchlleistung (stepless) von 25 % bis 100 %<br \/>\n\u2022 K\u00fchlfl\u00fcssigkeit R134a<br \/>\n\u2022 Hocheffizienter Rohrb\u00fcndelverdampfer: speziell ausgelegt f\u00fcr die Verwendung der K\u00fchlfl\u00fcssigkeit R134a und f\u00fcr eine Maximierung der Energieausbeute<br \/>\n\u2022 Elektronisches Expansionsventil f\u00fcr einen pr\u00e4zisen Wassertemperaturwert<br \/>\n\u2022 Verschiedene Sicherheitsvorrichtungen sch\u00fctzen die Einheit und garantieren einen optimalen Betrieb (Hochdruck- und Niederdruck-Druckw\u00e4chter, Manometer f\u00fcr Hoch- und Niederdruck, Differenzdruckw\u00e4chter)<br \/>\n\u2022 Zuverl\u00e4ssige und hochentwickelte Mikroprozessorkontrolle, mit Anzeige der Ist-\/Sollwert-Wassertemperaturen sowie der Alarme<br \/>\n\u2022 Einfache Anlaufvorg\u00e4nge<\/p>\n<p><strong>Optionen<\/strong><br \/>\n\u2022 Ventil zur Kondensationskontrolle<br \/>\n\u2022 Druckw\u00e4chter f\u00fcr das Kompressor\u00f6l, um die korrekte Schmierung unter jeder Betriebsbedingung zu garantieren<br \/>\n\u2022 Angeflanschte oder zu schwei\u00dfende Verbindungen f\u00fcr den Verdampfer<br \/>\n\u2022 Antivibrationsf\u00fc\u00dfe<br \/>\n\u2022 Serielle Schnittstelle f\u00fcr WinFactory-Verbindung<\/p>","protected":false},"featured_media":11278,"template":"","tags":[168],"acf":[],"yoast_head":"<title>CW 4222-8822 - Piovan Gruppe<\/title>\n<meta name=\"robots\" content=\"index, follow, max-snippet:-1, max-image-preview:large, max-video-preview:-1\" \/>\n<link rel=\"canonical\" href=\"https:\/\/www.piovan.com\/de\/product\/cw-4222-8822\/\" \/>\n<meta property=\"og:locale\" content=\"de_DE\" \/>\n<meta property=\"og:type\" content=\"article\" \/>\n<meta property=\"og:title\" content=\"CW 4222-8822 - PiovanGroup\" \/>\n<meta property=\"og:description\" content=\"2 X SCREW compressor, 2 X refrigerant circuits The CW Series chillers provide low temperature water independent from any ambient condition. The range, designed for application in all the industrial sectors, assures maximum flexibility and energy efficient functioning. Features \u2022 Flexible functioning: condensation water temperature ranging from +20\u00b0C up to +40\u00b0C, and cold water temperature from +5\u00b0C up to +20\u00b0C \u2022 Efficient functioning on partial loads: setting of the cooling capacity with continuous modulation (stepless) from 25% to 100% \u2022 [&hellip;]\" \/>\n<meta property=\"og:url\" content=\"https:\/\/www.piovan.com\/de\/product\/cw-4222-8822\/\" \/>\n<meta property=\"og:site_name\" content=\"PiovanGroup\" \/>\n<meta property=\"article:modified_time\" content=\"2025-10-23T13:18:40+00:00\" \/>\n<meta property=\"og:image\" content=\"https:\/\/www.piovan.com\/wp-content\/uploads\/0063_CW-4222-8822.png\" \/>\n\t<meta property=\"og:image:width\" content=\"1200\" \/>\n\t<meta property=\"og:image:height\" content=\"1560\" \/>\n\t<meta property=\"og:image:type\" content=\"image\/png\" \/>\n<meta name=\"twitter:card\" content=\"summary_large_image\" \/>\n<script type=\"application\/ld+json\" class=\"yoast-schema-graph\">{\"@context\":\"https:\/\/schema.org\",\"@graph\":[{\"@type\":\"WebPage\",\"@id\":\"https:\/\/www.piovan.com\/product\/cw-4222-8822\/\",\"url\":\"https:\/\/www.piovan.com\/product\/cw-4222-8822\/\",\"name\":\"CW 4222-8822 - PiovanGroup\",\"isPartOf\":{\"@id\":\"https:\/\/www.piovan.com\/#website\"},\"datePublished\":\"2023-12-13T11:48:32+00:00\",\"dateModified\":\"2025-10-23T13:18:40+00:00\",\"breadcrumb\":{\"@id\":\"https:\/\/www.piovan.com\/product\/cw-4222-8822\/#breadcrumb\"},\"inLanguage\":\"de-DE\",\"potentialAction\":[{\"@type\":\"ReadAction\",\"target\":[\"https:\/\/www.piovan.com\/product\/cw-4222-8822\/\"]}]},{\"@type\":\"BreadcrumbList\",\"@id\":\"https:\/\/www.piovan.com\/product\/cw-4222-8822\/#breadcrumb\",\"itemListElement\":[{\"@type\":\"ListItem\",\"position\":1,\"name\":\"Home\",\"item\":\"https:\/\/www.piovan.com\/\"},{\"@type\":\"ListItem\",\"position\":2,\"name\":\"Industrial cooling\",\"item\":\"https:\/\/www.piovan.com\/de\/products\/industrie-kuhlung\/\"},{\"@type\":\"ListItem\",\"position\":3,\"name\":\"Water-Cooled Chillers\",\"item\":\"https:\/\/www.piovan.com\/de\/products\/industrie-kuhlung\/water-cooled-chillers\/\"},{\"@type\":\"ListItem\",\"position\":4,\"name\":\"CW 4222-8822\"}]},{\"@type\":\"WebSite\",\"@id\":\"https:\/\/www.piovan.com\/#website\",\"url\":\"https:\/\/www.piovan.com\/\",\"name\":\"PiovanGroup\",\"description\":\"\",\"publisher\":{\"@id\":\"https:\/\/www.piovan.com\/#organization\"},\"potentialAction\":[{\"@type\":\"SearchAction\",\"target\":{\"@type\":\"EntryPoint\",\"urlTemplate\":\"https:\/\/www.piovan.com\/?s={search_term_string}\"},\"query-input\":\"required name=search_term_string\"}],\"inLanguage\":\"de-DE\"},{\"@type\":\"Organization\",\"@id\":\"https:\/\/www.piovan.com\/#organization\",\"name\":\"PiovanGroup\",\"url\":\"https:\/\/www.piovan.com\/\",\"logo\":{\"@type\":\"ImageObject\",\"inLanguage\":\"de-DE\",\"@id\":\"https:\/\/www.piovan.com\/#\/schema\/logo\/image\/\",\"url\":\"https:\/\/www.piovan.com\/wp-content\/uploads\/2021\/06\/logo@2x.png\",\"contentUrl\":\"https:\/\/www.piovan.com\/wp-content\/uploads\/2021\/06\/logo@2x.png\",\"width\":489,\"height\":78,\"caption\":\"PiovanGroup\"},\"image\":{\"@id\":\"https:\/\/www.piovan.com\/#\/schema\/logo\/image\/\"}}]}<\/script>","yoast_head_json":{"title":"CW 4222-8822 - Piovan Gruppe","robots":{"index":"index","follow":"follow","max-snippet":"max-snippet:-1","max-image-preview":"max-image-preview:large","max-video-preview":"max-video-preview:-1"},"canonical":"https:\/\/www.piovan.com\/de\/product\/cw-4222-8822\/","og_locale":"de_DE","og_type":"article","og_title":"CW 4222-8822 - PiovanGroup","og_description":"2 X SCREW compressor, 2 X refrigerant circuits The CW Series chillers provide low temperature water independent from any ambient condition. The range, designed for application in all the industrial sectors, assures maximum flexibility and energy efficient functioning. Features \u2022 Flexible functioning: condensation water temperature ranging from +20\u00b0C up to +40\u00b0C, and cold water temperature from +5\u00b0C up to +20\u00b0C \u2022 Efficient functioning on partial loads: setting of the cooling capacity with continuous modulation (stepless) from 25% to 100% \u2022 [&hellip;]","og_url":"https:\/\/www.piovan.com\/de\/product\/cw-4222-8822\/","og_site_name":"PiovanGroup","article_modified_time":"2025-10-23T13:18:40+00:00","og_image":[{"width":1200,"height":1560,"url":"https:\/\/www.piovan.com\/wp-content\/uploads\/0063_CW-4222-8822.png","type":"image\/png"}],"twitter_card":"summary_large_image","schema":{"@context":"https:\/\/schema.org","@graph":[{"@type":"WebPage","@id":"https:\/\/www.piovan.com\/product\/cw-4222-8822\/","url":"https:\/\/www.piovan.com\/product\/cw-4222-8822\/","name":"CW 4222-8822 - PiovanGroup","isPartOf":{"@id":"https:\/\/www.piovan.com\/#website"},"datePublished":"2023-12-13T11:48:32+00:00","dateModified":"2025-10-23T13:18:40+00:00","breadcrumb":{"@id":"https:\/\/www.piovan.com\/product\/cw-4222-8822\/#breadcrumb"},"inLanguage":"de-DE","potentialAction":[{"@type":"ReadAction","target":["https:\/\/www.piovan.com\/product\/cw-4222-8822\/"]}]},{"@type":"BreadcrumbList","@id":"https:\/\/www.piovan.com\/product\/cw-4222-8822\/#breadcrumb","itemListElement":[{"@type":"ListItem","position":1,"name":"Home","item":"https:\/\/www.piovan.com\/"},{"@type":"ListItem","position":2,"name":"Industrial cooling","item":"https:\/\/www.piovan.com\/de\/products\/industrie-kuhlung\/"},{"@type":"ListItem","position":3,"name":"Water-Cooled Chillers","item":"https:\/\/www.piovan.com\/de\/products\/industrie-kuhlung\/water-cooled-chillers\/"},{"@type":"ListItem","position":4,"name":"CW 4222-8822"}]},{"@type":"WebSite","@id":"https:\/\/www.piovan.com\/#website","url":"https:\/\/www.piovan.com\/","name":"PiovanGroup","description":"","publisher":{"@id":"https:\/\/www.piovan.com\/#organization"},"potentialAction":[{"@type":"SearchAction","target":{"@type":"EntryPoint","urlTemplate":"https:\/\/www.piovan.com\/?s={search_term_string}"},"query-input":"required name=search_term_string"}],"inLanguage":"de-DE"},{"@type":"Organization","@id":"https:\/\/www.piovan.com\/#organization","name":"PiovanGroup","url":"https:\/\/www.piovan.com\/","logo":{"@type":"ImageObject","inLanguage":"de-DE","@id":"https:\/\/www.piovan.com\/#\/schema\/logo\/image\/","url":"https:\/\/www.piovan.com\/wp-content\/uploads\/2021\/06\/logo@2x.png","contentUrl":"https:\/\/www.piovan.com\/wp-content\/uploads\/2021\/06\/logo@2x.png","width":489,"height":78,"caption":"PiovanGroup"},"image":{"@id":"https:\/\/www.piovan.com\/#\/schema\/logo\/image\/"}}]}},"_links":{"self":[{"href":"https:\/\/www.piovan.com\/de\/wp-json\/wp\/v2\/product\/11100"}],"collection":[{"href":"https:\/\/www.piovan.com\/de\/wp-json\/wp\/v2\/product"}],"about":[{"href":"https:\/\/www.piovan.com\/de\/wp-json\/wp\/v2\/types\/product"}],"version-history":[{"count":3,"href":"https:\/\/www.piovan.com\/de\/wp-json\/wp\/v2\/product\/11100\/revisions"}],"predecessor-version":[{"id":15821,"href":"https:\/\/www.piovan.com\/de\/wp-json\/wp\/v2\/product\/11100\/revisions\/15821"}],"wp:featuredmedia":[{"embeddable":true,"href":"https:\/\/www.piovan.com\/de\/wp-json\/wp\/v2\/media\/11278"}],"wp:attachment":[{"href":"https:\/\/www.piovan.com\/de\/wp-json\/wp\/v2\/media?parent=11100"}],"wp:term":[{"taxonomy":"post_tag","embeddable":true,"href":"https:\/\/www.piovan.com\/de\/wp-json\/wp\/v2\/tags?post=11100"}],"curies":[{"name":"wp","href":"https:\/\/api.w.org\/{rel}","templated":true}]}}