{"id":10823,"date":"2023-10-16T15:07:00","date_gmt":"2023-10-16T13:07:00","guid":{"rendered":"https:\/\/www.piovan.com\/?post_type=product&#038;p=10823"},"modified":"2024-10-30T11:20:34","modified_gmt":"2024-10-30T10:20:34","slug":"easytherm-flow","status":"publish","type":"product","link":"https:\/\/www.piovan.com\/de\/product\/easytherm-flow\/","title":{"rendered":"Easytherm Flow"},"content":{"rendered":"<p>Die ETP-F-Serie wurde entwickelt, um Marktanforderungen zu erf\u00fcllen, bei denen hohe Wasserdurchflussraten und eine sehr pr\u00e4zise Steuerung der Formtemperatur erforderlich sind. Das Temperierger\u00e4t verwendet \u00e4u\u00dferst zuverl\u00e4ssige Komponenten und eine fortschrittliche Steuerung zur Verwaltung und \u00dcberwachung von Temperatur, Durchflussrate und Druck. Die Multiprotokollplatine erm\u00f6glicht eine pr\u00e4zise Anbindung an die Spritzgie\u00dfmaschine.<\/p>\n<p>Mit der ETP-F-Serie ist es m\u00f6glich, eine spezielle Baureihe mit mehrstufigen Pumpen auszustatten, die sehr hohe Durchflussraten von bis zu 300 l\/min und Gegendr\u00fccke von bis zu 13 bar erreichen k\u00f6nnen.<\/p>\n<p>Die Pumpe wird von einem Wechselrichter gesteuert, der mit dem Display des Temperierger\u00e4tes interagiert, sodass der Bediener w\u00e4hrend des Formprozesses schnell Ma\u00dfnahmen ergreifen kann. Der Wechselrichter erm\u00f6glicht au\u00dferdem die Einstellung der Pumpendrehzahl entsprechend den Anforderungen des Prozesses, um eine optimale Arbeit zu gew\u00e4hrleisten und den Energieverbrauch einzud\u00e4mmen.<\/p>\n<p>Im Feldeinsatz erm\u00f6glicht ETP-F ohne besondere Einstellung eine deutliche Verk\u00fcrzung der Zykluszeit und einen um bis zu 20 % schelleren Anlauf der Form.<\/p>\n<p>Ber\u00fccksichtigt man das Ergebnis im Hinblick auf eine hohe Effizienz, erm\u00f6glicht die ETP-F-Serie eine schnelle Amortisation der Investition.<\/p>\n<p>Die ETP-F-Serie bietet eine breite Palette von L\u00f6sungen in Bezug auf die Pumpenleistung, den W\u00e4rmetauscher wie z.B. Rohrb\u00fcndel und Plattenw\u00e4rmetauscher und die Direkteinspritzung f\u00fcr eine hohe K\u00fchleffizienz.\nDer Temperaturbereich wird bis 140 \u00b0C abgedeckt.<\/p>","protected":false},"featured_media":11046,"template":"","tags":[168],"acf":[],"yoast_head":"<title>Easytherm Flow - Piovan Gruppe<\/title>\n<meta name=\"robots\" content=\"index, follow, max-snippet:-1, max-image-preview:large, max-video-preview:-1\" \/>\n<link rel=\"canonical\" href=\"https:\/\/www.piovan.com\/de\/product\/easytherm-flow\/\" \/>\n<meta property=\"og:locale\" content=\"de_DE\" \/>\n<meta property=\"og:type\" content=\"article\" \/>\n<meta property=\"og:title\" content=\"Easytherm Flow - PiovanGroup\" \/>\n<meta property=\"og:description\" content=\"The ETP-F series is designed to meet market needs where high-water flow rates and very precise mold temperature control are required. The temperature controller employs highly reliable components and advanced control to manage and monitor temperature, flow rate, and pressure. The multiprotocol board allows precise interfacing with the injection molding machine. With the ETP-F series it is possible to equip a specific series of multistage pumps capable of reaching very high flow rates, up to 300 l\/min or heads up [&hellip;]\" \/>\n<meta property=\"og:url\" content=\"https:\/\/www.piovan.com\/de\/product\/easytherm-flow\/\" \/>\n<meta property=\"og:site_name\" content=\"PiovanGroup\" \/>\n<meta property=\"article:modified_time\" content=\"2024-10-30T10:20:34+00:00\" \/>\n<meta property=\"og:image\" content=\"https:\/\/www.piovan.com\/wp-content\/uploads\/Easytherm-Flow_Thermal-Care.png\" \/>\n\t<meta property=\"og:image:width\" content=\"1200\" \/>\n\t<meta property=\"og:image:height\" content=\"1560\" \/>\n\t<meta property=\"og:image:type\" content=\"image\/png\" \/>\n<meta name=\"twitter:card\" content=\"summary_large_image\" \/>\n<script type=\"application\/ld+json\" class=\"yoast-schema-graph\">{\"@context\":\"https:\/\/schema.org\",\"@graph\":[{\"@type\":\"WebPage\",\"@id\":\"https:\/\/www.piovan.com\/product\/easytherm-flow\/\",\"url\":\"https:\/\/www.piovan.com\/product\/easytherm-flow\/\",\"name\":\"Easytherm Flow - PiovanGroup\",\"isPartOf\":{\"@id\":\"https:\/\/www.piovan.com\/#website\"},\"datePublished\":\"2023-10-16T13:07:00+00:00\",\"dateModified\":\"2024-10-30T10:20:34+00:00\",\"breadcrumb\":{\"@id\":\"https:\/\/www.piovan.com\/product\/easytherm-flow\/#breadcrumb\"},\"inLanguage\":\"de-DE\",\"potentialAction\":[{\"@type\":\"ReadAction\",\"target\":[\"https:\/\/www.piovan.com\/product\/easytherm-flow\/\"]}]},{\"@type\":\"BreadcrumbList\",\"@id\":\"https:\/\/www.piovan.com\/product\/easytherm-flow\/#breadcrumb\",\"itemListElement\":[{\"@type\":\"ListItem\",\"position\":1,\"name\":\"Home\",\"item\":\"https:\/\/www.piovan.com\/\"},{\"@type\":\"ListItem\",\"position\":2,\"name\":\"Plastic\",\"item\":\"https:\/\/www.piovan.com\/de\/products\/kunststoff\/\"},{\"@type\":\"ListItem\",\"position\":3,\"name\":\"Temperature Controllers\",\"item\":\"https:\/\/www.piovan.com\/de\/products\/kunststoff\/temperaturregler\/\"},{\"@type\":\"ListItem\",\"position\":4,\"name\":\"Easytherm Flow\"}]},{\"@type\":\"WebSite\",\"@id\":\"https:\/\/www.piovan.com\/#website\",\"url\":\"https:\/\/www.piovan.com\/\",\"name\":\"PiovanGroup\",\"description\":\"\",\"publisher\":{\"@id\":\"https:\/\/www.piovan.com\/#organization\"},\"potentialAction\":[{\"@type\":\"SearchAction\",\"target\":{\"@type\":\"EntryPoint\",\"urlTemplate\":\"https:\/\/www.piovan.com\/?s={search_term_string}\"},\"query-input\":\"required name=search_term_string\"}],\"inLanguage\":\"de-DE\"},{\"@type\":\"Organization\",\"@id\":\"https:\/\/www.piovan.com\/#organization\",\"name\":\"PiovanGroup\",\"url\":\"https:\/\/www.piovan.com\/\",\"logo\":{\"@type\":\"ImageObject\",\"inLanguage\":\"de-DE\",\"@id\":\"https:\/\/www.piovan.com\/#\/schema\/logo\/image\/\",\"url\":\"https:\/\/www.piovan.com\/wp-content\/uploads\/2021\/06\/logo@2x.png\",\"contentUrl\":\"https:\/\/www.piovan.com\/wp-content\/uploads\/2021\/06\/logo@2x.png\",\"width\":489,\"height\":78,\"caption\":\"PiovanGroup\"},\"image\":{\"@id\":\"https:\/\/www.piovan.com\/#\/schema\/logo\/image\/\"}}]}<\/script>","yoast_head_json":{"title":"Easytherm Flow - Piovan Gruppe","robots":{"index":"index","follow":"follow","max-snippet":"max-snippet:-1","max-image-preview":"max-image-preview:large","max-video-preview":"max-video-preview:-1"},"canonical":"https:\/\/www.piovan.com\/de\/product\/easytherm-flow\/","og_locale":"de_DE","og_type":"article","og_title":"Easytherm Flow - PiovanGroup","og_description":"The ETP-F series is designed to meet market needs where high-water flow rates and very precise mold temperature control are required. The temperature controller employs highly reliable components and advanced control to manage and monitor temperature, flow rate, and pressure. The multiprotocol board allows precise interfacing with the injection molding machine. With the ETP-F series it is possible to equip a specific series of multistage pumps capable of reaching very high flow rates, up to 300 l\/min or heads up [&hellip;]","og_url":"https:\/\/www.piovan.com\/de\/product\/easytherm-flow\/","og_site_name":"PiovanGroup","article_modified_time":"2024-10-30T10:20:34+00:00","og_image":[{"width":1200,"height":1560,"url":"https:\/\/www.piovan.com\/wp-content\/uploads\/Easytherm-Flow_Thermal-Care.png","type":"image\/png"}],"twitter_card":"summary_large_image","schema":{"@context":"https:\/\/schema.org","@graph":[{"@type":"WebPage","@id":"https:\/\/www.piovan.com\/product\/easytherm-flow\/","url":"https:\/\/www.piovan.com\/product\/easytherm-flow\/","name":"Easytherm Flow - PiovanGroup","isPartOf":{"@id":"https:\/\/www.piovan.com\/#website"},"datePublished":"2023-10-16T13:07:00+00:00","dateModified":"2024-10-30T10:20:34+00:00","breadcrumb":{"@id":"https:\/\/www.piovan.com\/product\/easytherm-flow\/#breadcrumb"},"inLanguage":"de-DE","potentialAction":[{"@type":"ReadAction","target":["https:\/\/www.piovan.com\/product\/easytherm-flow\/"]}]},{"@type":"BreadcrumbList","@id":"https:\/\/www.piovan.com\/product\/easytherm-flow\/#breadcrumb","itemListElement":[{"@type":"ListItem","position":1,"name":"Home","item":"https:\/\/www.piovan.com\/"},{"@type":"ListItem","position":2,"name":"Plastic","item":"https:\/\/www.piovan.com\/de\/products\/kunststoff\/"},{"@type":"ListItem","position":3,"name":"Temperature Controllers","item":"https:\/\/www.piovan.com\/de\/products\/kunststoff\/temperaturregler\/"},{"@type":"ListItem","position":4,"name":"Easytherm Flow"}]},{"@type":"WebSite","@id":"https:\/\/www.piovan.com\/#website","url":"https:\/\/www.piovan.com\/","name":"PiovanGroup","description":"","publisher":{"@id":"https:\/\/www.piovan.com\/#organization"},"potentialAction":[{"@type":"SearchAction","target":{"@type":"EntryPoint","urlTemplate":"https:\/\/www.piovan.com\/?s={search_term_string}"},"query-input":"required name=search_term_string"}],"inLanguage":"de-DE"},{"@type":"Organization","@id":"https:\/\/www.piovan.com\/#organization","name":"PiovanGroup","url":"https:\/\/www.piovan.com\/","logo":{"@type":"ImageObject","inLanguage":"de-DE","@id":"https:\/\/www.piovan.com\/#\/schema\/logo\/image\/","url":"https:\/\/www.piovan.com\/wp-content\/uploads\/2021\/06\/logo@2x.png","contentUrl":"https:\/\/www.piovan.com\/wp-content\/uploads\/2021\/06\/logo@2x.png","width":489,"height":78,"caption":"PiovanGroup"},"image":{"@id":"https:\/\/www.piovan.com\/#\/schema\/logo\/image\/"}}]}},"_links":{"self":[{"href":"https:\/\/www.piovan.com\/de\/wp-json\/wp\/v2\/product\/10823"}],"collection":[{"href":"https:\/\/www.piovan.com\/de\/wp-json\/wp\/v2\/product"}],"about":[{"href":"https:\/\/www.piovan.com\/de\/wp-json\/wp\/v2\/types\/product"}],"version-history":[{"count":3,"href":"https:\/\/www.piovan.com\/de\/wp-json\/wp\/v2\/product\/10823\/revisions"}],"predecessor-version":[{"id":13722,"href":"https:\/\/www.piovan.com\/de\/wp-json\/wp\/v2\/product\/10823\/revisions\/13722"}],"wp:featuredmedia":[{"embeddable":true,"href":"https:\/\/www.piovan.com\/de\/wp-json\/wp\/v2\/media\/11046"}],"wp:attachment":[{"href":"https:\/\/www.piovan.com\/de\/wp-json\/wp\/v2\/media?parent=10823"}],"wp:term":[{"taxonomy":"post_tag","embeddable":true,"href":"https:\/\/www.piovan.com\/de\/wp-json\/wp\/v2\/tags?post=10823"}],"curies":[{"name":"wp","href":"https:\/\/api.w.org\/{rel}","templated":true}]}}