{"id":10687,"date":"2023-08-28T10:02:25","date_gmt":"2023-08-28T08:02:25","guid":{"rendered":"https:\/\/www.piovan.com\/?post_type=product&#038;p=10687"},"modified":"2025-01-08T10:51:35","modified_gmt":"2025-01-08T09:51:35","slug":"easypure","status":"publish","type":"product","link":"https:\/\/www.piovan.com\/de\/product\/easypure\/","title":{"rendered":"Easypure"},"content":{"rendered":"<p>Easypure erm\u00f6glicht eine deutliche Verbesserung der Qualit\u00e4t des recycelten Materials, indem es in den Prozess des mechanischen Recyclings nach der Granulierungsphase integriert wird. Das liegt daran, dass Easypure die im recycelten Kunststoffmaterial enthaltenen niedrig siedenden Substanzen entfernt, die unerw\u00fcnschte Ger\u00fcche\nerzeugen k\u00f6nnen.<\/p>\n<p>Easypure ist ein flexibles System, da die wichtigsten Parameter je nach den tats\u00e4chlichen\nProzessbedingungen angepasst werden k\u00f6nnen. Die Temperatur, die Luftmenge und die Verweilzeit k\u00f6nnen manuell oder vollautomatisch gesteuert und angepasst werden.<\/p>\n<p>Easypure arbeitet in einem kontinuierlichen Prozess dank einer F\u00f6rderschnecke, die den Trichter entl\u00e4dt und das desodorierte Material in den Verpackungsbereich oder das F\u00f6rdersystem der Anlage leitet.<\/p>\n<p>F\u00fcr eine bessere Kontrolle des Desodorierungsprozesses\nkann Easypure mit der von Piovan entwickelten elektronischen Nase - OdorMinder - ausgestattet\nwerden, die eine sofortige Bewertung der Wirksamkeit des Geruchsentfernungsprozesses\naus dem behandelten Granulat erm\u00f6glicht.<\/p>\n<p>Odor Minder ist dank seiner Sensoren und nach entsprechender \"Schulung\" in der Lage, bis zu 25 Geruchsstoffe zu erkennen. Er zeichnet sich aus durch: hohe Empfindlichkeit, hohe Selektivit\u00e4t,\ngute Zeitstabilit\u00e4t und hohe Reaktivit\u00e4t auf das Vorhandensein von Gasen.<\/p>\n<p>Odor Minder erm\u00f6glicht eine perfekte Verfolgung von Produktionen mit recyceltem Polyolefin wie rPP, rPE, rHDPE, rLDPE.<\/p>","protected":false},"featured_media":13105,"template":"","tags":[108],"acf":[],"yoast_head":"<title>Easypure - PiovanGroup<\/title>\n<meta name=\"robots\" content=\"index, follow, max-snippet:-1, max-image-preview:large, max-video-preview:-1\" \/>\n<link rel=\"canonical\" href=\"https:\/\/www.piovan.com\/de\/product\/easypure\/\" \/>\n<meta property=\"og:locale\" content=\"de_DE\" \/>\n<meta property=\"og:type\" content=\"article\" \/>\n<meta property=\"og:title\" content=\"Easypure - PiovanGroup\" \/>\n<meta property=\"og:description\" content=\"Easypure allows a significant improvement in the quality of the recycled material, being integrated in the process of mechanical recycling, after the pelletising phase. This is because Easypure removes the low boiling substances contained in the recycled plastic material, that can generate undesired smells. Easypure is a flexible system since the main parameters can be adjusted according to actual process conditions. The temperature, the amount of air and the residence time can be controlled and adjusted manually or in a [&hellip;]\" \/>\n<meta property=\"og:url\" content=\"https:\/\/www.piovan.com\/de\/product\/easypure\/\" \/>\n<meta property=\"og:site_name\" content=\"PiovanGroup\" \/>\n<meta property=\"article:modified_time\" content=\"2025-01-08T09:51:35+00:00\" \/>\n<meta property=\"og:image\" content=\"https:\/\/www.piovan.com\/wp-content\/uploads\/EASYPURE_1200x1560px.png\" \/>\n\t<meta property=\"og:image:width\" content=\"1200\" \/>\n\t<meta property=\"og:image:height\" content=\"1560\" \/>\n\t<meta property=\"og:image:type\" content=\"image\/png\" \/>\n<meta name=\"twitter:card\" content=\"summary_large_image\" \/>\n<script type=\"application\/ld+json\" class=\"yoast-schema-graph\">{\"@context\":\"https:\/\/schema.org\",\"@graph\":[{\"@type\":\"WebPage\",\"@id\":\"https:\/\/www.piovan.com\/product\/easypure\/\",\"url\":\"https:\/\/www.piovan.com\/product\/easypure\/\",\"name\":\"Easypure - PiovanGroup\",\"isPartOf\":{\"@id\":\"https:\/\/www.piovan.com\/#website\"},\"datePublished\":\"2023-08-28T08:02:25+00:00\",\"dateModified\":\"2025-01-08T09:51:35+00:00\",\"breadcrumb\":{\"@id\":\"https:\/\/www.piovan.com\/product\/easypure\/#breadcrumb\"},\"inLanguage\":\"de-DE\",\"potentialAction\":[{\"@type\":\"ReadAction\",\"target\":[\"https:\/\/www.piovan.com\/product\/easypure\/\"]}]},{\"@type\":\"BreadcrumbList\",\"@id\":\"https:\/\/www.piovan.com\/product\/easypure\/#breadcrumb\",\"itemListElement\":[{\"@type\":\"ListItem\",\"position\":1,\"name\":\"Home\",\"item\":\"https:\/\/www.piovan.com\/\"},{\"@type\":\"ListItem\",\"position\":2,\"name\":\"Plastic\",\"item\":\"https:\/\/www.piovan.com\/de\/products\/kunststoff\/\"},{\"@type\":\"ListItem\",\"position\":3,\"name\":\"Drying &amp; Dehumidifying\",\"item\":\"https:\/\/www.piovan.com\/de\/products\/kunststoff\/trockung-und-entfeuchtung\/\"},{\"@type\":\"ListItem\",\"position\":4,\"name\":\"Easypure\"}]},{\"@type\":\"WebSite\",\"@id\":\"https:\/\/www.piovan.com\/#website\",\"url\":\"https:\/\/www.piovan.com\/\",\"name\":\"PiovanGroup\",\"description\":\"\",\"publisher\":{\"@id\":\"https:\/\/www.piovan.com\/#organization\"},\"potentialAction\":[{\"@type\":\"SearchAction\",\"target\":{\"@type\":\"EntryPoint\",\"urlTemplate\":\"https:\/\/www.piovan.com\/?s={search_term_string}\"},\"query-input\":\"required name=search_term_string\"}],\"inLanguage\":\"de-DE\"},{\"@type\":\"Organization\",\"@id\":\"https:\/\/www.piovan.com\/#organization\",\"name\":\"PiovanGroup\",\"url\":\"https:\/\/www.piovan.com\/\",\"logo\":{\"@type\":\"ImageObject\",\"inLanguage\":\"de-DE\",\"@id\":\"https:\/\/www.piovan.com\/#\/schema\/logo\/image\/\",\"url\":\"https:\/\/www.piovan.com\/wp-content\/uploads\/2021\/06\/logo@2x.png\",\"contentUrl\":\"https:\/\/www.piovan.com\/wp-content\/uploads\/2021\/06\/logo@2x.png\",\"width\":489,\"height\":78,\"caption\":\"PiovanGroup\"},\"image\":{\"@id\":\"https:\/\/www.piovan.com\/#\/schema\/logo\/image\/\"}}]}<\/script>","yoast_head_json":{"title":"Easypure - PiovanGroup","robots":{"index":"index","follow":"follow","max-snippet":"max-snippet:-1","max-image-preview":"max-image-preview:large","max-video-preview":"max-video-preview:-1"},"canonical":"https:\/\/www.piovan.com\/de\/product\/easypure\/","og_locale":"de_DE","og_type":"article","og_title":"Easypure - PiovanGroup","og_description":"Easypure allows a significant improvement in the quality of the recycled material, being integrated in the process of mechanical recycling, after the pelletising phase. This is because Easypure removes the low boiling substances contained in the recycled plastic material, that can generate undesired smells. Easypure is a flexible system since the main parameters can be adjusted according to actual process conditions. The temperature, the amount of air and the residence time can be controlled and adjusted manually or in a [&hellip;]","og_url":"https:\/\/www.piovan.com\/de\/product\/easypure\/","og_site_name":"PiovanGroup","article_modified_time":"2025-01-08T09:51:35+00:00","og_image":[{"width":1200,"height":1560,"url":"https:\/\/www.piovan.com\/wp-content\/uploads\/EASYPURE_1200x1560px.png","type":"image\/png"}],"twitter_card":"summary_large_image","schema":{"@context":"https:\/\/schema.org","@graph":[{"@type":"WebPage","@id":"https:\/\/www.piovan.com\/product\/easypure\/","url":"https:\/\/www.piovan.com\/product\/easypure\/","name":"Easypure - PiovanGroup","isPartOf":{"@id":"https:\/\/www.piovan.com\/#website"},"datePublished":"2023-08-28T08:02:25+00:00","dateModified":"2025-01-08T09:51:35+00:00","breadcrumb":{"@id":"https:\/\/www.piovan.com\/product\/easypure\/#breadcrumb"},"inLanguage":"de-DE","potentialAction":[{"@type":"ReadAction","target":["https:\/\/www.piovan.com\/product\/easypure\/"]}]},{"@type":"BreadcrumbList","@id":"https:\/\/www.piovan.com\/product\/easypure\/#breadcrumb","itemListElement":[{"@type":"ListItem","position":1,"name":"Home","item":"https:\/\/www.piovan.com\/"},{"@type":"ListItem","position":2,"name":"Plastic","item":"https:\/\/www.piovan.com\/de\/products\/kunststoff\/"},{"@type":"ListItem","position":3,"name":"Drying &amp; Dehumidifying","item":"https:\/\/www.piovan.com\/de\/products\/kunststoff\/trockung-und-entfeuchtung\/"},{"@type":"ListItem","position":4,"name":"Easypure"}]},{"@type":"WebSite","@id":"https:\/\/www.piovan.com\/#website","url":"https:\/\/www.piovan.com\/","name":"PiovanGroup","description":"","publisher":{"@id":"https:\/\/www.piovan.com\/#organization"},"potentialAction":[{"@type":"SearchAction","target":{"@type":"EntryPoint","urlTemplate":"https:\/\/www.piovan.com\/?s={search_term_string}"},"query-input":"required name=search_term_string"}],"inLanguage":"de-DE"},{"@type":"Organization","@id":"https:\/\/www.piovan.com\/#organization","name":"PiovanGroup","url":"https:\/\/www.piovan.com\/","logo":{"@type":"ImageObject","inLanguage":"de-DE","@id":"https:\/\/www.piovan.com\/#\/schema\/logo\/image\/","url":"https:\/\/www.piovan.com\/wp-content\/uploads\/2021\/06\/logo@2x.png","contentUrl":"https:\/\/www.piovan.com\/wp-content\/uploads\/2021\/06\/logo@2x.png","width":489,"height":78,"caption":"PiovanGroup"},"image":{"@id":"https:\/\/www.piovan.com\/#\/schema\/logo\/image\/"}}]}},"_links":{"self":[{"href":"https:\/\/www.piovan.com\/de\/wp-json\/wp\/v2\/product\/10687"}],"collection":[{"href":"https:\/\/www.piovan.com\/de\/wp-json\/wp\/v2\/product"}],"about":[{"href":"https:\/\/www.piovan.com\/de\/wp-json\/wp\/v2\/types\/product"}],"version-history":[{"count":3,"href":"https:\/\/www.piovan.com\/de\/wp-json\/wp\/v2\/product\/10687\/revisions"}],"predecessor-version":[{"id":14186,"href":"https:\/\/www.piovan.com\/de\/wp-json\/wp\/v2\/product\/10687\/revisions\/14186"}],"wp:featuredmedia":[{"embeddable":true,"href":"https:\/\/www.piovan.com\/de\/wp-json\/wp\/v2\/media\/13105"}],"wp:attachment":[{"href":"https:\/\/www.piovan.com\/de\/wp-json\/wp\/v2\/media?parent=10687"}],"wp:term":[{"taxonomy":"post_tag","embeddable":true,"href":"https:\/\/www.piovan.com\/de\/wp-json\/wp\/v2\/tags?post=10687"}],"curies":[{"name":"wp","href":"https:\/\/api.w.org\/{rel}","templated":true}]}}